{"id":285,"date":"2016-02-07T10:18:50","date_gmt":"2016-02-07T09:18:50","guid":{"rendered":"https:\/\/sites.ffkarate.fr\/loire\/?page_id=285"},"modified":"2016-02-07T10:18:50","modified_gmt":"2016-02-07T09:18:50","slug":"documents","status":"publish","type":"page","link":"https:\/\/sites.ffkarate.fr\/loire\/comite\/documents\/","title":{"rendered":"Documents"},"content":{"rendered":"<div class=\"wpb-content-wrapper\"><p>[vc_row][vc_column][vc_column_text]<\/p>\n<h2>R\u00e9unions du Comit\u00e9 Directeur<\/h2>\n<p style=\"text-align: left\"><a href=\"https:\/\/sites.ffkarate.fr\/loire\/wp-content\/uploads\/sites\/64\/2020\/12\/CoDir-200623.pdf\" target=\"_blank\" rel=\"noopener\">R\u00e9union Comit\u00e9 Directeur du 23\/06\/2020<\/a><\/p>\n<p style=\"text-align: left\"><a href=\"https:\/\/sites.ffkarate.fr\/loire\/wp-content\/uploads\/sites\/79\/2017\/10\/2017-07-18CoDir-1.doc\" target=\"_blank\" rel=\"noopener\">R\u00e9union Comit\u00e9 Directeur du 18\/07\/2017<\/a><\/p>\n<p style=\"text-align: left\"><a href=\"https:\/\/sites.ffkarate.fr\/loire\/wp-content\/uploads\/sites\/79\/2017\/10\/2017-06-01CoDir.doc\" target=\"_blank\" rel=\"noopener\">R\u00e9union Comit\u00e9 Directeur du 01\/06\/2017<\/a><\/p>\n<p style=\"text-align: left\"><a href=\"https:\/\/sites.ffkarate.fr\/loire\/wp-content\/uploads\/sites\/79\/2017\/10\/2017-02-09-CoDir.doc\" target=\"_blank\" rel=\"noopener\">R\u00e9union Comit\u00e9 Directeur du 09\/02\/2017<\/a><\/p>\n<p style=\"text-align: left\"><a href=\"https:\/\/sites.ffkarate.fr\/loire\/wp-content\/uploads\/sites\/79\/2017\/10\/2017-01-26-CoDir.doc\" target=\"_blank\" rel=\"noopener\">R\u00e9union Comit\u00e9 Directeur du 26\/01\/2017<\/a><\/p>\n<p style=\"text-align: left\"><a href=\"https:\/\/sites.ffkarate.fr\/loire\/wp-content\/uploads\/sites\/79\/2017\/10\/2016-11-03CoDir.doc\" target=\"_blank\" rel=\"noopener\">R\u00e9union Comit\u00e9 Directeur du 03\/11\/2016<\/a><\/p>\n<p style=\"text-align: left\"><a href=\"https:\/\/sites.ffkarate.fr\/loire\/wp-content\/uploads\/sites\/79\/2017\/10\/2016-10-13CoDir.doc\" target=\"_blank\" rel=\"noopener\">R\u00e9union Comit\u00e9 Directeur du 13\/10\/2016<\/a><\/p>\n<p style=\"text-align: left\"><a href=\"https:\/\/sites.ffkarate.fr\/loire\/wp-content\/uploads\/sites\/79\/2017\/10\/2016-09-22CoDir.doc\" target=\"_blank\" rel=\"noopener\">R\u00e9union Comit\u00e9 Directeur du 22\/09\/2016<\/a><\/p>\n<p style=\"text-align: left\"><a href=\"https:\/\/sites.ffkarate.fr\/loire\/wp-content\/uploads\/sites\/79\/2017\/10\/2016-08-11CoDir.doc\" target=\"_blank\" rel=\"noopener\">R\u00e9union Comit\u00e9 Directeur du 11\/08\/2016<\/a><\/p>\n<h2>P\/V d&rsquo;Assembl\u00e9e G\u00e9n\u00e9rale<\/h2>\n<h2><\/h2>\n<p>&nbsp;<\/p>\n<h2>AG 23 janvier 2021<\/h2>\n<p style=\"padding-left: 30px\"><a href=\"https:\/\/sites.ffkarate.fr\/loire\/wp-content\/uploads\/sites\/64\/2021\/02\/AG_20210123Valide.pdf\">AG 23 janvier 2021<\/a><\/p>\n<h2><a href=\"https:\/\/sites.ffkarate.fr\/loire\/wp-content\/uploads\/sites\/79\/2016\/02\/AG-2015-questions.pdf\" target=\"_blank\" rel=\"noopener\">AG 19 juin 2020<\/a><\/h2>\n<p style=\"padding-left: 30px\"><a href=\"https:\/\/sites.ffkarate.fr\/loire\/wp-content\/uploads\/sites\/64\/2020\/12\/CR-AG-ELECTIVE-19-juin-2020.pdf\" target=\"_blank\" rel=\"noopener\">AG 19 juin 2020<\/a><\/p>\n<h2><a href=\"https:\/\/sites.ffkarate.fr\/loire\/wp-content\/uploads\/sites\/79\/2016\/02\/AG-2015-questions.pdf\" target=\"_blank\" rel=\"noopener\">AG 2015+questions<\/a><\/h2>\n<p style=\"padding-left: 30px\"><a href=\"https:\/\/sites.ffkarate.fr\/loire\/wp-content\/uploads\/sites\/79\/2016\/08\/AG-juin-2016-questions.pdf\">AG juin 2016 +questions<\/a><\/p>\n<p style=\"padding-left: 30px\"><a href=\"https:\/\/sites.ffkarate.fr\/loire\/wp-content\/uploads\/sites\/79\/2016\/08\/AG-ELECTIVE-24-juin-2016.pdf\">AG ELECTIVE 24 juin 2016<\/a><\/p>\n<h2>Dispositifs d\u00e9partementaux<\/h2>\n<p style=\"padding-left: 30px\">\n<p>[\/vc_column_text][\/vc_column][\/vc_row]<\/p>\n<\/div>","protected":false},"excerpt":{"rendered":"<p>[vc_row][vc_column][vc_column_text] R\u00e9unions du Comit\u00e9 Directeur R\u00e9union Comit\u00e9 Directeur du 23\/06\/2020 R\u00e9union Comit\u00e9 Directeur du 18\/07\/2017 R\u00e9union Comit\u00e9 Directeur du 01\/06\/2017 R\u00e9union Comit\u00e9 Directeur du 09\/02\/2017 R\u00e9union Comit\u00e9 Directeur du 26\/01\/2017 R\u00e9union Comit\u00e9 Directeur du 03\/11\/2016 R\u00e9union Comit\u00e9 Directeur du 13\/10\/2016 R\u00e9union Comit\u00e9 Directeur du 22\/09\/2016 R\u00e9union Comit\u00e9 Directeur du 11\/08\/2016 P\/V d&rsquo;Assembl\u00e9e G\u00e9n\u00e9rale &nbsp; AG [&hellip;]<\/p>\n","protected":false},"author":111,"featured_media":0,"parent":50,"menu_order":0,"comment_status":"closed","ping_status":"closed","template":"","meta":{"footnotes":""},"class_list":["post-285","page","type-page","status-publish","hentry"],"_links":{"self":[{"href":"https:\/\/sites.ffkarate.fr\/loire\/wp-json\/wp\/v2\/pages\/285","targetHints":{"allow":["GET"]}}],"collection":[{"href":"https:\/\/sites.ffkarate.fr\/loire\/wp-json\/wp\/v2\/pages"}],"about":[{"href":"https:\/\/sites.ffkarate.fr\/loire\/wp-json\/wp\/v2\/types\/page"}],"author":[{"embeddable":true,"href":"https:\/\/sites.ffkarate.fr\/loire\/wp-json\/wp\/v2\/users\/111"}],"replies":[{"embeddable":true,"href":"https:\/\/sites.ffkarate.fr\/loire\/wp-json\/wp\/v2\/comments?post=285"}],"version-history":[{"count":0,"href":"https:\/\/sites.ffkarate.fr\/loire\/wp-json\/wp\/v2\/pages\/285\/revisions"}],"up":[{"embeddable":true,"href":"https:\/\/sites.ffkarate.fr\/loire\/wp-json\/wp\/v2\/pages\/50"}],"wp:attachment":[{"href":"https:\/\/sites.ffkarate.fr\/loire\/wp-json\/wp\/v2\/media?parent=285"}],"curies":[{"name":"wp","href":"https:\/\/api.w.org\/{rel}","templated":true}]}}