{"id":290,"date":"2016-02-07T10:39:45","date_gmt":"2016-02-07T09:39:45","guid":{"rendered":"https:\/\/sites.ffkarate.fr\/loire\/?page_id=290"},"modified":"2022-08-25T17:09:49","modified_gmt":"2022-08-25T15:09:49","slug":"jury-des-grades","status":"publish","type":"page","link":"https:\/\/sites.ffkarate.fr\/loire\/grades-2-2\/jury-des-grades\/","title":{"rendered":"Jury des grades 2021 &#8211; 2022"},"content":{"rendered":"<div class=\"wpb-content-wrapper\"><p>[vc_row][vc_column][vc_column_text]<a href=\"https:\/\/sites.ffkarate.fr\/loire\/grades-2\/\"><img decoding=\"async\" class=\"size-medium wp-image-1911 aligncenter\" src=\"https:\/\/sites.ffkarate.fr\/loire\/wp-content\/uploads\/sites\/64\/2021\/03\/GRADES-300x62.jpg\" alt=\"GRADES\" width=\"300\" height=\"62\" \/><\/a><\/p>\n<p style=\"text-align: center\"><a href=\"https:\/\/sites.ffkarate.fr\/loire\/grades-2\/jury-des-grades\/\"><img decoding=\"async\" class=\"alignnone size-medium wp-image-1910\" src=\"https:\/\/sites.ffkarate.fr\/loire\/wp-content\/uploads\/sites\/64\/2021\/03\/GRADES-JURY-300x62.jpg\" alt=\"GRADES JURY\" width=\"300\" height=\"62\" \/><\/a><a href=\"https:\/\/sites.ffkarate.fr\/loire\/grades-2\/candidats-aux-examens\/\"><img decoding=\"async\" class=\"alignnone size-medium wp-image-1909\" src=\"https:\/\/sites.ffkarate.fr\/loire\/wp-content\/uploads\/sites\/64\/2021\/03\/GRADES-CANDIDATS-300x62.jpg\" alt=\"GRADES CANDIDATS\" width=\"300\" height=\"62\" \/><\/a><\/p>\n<h2><strong>COMMISSION DES GRADES LOIRE SAISON 2022 2023<\/strong><\/h2>\n<p><strong>La Commission d\u2019Organisation D\u00e9partementale des Grades\u00a0de la Loire (CODG)<\/strong><\/p>\n<p><strong>\u00a0<\/strong><\/p>\n<p><strong><u>La CODG de la Loire est compos\u00e9e de\u00a0:<\/u><\/strong><\/p>\n<p><strong>Farid Slimane\u00a0<\/strong>: pr\u00e9sident du d\u00e9partement\u00a0de la Loire<\/p>\n<p><strong>Romain Lafitte\u00a0<\/strong>: Directeur Technique D\u00e9partemental<\/p>\n<p><strong>Philippe Corneloup\u00a0<\/strong>: responsable de la CODG Karat\u00e9<\/p>\n<p><strong><u>La\u00a0CODG de la Loire est\u00a0aid\u00e9e de\u00a0:<\/u><\/strong><\/p>\n<p><strong>Christophe Bidaut\u00a0<\/strong>: secr\u00e9taire de la CODG<\/p>\n<p><strong>Bogdan Stoica\u00a0<\/strong>:\u00a0organisation examens<\/p>\n<p>&nbsp;<\/p>\n<p>&nbsp;<\/p>\n<p>&nbsp;<\/p>\n<h2><strong>CONDITIONS POUR LES JURYS DES GRADES<\/strong><\/h2>\n<p>Fiche \u00e0 renvoyer imp\u00e9rativement \u00e0 Christophe Bidaut pour inscription :<\/p>\n<p><span style=\"color: #0000ff\"><a style=\"color: #0000ff\" href=\"https:\/\/sites.ffkarate.fr\/loire\/wp-content\/uploads\/sites\/64\/2022\/02\/inscription-grades-ok-1.pdf\">FICHE DE CANDIDATURE JURY DES GRADES CODGLOIRE 2022 2023<\/a><\/span><\/p>\n<p>L\u2019organisation des passages de grades de karat\u00e9 demande \u00e0 chaque saison sportive la mise en place d\u2019une nouvelle \u00e9quipe de Jurys.<\/p>\n<p>Le fait d\u2019assister \u00e0 cette information octroie le titre de juge. Elle a pour objectif la pr\u00e9sentation des nouvelles modalit\u00e9s de passage de grades 2022\/2023.<\/p>\n<p>La r\u00e9union d\u2019information s\u2019adresse \u00e0 tous les licenci\u00e9s titulaires d\u2019un 2\u00e8me dan minimum.<\/p>\n<p>&nbsp;<\/p>\n<p>&nbsp;<\/p>\n<table style=\"height: 132px\" width=\"571\">\n<tbody>\n<tr>\n<td width=\"326\">Philippe CORNELOUP<\/td>\n<td width=\"326\">Christophe BIDAUT<\/td>\n<\/tr>\n<tr>\n<td width=\"326\">Responsable de la CDOG de la Loire<\/td>\n<td width=\"326\">Secr\u00e9taire de la CODG de la Loire<\/td>\n<\/tr>\n<tr>\n<td width=\"326\">T\u00e9l. 06 19 55 68 56<\/td>\n<td width=\"326\">T\u00e9l. 06 79 44 93 18<\/td>\n<\/tr>\n<tr>\n<td width=\"326\">Courriel\u00a0: <a href=\"mailto:phil.corneloup@gmail.com\">phil.corneloup@gmail.com<\/a><\/td>\n<td width=\"326\">Courriel\u00a0: <a href=\"mailto:c_bidaut@yahoo.fr\">c_bidaut@yahoo.fr<\/a><\/td>\n<\/tr>\n<\/tbody>\n<\/table>\n<table>\n<tbody>\n<tr>\n<td width=\"326\"><\/td>\n<td width=\"326\"><\/td>\n<\/tr>\n<\/tbody>\n<\/table>\n<p>[\/vc_column_text][\/vc_column][\/vc_row]<\/p>\n<\/div>","protected":false},"excerpt":{"rendered":"<p>[vc_row][vc_column][vc_column_text] COMMISSION DES GRADES LOIRE SAISON 2022 2023 La Commission d\u2019Organisation D\u00e9partementale des Grades\u00a0de la Loire (CODG) \u00a0 La CODG de la Loire est compos\u00e9e de\u00a0: Farid Slimane\u00a0: pr\u00e9sident du d\u00e9partement\u00a0de la Loire Romain Lafitte\u00a0: Directeur Technique D\u00e9partemental Philippe Corneloup\u00a0: responsable de la CODG Karat\u00e9 La\u00a0CODG de la Loire est\u00a0aid\u00e9e de\u00a0: Christophe Bidaut\u00a0: secr\u00e9taire de [&hellip;]<\/p>\n","protected":false},"author":111,"featured_media":0,"parent":268,"menu_order":0,"comment_status":"closed","ping_status":"closed","template":"","meta":{"footnotes":""},"class_list":["post-290","page","type-page","status-publish","hentry"],"_links":{"self":[{"href":"https:\/\/sites.ffkarate.fr\/loire\/wp-json\/wp\/v2\/pages\/290","targetHints":{"allow":["GET"]}}],"collection":[{"href":"https:\/\/sites.ffkarate.fr\/loire\/wp-json\/wp\/v2\/pages"}],"about":[{"href":"https:\/\/sites.ffkarate.fr\/loire\/wp-json\/wp\/v2\/types\/page"}],"author":[{"embeddable":true,"href":"https:\/\/sites.ffkarate.fr\/loire\/wp-json\/wp\/v2\/users\/111"}],"replies":[{"embeddable":true,"href":"https:\/\/sites.ffkarate.fr\/loire\/wp-json\/wp\/v2\/comments?post=290"}],"version-history":[{"count":4,"href":"https:\/\/sites.ffkarate.fr\/loire\/wp-json\/wp\/v2\/pages\/290\/revisions"}],"predecessor-version":[{"id":2273,"href":"https:\/\/sites.ffkarate.fr\/loire\/wp-json\/wp\/v2\/pages\/290\/revisions\/2273"}],"up":[{"embeddable":true,"href":"https:\/\/sites.ffkarate.fr\/loire\/wp-json\/wp\/v2\/pages\/268"}],"wp:attachment":[{"href":"https:\/\/sites.ffkarate.fr\/loire\/wp-json\/wp\/v2\/media?parent=290"}],"curies":[{"name":"wp","href":"https:\/\/api.w.org\/{rel}","templated":true}]}}