{"id":2774,"date":"2023-05-18T15:25:24","date_gmt":"2023-05-18T13:25:24","guid":{"rendered":"https:\/\/sites.ffkarate.fr\/loireatlantique\/?page_id=2774"},"modified":"2024-04-10T12:06:43","modified_gmt":"2024-04-10T10:06:43","slug":"referencement-des-clubs-qui-interviennent-dans-le-cadre-scolaire","status":"publish","type":"page","link":"https:\/\/sites.ffkarate.fr\/loireatlantique\/referencement-des-clubs-qui-interviennent-dans-le-cadre-scolaire\/","title":{"rendered":"R\u00e9f\u00e9rencement des clubs qui interviennent dans le cadre scolaire."},"content":{"rendered":"<div class=\"wpb-content-wrapper\"><p>[vc_row][vc_column][vc_column_text]Bonjour \u00e0 tous,<\/p>\n<p>Vous intervenez dans un \u00e9tablissement scolaire de l&rsquo;enseignement priv\u00e9 ou public pour l&rsquo;initiation \u00e0 une discipline FFK, contactez le CDK 44 pour que nous puissions vous ajouter \u00e0 la liste des clubs qui interviennent au sein de ces structures. Merci.<\/p>\n<p>&nbsp;<\/p>\n<p>Liste des clubs qui interviennent au sein des \u00e9tablissements scolaires :<\/p>\n<p><strong>KC Nazairien<\/strong> (Laetitia PERREON, DIF), \u00e9cole primaire publique Jean ZAY \u00e0 ST NAZAIRE &#8211; environ 28 enfants.<\/p>\n<p><strong>Ken&rsquo;Zen<\/strong> (JC PACAUD, DEJEPS), \u00e9cole primaire Ste Opportune de ST PERE EN RETZ &#8211; classe de CE1, CE1\/CE2, CM1, ULIS soit environ 85 \u00e0 90 enfants.<\/p>\n<p><strong>Ken&rsquo;Zen<\/strong> (JC PACAUD, DEJEPS), \u00e9cole primaire Jacques BREL de ST PERE EN RETZ &#8211; classe de CE2, CM1, et CM2 soit environ 77 enfants.<\/p>\n<p><strong>Konki<\/strong> (Pierre-Monique ADJANONHOUN, CQP), \u00e9cole \u00e9l\u00e9mentaire publique Jules ferry \u00e0 ST ANDRE DES EAUX soit environ 25 enfants.<\/p>\n<p><strong>ADRV<\/strong> (Eric GARNIER SINCLAIR, CQP), IUT ST NAZAIRE &#8211; environ 35 ENFANTS.<\/p>\n<p><strong>CEK ST NAZAIRE<\/strong> (Jean-Louis GOGUET, BEES 1 et Charly PIAU, CQP) &#8211; \u00e9cole primaire Pierre Brossolette soit environ 50 enfants.<\/p>\n<p><strong>CEK ST NAZAIRE<\/strong> (Jean-Louis GOGUET, BEES 1 et Charly PIAU, CQP) &#8211; \u00e9cole primaire Jean ZAY soit environ 50 enfants.<\/p>\n<p><strong>CEK ST NAZAIRE<\/strong> (Jean-Louis GOGUET, BEES 1 et Charly PIAU, CQP) &#8211;\u00a0 \u00e9cole Jules FERRY soit environ 50 enfants.<\/p>\n<p><strong>CEK ST NAZAIRE<\/strong> (Jean-Louis GOGUET, BEES 1 et Charly PIAU, CQP) &#8211; \u00e9cole maternelle Sadi CARNOT soit environ 50 enfants.<\/p>\n<p><strong>CEK ST NAZAIRE<\/strong> (Jean-Louis GOGUET, BEES 1 et Charly PIAU, CQP) &#8211; \u00e9cole primaire Jules SIMON soit environ 50 enfants.<\/p>\n<p><strong>CEK ST NAZAIRE<\/strong> (Franck NGOAN, CQP et Charly PIAU, CQP) &#8211; Coll\u00e8ge public Pierre NORANGE dans le cadre de l&rsquo;\u00e9cole ouverte soit environ 60 adolescents.<\/p>\n<p><strong>CEK ST NAZAIRE<\/strong> (Bernard BIZEUL, DEJEPS et Charly PIAU, CQP) &#8211; Lyc\u00e9e Aristide BRIAND &#8211; 30 adolescents.[\/vc_column_text][\/vc_column][\/vc_row]<\/p>\n<\/div>","protected":false},"excerpt":{"rendered":"<p>[vc_row][vc_column][vc_column_text]Bonjour \u00e0 tous, Vous intervenez dans un \u00e9tablissement scolaire de l&rsquo;enseignement priv\u00e9 ou public pour l&rsquo;initiation \u00e0 une discipline FFK, contactez le CDK 44 pour que nous puissions vous ajouter \u00e0 la liste des clubs qui interviennent au sein de ces structures. Merci. &nbsp; Liste des clubs qui interviennent au sein des \u00e9tablissements scolaires : [&hellip;]<\/p>\n","protected":false},"author":110,"featured_media":0,"parent":0,"menu_order":0,"comment_status":"closed","ping_status":"closed","template":"","meta":{"footnotes":""},"class_list":["post-2774","page","type-page","status-publish","hentry"],"_links":{"self":[{"href":"https:\/\/sites.ffkarate.fr\/loireatlantique\/wp-json\/wp\/v2\/pages\/2774","targetHints":{"allow":["GET"]}}],"collection":[{"href":"https:\/\/sites.ffkarate.fr\/loireatlantique\/wp-json\/wp\/v2\/pages"}],"about":[{"href":"https:\/\/sites.ffkarate.fr\/loireatlantique\/wp-json\/wp\/v2\/types\/page"}],"author":[{"embeddable":true,"href":"https:\/\/sites.ffkarate.fr\/loireatlantique\/wp-json\/wp\/v2\/users\/110"}],"replies":[{"embeddable":true,"href":"https:\/\/sites.ffkarate.fr\/loireatlantique\/wp-json\/wp\/v2\/comments?post=2774"}],"version-history":[{"count":9,"href":"https:\/\/sites.ffkarate.fr\/loireatlantique\/wp-json\/wp\/v2\/pages\/2774\/revisions"}],"predecessor-version":[{"id":3562,"href":"https:\/\/sites.ffkarate.fr\/loireatlantique\/wp-json\/wp\/v2\/pages\/2774\/revisions\/3562"}],"wp:attachment":[{"href":"https:\/\/sites.ffkarate.fr\/loireatlantique\/wp-json\/wp\/v2\/media?parent=2774"}],"curies":[{"name":"wp","href":"https:\/\/api.w.org\/{rel}","templated":true}]}}