{"id":3219,"date":"2023-11-23T20:53:48","date_gmt":"2023-11-23T19:53:48","guid":{"rendered":"https:\/\/sites.ffkarate.fr\/loireatlantique\/?page_id=3219"},"modified":"2023-11-24T09:52:39","modified_gmt":"2023-11-24T08:52:39","slug":"les-liens-avec-le-conseil-departemental-de-la-loire-atlantique-service-des-sports","status":"publish","type":"page","link":"https:\/\/sites.ffkarate.fr\/loireatlantique\/les-liens-avec-le-conseil-departemental-de-la-loire-atlantique-service-des-sports\/","title":{"rendered":"Les liens avec le Conseil D\u00e9partemental de la Loire-Atlantique."},"content":{"rendered":"<div class=\"wpb-content-wrapper\"><p>[vc_row][vc_column][vc_column_text]Le Conseil D\u00e9partemental de Loire-Atlantique met en place de nombreuses mesures d&rsquo;aides pour la pratique d&rsquo;une activit\u00e9 sportive au sein d&rsquo;une f\u00e9d\u00e9ration.<\/p>\n<p>Cliquez sur les liens pratiques et acc\u00e9dez \u00e0 l&rsquo;information que vous recherchez.<\/p>\n<p>&nbsp;<\/p>\n<p>Les th\u00e8mes :<\/p>\n<p>La relation aux \u00e9ducateurs.trices du D\u00e9partement.<\/p>\n<p>Les actions de soutien aux clubs et notamment le financement des formations f\u00e9d\u00e9rales.<\/p>\n<p>Le soutien \u00e0 l\u2019organisation d\u2019\u00e9v\u00e8nements.<\/p>\n<p>La pr\u00e9vention des violences et des incivilit\u00e9s dans le sport.<\/p>\n<p>L\u2019accueil de personnes en situation de handicap au sein des clubs du D\u00e9partement.<\/p>\n<p>Le d\u00e9veloppement de la pratique f\u00e9minine.<\/p>\n<p>L\u2019aide \u00e0 l\u2019acquisition de mat\u00e9riel.<\/p>\n<p>La dotation mat\u00e9riel (remise lors de l&rsquo;A.G d\u00e9partementale le 21 octobre 2023[\/vc_column_text][\/vc_column][\/vc_row]<\/p>\n<\/div>","protected":false},"excerpt":{"rendered":"<p>[vc_row][vc_column][vc_column_text]Le Conseil D\u00e9partemental de Loire-Atlantique met en place de nombreuses mesures d&rsquo;aides pour la pratique d&rsquo;une activit\u00e9 sportive au sein d&rsquo;une f\u00e9d\u00e9ration. Cliquez sur les liens pratiques et acc\u00e9dez \u00e0 l&rsquo;information que vous recherchez. &nbsp; Les th\u00e8mes : La relation aux \u00e9ducateurs.trices du D\u00e9partement. Les actions de soutien aux clubs et notamment le financement des [&hellip;]<\/p>\n","protected":false},"author":110,"featured_media":3220,"parent":0,"menu_order":0,"comment_status":"closed","ping_status":"closed","template":"","meta":{"footnotes":""},"class_list":["post-3219","page","type-page","status-publish","hentry"],"_links":{"self":[{"href":"https:\/\/sites.ffkarate.fr\/loireatlantique\/wp-json\/wp\/v2\/pages\/3219","targetHints":{"allow":["GET"]}}],"collection":[{"href":"https:\/\/sites.ffkarate.fr\/loireatlantique\/wp-json\/wp\/v2\/pages"}],"about":[{"href":"https:\/\/sites.ffkarate.fr\/loireatlantique\/wp-json\/wp\/v2\/types\/page"}],"author":[{"embeddable":true,"href":"https:\/\/sites.ffkarate.fr\/loireatlantique\/wp-json\/wp\/v2\/users\/110"}],"replies":[{"embeddable":true,"href":"https:\/\/sites.ffkarate.fr\/loireatlantique\/wp-json\/wp\/v2\/comments?post=3219"}],"version-history":[{"count":5,"href":"https:\/\/sites.ffkarate.fr\/loireatlantique\/wp-json\/wp\/v2\/pages\/3219\/revisions"}],"predecessor-version":[{"id":3226,"href":"https:\/\/sites.ffkarate.fr\/loireatlantique\/wp-json\/wp\/v2\/pages\/3219\/revisions\/3226"}],"wp:featuredmedia":[{"embeddable":true,"href":"https:\/\/sites.ffkarate.fr\/loireatlantique\/wp-json\/wp\/v2\/media\/3220"}],"wp:attachment":[{"href":"https:\/\/sites.ffkarate.fr\/loireatlantique\/wp-json\/wp\/v2\/media?parent=3219"}],"curies":[{"name":"wp","href":"https:\/\/api.w.org\/{rel}","templated":true}]}}