{"id":373,"date":"2021-06-05T14:10:06","date_gmt":"2021-06-05T12:10:06","guid":{"rendered":"https:\/\/sites.ffkarate.fr\/loireatlantique\/?page_id=373"},"modified":"2025-04-10T11:17:15","modified_gmt":"2025-04-10T09:17:15","slug":"equipe-technique-et-commissions-departementales","status":"publish","type":"page","link":"https:\/\/sites.ffkarate.fr\/loireatlantique\/equipe-technique-et-commissions-departementales\/","title":{"rendered":"Equipe Technique et Commissions d\u00e9partementales"},"content":{"rendered":"<div class=\"wpb-content-wrapper\"><p>[vc_row][vc_column width=\u00a0\u00bb2\/3&Prime;][vc_column_text]<\/p>\n<h4>Directeur Technique D\u00e9partemental<\/h4>\n<p>MALLET Mathieu<\/p>\n<p>Titulaire du Certificat de Qualification Professionnel<\/p>\n<p>mathieu.mallet@free.fr[\/vc_column_text][\/vc_column][vc_column width=\u00a0\u00bb1\/3&Prime;][vc_single_image image=\u00a0\u00bb969&Prime;][\/vc_column][\/vc_row][vc_row][vc_column width=\u00a0\u00bb2\/3&Prime;][vc_column_text]<\/p>\n<h4>Responsable d\u00e9partemental des Grades<\/h4>\n<p>BOSCH Fabrice<\/p>\n<p>CN 6\u00e8me dan Karat\u00e9<\/p>\n<p>grade.karate44@gmail.com[\/vc_column_text][\/vc_column][vc_column width=\u00a0\u00bb1\/3&Prime;][vc_single_image image=\u00a0\u00bb970&Prime;][\/vc_column][\/vc_row][vc_row][vc_column width=\u00a0\u00bb2\/3&Prime;][vc_column_text]<\/p>\n<h4>Responsable d\u00e9partementale de l&rsquo;Arbitrage<\/h4>\n<p>PERREON Laetitia<\/p>\n<p>Arbitre national Kata et Kumit\u00e9<\/p>\n<p>pe.laetitia@yahoo.fr[\/vc_column_text][\/vc_column][vc_column width=\u00a0\u00bb1\/3&Prime;][vc_single_image image=\u00a0\u00bb227&Prime;][\/vc_column][\/vc_row][vc_row][vc_column width=\u00a0\u00bb2\/3&Prime;][vc_column_text]<\/p>\n<h4>Responsable d\u00e9partemental de la Formation<\/h4>\n<p>HURTH Christian<\/p>\n<p>Titulaire du Dipl\u00f4me d&rsquo;Etat de la Jeunesse, de l&rsquo;Education Populaire et du Sport<\/p>\n<p>christian.hurth@orange.fr[\/vc_column_text][\/vc_column][vc_column width=\u00a0\u00bb1\/3&Prime;][vc_single_image image=\u00a0\u00bb2892&Prime;][\/vc_column][\/vc_row][vc_row][vc_column][\/vc_column][\/vc_row][vc_row][vc_column width=\u00a0\u00bb1\/3&Prime;][vc_column_text]<strong>Directrice sportive<\/strong><\/p>\n<p>Michelle GEAY[\/vc_column_text][\/vc_column][vc_column width=\u00a0\u00bb1\/3&Prime;][vc_column_text]<strong>R\u00e9f\u00e9rent interdisciplinarit\u00e9<\/strong><\/p>\n<p>P-Monique ADJANONHOUN[\/vc_column_text][\/vc_column][vc_column width=\u00a0\u00bb1\/3&Prime;][vc_column_text]<strong>Responsable de la commission \u00ab\u00a0Para Karat\u00e9 et Karat\u00e9 Adapt\u00e9\u00a0\u00bb<\/strong><\/p>\n<p>Serge GAND[\/vc_column_text][\/vc_column][\/vc_row][vc_row][vc_column][\/vc_column][\/vc_row][vc_row][vc_column width=\u00a0\u00bb1\/3&Prime;][vc_column_text]<strong>R\u00e9f\u00e9rent \u00ab\u00a0Arts Martiaux Vietnamiens\u00a0\u00bb<\/strong><\/p>\n<p>Didier SUTEAU[\/vc_column_text][\/vc_column][vc_column width=\u00a0\u00bb1\/3&Prime;][vc_column_text]<strong>R\u00e9f\u00e9rent \u00ab\u00a0Arts Martiaux du Sud Est Asiatique\u00a0\u00bb<\/strong><\/p>\n<p>Nicolas KAISER[\/vc_column_text][\/vc_column][vc_column width=\u00a0\u00bb1\/3&Prime;][vc_column_text]<strong>R\u00e9ferent \u00ab\u00a0Krav Maga\u00a0\u00bb<\/strong><\/p>\n<p>Alexandre BAHOLET[\/vc_column_text][\/vc_column][\/vc_row][vc_row][vc_column][\/vc_column][\/vc_row][vc_row][vc_column width=\u00a0\u00bb1\/3&Prime;][vc_column_text]<strong>R\u00e9f\u00e9rent \u00ab\u00a0Yoseikan Budo\u00a0\u00bb<\/strong><\/p>\n<p>Vincent RIAULT[\/vc_column_text][\/vc_column][vc_column width=\u00a0\u00bb1\/3&Prime;][vc_column_text]<strong>R\u00e9f\u00e9rent \u00ab\u00a0Wushu\u00a0\u00bb<\/strong><\/p>\n<p>Eric GARNIER SINCLAIR[\/vc_column_text][\/vc_column][vc_column width=\u00a0\u00bb1\/3&Prime;][vc_column_text]<strong>R\u00e9f\u00e9rent \u00ab\u00a0Shorinji Kempo\u00a0\u00bb<\/strong><\/p>\n<p>Kristen REGARDIN[\/vc_column_text][\/vc_column][\/vc_row][vc_row][vc_column][\/vc_column][\/vc_row][vc_row][vc_column width=\u00a0\u00bb1\/3&Prime;][vc_column_text]<strong>R\u00e9f\u00e9rent \u00ab\u00a0Enfants\u00a0\u00bb<\/strong><\/p>\n<p>Christophe BAHOLET[\/vc_column_text][\/vc_column][vc_column width=\u00a0\u00bb1\/3&Prime;][vc_column_text]<strong>R\u00e9f\u00e9rente \u00ab\u00a0F\u00e9minines\u00a0\u00bb<\/strong><\/p>\n<p>Nadine LOMELET[\/vc_column_text][\/vc_column][vc_column width=\u00a0\u00bb1\/3&Prime;][vc_column_text]<strong>R\u00e9f\u00e9rent \u00ab\u00a0V\u00e9t\u00e9rans\u00a0\u00bb<\/strong><\/p>\n<p>Jacky LE MARCHAND[\/vc_column_text][\/vc_column][\/vc_row][vc_row][vc_column][\/vc_column][\/vc_row][vc_row][vc_column width=\u00a0\u00bb1\/3&Prime;][vc_column_text]<strong>Responsable de la commission \u00ab\u00a0Contacts\u00a0\u00bb<\/strong><\/p>\n<p>Christian EON[\/vc_column_text][\/vc_column][vc_column width=\u00a0\u00bb1\/3&Prime;][vc_column_text]<strong>R\u00e9f\u00e9rent \u00ab\u00a0Karat\u00e9 Mix\u00a0\u00bb<\/strong><\/p>\n<p>K\u00e9vin VEGREVILLE[\/vc_column_text][\/vc_column][vc_column width=\u00a0\u00bb1\/3&Prime;][vc_column_text]<strong>R\u00e9f\u00e9rent Shindoka\u00ef Kan<br \/>\n<\/strong><\/p>\n<p>Ghislain IMPINNA[\/vc_column_text][\/vc_column][\/vc_row][vc_row][vc_column][\/vc_column][\/vc_row][vc_row][vc_column width=\u00a0\u00bb1\/3&Prime;][vc_column_text]<strong>R\u00e9f\u00e9rent R\u00e9compenses<\/strong><\/p>\n<p>Jean-Jacques DESOUCHES[\/vc_column_text][\/vc_column][vc_column width=\u00a0\u00bb1\/3&Prime;][vc_column_text]<strong>Coordinateur sportif<\/strong><\/p>\n<p>Jonathann LUCAS[\/vc_column_text][\/vc_column][vc_column width=\u00a0\u00bb1\/3&Prime;][vc_column_text]<strong>R\u00e9f\u00e9rent mat\u00e9riel<\/strong><\/p>\n<p>Loic BIZET[\/vc_column_text][\/vc_column][\/vc_row]<\/p>\n<\/div>","protected":false},"excerpt":{"rendered":"<p>[vc_row][vc_column width=\u00a0\u00bb2\/3&Prime;][vc_column_text] Directeur Technique D\u00e9partemental MALLET Mathieu Titulaire du Certificat de Qualification Professionnel mathieu.mallet@free.fr[\/vc_column_text][\/vc_column][vc_column width=\u00a0\u00bb1\/3&Prime;][vc_single_image image=\u00a0\u00bb969&Prime;][\/vc_column][\/vc_row][vc_row][vc_column width=\u00a0\u00bb2\/3&Prime;][vc_column_text] Responsable d\u00e9partemental des Grades BOSCH Fabrice CN 6\u00e8me dan Karat\u00e9 grade.karate44@gmail.com[\/vc_column_text][\/vc_column][vc_column width=\u00a0\u00bb1\/3&Prime;][vc_single_image image=\u00a0\u00bb970&Prime;][\/vc_column][\/vc_row][vc_row][vc_column width=\u00a0\u00bb2\/3&Prime;][vc_column_text] Responsable d\u00e9partementale de l&rsquo;Arbitrage PERREON Laetitia Arbitre national Kata et Kumit\u00e9 pe.laetitia@yahoo.fr[\/vc_column_text][\/vc_column][vc_column width=\u00a0\u00bb1\/3&Prime;][vc_single_image image=\u00a0\u00bb227&Prime;][\/vc_column][\/vc_row][vc_row][vc_column width=\u00a0\u00bb2\/3&Prime;][vc_column_text] Responsable d\u00e9partemental de la Formation HURTH Christian Titulaire du [&hellip;]<\/p>\n","protected":false},"author":110,"featured_media":0,"parent":0,"menu_order":0,"comment_status":"closed","ping_status":"closed","template":"","meta":{"footnotes":""},"class_list":["post-373","page","type-page","status-publish","hentry"],"_links":{"self":[{"href":"https:\/\/sites.ffkarate.fr\/loireatlantique\/wp-json\/wp\/v2\/pages\/373","targetHints":{"allow":["GET"]}}],"collection":[{"href":"https:\/\/sites.ffkarate.fr\/loireatlantique\/wp-json\/wp\/v2\/pages"}],"about":[{"href":"https:\/\/sites.ffkarate.fr\/loireatlantique\/wp-json\/wp\/v2\/types\/page"}],"author":[{"embeddable":true,"href":"https:\/\/sites.ffkarate.fr\/loireatlantique\/wp-json\/wp\/v2\/users\/110"}],"replies":[{"embeddable":true,"href":"https:\/\/sites.ffkarate.fr\/loireatlantique\/wp-json\/wp\/v2\/comments?post=373"}],"version-history":[{"count":11,"href":"https:\/\/sites.ffkarate.fr\/loireatlantique\/wp-json\/wp\/v2\/pages\/373\/revisions"}],"predecessor-version":[{"id":4324,"href":"https:\/\/sites.ffkarate.fr\/loireatlantique\/wp-json\/wp\/v2\/pages\/373\/revisions\/4324"}],"wp:attachment":[{"href":"https:\/\/sites.ffkarate.fr\/loireatlantique\/wp-json\/wp\/v2\/media?parent=373"}],"curies":[{"name":"wp","href":"https:\/\/api.w.org\/{rel}","templated":true}]}}