{"id":570,"date":"2021-06-06T09:18:14","date_gmt":"2021-06-06T07:18:14","guid":{"rendered":"https:\/\/sites.ffkarate.fr\/loireatlantique\/?page_id=570"},"modified":"2025-06-05T19:21:49","modified_gmt":"2025-06-05T17:21:49","slug":"dates-des-stages-et-examens","status":"publish","type":"page","link":"https:\/\/sites.ffkarate.fr\/loireatlantique\/dates-des-stages-et-examens\/","title":{"rendered":"Dates des stages et examens grades"},"content":{"rendered":"<div class=\"wpb-content-wrapper\"><p>[vc_row][vc_column][vc_column_text]Fabrice BOSCH, responsable d\u00e9partemental des Grades, met en place plusieurs pr\u00e9paration \u00e0 l&rsquo;examen des grades.[\/vc_column_text][\/vc_column][\/vc_row][vc_row][vc_column][vc_column_text]<\/p>\n<h4>R\u00e9f\u00e9rent des pr\u00e9parations aux examens de grades<\/h4>\n<p>Erwann GANDON, CN 6\u00e8me dan, expert r\u00e9gional FFK[\/vc_column_text][\/vc_column][\/vc_row][vc_row][vc_column width=\u00a0\u00bb1\/3&Prime;][vc_single_image image=\u00a0\u00bb999&Prime;][\/vc_column][vc_column width=\u00a0\u00bb1\/3&Prime;][\/vc_column][vc_column width=\u00a0\u00bb1\/3&Prime;][\/vc_column][\/vc_row][vc_row][vc_column][vc_column_text]Avant d\u2019aborder les examens, nous invitons tous les candidats mais aussi professeurs et membres des jurys \u00e0 participer aux stages qui auront lieu :<\/p>\n<ul>\n<li>Jury et enseignants : <strong>Samedi 02 novembre 2024<\/strong>\u00a0\u00e0 ST PERE EN RETZ<\/li>\n<\/ul>\n<p>&nbsp;<\/p>\n<ul>\n<li>Candidats :\u00a0<strong>Dimanche 03 novembre 2024 <\/strong>\u00e0 ST PERE EN RETZ<\/li>\n<li>Candidats :\u00a0<strong>Dimanche 02 mars 2025 <\/strong>\u00e0 ST PERE EN RETZ<\/li>\n<li>Candidats : <strong>Dimanche 06 avril 2025<\/strong>\u00a0\u00e0 ST PERE EN RETZ<\/li>\n<li>Candidats : <strong>Dimanche 11 mai 2025 <\/strong>\u00e0\u00a0ST PERE EN RETZ<\/li>\n<\/ul>\n<p>[\/vc_column_text][\/vc_column][\/vc_row][vc_row][vc_column][vc_single_image image=\u00a0\u00bb994&Prime;][\/vc_column][\/vc_row][vc_row][vc_column][\/vc_column][\/vc_row][vc_row][vc_column][vc_column_text]<\/p>\n<h4>Les examens de grades auront lieu le :<\/h4>\n<ul>\n<li>Week-end du 07 et 08 d\u00e9cembre 2024.<\/li>\n<li>Week-end du 14 et 15 juin 2025.<\/li>\n<li>5\u00e8me Dan : se renseigner aupr\u00e8s de la Ligue R\u00e9gionale des Pays de Loire<\/li>\n<\/ul>\n<p>[\/vc_column_text][\/vc_column][\/vc_row][vc_row][vc_column][vc_single_image image=\u00a0\u00bb3933&Prime;][\/vc_column][\/vc_row][vc_row][vc_column][vc_single_image image=\u00a0\u00bb3932&Prime;][\/vc_column][\/vc_row][vc_row][vc_column][vc_single_image image=\u00a0\u00bb3938&Prime;][\/vc_column][\/vc_row][vc_row][vc_column][vc_single_image image=\u00a0\u00bb4205&Prime;][\/vc_column][\/vc_row][vc_row][vc_column][vc_single_image image=\u00a0\u00bb4256&Prime;][\/vc_column][\/vc_row][vc_row][vc_column][vc_single_image image=\u00a0\u00bb4402&Prime;][\/vc_column][\/vc_row][vc_row][vc_column][vc_single_image image=\u00a0\u00bb4401&Prime;][\/vc_column][\/vc_row][vc_row][vc_column][vc_single_image image=\u00a0\u00bb4403&Prime;][\/vc_column][\/vc_row]<\/p>\n<\/div>","protected":false},"excerpt":{"rendered":"<p>[vc_row][vc_column][vc_column_text]Fabrice BOSCH, responsable d\u00e9partemental des Grades, met en place plusieurs pr\u00e9paration \u00e0 l&rsquo;examen des grades.[\/vc_column_text][\/vc_column][\/vc_row][vc_row][vc_column][vc_column_text] R\u00e9f\u00e9rent des pr\u00e9parations aux examens de grades Erwann GANDON, CN 6\u00e8me dan, expert r\u00e9gional FFK[\/vc_column_text][\/vc_column][\/vc_row][vc_row][vc_column width=\u00a0\u00bb1\/3&Prime;][vc_single_image image=\u00a0\u00bb999&Prime;][\/vc_column][vc_column width=\u00a0\u00bb1\/3&Prime;][\/vc_column][vc_column width=\u00a0\u00bb1\/3&Prime;][\/vc_column][\/vc_row][vc_row][vc_column][vc_column_text]Avant d\u2019aborder les examens, nous invitons tous les candidats mais aussi professeurs et membres des jurys \u00e0 participer aux stages qui auront [&hellip;]<\/p>\n","protected":false},"author":110,"featured_media":0,"parent":0,"menu_order":0,"comment_status":"closed","ping_status":"closed","template":"","meta":{"footnotes":""},"class_list":["post-570","page","type-page","status-publish","hentry"],"_links":{"self":[{"href":"https:\/\/sites.ffkarate.fr\/loireatlantique\/wp-json\/wp\/v2\/pages\/570","targetHints":{"allow":["GET"]}}],"collection":[{"href":"https:\/\/sites.ffkarate.fr\/loireatlantique\/wp-json\/wp\/v2\/pages"}],"about":[{"href":"https:\/\/sites.ffkarate.fr\/loireatlantique\/wp-json\/wp\/v2\/types\/page"}],"author":[{"embeddable":true,"href":"https:\/\/sites.ffkarate.fr\/loireatlantique\/wp-json\/wp\/v2\/users\/110"}],"replies":[{"embeddable":true,"href":"https:\/\/sites.ffkarate.fr\/loireatlantique\/wp-json\/wp\/v2\/comments?post=570"}],"version-history":[{"count":11,"href":"https:\/\/sites.ffkarate.fr\/loireatlantique\/wp-json\/wp\/v2\/pages\/570\/revisions"}],"predecessor-version":[{"id":4404,"href":"https:\/\/sites.ffkarate.fr\/loireatlantique\/wp-json\/wp\/v2\/pages\/570\/revisions\/4404"}],"wp:attachment":[{"href":"https:\/\/sites.ffkarate.fr\/loireatlantique\/wp-json\/wp\/v2\/media?parent=570"}],"curies":[{"name":"wp","href":"https:\/\/api.w.org\/{rel}","templated":true}]}}