{"id":644,"date":"2018-01-15T19:56:53","date_gmt":"2018-01-15T18:56:53","guid":{"rendered":"https:\/\/sites.ffkarate.fr\/loiret\/?page_id=408"},"modified":"2018-01-15T19:56:53","modified_gmt":"2018-01-15T18:56:53","slug":"appel-candidature-directeur-technique-departemental-2","status":"publish","type":"page","link":"https:\/\/sites.ffkarate.fr\/loiret\/appel-candidature-directeur-technique-departemental-2\/","title":{"rendered":"Appel candidature D.T.D"},"content":{"rendered":"<div class=\"wpb-content-wrapper\"><p>[vc_row][vc_column][vc_column_text]Le comit\u00e9 de Karat\u00e9 du Loiret ouvre l&rsquo;appel \u00e0 candidature du Directeur Technique D\u00e9partemental.<\/p>\n<p>Dans les documents ci-dessous, vous trouverez le formulaire de candidature ainsi que le descriptif des missions qui lui incombera.<\/p>\n<p>Si vous \u00eates int\u00e9ress\u00e9s, inscrivez-vous avant le 15 Octobre 2018 dernier d\u00e9lai aupr\u00e8s de la pr\u00e9sidente du d\u00e9partement ANNICK DIQUELOU[\/vc_column_text][\/vc_column][\/vc_row]<\/p>\n<\/div>","protected":false},"excerpt":{"rendered":"<p>[vc_row][vc_column][vc_column_text]Le comit\u00e9 de Karat\u00e9 du Loiret ouvre l&rsquo;appel \u00e0 candidature du Directeur Technique D\u00e9partemental. Dans les documents ci-dessous, vous trouverez le formulaire de candidature ainsi que le descriptif des missions qui lui incombera. Si vous \u00eates int\u00e9ress\u00e9s, inscrivez-vous avant le 15 Octobre 2018 dernier d\u00e9lai aupr\u00e8s de la pr\u00e9sidente du d\u00e9partement ANNICK DIQUELOU[\/vc_column_text][\/vc_column][\/vc_row]<\/p>\n","protected":false},"author":25,"featured_media":406,"parent":0,"menu_order":0,"comment_status":"closed","ping_status":"closed","template":"","meta":{"footnotes":""},"class_list":["post-644","page","type-page","status-publish","hentry"],"_links":{"self":[{"href":"https:\/\/sites.ffkarate.fr\/loiret\/wp-json\/wp\/v2\/pages\/644","targetHints":{"allow":["GET"]}}],"collection":[{"href":"https:\/\/sites.ffkarate.fr\/loiret\/wp-json\/wp\/v2\/pages"}],"about":[{"href":"https:\/\/sites.ffkarate.fr\/loiret\/wp-json\/wp\/v2\/types\/page"}],"author":[{"embeddable":true,"href":"https:\/\/sites.ffkarate.fr\/loiret\/wp-json\/wp\/v2\/users\/25"}],"replies":[{"embeddable":true,"href":"https:\/\/sites.ffkarate.fr\/loiret\/wp-json\/wp\/v2\/comments?post=644"}],"version-history":[{"count":0,"href":"https:\/\/sites.ffkarate.fr\/loiret\/wp-json\/wp\/v2\/pages\/644\/revisions"}],"wp:featuredmedia":[{"embeddable":true,"href":"https:\/\/sites.ffkarate.fr\/loiret\/wp-json\/wp\/v2\/media\/406"}],"wp:attachment":[{"href":"https:\/\/sites.ffkarate.fr\/loiret\/wp-json\/wp\/v2\/media?parent=644"}],"curies":[{"name":"wp","href":"https:\/\/api.w.org\/{rel}","templated":true}]}}