{"id":1058,"date":"2025-09-04T21:15:05","date_gmt":"2025-09-04T19:15:05","guid":{"rendered":"https:\/\/sites.ffkarate.fr\/lot\/?page_id=1058"},"modified":"2025-09-04T21:23:35","modified_gmt":"2025-09-04T19:23:35","slug":"passeport","status":"publish","type":"page","link":"https:\/\/sites.ffkarate.fr\/lot\/passeport\/","title":{"rendered":"Passeport sportif"},"content":{"rendered":"<div class=\"wpb-content-wrapper\"><p>[vc_row][vc_column][vc_column_text]Le passeport est un document n\u00e9cessaire et obligatoire dans deux cas :<br \/>\n&#8211; Pour participer aux comp\u00e9titions organis\u00e9es par la FFK ou toute structure qui en est issu ;<br \/>\n&#8211; Pour se pr\u00e9senter aux passages de DAN.<\/p>\n<p>La demande de passeport est \u00e0 adresser \u00e0 son comit\u00e9 d\u00e9partemental en compl\u00e9tant l&rsquo;imprim\u00e9 et en joignant un ch\u00e8que de 25\u20ac et une enveloppe pour le retour affranchie pour une lettre \u00e0 50g.[\/vc_column_text][\/vc_column][\/vc_row]<\/p>\n<\/div>","protected":false},"excerpt":{"rendered":"<p>[vc_row][vc_column][vc_column_text]Le passeport est un document n\u00e9cessaire et obligatoire dans deux cas : &#8211; Pour participer aux comp\u00e9titions organis\u00e9es par la FFK ou toute structure qui en est issu ; &#8211; Pour se pr\u00e9senter aux passages de DAN. La demande de passeport est \u00e0 adresser \u00e0 son comit\u00e9 d\u00e9partemental en compl\u00e9tant l&rsquo;imprim\u00e9 et en joignant un [&hellip;]<\/p>\n","protected":false},"author":74,"featured_media":0,"parent":0,"menu_order":0,"comment_status":"closed","ping_status":"closed","template":"","meta":{"footnotes":""},"class_list":["post-1058","page","type-page","status-publish","hentry"],"_links":{"self":[{"href":"https:\/\/sites.ffkarate.fr\/lot\/wp-json\/wp\/v2\/pages\/1058","targetHints":{"allow":["GET"]}}],"collection":[{"href":"https:\/\/sites.ffkarate.fr\/lot\/wp-json\/wp\/v2\/pages"}],"about":[{"href":"https:\/\/sites.ffkarate.fr\/lot\/wp-json\/wp\/v2\/types\/page"}],"author":[{"embeddable":true,"href":"https:\/\/sites.ffkarate.fr\/lot\/wp-json\/wp\/v2\/users\/74"}],"replies":[{"embeddable":true,"href":"https:\/\/sites.ffkarate.fr\/lot\/wp-json\/wp\/v2\/comments?post=1058"}],"version-history":[{"count":4,"href":"https:\/\/sites.ffkarate.fr\/lot\/wp-json\/wp\/v2\/pages\/1058\/revisions"}],"predecessor-version":[{"id":2500,"href":"https:\/\/sites.ffkarate.fr\/lot\/wp-json\/wp\/v2\/pages\/1058\/revisions\/2500"}],"wp:attachment":[{"href":"https:\/\/sites.ffkarate.fr\/lot\/wp-json\/wp\/v2\/media?parent=1058"}],"curies":[{"name":"wp","href":"https:\/\/api.w.org\/{rel}","templated":true}]}}