{"id":247,"date":"2020-05-05T17:34:03","date_gmt":"2020-05-05T15:34:03","guid":{"rendered":"https:\/\/sites.ffkarate.fr\/lotetgaronne\/?page_id=247"},"modified":"2025-11-10T09:30:18","modified_gmt":"2025-11-10T08:30:18","slug":"les-clubs","status":"publish","type":"page","link":"https:\/\/sites.ffkarate.fr\/lotetgaronne\/les-clubs\/","title":{"rendered":"Les Clubs"},"content":{"rendered":"<div class=\"wpb-content-wrapper\"><p>[vc_row][vc_column][vc_column_text]<\/p>\n<h2><strong>KARATE CLUB MARMANDAIS &#8211; 0470002<\/strong><\/h2>\n<p><strong>Dojo\u00a0:\u00a047200 MARMANDE<\/strong><br \/>\nT\u00e9l. : 05 53 94 79 55<br \/>\nMob. : 06 11 56 09 83<br \/>\nE-mail : <a href=\"mailto:djl@neuf.fr\">djl@neuf.fr<\/a><br \/>\nWeb :\u00a0<a href=\"https:\/\/kcm47.clubeo.com\/\" target=\"_blank\" rel=\"noopener\">https:\/\/kcm47.clubeo.com\/<\/a><br \/>\nProfesseurs principal :\u00a0DUBOURG\u00a0JEAN LUC\u00a0(7D_SHOT)<br \/>\nSp\u00e9cialit\u00e9s:<br \/>\n&#8211; KARATE DO SHOTOKAN<br \/>\nPr\u00e9sident: Nicolas SUC &#8211; 06.10.29.26.40 &#8211;\u00a0<a href=\"mailto:nicolas.suc@laposte.net\">nicolas.suc@laposte.net<\/a><\/p>\n<p>&nbsp;<\/p>\n<h2><strong>KARATE CLUB MIRAMONTAIS &#8211; 0470004<\/strong><\/h2>\n<p><strong>Dojo\u00a0:\u00a047800 MIRAMONT DE GUYENNE<\/strong><br \/>\nT\u00e9l. : 05 53 93 66 47<br \/>\nE-mail : <a href=\"mailto:kcmiramont@free.fr\">kcmiramont@free.fr<\/a><br \/>\nWeb :<a href=\"http:\/\/karate-club-miramontais.kazeo.com\/\" target=\"_blank\" rel=\"noopener\">\u00a0http:\/\/karate-club-miramontais.kazeo.com\/<\/a><br \/>\nProfesseur principal :\u00a0FLOCH\u00a0ADRIEN\u00a0(2D_SHOT)<br \/>\nSp\u00e9cialit\u00e9s:<br \/>\n&#8211; KARATE DO SHOTOKAN<br \/>\nPr\u00e9sident :\u00a0Francis FLOCH &#8211; 06.78.28.31.44<\/p>\n<p>&nbsp;<\/p>\n<h2><strong>MIXTE FIGHT KARATE &#8211; 0470008<\/strong><\/h2>\n<p><strong>Dojo\u00a0:\u00a047400 TONNEINS<\/strong><br \/>\nMob. :\u00a006.42.89.44.92<br \/>\nE-mail : <a href=\"mailto:antal2@wanadoo.fr\">antal2@wanadoo.fr<\/a><br \/>\nWeb :\u00a0<a href=\"https:\/\/www.facebook.com\/Mixt-Fight-karate-Tonneins-303455827034763\/\" target=\"_blank\" rel=\"noopener\">https:\/\/www.facebook.com\/Mixt-Fight-karate-Tonneins-303455827034763\/<\/a><br \/>\nProfesseur principal :\u00a0SIGNAT\u00a0PASCAL\u00a0(7D_SHOT)<br \/>\n<u>Sp\u00e9cialit\u00e9s:<\/u><br \/>\n&#8211; BODY KARATE<br \/>\n&#8211; KARATE MIX<br \/>\n&#8211; KARATE FULL CONTACT<br \/>\n&#8211; KARATE DO SHOTOKAN<br \/>\nPr\u00e9sident :\u00a0Eric PITRA<\/p>\n<p>&nbsp;<\/p>\n<h2><strong>KARATE CLUB DE SAINTE BAZEILLE &#8211; 0470010<\/strong><\/h2>\n<p><strong>Dojo\u00a0:\u00a047200 SAINTE BAZEILLE<\/strong><br \/>\nE-mail : \u00a0<a href=\"mailto:jeanmarie.leguyader@orange.fr\">jeanmarie.leguyader@orange.fr<\/a><br \/>\nWeb :\u00a0<a href=\"http:\/\/www.karateclubsaintebazeille.com\/\" target=\"_blank\" rel=\"noopener\">http:\/\/www.karateclubsaintebazeille.com\/<\/a><br \/>\nProfesseur principal :<br \/>\nSp\u00e9cialit\u00e9s:<br \/>\n&#8211; KARATE DO \u00a0SHOTOKAN<br \/>\nPr\u00e9sident :\u00a0Jean Marie LE GUYADER &#8211;\u00a007.89.53.08.55 &#8211;\u00a0jeanmarie.leguyader@orange.fr<\/p>\n<p>&nbsp;<\/p>\n<h2><strong>KARATE CLUB VILLENEUVOIS &#8211; 0470013<\/strong><\/h2>\n<p><strong>Dojo\u00a0: 47300\u00a0VILLENEUVE SUR LOT<\/strong><br \/>\nT\u00e9l. : 06.45.80.74.33<br \/>\nE-mail : <a href=\"mailto:karateclubvilleneuvois@gmail.com\">karateclubvilleneuvois@gmail.com<\/a><br \/>\nWeb\u00a0: \u00a0<a href=\"http:\/\/karateclubvilleneuvesurlot.wordpresse.com\/\" target=\"_blank\" rel=\"noopener\">http:\/\/karateclubvilleneuvesurlot.wordpresse.com<\/a><br \/>\nProfesseurs :\u00a0BASSIM RKAIA (4D_SHOT) \u2013 OUKACI VINCENT (4D_SHOT)<br \/>\nBLAU PATRIC (3D_KDEF)<br \/>\nSp\u00e9cialit\u00e9s:<br \/>\n&#8211; KARATE-DEFENSE<br \/>\n&#8211; KARATE DO SHOTOKAN<br \/>\nPr\u00e9sident Michael MONMAILLET &#8211; 06.45.80.74.33 &#8211; <a href=\"mailto:michael.karateclubvilleneuvois@gmail.com\">michael.karateclubvilleneuvois@gmail.com<\/a><\/p>\n<p>&nbsp;<\/p>\n<h2><strong>ALBRET KARATE CLUB \u2013 0470014<\/strong><\/h2>\n<p><strong>Dojo : 47600 NERAC<\/strong><br \/>\nT\u00e9l. : 05 53 97 07 18<br \/>\nMob. : 06 71 01 86 34<br \/>\nE-mail : <a href=\"mailto:albretkarateclub@laposte.net\">albretkarateclub@laposte.net<\/a><br \/>\nProfesseurs : BOUGUET GERARD\u00a0(3D_SHOT)<br \/>\nSp\u00e9cialit\u00e9s:<br \/>\n&#8211; KARATE DO SHOTOKAN<br \/>\nPr\u00e9sidente\u00a0: Marie Chantal BETS &#8211; 06 71 01 86 34 &#8211; <a href=\"mailto:fsebets@aol.com\">fsebets@aol.com<\/a><\/p>\n<p>&nbsp;<\/p>\n<h2><strong>ASSOC ST SYLVESTRE KARATE SHOTOKAN &#8211; 0470017<\/strong><\/h2>\n<p><strong>Dojo\u00a0: 47140 ST SYLVESTRE SUR LOT<\/strong><br \/>\nT\u00e9l. : 05 53 41 28 37<br \/>\nProfesseur principal :\u00a0CANTAYRE FREDERIC (4D_SHOT)<br \/>\nSp\u00e9cialit\u00e9s:<br \/>\n&#8211; KARATE-DEFENSE<br \/>\n&#8211; KARATE DO SHOTOKAN<br \/>\nPr\u00e9sident\u00a0: Jean Marie CANTAYRE &#8211; 06.37.42.28.06 &#8211; <a href=\"mailto:jm.cantayre@hotmail.fr\">jm.cantayre@hotmail.fr<\/a><\/p>\n<p>&nbsp;<\/p>\n<h2><strong>FOULAYRONNES ARTS MARTIAUX &#8211; 0470021<\/strong><\/h2>\n<p><strong>Dojo\u00a0: 47510 FOULAYRONNES<\/strong><br \/>\nMob. : 06 75 14 17 03<br \/>\nE-mail : <a href=\"mailto:mg.massiani@orange.fr\">mg.massiani@orange.fr<\/a><br \/>\nProfesseur principal :\u00a0MASSIANI\u00a0GERARD\u00a0(6D_SHOT)<br \/>\nSp\u00e9cialit\u00e9s:<br \/>\n&#8211; KARATE DO SHOTOKAN<br \/>\n&#8211; ARTS MARTIAUX VIETNAMIENS<br \/>\nPr\u00e9sident\u00a0: Jean Claude BENEZET &#8211; 06.70.70.90.80 &#8211; j.c.benezet@free.fr<\/p>\n<p>&nbsp;<\/p>\n<h2><strong>KARATE CLUB DE FOURQUES &#8211; 0470603<\/strong><\/h2>\n<p><strong>Dojo\u00a0: 47200 FOURQUES\/GARONNE<\/strong><br \/>\nMob.\u00a0: 06.42.89.44.92<br \/>\nE-mail\u00a0: <a href=\"mailto:antal2@wanadoo.fr\">antal2@wanadoo.fr<\/a><br \/>\nProfesseur principal :\u00a0SIGNAT\u00a0PASCAL\u00a0(7D_SHOT)<br \/>\n<u>Sp\u00e9cialit\u00e9s:<\/u><br \/>\n&#8211; BODY KARATE<br \/>\n&#8211; KARATE FULL CONTACT<br \/>\n&#8211; KARATE DO SHOTOKAN<br \/>\nPr\u00e9sident\u00a0: Andr\u00e9 VOGELEER.<\/p>\n<p>&nbsp;<\/p>\n<h2><strong>CLUB DE KRAV MAGA 47 &#8211; 0470609<\/strong><\/h2>\n<p><strong>Dojos : 47000 AGEN et 47600 NERAC<\/strong><br \/>\nE-mail\u00a0: contact@ckm47.fr<br \/>\nContact\u00a0: Louis DEMARCO &#8211; 06.16.22.32.19 &#8211; <a href=\"mailto:demarco.louis@neuf.fr\">demarco.louis@neuf.fr<\/a><br \/>\nWeb\u00a0:<a href=\"https:\/\/www.ckm47.com\/\" target=\"_blank\" rel=\"noopener\"> https:\/\/www.ckm47.com\/<\/a><br \/>\nFacebook : <a href=\"https:\/\/www.facebook.com\/CKM47\" target=\"_blank\" rel=\"noopener\">https:\/\/www.facebook.com\/CKM47<\/a><br \/>\nProfesseurs\u00a0: RIBO SEBASTIEN (5D_KRAV) \u2013 DEMARCO LOUIS (3D_KRAV)<br \/>\n<u>Sp\u00e9cialit\u00e9s:<\/u><br \/>\n&#8211; KRAV-MAGA<br \/>\nPr\u00e9sident\u00a0: Jean-Marc FAUBET<\/p>\n<p>&nbsp;<\/p>\n<h2><strong>ECOLE AGENAISE DE KARATE SHOTOKAN<\/strong>\u00a0&#8211;<strong> 0470610<\/strong><\/h2>\n<p><strong>Dojo : 47000 AGEN<\/strong><br \/>\nMob.: 06 76 33 95 70<br \/>\nE-mail :<a href=\"mailto:val.karateka@yahoo.fr\"> val.karateka@yahoo.fr<\/a><br \/>\nWeb\u00a0: \u00a0<a href=\"http:\/\/www.eaks47.net\/\" target=\"_blank\" rel=\"noopener\">http:\/\/www.eaks47.net\/<\/a><br \/>\nProfesseurs : ABADIA ANATOLE (7D_SHOT) \u2013 ROUSSEAU ANNE-VALERIE (4D_SHOT) \u2013 BAY JEAN-PIERRE (5D_SHOT)<br \/>\n<u>Sp\u00e9cialit\u00e9s:<\/u><br \/>\n&#8211; BODY KARATE<br \/>\n&#8211; KARATE DO SHOTOKAN<br \/>\nPr\u00e9sident\u00a0: Laurent ROUSSEAU<\/p>\n<p>&nbsp;<\/p>\n<h2><strong>TINH VO DAO FRANCE<\/strong>\u00a0<strong>&#8211; 0470612<\/strong><\/h2>\n<p><strong>Dojo : 47300 VILLENEUVE SUR LOT<\/strong><br \/>\nMob.\u00a0: 07.61.76.99.81<br \/>\nE-mail : <a href=\"mailto:thienvodao.47300@gmail.com\">thienvodao.47300@gmail.com<\/a><br \/>\nWeb\u00a0: <a href=\"http:\/\/www.thienvodao.fr\" target=\"_blank\" rel=\"noopener\">http:\/\/www.thienvodao.fr<\/a><br \/>\nProfesseurs :\u00a0LASJUNIES VIVIAN\u00a0(5D_AMV) \u2013 GAUTIER OLIVIER (3D_AMV)<br \/>\nSp\u00e9cialit\u00e9s:<br \/>\n&#8211; ARTS MARTIAUX VIETNAMIENS<br \/>\nPr\u00e9sident\u00a0: Florian AUGUSTE<\/p>\n<p>&nbsp;<\/p>\n<h2><strong>KARATE CLUB CASTILLONNES &#8211; 0470623<br \/>\n<\/strong><\/h2>\n<p><strong>dojo : cote des fontaines\u00a047330 CASTILLONNES<\/strong><br \/>\nT\u00e9l. : 09 81 84 40 28<br \/>\nMob. : 07 60 07 03 77<br \/>\nE-mail : <a href=\"mailto:cbeaumick@aol.com\">cbeaumick@aol.com<\/a><br \/>\nProfesseur principal :\u00a0BEAUVAIS\u00a0MICHEL\u00a0(5D_WADO)<br \/>\nSp\u00e9cialit\u00e9s:<br \/>\n&#8211; KARATE DO WADO RYU<br \/>\n<strong>Pr\u00e9sidente<\/strong> : &#8211; Peggy BEAUVAIS<\/p>\n<p>&nbsp;<\/p>\n<h2><strong>SCORPION ELITE\u00a0&#8211; 0470628<\/strong><\/h2>\n<p><strong>Dojo : 47300 VILLENEUVE\/LOT<\/strong><br \/>\nMob.: 06.25.33.10.59<br \/>\nE-mail : <a href=\"mailto:loicffkarate@gmail.com\">loicffkarate@gmail.com<\/a><br \/>\nProfesseur principal :\u00a0MARTY LO\u00cfC (5D_COMBM)<br \/>\nSp\u00e9cialit\u00e9s:<br \/>\n&#8211; KARATE MIX<br \/>\nPr\u00e9sident\u00a0: Eric HOTTELET<\/p>\n<p>&nbsp;<\/p>\n<h2><strong>FULL BOXING MARMANDAIS<\/strong><\/h2>\n<p><strong>Dojo\u00a0: \u00a047200 MARMANDE<\/strong><br \/>\nT\u00e9l. : 05 53 20 71 48<br \/>\nMob. : 06 18 73 93 89<br \/>\nE-mail : <a href=\"mailto:fullboxingmarmandais@live.fr\">fullboxingmarmandais@live.fr<\/a><br \/>\nProfesseur principal :\u00a0MUDRY\u00a0LAURENT\u00a0(1D_KFC)<br \/>\nSp\u00e9cialit\u00e9s:<br \/>\n&#8211; KARATE FULL CONTACT<br \/>\n&#8211; KARATE CONTACT<br \/>\nPr\u00e9sidente\u00a0: Yolande LAMOUR<\/p>\n<p>&nbsp;<\/p>\n<h2><strong>KARAT\u00c9 CLUB DURAQUOIS &#8211;\u00a00470635<\/strong><\/h2>\n<p><strong>Dojo\u00a0: 47120 DURAS<\/strong><br \/>\nT\u00e9l. : 06 32 99 65 80<br \/>\nMob.\u00a0: 07 81 41 41 86<br \/>\nE-mail : <a href=\"mailto:karateclubduraquois@bbox.fr\">karateclubduraquois@bbox.fr<\/a><br \/>\nProfesseur principal :\u00a0LESCAUT\u00a0ALAIN\u00a0(3D_SHOT)<br \/>\nSp\u00e9cialit\u00e9s:<br \/>\n&#8211; KARATE DO SHOTOKAN<br \/>\nPr\u00e9sident :\u00a0Roland MICHAUD<\/p>\n<p>[\/vc_column_text][\/vc_column][\/vc_row]<\/p>\n<\/div>","protected":false},"excerpt":{"rendered":"<p>[vc_row][vc_column][vc_column_text] KARATE CLUB MARMANDAIS &#8211; 0470002 Dojo\u00a0:\u00a047200 MARMANDE T\u00e9l. : 05 53 94 79 55 Mob. : 06 11 56 09 83 E-mail : djl@neuf.fr Web :\u00a0https:\/\/kcm47.clubeo.com\/ Professeurs principal :\u00a0DUBOURG\u00a0JEAN LUC\u00a0(7D_SHOT) Sp\u00e9cialit\u00e9s: &#8211; KARATE DO SHOTOKAN Pr\u00e9sident: Nicolas SUC &#8211; 06.10.29.26.40 &#8211;\u00a0nicolas.suc@laposte.net &nbsp; KARATE CLUB MIRAMONTAIS &#8211; 0470004 Dojo\u00a0:\u00a047800 MIRAMONT DE GUYENNE T\u00e9l. : 05 [&hellip;]<\/p>\n","protected":false},"author":113,"featured_media":0,"parent":0,"menu_order":0,"comment_status":"closed","ping_status":"closed","template":"","meta":{"footnotes":""},"class_list":["post-247","page","type-page","status-publish","hentry"],"_links":{"self":[{"href":"https:\/\/sites.ffkarate.fr\/lotetgaronne\/wp-json\/wp\/v2\/pages\/247","targetHints":{"allow":["GET"]}}],"collection":[{"href":"https:\/\/sites.ffkarate.fr\/lotetgaronne\/wp-json\/wp\/v2\/pages"}],"about":[{"href":"https:\/\/sites.ffkarate.fr\/lotetgaronne\/wp-json\/wp\/v2\/types\/page"}],"author":[{"embeddable":true,"href":"https:\/\/sites.ffkarate.fr\/lotetgaronne\/wp-json\/wp\/v2\/users\/113"}],"replies":[{"embeddable":true,"href":"https:\/\/sites.ffkarate.fr\/lotetgaronne\/wp-json\/wp\/v2\/comments?post=247"}],"version-history":[{"count":1,"href":"https:\/\/sites.ffkarate.fr\/lotetgaronne\/wp-json\/wp\/v2\/pages\/247\/revisions"}],"predecessor-version":[{"id":2257,"href":"https:\/\/sites.ffkarate.fr\/lotetgaronne\/wp-json\/wp\/v2\/pages\/247\/revisions\/2257"}],"wp:attachment":[{"href":"https:\/\/sites.ffkarate.fr\/lotetgaronne\/wp-json\/wp\/v2\/media?parent=247"}],"curies":[{"name":"wp","href":"https:\/\/api.w.org\/{rel}","templated":true}]}}