{"id":288,"date":"2017-11-07T17:37:26","date_gmt":"2017-11-07T16:37:26","guid":{"rendered":"https:\/\/sites.ffkarate.fr\/maineetloire\/?page_id=288"},"modified":"2026-02-04T09:22:05","modified_gmt":"2026-02-04T08:22:05","slug":"documents","status":"publish","type":"page","link":"https:\/\/sites.ffkarate.fr\/maineetloire\/documents\/","title":{"rendered":"Documents"},"content":{"rendered":"<div class=\"wpb-content-wrapper\"><p>[vc_row][vc_column][vc_column_text]<strong>RAPPORTS DES COMMISSION SAISON 2024\/2025<\/strong> :<\/p>\n<h2><span style=\"text-decoration: underline;color: #993300\"><strong><a href=\"https:\/\/sites.ffkarate.fr\/maineetloire\/wp-content\/uploads\/sites\/72\/2025\/09\/RAPPORT-DTD.pdf\">RAPPORT DTD<\/a><\/strong><\/span><\/h2>\n<h2><span style=\"text-decoration: underline;color: #993300\"><strong><a href=\"https:\/\/sites.ffkarate.fr\/maineetloire\/wp-content\/uploads\/sites\/72\/2025\/09\/RAPPORT-commission-FORMATION.pdf\">RAPPORT commission FORMATION<\/a><\/strong><\/span><\/h2>\n<h2><span style=\"text-decoration: underline;color: #993300\"><strong><a href=\"https:\/\/sites.ffkarate.fr\/maineetloire\/wp-content\/uploads\/sites\/72\/2025\/09\/RAPPORT-commission-des-GRADES.pdf\">RAPPORT commission des GRADES<\/a><\/strong><\/span><\/h2>\n<h2><span style=\"text-decoration: underline;color: #993300\"><strong>Page de t\u00e9l\u00e9chargement des documents fournis par le Comit\u00e9 D\u00e9partemental :<\/strong><\/span><\/h2>\n<h4><span style=\"text-decoration: underline;color: #993300\"><a href=\"https:\/\/sites.ffkarate.fr\/maineetloire\/wp-content\/uploads\/sites\/72\/2024\/09\/FICHE-DIDENTIFICATION-CLUB-2024.2025.pdf\">FICHE D&rsquo;IDENTIFICATION CLUB 2024.2025<\/a><\/span><\/h4>\n<h4><span style=\"text-decoration: underline;color: #993300\"><a href=\"https:\/\/sites.ffkarate.fr\/maineetloire\/wp-content\/uploads\/sites\/72\/2024\/09\/DEMANDE-DE-COMPETITION-2024.2025.pdf\">DEMANDE DE COMPETITION 2024.2025<\/a><\/span><\/h4>\n<h4><span style=\"text-decoration: underline;color: #993300\"><a href=\"https:\/\/sites.ffkarate.fr\/maineetloire\/wp-content\/uploads\/sites\/72\/2024\/11\/FORMULAIRE-INSCRIPTION-COMMISSION-ARBITRAGE-2024.2025.pdf\">FORMULAIRE INSCRIPTION COMMISSION ARBITRAGE 2024.2025<\/a><\/span><\/h4>\n<h4><span style=\"text-decoration: underline;color: #993300\"><a href=\"https:\/\/sites.ffkarate.fr\/maineetloire\/wp-content\/uploads\/sites\/72\/2026\/01\/Demande-de-reservation-de-salle-CD-49-.pdf\">Demande de r\u00e9servation de salle CD 49<\/a><\/span><\/h4>\n<h4><span style=\"text-decoration: underline;color: #993300\"><a href=\"https:\/\/sites.ffkarate.fr\/maineetloire\/wp-content\/uploads\/sites\/72\/2025\/11\/DEMANDE-DE-PASSEPORTS-2025.pdf\">DEMANDE DE PASSEPORTS 2025<\/a><\/span><\/h4>\n<h4><span style=\"text-decoration: underline;color: #993300\"><a href=\"https:\/\/sites.ffkarate.fr\/maineetloire\/wp-content\/uploads\/sites\/72\/2024\/09\/Autorisation_Parentale_2024-2025.pdf\">Autorisation_Parentale_2024-2025<\/a><\/span><\/h4>\n<h4><span style=\"text-decoration: underline;color: #993300\"><a href=\"https:\/\/sites.ffkarate.fr\/maineetloire\/wp-content\/uploads\/sites\/72\/2021\/09\/Formulaire-de-reservation-aires-de-combat.pdf\">Formulaire de r\u00e9servation aires de combat<\/a><\/span><\/h4>\n<h4><span style=\"text-decoration: underline;color: #993300\"><a href=\"https:\/\/sites.ffkarate.fr\/maineetloire\/wp-content\/uploads\/sites\/72\/2021\/09\/20210730_CIRCULAIRE-007-Certificat-medical-et-questionnaire-de-sante-.pdf\">20210730_CIRCULAIRE-007-Certificat-medical-et-questionnaire-de-sante-<\/a><\/span><\/h4>\n<h4><a href=\"https:\/\/sites.ffkarate.fr\/maineetloire\/wp-content\/uploads\/sites\/72\/2026\/02\/FICHE-DE-FRAIS-TRAME-2026.pdf\">FICHE DE FRAIS TRAME 2026<\/a><\/h4>\n<h4><strong><a href=\"https:\/\/sites.ffkarate.fr\/maineetloire\/wp-content\/uploads\/sites\/72\/2026\/02\/FORFAIT-JURY-2026.pdf\">FORFAIT JURY 2026<\/a><\/strong><\/h4>\n<h4><strong><a href=\"https:\/\/sites.ffkarate.fr\/maineetloire\/wp-content\/uploads\/sites\/72\/2026\/02\/FORFAIT-ETD-COMITE-2026.pdf\">FORFAIT ETD COMITE 2026<\/a><\/strong><\/h4>\n<h4><strong><a href=\"https:\/\/sites.ffkarate.fr\/maineetloire\/wp-content\/uploads\/sites\/72\/2026\/02\/FORFAIT-ARBITRE-2026.pdf\">FORFAIT ARBITRE 2026<\/a><\/strong><\/h4>\n<h3><strong>Rapport des commissions de la saison 2019\/2020 :<\/strong><\/h3>\n<h3><a href=\"https:\/\/sites.ffkarate.fr\/maineetloire\/wp-content\/uploads\/sites\/72\/2021\/09\/RAPPORT-MORAL-DU-PRESIDENT-DEPARTEMENTAL-2019-2020-.pdf\">RAPPORT MORAL DU PRESIDENT DEPARTEMENTAL 2019-2020 &#8211;<\/a><\/h3>\n<h3><a href=\"https:\/\/sites.ffkarate.fr\/maineetloire\/wp-content\/uploads\/sites\/72\/2021\/09\/PV-AG-ordinaire-du-2-10-2020-1.pdf\">PV AG ordinaire du 2-10-2020 (1)<\/a><\/h3>\n<h3><span style=\"text-decoration: underline;color: #993300\"><a href=\"https:\/\/sites.ffkarate.fr\/maineetloire\/wp-content\/uploads\/sites\/72\/2021\/09\/PV-AG-elective-2-10-2020.pdf\">PV AG elective &#8211; 2-10-2020<\/a><\/span><\/h3>\n<p>&nbsp;<\/p>\n<h3><span style=\"text-decoration: underline;color: #993300\">Pour consulter les RAPPORTS DES COMMISSIONS de la saison 2018\/2019 <\/span>:<\/h3>\n<p><a href=\"https:\/\/sites.ffkarate.fr\/maineetloire\/wp-content\/uploads\/sites\/72\/2019\/09\/PV-AG49-2017-2018.pdf\">PV AG49 2017-2018<\/a><\/p>\n<p><a href=\"https:\/\/sites.ffkarate.fr\/maineetloire\/wp-content\/uploads\/sites\/72\/2019\/09\/Information-Examens-Grades-2019_2020.pdf\">Information Examens Grades 2019<\/a><\/p>\n<p><a href=\"https:\/\/sites.ffkarate.fr\/maineetloire\/wp-content\/uploads\/sites\/72\/2019\/09\/Rapport-GRADES-2.pdf\">Rapport GRADES 2<\/a><\/p>\n<p><a href=\"https:\/\/sites.ffkarate.fr\/maineetloire\/wp-content\/uploads\/sites\/72\/2019\/09\/Rapport-formation-AFA-DAF-2019-2020-V0.pdf\">Rapport formation AFA &amp; DAF 2019-2020 V0<\/a><\/p>\n<p><a href=\"https:\/\/sites.ffkarate.fr\/maineetloire\/wp-content\/uploads\/sites\/72\/2019\/09\/Rapport-de-la-commission-MULTIPROJETS-2019.pdf\">Rapport de la commission MULTIPROJETS 2019<\/a><\/p>\n<p><a href=\"https:\/\/sites.ffkarate.fr\/maineetloire\/wp-content\/uploads\/sites\/72\/2019\/09\/Rapport-COM-SPORTIVE-Irene.pdf\">Rapport COM SPORTIVE Ir\u00e8ne<\/a><\/p>\n<p><a href=\"https:\/\/sites.ffkarate.fr\/maineetloire\/wp-content\/uploads\/sites\/72\/2019\/09\/Rapport-com-sportive-2019.pdf\">Rapport com sportive 2019<\/a><\/p>\n<p><a href=\"https:\/\/sites.ffkarate.fr\/maineetloire\/wp-content\/uploads\/sites\/72\/2019\/10\/FFK_rapport-dactiviteI_-RDA-49.pdf\">FFK_rapport-dactivite\u0301-RDA-49<\/a><\/p>\n<p><a href=\"https:\/\/sites.ffkarate.fr\/maineetloire\/wp-content\/uploads\/sites\/72\/2019\/09\/Rapport-DTD-P-CHERKIT.pdf\">Rapport DTD P CHERKIT<\/a><\/p>\n<p>&nbsp;<\/p>\n<p><span style=\"text-decoration: underline\"><strong><span style=\"color: #800000;text-decoration: underline\">RAPPORTS DES COMMISSIONS DE LA SAISON 2019\/2020<\/span><\/strong><\/span><\/p>\n<p><a href=\"https:\/\/sites.ffkarate.fr\/maineetloire\/wp-content\/uploads\/sites\/72\/2020\/09\/Information-Examens-Grades-2019_2020.pdf\">Information Examens Grades 2019_2020<\/a><\/p>\n<p><a href=\"https:\/\/sites.ffkarate.fr\/maineetloire\/wp-content\/uploads\/sites\/72\/2020\/09\/Rapport-com-GRADES.pdf\">Rapport com GRADES<\/a><\/p>\n<p><a href=\"https:\/\/sites.ffkarate.fr\/maineetloire\/wp-content\/uploads\/sites\/72\/2020\/09\/Rapport-com-ARBITRAGE.pdf\">Rapport com ARBITRAGE<\/a><\/p>\n<p><a href=\"https:\/\/sites.ffkarate.fr\/maineetloire\/wp-content\/uploads\/sites\/72\/2020\/09\/Rapport-com-SPORTIVE.pdf\">Rapport com SPORTIVE<\/a><\/p>\n<p><a href=\"https:\/\/sites.ffkarate.fr\/maineetloire\/wp-content\/uploads\/sites\/72\/2020\/09\/Rapport-directeur-sportif.pdf\">Rapport directeur sportif<\/a><\/p>\n<p><a href=\"https:\/\/sites.ffkarate.fr\/maineetloire\/wp-content\/uploads\/sites\/72\/2020\/09\/Rapport-FORMATION.pdf\">Rapport FORMATION<\/a><\/p>\n<p><a href=\"https:\/\/sites.ffkarate.fr\/maineetloire\/wp-content\/uploads\/sites\/72\/2020\/09\/Rapport-DTD-2019.2020.pdf\">Rapport DTD 2019.2020<\/a><\/p>\n<p>&nbsp;<\/p>\n<h4>RAPPORT AG ORDINAIRE 2021 :<\/h4>\n<p><a href=\"https:\/\/sites.ffkarate.fr\/maineetloire\/wp-content\/uploads\/sites\/72\/2021\/11\/CR-AG-ordinaire-du-1-10-2021.pdf\">CR AG ordinaire du 1-10-2021<\/a><\/p>\n<p>&nbsp;<\/p>\n<p><strong>RAPPORT DES COMMISSIONS 2022<\/strong> :<\/p>\n<p><a href=\"https:\/\/sites.ffkarate.fr\/maineetloire\/wp-content\/uploads\/sites\/72\/2022\/09\/Rapport-com-sportive-2021_2022.pdf\">Rapport com sportive 2021_2022<\/a><\/p>\n<p><a href=\"https:\/\/sites.ffkarate.fr\/maineetloire\/wp-content\/uploads\/sites\/72\/2022\/09\/Rapport-com-Grades-2021_2022.pdf\">Rapport com Grades 2021_2022<\/a><\/p>\n<p><a href=\"https:\/\/sites.ffkarate.fr\/maineetloire\/wp-content\/uploads\/sites\/72\/2022\/09\/Rapport-com-formation-DAF-2021_2022.pdf\">Rapport com formation DAF 2021_2022<\/a><\/p>\n<p><a href=\"https:\/\/sites.ffkarate.fr\/maineetloire\/wp-content\/uploads\/sites\/72\/2022\/09\/Information-Examens-Grades-2022_2023.pdf\">Information Examens Grades 2022_2023<\/a><\/p>\n<p><a href=\"https:\/\/sites.ffkarate.fr\/maineetloire\/wp-content\/uploads\/sites\/72\/2022\/10\/Rapport-DTD-2021_2022.pdf\">Rapport DTD 2021_2022<\/a><\/p>\n<p><strong>RAPPORTS DES COMMISSIONS 2023 :\u00a0<\/strong><\/p>\n<p><a href=\"https:\/\/sites.ffkarate.fr\/maineetloire\/wp-content\/uploads\/sites\/72\/2023\/09\/Rapport-formation-DAF-DIF-2022-2023.pdf\">Rapport formation DAF-DIF 2022-2023<\/a><\/p>\n<p><a href=\"https:\/\/sites.ffkarate.fr\/maineetloire\/wp-content\/uploads\/sites\/72\/2023\/09\/Bilan-Examens-Grades-2022_2023-1.pdf\">Bilan Examens Grades 2022_2023 (1)<\/a><\/p>\n<p><a href=\"https:\/\/sites.ffkarate.fr\/maineetloire\/wp-content\/uploads\/sites\/72\/2023\/09\/RAPPORT-DTD-2022.2023.pdf\">RAPPORT DTD 2022.2023<\/a><\/p>\n<p><a href=\"https:\/\/sites.ffkarate.fr\/maineetloire\/wp-content\/uploads\/sites\/72\/2023\/09\/RAPPORT-GRADES-KRAV-MAGA-2022_2023.pdf\">RAPPORT GRADES KRAV MAGA 2022_2023<\/a><\/p>\n<p><a href=\"https:\/\/sites.ffkarate.fr\/maineetloire\/wp-content\/uploads\/sites\/72\/2023\/09\/RAPPORT-com-SPORTIVE-2022.2023.pdf\">RAPPORT com SPORTIVE 2022.2023<\/a><\/p>\n<p><a href=\"https:\/\/sites.ffkarate.fr\/maineetloire\/wp-content\/uploads\/sites\/72\/2023\/10\/AG-ordinaire-du-14-octobre-2022-1.pdf\">AG ordinaire du 14 octobre 2022 (1)<\/a><\/p>\n<p><strong>RAPPORTS DES COMMISSIONS 2023\/2024<\/strong> :<\/p>\n<p><a href=\"https:\/\/sites.ffkarate.fr\/maineetloire\/wp-content\/uploads\/sites\/72\/2024\/06\/Rapport-commission-sportive-2024.pdf\">Rapport commission sportive 2024<\/a><\/p>\n<p><a href=\"https:\/\/sites.ffkarate.fr\/maineetloire\/wp-content\/uploads\/sites\/72\/2024\/06\/Rapport-DTD-2024.pdf\">Rapport DTD 2024<\/a><\/p>\n<p><a href=\"https:\/\/sites.ffkarate.fr\/maineetloire\/wp-content\/uploads\/sites\/72\/2024\/06\/Rapport-formation-AFA-DAF-DIF-2023-2024.pdf\">Rapport formation AFA-DAF-DIF 2023-2024<\/a><\/p>\n<p><a href=\"https:\/\/sites.ffkarate.fr\/maineetloire\/wp-content\/uploads\/sites\/72\/2024\/06\/AG-ordinaire-du-13-octobre-2023-1.pdf\">AG ordinaire du 13 octobre 2023 (1)<\/a>[\/vc_column_text][\/vc_column][\/vc_row]<\/p>\n<\/div>","protected":false},"excerpt":{"rendered":"<p>[vc_row][vc_column][vc_column_text]RAPPORTS DES COMMISSION SAISON 2024\/2025 : RAPPORT DTD RAPPORT commission FORMATION RAPPORT commission des GRADES Page de t\u00e9l\u00e9chargement des documents fournis par le Comit\u00e9 D\u00e9partemental : FICHE D&rsquo;IDENTIFICATION CLUB 2024.2025 DEMANDE DE COMPETITION 2024.2025 FORMULAIRE INSCRIPTION COMMISSION ARBITRAGE 2024.2025 Demande de r\u00e9servation de salle CD 49 DEMANDE DE PASSEPORTS 2025 Autorisation_Parentale_2024-2025 Formulaire de r\u00e9servation aires [&hellip;]<\/p>\n","protected":false},"author":117,"featured_media":0,"parent":0,"menu_order":0,"comment_status":"closed","ping_status":"closed","template":"","meta":{"footnotes":""},"class_list":["post-288","page","type-page","status-publish","hentry"],"_links":{"self":[{"href":"https:\/\/sites.ffkarate.fr\/maineetloire\/wp-json\/wp\/v2\/pages\/288","targetHints":{"allow":["GET"]}}],"collection":[{"href":"https:\/\/sites.ffkarate.fr\/maineetloire\/wp-json\/wp\/v2\/pages"}],"about":[{"href":"https:\/\/sites.ffkarate.fr\/maineetloire\/wp-json\/wp\/v2\/types\/page"}],"author":[{"embeddable":true,"href":"https:\/\/sites.ffkarate.fr\/maineetloire\/wp-json\/wp\/v2\/users\/117"}],"replies":[{"embeddable":true,"href":"https:\/\/sites.ffkarate.fr\/maineetloire\/wp-json\/wp\/v2\/comments?post=288"}],"version-history":[{"count":17,"href":"https:\/\/sites.ffkarate.fr\/maineetloire\/wp-json\/wp\/v2\/pages\/288\/revisions"}],"predecessor-version":[{"id":3502,"href":"https:\/\/sites.ffkarate.fr\/maineetloire\/wp-json\/wp\/v2\/pages\/288\/revisions\/3502"}],"wp:attachment":[{"href":"https:\/\/sites.ffkarate.fr\/maineetloire\/wp-json\/wp\/v2\/media?parent=288"}],"curies":[{"name":"wp","href":"https:\/\/api.w.org\/{rel}","templated":true}]}}