{"id":53,"date":"2015-01-08T11:32:22","date_gmt":"2015-01-08T11:32:22","guid":{"rendered":"https:\/\/sites.ffkarate.fr\/testclone\/?page_id=53"},"modified":"2015-01-08T11:32:22","modified_gmt":"2015-01-08T11:32:22","slug":"karate","status":"publish","type":"page","link":"https:\/\/sites.ffkarate.fr\/meurtheetmoselle\/karate\/","title":{"rendered":"Karat\u00e9"},"content":{"rendered":"<div class=\"wpb-content-wrapper\"><p>[vc_row][vc_column][vc_column_text]<\/p>\n<h2>KARAT\u00c9 ET DISCIPLINES ASSOCI\u00c9ES<\/h2>\n<div class=\"entry-content\">\n<p>Le D\u00e9partement repr\u00e9sente dans le ressort g\u00e9ographique de la Meurthe et Moselle, la Ligue et la F\u00e9d\u00e9ration Fran\u00e7aise de Karat\u00e9 et Disciplines Associ\u00e9es. La politique du d\u00e9partement est en tous points identique \u00e0 celle de la f\u00e9d\u00e9ration. Les missions du D\u00e9partement sont de :<\/p>\n<p>\u2013 licencier les pratiquants ;<\/p>\n<p>\u2013 affilier les clubs ;<\/p>\n<p>\u2013 organiser les comp\u00e9titions et d\u00e9livrer les titres r\u00e9gionaux ;<\/p>\n<p>\u2013 faire appliquer et faire respecter les r\u00e8glements f\u00e9d\u00e9raux et les r\u00e8gles d\u00e9ontologiques du sport ;<\/p>\n<p>\u2013 former les enseignants, les juges et les arbitres ;<\/p>\n<p>\u2013 d\u00e9livrer les grades ;<\/p>\n<p>\u2013 lutter contre le dopage ;<\/p>\n<p>\u2013 assurer la promotion de la discipline et repr\u00e9senter le karat\u00e9 aupr\u00e8s des instances d\u00e9concentr\u00e9es ou d\u00e9centralis\u00e9es en Meurthe et Moselle.<\/p>\n<p>*****<\/p>\n<p>Le karat\u00e9-do est un art de combat \u00e0 mains nues. Il consiste en des techniques offensives et d\u00e9fensives utilisant toutes les parties du corps. Le Do, voie de la connaissance nous enseigne le comportement juste envers son partenaire d\u2019entra\u00eenement, mais aussi envers soi-m\u00eame.<br \/>\nIssu de pratiques utilis\u00e9es en Extr\u00eame-Orient notamment dans le bouddhisme zen. De nombreuses \u00e9coles avec leurs sp\u00e9cificit\u00e9s sont aujourd\u2019hui repr\u00e9sent\u00e9es sur les cinq continents et pratiqu\u00e9es par des millions de personnes dans le monde. Sur le territoire fran\u00e7ais, elles sont r\u00e9unies au sein de la FFKDA.<\/p>\n<p>&nbsp;<\/p>\n<p><strong>Le karat\u00e9, une pratique pour tous<\/strong><\/p>\n<p>Adapt\u00e9s \u00e0 toutes et \u00e0 tous, le karat\u00e9 et les disciplines qui l\u2019accompagnent au sein de la f\u00e9d\u00e9ration offrent aux pratiquants la possibilit\u00e9 de s\u2019\u00e9panouir physiquement mais aussi d\u2019adh\u00e9rer \u00e0 une \u0093<strong>\u00e9cole de vie\u0094<\/strong> ch\u00e8re aux arts martiaux.<\/p>\n<p>Les <strong>enfants<\/strong> y trouvent une pratique \u00e9ducative et ludique qui leur permet de canaliser leur \u00e9nergie et de construire leur confiance en eux.<\/p>\n<p>Les sportifs peuvent s\u2019exprimer au travers de nombreuses comp\u00e9titions organis\u00e9es par la ligue. Les <strong>f\u00e9minines<\/strong> repr\u00e9sentent plus du tiers de nos effectifs : bien-\u00eatre, self-d\u00e9fense, confiance en soi sont parmi les bienfaits d\u2019une pratique r\u00e9guli\u00e8re. Pour ceux qui souhaitent aborder une pratique traditionnelle des arts martiaux, ils trouvent dans les clubs de la ligue des professeurs de haut niveau qui savent r\u00e9pondre \u00e0 leurs demandes. Enfin, le karat\u00e9 peut \u00eatre une pratique int\u00e9ressante dans la construction d\u2019un enfant ou le bien \u00eatre d\u2019un adulte handicap\u00e9. L\u2019objectif de la F\u00e9d\u00e9ration Fran\u00e7aise de Karat\u00e9 est de permettre l\u2019int\u00e9gration des <strong>personnes<\/strong> <strong>handicap\u00e9es<\/strong> dans le club de karat\u00e9. Il s\u2019agit d\u2019adapter la pratique sans la d\u00e9naturer en conservant ce qui en fait une pratique martiale.<\/p>\n<p>Que les aspirations aillent vers une pratique comp\u00e9titive, traditionnelle, de loisirs ou vers une recherche plus philosophique, chacun trouve les r\u00e9ponses \u00e0 ses attentes dans la pratique des disciplines martiales du d\u00e9partement.<\/p>\n<p>&nbsp;<\/p>\n<p><strong>L\u2019Art martial<\/strong><\/p>\n<p>Souvent pratiqu\u00e9 comme une technique guerri\u00e8re, la pratique des arts martiaux \u00e9tait \u00e0 son origine tenue secr\u00e8te. Comme beaucoup de disciplines, l\u2019enseignement du karat\u00e9 en tant que Budo (voie de la protection) se concr\u00e9tisa par l\u2019adjonction du suffixe \u0093<strong>Do<\/strong>\u0094 qui exprimait ainsi qu\u2019il n\u2019\u00e9tait pas qu\u2019une technique guerri\u00e8re, mais aussi une voie d\u2019\u00e9panouissement physique et spirituelle. C\u2019est donc vers cette harmonie propre aux arts martiaux que chacun peut aller.<\/p>\n<p>&nbsp;<\/p>\n<p><strong>Une philosophie, un art de vivre<\/strong><\/p>\n<p>Outre les bienfaits physiques qu\u2019apporte la pratique du karat\u00e9, la pratiquant va aussi vers un \u00e9panouissement philosophique. La sp\u00e9cificit\u00e9 des arts martiaux est de permettre, si le pratiquant le souhaite, d\u2019aller au-del\u00e0 de la simple activit\u00e9 sportive.<\/p>\n<p>La recherche d\u2019int\u00e9gration et d\u2019adaptation sociale s\u2019exprime au travers de son code moral qui pr\u00f4ne le sens de l\u2019honneur, la fid\u00e9lit\u00e9, la sinc\u00e9rit\u00e9, le courage, la bont\u00e9, la bienveillance, la droiture, le respect, la modestie, le contr\u00f4le de soi\u0085<\/p>\n<p>Un sport complet, en toute s\u00e9curit\u00e9<\/p>\n<p>La pratique martiale est depuis longtemps consid\u00e9r\u00e9e comme une excellente activit\u00e9 physique, source de bonne sant\u00e9.<\/p>\n<p>L\u2019attention du professeur, le respect entre les pratiquants, des protections \u00e9tudi\u00e9es et des normes strictes d\u2019hygi\u00e8ne et de s\u00e9curit\u00e9 dans les salles \u00e9liminent quasiment tous les risques d\u2019accidents.<\/p>\n<p>&nbsp;<\/p>\n<p><strong>Un Art Martial de d\u00e9fense personnelle<\/strong><\/p>\n<p>Le karat\u00e9-do, le karat\u00e9-jutsu avec son karat\u00e9-d\u00e9fense ou les disciplines associ\u00e9es r\u00e9pondent toutes \u00e0 la demande sp\u00e9cifique de pratique de d\u00e9fense personnelle.<\/p>\n<p>L\u2019\u00e9tude de mouvements simples ou d\u2019encha\u00eenements techniques permet \u00e0 chacune et \u00e0 chacun de trouver la r\u00e9ponse adapt\u00e9e en cas d\u2019agression.<\/p>\n<p>Nos enseignants sont form\u00e9s aux textes r\u00e9gissant la l\u00e9gitime d\u00e9fense et permettent dans le dojo d\u2019aborder une pratique sans risque et dans le respect des partenaires.<\/p>\n<p>&nbsp;<\/p>\n<p><strong>Les styles de karat\u00e9 et disciplines associ\u00e9es<\/strong><\/p>\n<p>La ligue compte plus\u00a0de 7 000 licenci\u00e9s dans 150 clubs. Elle offre de multiples possibilit\u00e9s de pratiquer quelque soit l\u2019\u00e2ge, le sexe, les objectifs recherch\u00e9s. Ses cadres sont du plus haut niveau : 2 8\u00e8me dan, 4 7\u00e8me dan, 8 6\u00e8me dan, 25 5\u00e8me dan, etc. Il n\u2019y a pas un club qui n\u2019ait pas d\u2019enseignant dipl\u00f4m\u00e9.<\/p>\n<p>&nbsp;<\/p>\n<p><strong>Les passages de grades<\/strong><\/p>\n<p>Les grades sont reconnus par le Code du sport. Celui-ci pr\u00e9cise : (\u0085). Dans les disciplines relevant des arts martiaux, nul ne peut se pr\u00e9valoir d\u2019un grade ou d\u2019un dan \u00e9quivalent sanctionnant les qualit\u00e9s sportives et les connaissances techniques et, le cas \u00e9ch\u00e9ant, les performances en comp\u00e9tition, s\u2019il n\u2019a pas \u00e9t\u00e9 d\u00e9livr\u00e9 par la commission sp\u00e9cialis\u00e9e des grades et Dan \u00e9quivalents de la f\u00e9d\u00e9ration d\u00e9l\u00e9gataire (\u0085).<\/p>\n<p>La Commission Sp\u00e9cialis\u00e9e des Dan et Grades Equivalents de la FFKDA est donc la seule habilit\u00e9e \u00e0 valider les grades de karat\u00e9 et disciplines associ\u00e9es dont la f\u00e9d\u00e9ration \u00e0 la d\u00e9l\u00e9gation. Les attributions de la CSDGE sont exerc\u00e9es au niveau D\u00e9partemental par la Commission d\u2019Organisation D\u00e9partementale Des Grades, plac\u00e9e sous la responsabilit\u00e9 d\u2019un haut grad\u00e9 (5 \u00e8me dan). La CODG a en charge les passages du 1er et 2\u00e8me Dan, \u00e0 raison de 3 sessions par saison sportive.<\/p>\n<p>&nbsp;<\/p>\n<p><strong>Des enseignants form\u00e9s et dipl\u00f4m\u00e9s<\/strong><\/p>\n<p>Une \u00c9cole de\u00a0formation\u00a0fonctionne dans la ligue et d\u00e9l\u00e8gue la formation de AFA dans le D\u00e9partement.<\/p>\n<p>Les futurs enseignants s\u2019y pr\u00e9parent aux dipl\u00f4mes f\u00e9d\u00e9raux ainsi qu\u2019aux dipl\u00f4mes d\u00e9livr\u00e9s par l\u2019\u00e9tat. Les formations dispens\u00e9es incluent de la p\u00e9dagogie, du perfectionnement technique, de la connaissance des publics et de la r\u00e9glementation sportive et associative.<\/p>\n<p>Outre les formations aux dipl\u00f4mes f\u00e9d\u00e9raux et la pr\u00e9paration au DEJEPS, une formation conduisant au CQP est organis\u00e9e au b\u00e9n\u00e9fice des titulaires du DIF, dipl\u00f4me d\u2019instructeur f\u00e9d\u00e9ral.<\/p>\n<p>&nbsp;<\/p>\n<p><strong>La comp\u00e9tition<\/strong><\/p>\n<p>Le D\u00e9partement 54 a toujours \u00e9t\u00e9 pr\u00e9sente au plus haut niveau. Il compte dans ses rangs plusieurs championnes et champions du Monde, des Championnes et champions d\u2019Europe.<\/p>\n<p>Une fili\u00e8re de haut niveau particuli\u00e8rement efficace a \u00e9t\u00e9 mise en place dans les p\u00f4les France et les p\u00f4les espoirs.<\/p>\n<p>Qui dit comp\u00e9tition dit juges et arbitres. Les diverses formes de comp\u00e9tition en karat\u00e9 exigent beaucoup de juges et d\u2019arbitres. Le d\u00e9partement et la ligue en compte une centaine,\u00a0dont un arbitre mondial et des arbitres nationaux. L\u2019accent a \u00e9t\u00e9 mis il y a plusieurs saisons sur la formation des jeunes arbitres avec la cr\u00e9ation d\u2019une \u00e9cole d\u2019arbitrage pour ces jeunes.<\/p>\n<\/div>\n<p>[\/vc_column_text][\/vc_column][\/vc_row]<\/p>\n<\/div>","protected":false},"excerpt":{"rendered":"<p>[vc_row][vc_column][vc_column_text] KARAT\u00c9 ET DISCIPLINES ASSOCI\u00c9ES Le D\u00e9partement repr\u00e9sente dans le ressort g\u00e9ographique de la Meurthe et Moselle, la Ligue et la F\u00e9d\u00e9ration Fran\u00e7aise de Karat\u00e9 et Disciplines Associ\u00e9es. La politique du d\u00e9partement est en tous points identique \u00e0 celle de la f\u00e9d\u00e9ration. Les missions du D\u00e9partement sont de : \u2013 licencier les pratiquants ; \u2013 [&hellip;]<\/p>\n","protected":false},"author":20,"featured_media":0,"parent":0,"menu_order":0,"comment_status":"closed","ping_status":"open","template":"","meta":{"footnotes":""},"class_list":["post-53","page","type-page","status-publish","hentry"],"_links":{"self":[{"href":"https:\/\/sites.ffkarate.fr\/meurtheetmoselle\/wp-json\/wp\/v2\/pages\/53","targetHints":{"allow":["GET"]}}],"collection":[{"href":"https:\/\/sites.ffkarate.fr\/meurtheetmoselle\/wp-json\/wp\/v2\/pages"}],"about":[{"href":"https:\/\/sites.ffkarate.fr\/meurtheetmoselle\/wp-json\/wp\/v2\/types\/page"}],"author":[{"embeddable":true,"href":"https:\/\/sites.ffkarate.fr\/meurtheetmoselle\/wp-json\/wp\/v2\/users\/20"}],"replies":[{"embeddable":true,"href":"https:\/\/sites.ffkarate.fr\/meurtheetmoselle\/wp-json\/wp\/v2\/comments?post=53"}],"version-history":[{"count":0,"href":"https:\/\/sites.ffkarate.fr\/meurtheetmoselle\/wp-json\/wp\/v2\/pages\/53\/revisions"}],"wp:attachment":[{"href":"https:\/\/sites.ffkarate.fr\/meurtheetmoselle\/wp-json\/wp\/v2\/media?parent=53"}],"curies":[{"name":"wp","href":"https:\/\/api.w.org\/{rel}","templated":true}]}}