{"id":4,"date":"2021-05-07T15:35:17","date_gmt":"2021-05-07T13:35:17","guid":{"rendered":"https:\/\/sites.ffkarate.fr\/morbihan\/?page_id=4"},"modified":"2025-02-19T16:07:43","modified_gmt":"2025-02-19T15:07:43","slug":"presentation","status":"publish","type":"page","link":"https:\/\/sites.ffkarate.fr\/morbihan\/presentation\/","title":{"rendered":"Pr\u00e9sentation"},"content":{"rendered":"<div class=\"wpb-content-wrapper\"><p>[vc_row full_width=\u00a0\u00bbstretch_row_content\u00a0\u00bb bg_grey=\u00a0\u00bb1&Prime;][vc_column width=\u00a0\u00bb1\/4&Prime;][ffk_peoplecard image=\u00a0\u00bb4065&Prime; title=\u00a0\u00bbPascal CASTIGLIONE\u00a0\u00bb subtitle=\u00a0\u00bbPr\u00e9sident\u00a0\u00bb description=\u00a0\u00bbT\u00e9l : 06 63 05 27 71<br \/>\nEmail : president@cdk56.fr\u00a0\u00bb][\/vc_column][vc_column width=\u00a0\u00bb3\/4&Prime;][vc_column_text]<\/p>\n<blockquote><p><em>\u00ab\u00a0Bienvenue sur le site officiel du Comit\u00e9 d\u00e9partemental !<\/em><\/p>\n<p><em>Vous trouverez sur ce site toute l\u2019actualit\u00e9 du karat\u00e9 et de ses disciplines associ\u00e9es :<\/em><br \/>\n<em>le calendrier des diff\u00e9rentes comp\u00e9titions, les passages de grade, stages et autres manifestations, mais aussi toutes les informations et documents n\u00e9cessaires aux dirigeants de club ainsi qu\u2019aux licenci\u00e9s.<\/em><\/p>\n<p><em>Bonne visite.\u00a0\u00bb <\/em><\/p>\n<p><strong>Le Pr\u00e9sident du Comit\u00e9 d\u00e9partemental<\/strong><\/p><\/blockquote>\n<p>[\/vc_column_text][\/vc_column][\/vc_row][vc_row][vc_column][vc_column_text]<\/p>\n<h2 style=\"text-align: center\">Nos coordonn\u00e9es<\/h2>\n<p style=\"text-align: center\"><strong>Si\u00e8ge du Comit\u00e9 :<br \/>\n<\/strong>23 Rue Victor Hugo<br \/>\n56930 PLUMELIAU<\/p>\n<p style=\"text-align: center\"><strong>Contacter le comit\u00e9 : 06.63.05.27.71<\/strong><\/p>\n<ul style=\"text-align: center\">\n<li style=\"text-align: center\">Renseignements Administratifs :\u00a0<a href=\"mailto:president@cdk56.fr\">president@cdk56.fr<\/a><\/li>\n<li style=\"text-align: center\">Renseignements Techniques: <a href=\"mailto:dtd@cdk56.fr\">dtd@cdk56.fr<\/a><\/li>\n<\/ul>\n<p>[\/vc_column_text][\/vc_column][\/vc_row][vc_row][vc_column][vc_empty_space height=\u00a0\u00bb40&Prime;][vc_row_inner][vc_column_inner][vc_column_text]<\/p>\n<h3 class=\"entry-title\" style=\"text-align: center\"><strong><span style=\"color: #1423a0\">COMIT\u00c9 DIRECTEUR<\/span><\/strong><\/h3>\n<h6 style=\"text-align: center\">OLYMPIADE 2024\/2028<\/h6>\n<p>[\/vc_column_text][\/vc_column_inner][\/vc_row_inner][vc_row_inner equal_height=\u00a0\u00bbyes\u00a0\u00bb css=\u00a0\u00bb.vc_custom_1617006214271{border-bottom-width: 10px !important;}\u00a0\u00bb][vc_column_inner width=\u00a0\u00bb1\/4&Prime;][ffk_peoplecard image=\u00a0\u00bb4037&Prime; title=\u00a0\u00bbJulien KERVEADOU\u00a0\u00bb subtitle=\u00a0\u00bbMEMBRE\u00a0\u00bb description=\u00a0\u00bbSecr\u00e9taire G\u00e9n\u00e9ral<br \/>\nsecretariat@cdk56.fr\u00a0\u00bb][\/vc_column_inner][vc_column_inner width=\u00a0\u00bb1\/4&Prime;][ffk_peoplecard title=\u00a0\u00bbNicolas JEGO\u00a0\u00bb subtitle=\u00a0\u00bbMEMBRE\u00a0\u00bb image=\u00a0\u00bb4048&Prime; description=\u00a0\u00bbDirecteur Technique D\u00e9partemental<br \/>\ndtd@cdk56.fr\u00a0\u00bb][\/vc_column_inner][vc_column_inner width=\u00a0\u00bb1\/4&Prime;][ffk_peoplecard title=\u00a0\u00bbNatacha MORVAN\u00a0\u00bb image=\u00a0\u00bb4033&Prime; subtitle=\u00a0\u00bbMEMBRE\u00a0\u00bb description=\u00a0\u00bbTr\u00e9sori\u00e8re\u00a0\u00bb][\/vc_column_inner][vc_column_inner width=\u00a0\u00bb1\/4&Prime;][ffk_peoplecard title=\u00a0\u00bbAlyssa LE SENECHAL\u00a0\u00bb subtitle=\u00a0\u00bbMEMBRE\u00a0\u00bb image=\u00a0\u00bb4031&Prime; description=\u00a0\u00bbResponsable Formation<br \/>\nformation@cdk56.fr\u00a0\u00bb][\/vc_column_inner][\/vc_row_inner][vc_row_inner][vc_column_inner width=\u00a0\u00bb1\/4&Prime;][ffk_peoplecard title=\u00a0\u00bbNad\u00e8ge PLEY\u00a0\u00bb subtitle=\u00a0\u00bbMEMBRE\u00a0\u00bb image=\u00a0\u00bb4039&Prime;][\/vc_column_inner][vc_column_inner width=\u00a0\u00bb1\/4&Prime;][ffk_peoplecard title=\u00a0\u00bbThibaut QUILLERE\u00a0\u00bb subtitle=\u00a0\u00bbMEMBRE\u00a0\u00bb image=\u00a0\u00bb4043&Prime; description=\u00a0\u00bbResponsable Arbitrage D\u00e9partemental<br \/>\narbitrage@cdk56.fr\u00a0\u00bb][\/vc_column_inner][vc_column_inner width=\u00a0\u00bb1\/4&Prime;][ffk_peoplecard title=\u00a0\u00bbColine BUINO\u00a0\u00bb subtitle=\u00a0\u00bbMEMBRE\u00a0\u00bb image=\u00a0\u00bb4027&Prime; description=\u00a0\u00bbCharg\u00e9e de Communication<br \/>\ncommunication@cdk56.fr\u00a0\u00bb][\/vc_column_inner][vc_column_inner width=\u00a0\u00bb1\/4&Prime;][ffk_peoplecard image=\u00a0\u00bb4029&Prime; title=\u00a0\u00bbErwann KERVEADOU\u00a0\u00bb subtitle=\u00a0\u00bbMEMBRE\u00a0\u00bb][\/vc_column_inner][\/vc_row_inner][vc_row_inner][vc_column_inner width=\u00a0\u00bb1\/4&Prime;][ffk_peoplecard title=\u00a0\u00bbRoland LEBRUN\u00a0\u00bb subtitle=\u00a0\u00bbMEMBRE\u00a0\u00bb image=\u00a0\u00bb4050&Prime; description=\u00a0\u00bbResponsable des Grades Karat\u00e9\u00a0\u00bb][\/vc_column_inner][vc_column_inner width=\u00a0\u00bb1\/4&Prime;][ffk_peoplecard title=\u00a0\u00bbOc\u00e9ane MORVAN\u00a0\u00bb subtitle=\u00a0\u00bbMEMBRE\u00a0\u00bb image=\u00a0\u00bb4035&Prime;][\/vc_column_inner][vc_column_inner width=\u00a0\u00bb1\/4&Prime;][ffk_peoplecard image=\u00a0\u00bb4042&Prime; title=\u00a0\u00bbJean-Pierre HAMON\u00a0\u00bb subtitle=\u00a0\u00bbMEMBRE\u00a0\u00bb][\/vc_column_inner][vc_column_inner width=\u00a0\u00bb1\/4&Prime;][ffk_peoplecard title=\u00a0\u00bbChristine DELAPORTE\u00a0\u00bb subtitle=\u00a0\u00bbMEMBRE\u00a0\u00bb image=\u00a0\u00bb4055&Prime;][\/vc_column_inner][\/vc_row_inner][vc_row_inner][vc_column_inner][ffk_peoplecard title=\u00a0\u00bbFabrice VERNIER\u00a0\u00bb subtitle=\u00a0\u00bbMembre\u00a0\u00bb image=\u00a0\u00bb4057&Prime;][\/vc_column_inner][\/vc_row_inner][vc_empty_space height=\u00a0\u00bb40&Prime;][\/vc_column][\/vc_row]<\/p>\n<\/div>","protected":false},"excerpt":{"rendered":"<p>[vc_row full_width=\u00a0\u00bbstretch_row_content\u00a0\u00bb bg_grey=\u00a0\u00bb1&Prime;][vc_column width=\u00a0\u00bb1\/4&Prime;][ffk_peoplecard image=\u00a0\u00bb4065&Prime; title=\u00a0\u00bbPascal CASTIGLIONE\u00a0\u00bb subtitle=\u00a0\u00bbPr\u00e9sident\u00a0\u00bb description=\u00a0\u00bbT\u00e9l : 06 63 05 27 71 Email : president@cdk56.fr\u00a0\u00bb][\/vc_column][vc_column width=\u00a0\u00bb3\/4&Prime;][vc_column_text] \u00ab\u00a0Bienvenue sur le site officiel du Comit\u00e9 d\u00e9partemental ! Vous trouverez sur ce site toute l\u2019actualit\u00e9 du karat\u00e9 et de ses disciplines associ\u00e9es : le calendrier des diff\u00e9rentes comp\u00e9titions, les passages de grade, stages et autres [&hellip;]<\/p>\n","protected":false},"author":1,"featured_media":0,"parent":0,"menu_order":0,"comment_status":"closed","ping_status":"closed","template":"page-fullwidth.php","meta":{"footnotes":""},"class_list":["post-4","page","type-page","status-publish","hentry"],"_links":{"self":[{"href":"https:\/\/sites.ffkarate.fr\/morbihan\/wp-json\/wp\/v2\/pages\/4","targetHints":{"allow":["GET"]}}],"collection":[{"href":"https:\/\/sites.ffkarate.fr\/morbihan\/wp-json\/wp\/v2\/pages"}],"about":[{"href":"https:\/\/sites.ffkarate.fr\/morbihan\/wp-json\/wp\/v2\/types\/page"}],"author":[{"embeddable":true,"href":"https:\/\/sites.ffkarate.fr\/morbihan\/wp-json\/wp\/v2\/users\/1"}],"replies":[{"embeddable":true,"href":"https:\/\/sites.ffkarate.fr\/morbihan\/wp-json\/wp\/v2\/comments?post=4"}],"version-history":[{"count":11,"href":"https:\/\/sites.ffkarate.fr\/morbihan\/wp-json\/wp\/v2\/pages\/4\/revisions"}],"predecessor-version":[{"id":4106,"href":"https:\/\/sites.ffkarate.fr\/morbihan\/wp-json\/wp\/v2\/pages\/4\/revisions\/4106"}],"wp:attachment":[{"href":"https:\/\/sites.ffkarate.fr\/morbihan\/wp-json\/wp\/v2\/media?parent=4"}],"curies":[{"name":"wp","href":"https:\/\/api.w.org\/{rel}","templated":true}]}}