{"id":57,"date":"2015-01-08T11:32:57","date_gmt":"2015-01-08T11:32:57","guid":{"rendered":"https:\/\/sites.ffkarate.fr\/testclone\/?page_id=57"},"modified":"2025-10-29T09:04:26","modified_gmt":"2025-10-29T08:04:26","slug":"grades-karate","status":"publish","type":"page","link":"https:\/\/sites.ffkarate.fr\/morbihan\/grades-karate\/","title":{"rendered":"Karat\u00e9"},"content":{"rendered":"<div class=\"wpb-content-wrapper\"><p>[vc_row][vc_column][vc_column_text]<\/p>\n<h2>RESPONSABLE<\/h2>\n<p>Le responsable des grades du d\u00e9partement est nomm\u00e9 par le pr\u00e9sident de la CSDGE. Pour l&rsquo;Olympiade 204 \/2028 Monsieur Roland LEBRUN 7\u00e8me DAN est renouvel\u00e9.<\/p>\n<p><img decoding=\"async\" class=\"alignnone size-medium wp-image-4050\" src=\"https:\/\/sites.ffkarate.fr\/morbihan\/wp-content\/uploads\/sites\/78\/2025\/01\/ASO_CDK56_Elus-30-a-fairecarre-300x300.jpg\" alt=\"\" width=\"300\" height=\"300\" srcset=\"https:\/\/sites.ffkarate.fr\/morbihan\/wp-content\/uploads\/sites\/78\/2025\/01\/ASO_CDK56_Elus-30-a-fairecarre-300x300.jpg 300w, https:\/\/sites.ffkarate.fr\/morbihan\/wp-content\/uploads\/sites\/78\/2025\/01\/ASO_CDK56_Elus-30-a-fairecarre-1024x1024.jpg 1024w, https:\/\/sites.ffkarate.fr\/morbihan\/wp-content\/uploads\/sites\/78\/2025\/01\/ASO_CDK56_Elus-30-a-fairecarre-176x176.jpg 176w, https:\/\/sites.ffkarate.fr\/morbihan\/wp-content\/uploads\/sites\/78\/2025\/01\/ASO_CDK56_Elus-30-a-fairecarre-768x768.jpg 768w, https:\/\/sites.ffkarate.fr\/morbihan\/wp-content\/uploads\/sites\/78\/2025\/01\/ASO_CDK56_Elus-30-a-fairecarre-150x150.jpg 150w, https:\/\/sites.ffkarate.fr\/morbihan\/wp-content\/uploads\/sites\/78\/2025\/01\/ASO_CDK56_Elus-30-a-fairecarre-1536x1536.jpg 1536w, https:\/\/sites.ffkarate.fr\/morbihan\/wp-content\/uploads\/sites\/78\/2025\/01\/ASO_CDK56_Elus-30-a-fairecarre-2048x2048.jpg 2048w, https:\/\/sites.ffkarate.fr\/morbihan\/wp-content\/uploads\/sites\/78\/2025\/01\/ASO_CDK56_Elus-30-a-fairecarre-400x400.jpg 400w, https:\/\/sites.ffkarate.fr\/morbihan\/wp-content\/uploads\/sites\/78\/2025\/01\/ASO_CDK56_Elus-30-a-fairecarre-600x600.jpg 600w\" sizes=\"(max-width: 300px) 100vw, 300px\" \/>[\/vc_column_text][\/vc_column][\/vc_row]<\/p>\n<\/div>","protected":false},"excerpt":{"rendered":"<p>[vc_row][vc_column][vc_column_text] RESPONSABLE Le responsable des grades du d\u00e9partement est nomm\u00e9 par le pr\u00e9sident de la CSDGE. Pour l&rsquo;Olympiade 204 \/2028 Monsieur Roland LEBRUN 7\u00e8me DAN est renouvel\u00e9. [\/vc_column_text][\/vc_column][\/vc_row]<\/p>\n","protected":false},"author":20,"featured_media":0,"parent":0,"menu_order":0,"comment_status":"closed","ping_status":"closed","template":"","meta":{"footnotes":""},"class_list":["post-57","page","type-page","status-publish","hentry"],"_links":{"self":[{"href":"https:\/\/sites.ffkarate.fr\/morbihan\/wp-json\/wp\/v2\/pages\/57","targetHints":{"allow":["GET"]}}],"collection":[{"href":"https:\/\/sites.ffkarate.fr\/morbihan\/wp-json\/wp\/v2\/pages"}],"about":[{"href":"https:\/\/sites.ffkarate.fr\/morbihan\/wp-json\/wp\/v2\/types\/page"}],"author":[{"embeddable":true,"href":"https:\/\/sites.ffkarate.fr\/morbihan\/wp-json\/wp\/v2\/users\/20"}],"replies":[{"embeddable":true,"href":"https:\/\/sites.ffkarate.fr\/morbihan\/wp-json\/wp\/v2\/comments?post=57"}],"version-history":[{"count":4,"href":"https:\/\/sites.ffkarate.fr\/morbihan\/wp-json\/wp\/v2\/pages\/57\/revisions"}],"predecessor-version":[{"id":4116,"href":"https:\/\/sites.ffkarate.fr\/morbihan\/wp-json\/wp\/v2\/pages\/57\/revisions\/4116"}],"wp:attachment":[{"href":"https:\/\/sites.ffkarate.fr\/morbihan\/wp-json\/wp\/v2\/media?parent=57"}],"curies":[{"name":"wp","href":"https:\/\/api.w.org\/{rel}","templated":true}]}}