{"id":40,"date":"2021-05-10T09:45:12","date_gmt":"2021-05-10T07:45:12","guid":{"rendered":"https:\/\/sites.ffkarate.fr\/nord\/?page_id=40"},"modified":"2025-01-08T11:03:34","modified_gmt":"2025-01-08T10:03:34","slug":"commission-sportive","status":"publish","type":"page","link":"https:\/\/sites.ffkarate.fr\/nord\/commission-sportive\/","title":{"rendered":"Commission sportive"},"content":{"rendered":"<div class=\"wpb-content-wrapper\"><p>[vc_row][vc_column][vc_row_inner][vc_column_inner][ffk_peoplecard title=\u00a0\u00bbJean-Claude LEGRAND\u00a0\u00bb subtitle=\u00a0\u00bbResponsable de la Commission Sportive. et de Contr\u00f4le.\u00a0\u00bb image=\u00a0\u00bb1228&Prime;][\/vc_column_inner][\/vc_row_inner][vc_column_text]<\/p>\n<h2 style=\"text-align: center\">La Commission Sportive.<\/h2>\n<p>[\/vc_column_text][vc_row_inner][vc_column_inner width=\u00a0\u00bb1\/2&Prime;][ffk_peoplecard title=\u00a0\u00bbRen\u00e9 HERNANDEZ\u00a0\u00bb subtitle=\u00a0\u00bbCommissaire Sportif\u00a0\u00bb image=\u00a0\u00bb1395&Prime;][\/vc_column_inner][vc_column_inner width=\u00a0\u00bb1\/2&Prime;][ffk_peoplecard image=\u00a0\u00bb1394&Prime; title=\u00a0\u00bbMarceline YOUNG\u00a0\u00bb subtitle=\u00a0\u00bbCommissaire Sportive\u00a0\u00bb][\/vc_column_inner][\/vc_row_inner][vc_column_text]<\/p>\n<h2 style=\"text-align: center\">La Commission de Contr\u00f4le.<\/h2>\n<p>[\/vc_column_text][vc_row_inner][vc_column_inner width=\u00a0\u00bb1\/2&Prime;][ffk_peoplecard title=\u00a0\u00bbRichard YOUNG\u00a0\u00bb subtitle=\u00a0\u00bbMembre commission contr\u00f4le.\u00a0\u00bb image=\u00a0\u00bb7&Prime;][ffk_peoplecard title=\u00a0\u00bbVirginie MENANT\u00a0\u00bb image=\u00a0\u00bb3206&Prime; subtitle=\u00a0\u00bbMembre commission contr\u00f4le\u00a0\u00bb][ffk_peoplecard image=\u00a0\u00bb3704&Prime; title=\u00a0\u00bbOrianna FRAPPART\u00a0\u00bb subtitle=\u00a0\u00bbMembre commission contr\u00f4le.\u00a0\u00bb][ffk_peoplecard title=\u00a0\u00bbAlain RICHEZ\u00a0\u00bb subtitle=\u00a0\u00bbMembre commission contr\u00f4le\u00a0\u00bb image=\u00a0\u00bb3214&Prime;][\/vc_column_inner][vc_column_inner width=\u00a0\u00bb1\/2&Prime;][ffk_peoplecard image=\u00a0\u00bb1393&Prime; title=\u00a0\u00bbJean-Jacques NAYET\u00a0\u00bb subtitle=\u00a0\u00bbMembre commission de contr\u00f4le\u00a0\u00bb][ffk_peoplecard image=\u00a0\u00bb7&Prime; title=\u00a0\u00bbJoseph FRUGOLINO\u00a0\u00bb subtitle=\u00a0\u00bbMembre commission de contr\u00f4le\u00a0\u00bb][ffk_peoplecard title=\u00a0\u00bbAntonio COSSU\u00a0\u00bb subtitle=\u00a0\u00bbMembre commission contr\u00f4le\u00a0\u00bb image=\u00a0\u00bb3708&Prime;][\/vc_column_inner][\/vc_row_inner][\/vc_column][\/vc_row][vc_row][vc_column][vc_empty_space][vc_column_text]<\/p>\n<h2 style=\"text-align: center\">Organisation des comp\u00e9titions<\/h2>\n<p>Les comit\u00e9s d\u00e9partementaux organisent :<\/p>\n<ul>\n<li>les championnats d\u00e9partementaux individuels kata et combat des cat\u00e9gories MINIME, CADET, JUNIOR, SENIOR.<\/li>\n<\/ul>\n<p>La participation \u00e0 ces comp\u00e9titions est qualificative pour les championnats r\u00e9gionaux :<\/p>\n<ul>\n<li>les coupes d\u00e9partementales individuelles kata et combat des cat\u00e9gories, PUPILLE et BENJAMIN.<\/li>\n<\/ul>\n<p>La participation \u00e0 ces comp\u00e9titions est qualificative pour les coupes de ligue enfants. Ils organisent le cas \u00e9ch\u00e9ant des comp\u00e9titions par \u00e9quipes.[\/vc_column_text][\/vc_column][\/vc_row][vc_row][vc_column][vc_column_text]<\/p>\n<h2 style=\"text-align: center\">Administration des comp\u00e9titions<\/h2>\n<p>Avant chaque comp\u00e9tition, un responsable administratif d\u00e9sign\u00e9 par l\u2019organisateur :<\/p>\n<ul>\n<li>R\u00e9ceptionne les inscriptions des comp\u00e9titeurs ;<\/li>\n<li>Enregistre les comp\u00e9titeurs et \u00e9tablit les listes d\u2019engag\u00e9s ;<\/li>\n<li>Proc\u00e8de au tirage au sort de chaque cat\u00e9gorie, en tenant compte des t\u00eates de s\u00e9ries;<\/li>\n<li>Emm\u00e8ne \u00e0 la comp\u00e9tition : les tableaux, les listes d\u2019engag\u00e9s pour l\u2019affichage et le contr\u00f4le, et le dossier des feuilles d\u2019engagement en cas de litige.<\/li>\n<\/ul>\n<p>Au cours de chaque comp\u00e9tition, un responsable d\u00e9sign\u00e9 par l\u2019organisateur :<\/p>\n<ul>\n<li>Assure le bon d\u00e9roulement de la comp\u00e9tition, depuis le d\u00e9but de la pes\u00e9e jusqu\u2019\u00e0 la fin du protocole ;<\/li>\n<li>Assure le suivi du\/des services d\u2019accueil et de s\u00e9curit\u00e9 ;<\/li>\n<li>Assure le contr\u00f4le des passeports, la r\u00e9gularit\u00e9 de la pes\u00e9e et de l\u2019inscription aux tableaux de comp\u00e9titions ;<\/li>\n<li>Proc\u00e8de \u00e0 l\u2019affichage des tableaux de comp\u00e9tition pour chaque cat\u00e9gorie, avant la comp\u00e9tition et au cours du d\u00e9roulement de celle-ci ;<\/li>\n<li>G\u00e8re l\u2019administration de la comp\u00e9tition;<\/li>\n<li>Assure au nom de la f\u00e9d\u00e9ration le respect de la r\u00e9glementation ;<\/li>\n<li>Intervient pour pr\u00e9venir et r\u00e9gler les \u00e9ventuels conflits ;<\/li>\n<li>Organise le protocole des remises des m\u00e9dailles et des dipl\u00f4mes.<\/li>\n<\/ul>\n<p>Apr\u00e8s chaque comp\u00e9tition, un responsable administratif d\u00e9sign\u00e9 par l\u2019organisateur :<\/p>\n<ul>\n<li>Constitue un dossier complet de la comp\u00e9tition ;<\/li>\n<li>Envoie un exemplaire du dossier de la comp\u00e9tition \u00e0 la ligue ;<\/li>\n<li>Inscrit en ligne ou envoie la liste des participants aupr\u00e8s de la ligue.<\/li>\n<\/ul>\n<p>[\/vc_column_text][\/vc_column][\/vc_row]<\/p>\n<\/div>","protected":false},"excerpt":{"rendered":"<p>[vc_row][vc_column][vc_row_inner][vc_column_inner][ffk_peoplecard title=\u00a0\u00bbJean-Claude LEGRAND\u00a0\u00bb subtitle=\u00a0\u00bbResponsable de la Commission Sportive. et de Contr\u00f4le.\u00a0\u00bb image=\u00a0\u00bb1228&Prime;][\/vc_column_inner][\/vc_row_inner][vc_column_text] La Commission Sportive. [\/vc_column_text][vc_row_inner][vc_column_inner width=\u00a0\u00bb1\/2&Prime;][ffk_peoplecard title=\u00a0\u00bbRen\u00e9 HERNANDEZ\u00a0\u00bb subtitle=\u00a0\u00bbCommissaire Sportif\u00a0\u00bb image=\u00a0\u00bb1395&Prime;][\/vc_column_inner][vc_column_inner width=\u00a0\u00bb1\/2&Prime;][ffk_peoplecard image=\u00a0\u00bb1394&Prime; title=\u00a0\u00bbMarceline YOUNG\u00a0\u00bb subtitle=\u00a0\u00bbCommissaire Sportive\u00a0\u00bb][\/vc_column_inner][\/vc_row_inner][vc_column_text] La Commission de Contr\u00f4le. [\/vc_column_text][vc_row_inner][vc_column_inner width=\u00a0\u00bb1\/2&Prime;][ffk_peoplecard title=\u00a0\u00bbRichard YOUNG\u00a0\u00bb subtitle=\u00a0\u00bbMembre commission contr\u00f4le.\u00a0\u00bb image=\u00a0\u00bb7&Prime;][ffk_peoplecard title=\u00a0\u00bbVirginie MENANT\u00a0\u00bb image=\u00a0\u00bb3206&Prime; subtitle=\u00a0\u00bbMembre commission contr\u00f4le\u00a0\u00bb][ffk_peoplecard image=\u00a0\u00bb3704&Prime; title=\u00a0\u00bbOrianna FRAPPART\u00a0\u00bb subtitle=\u00a0\u00bbMembre commission contr\u00f4le.\u00a0\u00bb][ffk_peoplecard title=\u00a0\u00bbAlain RICHEZ\u00a0\u00bb subtitle=\u00a0\u00bbMembre [&hellip;]<\/p>\n","protected":false},"author":1,"featured_media":0,"parent":0,"menu_order":0,"comment_status":"closed","ping_status":"closed","template":"","meta":{"footnotes":""},"class_list":["post-40","page","type-page","status-publish","hentry"],"_links":{"self":[{"href":"https:\/\/sites.ffkarate.fr\/nord\/wp-json\/wp\/v2\/pages\/40","targetHints":{"allow":["GET"]}}],"collection":[{"href":"https:\/\/sites.ffkarate.fr\/nord\/wp-json\/wp\/v2\/pages"}],"about":[{"href":"https:\/\/sites.ffkarate.fr\/nord\/wp-json\/wp\/v2\/types\/page"}],"author":[{"embeddable":true,"href":"https:\/\/sites.ffkarate.fr\/nord\/wp-json\/wp\/v2\/users\/1"}],"replies":[{"embeddable":true,"href":"https:\/\/sites.ffkarate.fr\/nord\/wp-json\/wp\/v2\/comments?post=40"}],"version-history":[{"count":11,"href":"https:\/\/sites.ffkarate.fr\/nord\/wp-json\/wp\/v2\/pages\/40\/revisions"}],"predecessor-version":[{"id":3710,"href":"https:\/\/sites.ffkarate.fr\/nord\/wp-json\/wp\/v2\/pages\/40\/revisions\/3710"}],"wp:attachment":[{"href":"https:\/\/sites.ffkarate.fr\/nord\/wp-json\/wp\/v2\/media?parent=40"}],"curies":[{"name":"wp","href":"https:\/\/api.w.org\/{rel}","templated":true}]}}