{"id":723,"date":"2018-11-26T19:31:18","date_gmt":"2018-11-26T18:31:18","guid":{"rendered":"https:\/\/sites.ffkarate.fr\/nord\/?page_id=723"},"modified":"2026-03-12T09:55:18","modified_gmt":"2026-03-12T08:55:18","slug":"documents-a-telecharger","status":"publish","type":"page","link":"https:\/\/sites.ffkarate.fr\/nord\/comite\/documents-a-telecharger\/","title":{"rendered":"Documents \u00e0 T\u00e9l\u00e9charger"},"content":{"rendered":"<div class=\"wpb-content-wrapper\"><p>[vc_row][vc_column][vc_column_text]<\/p>\n<h2><\/h2>\n<h2>FORMULAIRES ET DOCUMENTS DE LA SAISON<\/h2>\n<p><a href=\"https:\/\/sites.ffkarate.fr\/nord\/wp-content\/uploads\/sites\/81\/2025\/07\/BULLETIN-ADHESION-2025-2026.xlsx\"><span style=\"color: #0000ff\">\u00a0Formulaire adh\u00e9sion saison 2025\/2026<\/span><\/a><\/p>\n<p><a href=\"https:\/\/sites.ffkarate.fr\/nord\/wp-content\/uploads\/sites\/81\/2024\/10\/Formulaire-Passeport-59.pdf\">Formulaire demande Passeport Sportif<\/a><\/p>\n<p><a href=\"https:\/\/sites.ffkarate.fr\/nord\/wp-content\/uploads\/sites\/81\/2025\/09\/Formulaire-demande-de-mutationv2.pdf\">Formulaire mutation entre clubs.<\/a><\/p>\n<p><a href=\"https:\/\/www.sikada.fr\/SiKada\/Fichiers\/Structures\/0000\/MEDIA_0000_007101_00086518_XJ.pdf\" target=\"_blank\" rel=\"noopener\">Attestation d\u2019assurance 2025\/2026.<\/a><\/p>\n<p><a href=\"https:\/\/www.ffkarate.fr\/wp-content\/uploads\/2022\/09\/CIRCULAIRE-008-Certificat-medical-2022-2023-V2.pdf\" target=\"_blank\" rel=\"noopener\">Circulaire 008 &#8211; Certificat m\u00e9dical 2022-2023.<\/a><\/p>\n<p><a href=\"https:\/\/www.ffkarate.fr\/wp-content\/uploads\/2021\/09\/CIRCULAIRE-007-Certificat-medical-et-questionnaire-de-sante_2021_2022.pdf\" target=\"_blank\" rel=\"noopener\">Circulaire 007 &#8211; Certificat m\u00e9dical et questionnaire de sant\u00e9 2021-2022.<\/a><\/p>\n<p><a href=\"https:\/\/www.ffkarate.fr\/wp-content\/uploads\/2024\/05\/Carte_professeur.pdf\" target=\"_blank\" rel=\"noopener\">Formulaire demande de carte de professeur.<\/a><\/p>\n<p><a href=\"https:\/\/www.ffkarate.fr\/wp-content\/uploads\/2024\/05\/Formulaire-de-demande-de-carte-de-dirigeant-elu_md.pdf\" target=\"_blank\" rel=\"noopener\">Formulaire de demande de carte de dirigeant \u00e9lu.<\/a><\/p>\n<p><a href=\"https:\/\/www.ffkarate.fr\/wp-content\/uploads\/2024\/07\/Les-Directives-Techniques-nationales-2024-2028-M-a-J-le-24.07.24v2.pdf\" target=\"_blank\" rel=\"noopener\">Directives Techniques Nationales Olympiade 2024-2028.<\/a><\/p>\n<p><a href=\"https:\/\/sites.ffkarate.fr\/nord\/wp-content\/uploads\/sites\/81\/2025\/12\/MandatAG-CDK.doc\">Mandat pour AG.<\/a><\/p>\n<p>&nbsp;<\/p>\n<hr \/>\n<h2>COMP\u00c9TITION \/ ARBITRAGE \/ COACHING<\/h2>\n<p><a href=\"https:\/\/sites.ffkarate.fr\/nord\/wp-content\/uploads\/sites\/81\/2025\/10\/Participation-Coupe-Departementale-Kata-Combat.pdf\"><strong><span style=\"color: #ff0000\">Coupe d\u00e9partementale Kata\/Combat.<\/span><\/strong><\/a><\/p>\n<p><strong><span style=\"color: #ff0000\"><a href=\"https:\/\/sites.ffkarate.fr\/nord\/wp-content\/uploads\/sites\/81\/2025\/10\/Participation-Championnat-Departemental-Kata-Combat.pdf\">Championnat d\u00e9partemental Kata\/Combat<\/a>.<\/span><\/strong><\/p>\n<p><a href=\"https:\/\/www.ffkarate.fr\/wp-content\/uploads\/2025\/08\/categorie_age_poids_2025-2026.pdf\" target=\"_blank\" rel=\"noopener\">Cat\u00e9gorie \u00e2ges et poids<\/a><\/p>\n<p><a href=\"http:\/\/www.ffkarate.fr\/wp-content\/uploads\/2025\/08\/Autorisation_Parentale_2025-2026.pdf\" target=\"_blank\" rel=\"noopener\">Autorisation parentale<\/a><\/p>\n<p><a href=\"https:\/\/www.ffkarate.fr\/wp-content\/uploads\/2025\/09\/REGLEMENT-COMPETITION-KARATE-V3.pdf\" target=\"_blank\" rel=\"noopener\">R\u00e8glement comp\u00e9tition KARATE de la saison.<\/a><\/p>\n<p><a href=\"https:\/\/www.ffkarate.fr\/wp-content\/uploads\/2025\/09\/Synthese-des-modifications-du-reglement-sportif-2025-2026.pdf\" target=\"_blank\" rel=\"noopener\">Synth\u00e8se modification du r\u00e8glement comp\u00e9titions KARATE.<\/a><\/p>\n<p><a href=\"https:\/\/www.ffkarate.fr\/wp-content\/uploads\/2025\/09\/Reglement-Kumite-VF-JSS08072025_pdf.pdf\" target=\"_blank\" rel=\"noopener\">R\u00e8glement d&rsquo;arbitrage KUMITE de la saison.<\/a><\/p>\n<p><a href=\"https:\/\/www.ffkarate.fr\/wp-content\/uploads\/2025\/09\/Syntheses-des-modifications-reglementaire-2025-1.pdf\" target=\"_blank\" rel=\"noopener\">Synthe\u0300ses des modifications re\u0301glementaire Kumite<\/a><\/p>\n<p><a href=\"https:\/\/www.ffkarate.fr\/wp-content\/uploads\/2025\/09\/Reglement-KATA-VFJSS-2025-2026_V2.pdf\" target=\"_blank\" rel=\"noopener\">R\u00e8glement KATA de la saison.<\/a><\/p>\n<p><strong><a href=\"https:\/\/www.ffkarate.fr\/wp-content\/uploads\/2025\/09\/Syntheses-des-modifications-reglementaire-2025-V2.pdf\" target=\"_blank\" rel=\"noopener\">Synthe\u0300ses des modifications re\u0301glementaire Kata<\/a><\/strong><\/p>\n<p><a href=\"https:\/\/www.ffkarate.fr\/wp-content\/uploads\/2025\/09\/Reglement-coaching-2025-2026-VF.pdf\" target=\"_blank\" rel=\"noopener\">R\u00e8glement coaching KARATE<\/a><\/p>\n<p><a href=\"https:\/\/sites.ffkarate.fr\/nord\/wp-content\/uploads\/sites\/81\/2025\/12\/Bareme-des-indemnites-2024-2028.pdf\">Bar\u00e8eme indemnisations.<\/a><\/p>\n<p><a href=\"https:\/\/sites.ffkarate.fr\/nord\/wp-content\/uploads\/sites\/81\/2025\/10\/Carte-coach-formulaire.pdf\">Demande carte de Coach.<\/a><\/p>\n<h4 style=\"text-align: center\"><strong>K.FULL CONTACT.<\/strong><\/h4>\n<p><a href=\"https:\/\/www.ffkarate.fr\/wp-content\/uploads\/2024\/09\/Reglement_karate-contact_full_interdisciplines_2024-2025_16082024_web.pdf\" target=\"_blank\" rel=\"noopener\">R\u00e8glement d&rsquo;arbitrage Karat\u00e9 contact, full contact, interdisciplines.<\/a><\/p>\n<h4 style=\"text-align: center\"><strong>WUSHU.<\/strong><\/h4>\n<p><a href=\"https:\/\/www.ffkarate.fr\/wushu-arts-martiaux-chinois\/\" target=\"_blank\" rel=\"noopener\">Ensemble R\u00e8glements et Documents.<\/a><\/p>\n<h4 style=\"text-align: center\"><strong>KRAV MAGA.<\/strong><\/h4>\n<p><a href=\"https:\/\/www.ffkarate.fr\/krav-maga\/\" target=\"_blank\" rel=\"noopener\">Ensemble R\u00e8glements et Documents.<\/a><\/p>\n<h4 style=\"text-align: center\"><strong>A.M.V.<\/strong><\/h4>\n<p><a href=\"https:\/\/www.ffkarate.fr\/arts-martiaux-vietnamiens\/\" target=\"_blank\" rel=\"noopener\">Ensemble R\u00e8glements et Documents.<\/a><\/p>\n<h4 style=\"text-align: center\"><strong>YOSEIKAN BUDO.<\/strong><\/h4>\n<p><a href=\"https:\/\/www.ffkarate.fr\/yoseikan-budo\/\" target=\"_blank\" rel=\"noopener\">Ensemble R\u00e8glements et D<\/a><a href=\"https:\/\/www.ffkarate.fr\/yoseikan-budo\/\" target=\"_blank\" rel=\"noopener\">ocuments.<\/a><\/p>\n<h4 style=\"text-align: center\"><strong>A.M.S.E.A.<\/strong><\/h4>\n<p><a href=\"https:\/\/www.ffkarate.fr\/arts-martiaux-du-sud-est-asiatique\/\" target=\"_blank\" rel=\"noopener\">Ensemble R\u00e8glements et Documents.<\/a><\/p>\n<h4 style=\"text-align: center\"><strong>PARA-KARATE.<\/strong><\/h4>\n<p><a href=\"https:\/\/www.ffkarate.fr\/para-karate-3\/\" target=\"_blank\" rel=\"noopener\">Ensemble R\u00e8glements et Documents.<\/a><\/p>\n<h4 style=\"text-align: center\"><strong>KARATE MIX.<\/strong><\/h4>\n<p><a href=\"https:\/\/www.ffkarate.fr\/karate-mix\/\" target=\"_blank\" rel=\"noopener\">Ensemble R\u00e8glements et Documents.<\/a><\/p>\n<p>&nbsp;<\/p>\n<p>&nbsp;<\/p>\n<p>&nbsp;<\/p>\n<p>&nbsp;<\/p>\n<p>&nbsp;<\/p>\n<p>&nbsp;<\/p>\n<h3><\/h3>\n<hr \/>\n<h2>FORMATION.<\/h2>\n<h3><a href=\"https:\/\/www.ffkarate.fr\/wp-content\/uploads\/2025\/09\/Certificate-19662744-FEDERATION-FRANCAISE-DE-KARATE.pdf\" target=\"_blank\" rel=\"noopener\">Certification QUALIOPI<\/a><\/h3>\n<p><a href=\"https:\/\/www.ffkarate.fr\/wp-content\/uploads\/2025\/09\/GUIDE-DES-FORMATIONS_2025_2026-_5.pdf\" target=\"_blank\" rel=\"noopener\">Guide des formations.<\/a><\/p>\n<h3><a href=\"https:\/\/www.ffkarate.fr\/wp-content\/uploads\/2023\/09\/REGLEMENT_FORMATIONS_FFK_2023_2024_04.pdf\" target=\"_blank\" rel=\"noopener\">R\u00e8glement des formations 2023-2024<\/a><\/h3>\n<h3><a href=\"https:\/\/www.ffkarate.fr\/wp-content\/uploads\/2023\/09\/REGLEMENT-INTERIEUR_SERVICE_FORMATION_03.pdf\" target=\"_blank\" rel=\"noopener\">R\u00e8glement int\u00e9rieur &#8211; Service formation FFK 2023-2024<\/a><\/h3>\n<p><a href=\"https:\/\/www.ffkarate.fr\/espace-licencies\/formations\/titre-a-finalite-professionnelle-karate-wushu-et-disciplines-associees\/\" target=\"_blank\" rel=\"noopener\">Titre \u00e0 finalit\u00e9 professionnelle &#8211; Karat\u00e9, Wushu et Disciplines Associ\u00e9es.<\/a><\/p>\n<p>&nbsp;<\/p>\n<hr \/>\n<h2>ESPACE CLUBS.<\/h2>\n<p><a href=\"https:\/\/www.ffkarate.fr\/espace-clubs\/affilier-un-club\/\" target=\"_blank\" rel=\"noopener\">Je souhaite affilier mon club.<\/a><\/p>\n<p><a href=\"https:\/\/www.ffkarate.fr\/espace-clubs\/prise-de-licence\/\" target=\"_blank\" rel=\"noopener\">Prise de licences.<\/a><\/p>\n<p><span style=\"color: #0000ff\">\u00a0<\/span><\/p>\n<hr \/>\n<h2>GRADES<\/h2>\n<p><a href=\"https:\/\/www.ffkarate.fr\/wp-content\/uploads\/2023\/07\/Liste-des-experts-federaux-au-10.07.23.pdf\" target=\"_blank\" rel=\"noopener\">Liste des experts f\u00e9d\u00e9raux.<\/a><\/p>\n<p><a href=\"https:\/\/www.ffkarate.fr\/espace-licencies\/passer-un-grade\/\" target=\"_blank\" rel=\"noopener\">Passer un grade (tous les documents).<\/a><\/p>\n<p><a href=\"https:\/\/sites.ffkarate.fr\/nord\/wp-content\/uploads\/sites\/81\/2026\/01\/dan-1-3.pdf\">Formulaire passage 1-2-3 toutes disciplines CDK Nord.<\/a><\/p>\n<p><a href=\"https:\/\/sites.ffkarate.fr\/nord\/wp-content\/uploads\/sites\/81\/2026\/01\/dan-4.pdf\">Formulaire passage 4\u00a0 toutes disciplines CDK Nord<\/a>.<\/p>\n<p><a href=\"https:\/\/www.ffkarate.fr\/wp-content\/uploads\/2019\/09\/5333-formulaire-examen-de-grades-adapt%C3%A9s.pdf\" target=\"_blank\" rel=\"noopener\">Formulaire passage de grade en adapt\u00e9.<\/a><\/p>\n<p><a href=\"https:\/\/www.ffkarate.fr\/wp-content\/uploads\/2020\/10\/DEMANDE-DE-BONIFICATION-EN-TEMPS-DE-PRATIQUE-ART-209-CSDGE-.pdf\" target=\"_blank\" rel=\"noopener\">Formulaire de demande de bonification.<\/a><\/p>\n<p>&nbsp;<\/p>\n<h3 style=\"text-align: center\">Passage en CLUB 1er DAN\/DUAN\/DANG.<\/h3>\n<p><a href=\"https:\/\/sites.ffkarate.fr\/nord\/wp-content\/uploads\/sites\/81\/2022\/10\/RESUME-DE-LA-REGLEMENTATION-1ER-DAN-EN-CLUB-2022-2023-v2_bd.pdf\">R\u00e8glement passage 1er DAN\/DUAN\/DANG en club.<\/a><\/p>\n<p><a href=\"http:\/\/www.ffkarate.fr\/wp-content\/uploads\/2022\/10\/Bordereau-dadmission-1-er-DAN-V2.pdf\" target=\"_blank\" rel=\"noopener\">Bordereau d&rsquo;admission de passage en Club.<\/a>[\/vc_column_text][\/vc_column][\/vc_row][vc_row][vc_column][vc_column_text]<\/p>\n<h2>Sensibilisation aux violences et aux incivilit\u00e9s dans le karat\u00e9.<\/h2>\n<p>Allez directement \u00e0 partir du site de Comit\u00e9 D\u00e9partemental du Nord \u00e0 partir du bandeau <strong><span style=\"color: #ff0000\">ALERTE &#8211; SIGNALEMENT<\/span><\/strong>.<\/p>\n<p>Ou en cliquant sur le lien ci-dessous.<\/p>\n<p><strong><span style=\"color: #ff0000\">\u00ab\u00a0Alerte &#8211; Signalement\u00a0\u00bb<\/span><\/strong> <a href=\"https:\/\/www.ffkarate.fr\/sensibilisation-aux-violences-et-aux-incivilites-dans-le-karate\/\" target=\"_blank\" rel=\"noopener\">https:\/\/www.ffkarate.fr\/sensibilisation-aux-violences-et-aux-incivilites-dans-le-karate\/<\/a>[\/vc_column_text][\/vc_column][\/vc_row]<\/p>\n<\/div>","protected":false},"excerpt":{"rendered":"<p>[vc_row][vc_column][vc_column_text] FORMULAIRES ET DOCUMENTS DE LA SAISON \u00a0Formulaire adh\u00e9sion saison 2025\/2026 Formulaire demande Passeport Sportif Formulaire mutation entre clubs. Attestation d\u2019assurance 2025\/2026. Circulaire 008 &#8211; Certificat m\u00e9dical 2022-2023. Circulaire 007 &#8211; Certificat m\u00e9dical et questionnaire de sant\u00e9 2021-2022. Formulaire demande de carte de professeur. Formulaire de demande de carte de dirigeant \u00e9lu. Directives Techniques Nationales [&hellip;]<\/p>\n","protected":false},"author":128,"featured_media":0,"parent":50,"menu_order":0,"comment_status":"closed","ping_status":"closed","template":"","meta":{"footnotes":""},"class_list":["post-723","page","type-page","status-publish","hentry"],"_links":{"self":[{"href":"https:\/\/sites.ffkarate.fr\/nord\/wp-json\/wp\/v2\/pages\/723","targetHints":{"allow":["GET"]}}],"collection":[{"href":"https:\/\/sites.ffkarate.fr\/nord\/wp-json\/wp\/v2\/pages"}],"about":[{"href":"https:\/\/sites.ffkarate.fr\/nord\/wp-json\/wp\/v2\/types\/page"}],"author":[{"embeddable":true,"href":"https:\/\/sites.ffkarate.fr\/nord\/wp-json\/wp\/v2\/users\/128"}],"replies":[{"embeddable":true,"href":"https:\/\/sites.ffkarate.fr\/nord\/wp-json\/wp\/v2\/comments?post=723"}],"version-history":[{"count":34,"href":"https:\/\/sites.ffkarate.fr\/nord\/wp-json\/wp\/v2\/pages\/723\/revisions"}],"predecessor-version":[{"id":4547,"href":"https:\/\/sites.ffkarate.fr\/nord\/wp-json\/wp\/v2\/pages\/723\/revisions\/4547"}],"up":[{"embeddable":true,"href":"https:\/\/sites.ffkarate.fr\/nord\/wp-json\/wp\/v2\/pages\/50"}],"wp:attachment":[{"href":"https:\/\/sites.ffkarate.fr\/nord\/wp-json\/wp\/v2\/media?parent=723"}],"curies":[{"name":"wp","href":"https:\/\/api.w.org\/{rel}","templated":true}]}}