{"id":31,"date":"2021-05-07T15:58:18","date_gmt":"2021-05-07T13:58:18","guid":{"rendered":"https:\/\/sites.ffkarate.fr\/normandie\/?page_id=31"},"modified":"2022-02-02T10:56:22","modified_gmt":"2022-02-02T09:56:22","slug":"competitions","status":"publish","type":"page","link":"https:\/\/sites.ffkarate.fr\/normandie\/competitions\/","title":{"rendered":"Comp\u00e9titions"},"content":{"rendered":"<div class=\"wpb-content-wrapper\"><p>[vc_row gap=\u00a0\u00bb15&Prime;][vc_column][vc_column_text]<span style=\"color: #ff0000;\"><strong>Toutes les inscriptions se font en ligne :<\/strong><\/span>[\/vc_column_text][ffk_button color=\u00a0\u00bbprimary\u00a0\u00bb size=\u00a0\u00bbbig\u00a0\u00bb link=\u00a0\u00bburl:http%3A%2F%2Fwww.ffkcompetition.fr%2F|title:Inscriptions%20en%20ligne|target:_blank\u00a0\u00bb][vc_column_text]La F\u00e9d\u00e9ration Fran\u00e7aise de Karat\u00e9 organise de nombreuses comp\u00e9titions destin\u00e9es \u00e0 tous les publics et aux diff\u00e9rentes disciplines, tout au long de la saison.<\/p>\n<p><a href=\"http:\/\/www.ffkcompetition.fr\/\" target=\"_blank\" rel=\"noopener\"><img decoding=\"async\" class=\"alignleft size-full wp-image-2170\" src=\"http:\/\/www.ffkarate.fr\/wp-content\/uploads\/2014\/09\/bouton-inscription-competition.jpg\" alt=\"Inscription en ligne\" width=\"230\" height=\"40\" \/><\/a><\/p>\n<p>&nbsp;<\/p>\n<h2>COMP\u00c9TITIONS<\/h2>\n<p><strong>Les comp\u00e9titeurs doivent s\u2019inscrire aux comp\u00e9titions par l\u2019interm\u00e9diaire du club dans lequel ils sont licenci\u00e9s.<\/strong><\/p>\n<p>Les comp\u00e9titeurs doivent pr\u00e9senter \u00e0 chaque comp\u00e9tition, que ce soit pour les coupes ou les championnats d\u00e9partementaux, de z.i.d. , r\u00e9gionaux ou nationaux les<strong>\u00a0pi\u00e8ces\u00a0administratives obligatoires\u00a0<\/strong>suivantes :<\/p>\n<p><img decoding=\"async\" class=\" size-medium wp-image-411 alignright\" src=\"https:\/\/sites.ffkarate.fr\/liguerhonealpes\/wp-content\/uploads\/sites\/107\/2015\/09\/2014-2015-album-divers-15-300x200.jpg\" alt=\"Souvenirs 2014-2015\" width=\"300\" height=\"200\" \/><\/p>\n<ul>\n<li>Le passeport sportif en cours de validit\u00e9 et qui doit contenir deux timbres de licences minimum, dont celui de la saison en cours<\/li>\n<li>Le certificat m\u00e9dical de non-contre indication \u00e0 la pratique en comp\u00e9tition<\/li>\n<li>L\u2019autorisation parentale pour les mineurs<\/li>\n<li>Une pi\u00e8ce d\u2019identit\u00e9 fran\u00e7aise (sauf pour les coupes)<br \/>\nSauf pour les cat\u00e9gories Poussin, Pupille et Benjamin pour lesquelles aucun contr\u00f4le de nationalit\u00e9 n\u2019est effectu\u00e9.<br \/>\nLes comp\u00e9titeurs mineurs n\u2019ayant pas la nationalit\u00e9 fran\u00e7aise, des cat\u00e9gories minime, cadet et junior n\u00e9s sur le territoire fran\u00e7ais devront pr\u00e9senter un justificatif de naissance (ex : acte de naissance ou photocopie du livret de famille) ainsi qu\u2019un justificatif de domiciliation en France, pour les championnats individuels d\u00e9partementaux, r\u00e9gionaux, inter-r\u00e9gionaux, et nationaux.<br \/>\nLes juniors mineurs, atteignant la majorit\u00e9 en cours de saison, pr\u00e9serveront le m\u00eame statut que les mineurs jusqu\u2019\u00e0 la fin de la saison sportive.<br \/>\nCes dispositions s\u2019appliquent sous r\u00e9serve de ne pas avoir \u00e9t\u00e9 s\u00e9lectionn\u00e9 dans l\u2019\u00e9quipe nationale d\u2019un autre pays.<\/li>\n<\/ul>\n<p>&nbsp;<\/p>\n<h2>LES COMIT\u00c9S D\u00c9PARTEMENTAUX ORGANISENT<\/h2>\n<ul>\n<li>Les championnats d\u00e9partementaux individuels kata et combat des cat\u00e9gories MINIME, CADET, JUNIOR, SENIOR.<br \/>\nLa participation \u00e0 ces comp\u00e9titions est qualificative pour les championnats r\u00e9gionaux.<\/li>\n<li>Les coupes d\u00e9partementales individuelles kata et combat des cat\u00e9gories POUSSIN, PUPILLE, BENJAMIN.<br \/>\nLa participation \u00e0 ces comp\u00e9titions est qualificative pour les coupes de ligue enfants. Ils organisent le cas \u00e9ch\u00e9ant des comp\u00e9titions par \u00e9quipes (sauf pour les enfants).<\/li>\n<\/ul>\n<p>&nbsp;<\/p>\n<h2>LES LIGUES<\/h2>\n<p>Les Ligues organisent :<\/p>\n<ul>\n<li>Les championnats de ligue individuels kata et combat des cat\u00e9gories MINIME, CADET, JUNIOR, SENIOR.<br \/>\nCes comp\u00e9titions sont qualificatives pour les championnats inter-r\u00e9gionaux.<\/li>\n<li>Les championnats de ligue par \u00e9quipes kata et combat.<br \/>\nCes comp\u00e9titions sont qualificatives pour les championnats de France.<\/li>\n<li>Les coupes de ligue individuelles kata et combat des cat\u00e9gories PUPILLE, BENJAMIN.<br \/>\nCes comp\u00e9titions sont qualificatives pour les coupes de France.<\/li>\n<li>Les coupes de ligue kata et combat POUSSINS.<br \/>\nCes comp\u00e9titions ne sont pas qualificatives.<\/li>\n<\/ul>\n<p>&nbsp;<\/p>\n<h2>LES INTER-R\u00c9GIONS<\/h2>\n<p><strong>Une ligue dans chaque Inter-R\u00e9gions organise :<\/strong><\/p>\n<ul>\n<li>Les championnats inter-r\u00e9gionaux individuels kata et combat des cat\u00e9gories MINIME, CADET, JUNIOR, SENIOR.<br \/>\nCes comp\u00e9titions sont qualificatives pour les championnats de France.<\/li>\n<li>Les opens inter-r\u00e9gionaux individuels kata et combat des cat\u00e9gories PUPILLE, BENJAMIN.<br \/>\nCes comp\u00e9titions sont qualificatives pour les coupes de France.<\/li>\n<\/ul>\n<p>&nbsp;<\/p>\n<h2>RAPPEL AUX COMP\u00c9TITEURS KUMIT\u00c9<\/h2>\n<div class=\"column self-stretch\">\n<div class=\"column-content\">\n<div class=\"clearfix\">\n<p>-Se pr\u00e9senter \u00e0 la pes\u00e9e avec\u00a0<strong>l\u2019autorisation parentale<\/strong>, passeport obligatoire\u00a0 + certificat m\u00e9dical.\u00a0<strong>N.B. 2 timbres de licence mini<\/strong>\u00a0licence de la saison en cour obligatoire.<\/p>\n<p>-Port de la\u00a0<strong>coquille\u00a0<\/strong>obligatoire pour tous les gar\u00e7ons (p.32 r\u00e8gl.)<\/p>\n<p>-Eventuellement protection de poitrine pour les filles.<\/p>\n<p>\u2013 Prot\u00e8ge-dents adapt\u00e9 pr\u00e9conis\u00e9 pour les\u00a0 PPB.<\/p>\n<p>\u2013 Prot\u00e8ge dents obligatoire en minime.<\/p>\n<p>-Pas de bijoux, montre, bague, bracelet, cha\u00eene, barrette\u2026<\/p>\n<p>-Au moment de combattre, chaque comp\u00e9titeur doit \u00eatre en possession de gants <strong><span style=\"color: #ff0000;\">rouges<\/span> <\/strong>et <span style=\"color: #0000ff;\"><strong>bleus<\/strong><\/span> et de protections de pieds\u00a0<strong><span style=\"color: #ff0000;\">rouges<\/span><\/strong> et <span style=\"color: #0000ff;\"><strong>bleues<\/strong>.<\/span><\/p>\n<p>-Justificatif\u00a0<strong>d\u2019identit\u00e9 fran\u00e7aise<\/strong>\u00a0obligatoire en minime.<\/p>\n<\/div>\n<\/div>\n<\/div>\n<p>[\/vc_column_text][vc_column_text]<\/p>\n<h3>Demandes de passeports<\/h3>\n<p>Les passeports sont vendus par les comit\u00e9s d\u00e9partementaux au prix de 25\u20ac, tarif unique qui s\u2019applique aux adultes et aux enfants (la f\u00e9d\u00e9ration ne d\u00e9livre plus de passeports enfants).<\/p>\n<p>Les commandes de passeports sont faites <strong>uniquement par les clubs<\/strong>.<\/p>\n<p>Vous devez adresser votre commande avec un ch\u00e8que correspondant \u00e0 25 \u20ac X nombre de passeports, plus les frais de port.<\/p>\n<p>&nbsp;<\/p>\n<h3>Certificat m\u00e9dical<\/h3>\n<p><span style=\"color: #333399;\"><a style=\"color: #333399;\" href=\"https:\/\/sites.ffkarate.fr\/normandie\/wp-content\/uploads\/sites\/117\/2021\/11\/CIRCULAIRE-007-Certificat-medical-et-questionnaire-de-sante_2021_2022.pdf\"><img decoding=\"async\" class=\"alignnone wp-image-5662 size-full\" src=\"https:\/\/sites.ffkarate.fr\/normandie\/wp-content\/uploads\/sites\/117\/2022\/01\/360_F_54707192_fKlZgmAilwYXjwIyatnpp8v6yWQtpjGK-e1643533129553.jpg\" alt=\"\" width=\"50\" height=\"50\" \/><\/a><\/span><\/p>\n<h3>Autorisation Parentale<\/h3>\n<p><a href=\"https:\/\/sites.ffkarate.fr\/seinemaritime\/wp-content\/uploads\/sites\/91\/2022\/01\/Autorisation_Parentale_2022-3-Copie.doc\"><img decoding=\"async\" class=\"alignnone wp-image-5662 size-full\" src=\"https:\/\/sites.ffkarate.fr\/normandie\/wp-content\/uploads\/sites\/117\/2022\/01\/360_F_54707192_fKlZgmAilwYXjwIyatnpp8v6yWQtpjGK-e1643533129553.jpg\" alt=\"\" width=\"50\" height=\"50\" \/><\/a>[\/vc_column_text][\/vc_column][\/vc_row]<\/p>\n<\/div>","protected":false},"excerpt":{"rendered":"<p>L\u2019inscription de vos licenci\u00e9s aux Comp\u00e9titions D\u00e9partementales est soumise \u00e0 un droit d\u2019inscription.<\/p>\n","protected":false},"author":1,"featured_media":0,"parent":0,"menu_order":0,"comment_status":"closed","ping_status":"closed","template":"","meta":{"footnotes":""},"class_list":["post-31","page","type-page","status-publish","hentry"],"_links":{"self":[{"href":"https:\/\/sites.ffkarate.fr\/normandie\/wp-json\/wp\/v2\/pages\/31","targetHints":{"allow":["GET"]}}],"collection":[{"href":"https:\/\/sites.ffkarate.fr\/normandie\/wp-json\/wp\/v2\/pages"}],"about":[{"href":"https:\/\/sites.ffkarate.fr\/normandie\/wp-json\/wp\/v2\/types\/page"}],"author":[{"embeddable":true,"href":"https:\/\/sites.ffkarate.fr\/normandie\/wp-json\/wp\/v2\/users\/1"}],"replies":[{"embeddable":true,"href":"https:\/\/sites.ffkarate.fr\/normandie\/wp-json\/wp\/v2\/comments?post=31"}],"version-history":[{"count":10,"href":"https:\/\/sites.ffkarate.fr\/normandie\/wp-json\/wp\/v2\/pages\/31\/revisions"}],"predecessor-version":[{"id":5760,"href":"https:\/\/sites.ffkarate.fr\/normandie\/wp-json\/wp\/v2\/pages\/31\/revisions\/5760"}],"wp:attachment":[{"href":"https:\/\/sites.ffkarate.fr\/normandie\/wp-json\/wp\/v2\/media?parent=31"}],"curies":[{"name":"wp","href":"https:\/\/api.w.org\/{rel}","templated":true}]}}