{"id":2302,"date":"2017-07-26T13:35:41","date_gmt":"2017-07-26T11:35:41","guid":{"rendered":"https:\/\/sites.ffkarate.fr\/nouvelleaquitaine\/?page_id=2302"},"modified":"2021-06-02T15:57:23","modified_gmt":"2021-06-02T13:57:23","slug":"karate-defense-training","status":"publish","type":"page","link":"https:\/\/sites.ffkarate.fr\/nouvelleaquitaine\/disciplines\/karate-defense-training\/","title":{"rendered":"Karat\u00e9 D\u00e9fense"},"content":{"rendered":"<div class=\"wpb-content-wrapper\"><p>[vc_row][vc_column][vc_column_text]<a href=\"https:\/\/sites.ffkarate.fr\/nouvelleaquitaine\/wp-content\/uploads\/sites\/118\/2017\/07\/KDT.jpg\"><img decoding=\"async\" class=\"alignnone size-medium wp-image-2312\" src=\"https:\/\/sites.ffkarate.fr\/nouvelleaquitaine\/wp-content\/uploads\/sites\/118\/2017\/07\/KDT-300x156.jpg\" alt=\"KDT\" width=\"300\" height=\"156\" \/><\/a><\/p>\n<p>Le Karat\u00e9 D\u00e9fense est une m\u00e9thode efficace et dynamique de d\u00e9fense issue de l\u2019exp\u00e9rience de la pratique du Karat\u00e9 et de son efficacit\u00e9. Elle est constitu\u00e9e de <strong>plusieurs modules<\/strong>\u00a0: Module percussions, action\/r\u00e9action et mise en situation et amen\u00e9 au sol.<\/p>\n<p><strong>Convient aux pratiquants souhaitant apprendre \u00e0 se d\u00e9fendre rapidement sans contraintes techniques ni conventionnelles.<\/strong>[\/vc_column_text][\/vc_column][\/vc_row]<\/p>\n<\/div>","protected":false},"excerpt":{"rendered":"<p>[vc_row][vc_column][vc_column_text] Le Karat\u00e9 D\u00e9fense est une m\u00e9thode efficace et dynamique de d\u00e9fense issue de l\u2019exp\u00e9rience de la pratique du Karat\u00e9 et de son efficacit\u00e9. Elle est constitu\u00e9e de plusieurs modules\u00a0: Module percussions, action\/r\u00e9action et mise en situation et amen\u00e9 au sol. Convient aux pratiquants souhaitant apprendre \u00e0 se d\u00e9fendre rapidement sans contraintes techniques ni conventionnelles.[\/vc_column_text][\/vc_column][\/vc_row]<\/p>\n","protected":false},"author":33,"featured_media":0,"parent":63,"menu_order":0,"comment_status":"closed","ping_status":"closed","template":"","meta":{"footnotes":""},"class_list":["post-2302","page","type-page","status-publish","hentry"],"_links":{"self":[{"href":"https:\/\/sites.ffkarate.fr\/nouvelleaquitaine\/wp-json\/wp\/v2\/pages\/2302","targetHints":{"allow":["GET"]}}],"collection":[{"href":"https:\/\/sites.ffkarate.fr\/nouvelleaquitaine\/wp-json\/wp\/v2\/pages"}],"about":[{"href":"https:\/\/sites.ffkarate.fr\/nouvelleaquitaine\/wp-json\/wp\/v2\/types\/page"}],"author":[{"embeddable":true,"href":"https:\/\/sites.ffkarate.fr\/nouvelleaquitaine\/wp-json\/wp\/v2\/users\/33"}],"replies":[{"embeddable":true,"href":"https:\/\/sites.ffkarate.fr\/nouvelleaquitaine\/wp-json\/wp\/v2\/comments?post=2302"}],"version-history":[{"count":2,"href":"https:\/\/sites.ffkarate.fr\/nouvelleaquitaine\/wp-json\/wp\/v2\/pages\/2302\/revisions"}],"predecessor-version":[{"id":3665,"href":"https:\/\/sites.ffkarate.fr\/nouvelleaquitaine\/wp-json\/wp\/v2\/pages\/2302\/revisions\/3665"}],"up":[{"embeddable":true,"href":"https:\/\/sites.ffkarate.fr\/nouvelleaquitaine\/wp-json\/wp\/v2\/pages\/63"}],"wp:attachment":[{"href":"https:\/\/sites.ffkarate.fr\/nouvelleaquitaine\/wp-json\/wp\/v2\/media?parent=2302"}],"curies":[{"name":"wp","href":"https:\/\/api.w.org\/{rel}","templated":true}]}}