{"id":3528,"date":"2015-01-08T11:33:20","date_gmt":"2015-01-08T11:33:20","guid":{"rendered":"https:\/\/sites.ffkarate.fr\/testclone\/?page_id=58"},"modified":"2024-10-01T11:54:01","modified_gmt":"2024-10-01T09:54:01","slug":"competitions-2","status":"publish","type":"page","link":"https:\/\/sites.ffkarate.fr\/nouvelleaquitaine\/competitions-2\/","title":{"rendered":"Comp\u00e9titions"},"content":{"rendered":"<div class=\"wpb-content-wrapper\"><p>[vc_row][vc_column][vc_column_text]<a href=\"http:\/\/www.ffkcompetition.fr\" target=\"_blank\" rel=\"noopener\"><img decoding=\"async\" class=\"alignnone size-full wp-image-192\" src=\"https:\/\/sites.ffkarate.fr\/nouvelleaquitaine\/wp-content\/uploads\/sites\/118\/2015\/01\/bouton-inscription-competition.jpg\" alt=\"bouton-inscription-competition\" width=\"230\" height=\"40\" \/><\/a><\/p>\n<div><\/div>\n<p><!--more--> Les inscriptions aux comp\u00e9titions\u00a0 de la Ligue Nouvelle Aquitaine sont payantes au tarif de 3\u20ac pour une inscription en individuel est de 6\u20ac pour une inscription d&rsquo;\u00e9quipe.<\/p>\n<p>Le r\u00e8glement est possible par ch\u00e8que ou par carte bancaire directement sur le site d&rsquo;inscription aux comp\u00e9titions.<\/p>\n<div><\/div>\n<p>[\/vc_column_text][\/vc_column][\/vc_row]<\/p>\n<\/div>","protected":false},"excerpt":{"rendered":"<p>[vc_row][vc_column][vc_column_text]<\/p>\n","protected":false},"author":20,"featured_media":0,"parent":0,"menu_order":0,"comment_status":"closed","ping_status":"closed","template":"","meta":{"footnotes":""},"class_list":["post-3528","page","type-page","status-publish","hentry"],"_links":{"self":[{"href":"https:\/\/sites.ffkarate.fr\/nouvelleaquitaine\/wp-json\/wp\/v2\/pages\/3528","targetHints":{"allow":["GET"]}}],"collection":[{"href":"https:\/\/sites.ffkarate.fr\/nouvelleaquitaine\/wp-json\/wp\/v2\/pages"}],"about":[{"href":"https:\/\/sites.ffkarate.fr\/nouvelleaquitaine\/wp-json\/wp\/v2\/types\/page"}],"author":[{"embeddable":true,"href":"https:\/\/sites.ffkarate.fr\/nouvelleaquitaine\/wp-json\/wp\/v2\/users\/20"}],"replies":[{"embeddable":true,"href":"https:\/\/sites.ffkarate.fr\/nouvelleaquitaine\/wp-json\/wp\/v2\/comments?post=3528"}],"version-history":[{"count":10,"href":"https:\/\/sites.ffkarate.fr\/nouvelleaquitaine\/wp-json\/wp\/v2\/pages\/3528\/revisions"}],"predecessor-version":[{"id":5201,"href":"https:\/\/sites.ffkarate.fr\/nouvelleaquitaine\/wp-json\/wp\/v2\/pages\/3528\/revisions\/5201"}],"wp:attachment":[{"href":"https:\/\/sites.ffkarate.fr\/nouvelleaquitaine\/wp-json\/wp\/v2\/media?parent=3528"}],"curies":[{"name":"wp","href":"https:\/\/api.w.org\/{rel}","templated":true}]}}