{"id":57,"date":"2015-01-08T11:32:57","date_gmt":"2015-01-08T11:32:57","guid":{"rendered":"https:\/\/sites.ffkarate.fr\/testclone\/?page_id=57"},"modified":"2026-03-25T12:12:17","modified_gmt":"2026-03-25T11:12:17","slug":"grades-2","status":"publish","type":"page","link":"https:\/\/sites.ffkarate.fr\/occitanie\/grades-2\/","title":{"rendered":"Grades"},"content":{"rendered":"<div class=\"wpb-content-wrapper\"><p>[vc_row][vc_column][vc_column_text]<strong><img decoding=\"async\" class=\"alignnone size-full wp-image-123\" src=\"https:\/\/sites.ffkarate.fr\/occitanie\/wp-content\/uploads\/sites\/119\/2021\/05\/karate-exemple-e1622124116973.jpg\" alt=\"\" width=\"1500\" height=\"570\" srcset=\"https:\/\/sites.ffkarate.fr\/occitanie\/wp-content\/uploads\/sites\/119\/2021\/05\/karate-exemple-e1622124116973.jpg 1500w, https:\/\/sites.ffkarate.fr\/occitanie\/wp-content\/uploads\/sites\/119\/2021\/05\/karate-exemple-e1622124116973-300x114.jpg 300w, https:\/\/sites.ffkarate.fr\/occitanie\/wp-content\/uploads\/sites\/119\/2021\/05\/karate-exemple-e1622124116973-768x292.jpg 768w, https:\/\/sites.ffkarate.fr\/occitanie\/wp-content\/uploads\/sites\/119\/2021\/05\/karate-exemple-e1622124116973-1024x389.jpg 1024w\" sizes=\"(max-width: 1500px) 100vw, 1500px\" \/><\/strong><\/p>\n<p>&nbsp;<\/p>\n<p><strong>Les diff\u00e9rents grades de Karat\u00e9 et Disciplines Associ\u00e9es forment un ensemble dans la progression des connaissances en Karat\u00e9 et Disciplines Associ\u00e9es.<\/strong><\/p>\n<p>L\u2019acquisition des valeurs morales, la progression technique et sportive sont l\u2019aboutissement normal de l\u2019enseignement du professeur et de l\u2019entra\u00eenement. L\u2019\u00e9chelle des grades valide cette progression. Conform\u00e9ment \u00e0 l\u2019article L. 212-5 du code du sport, dans les disciplines relevant des arts martiaux, nul ne peut se pr\u00e9valoir d\u2019un Dan ou d\u2019un grade \u00e9quivalent sanctionnant les qualit\u00e9s sportives et les connaissances techniques, et, le cas \u00e9ch\u00e9ant, les performances en comp\u00e9tition s\u2019il n\u2019a pas \u00e9t\u00e9 d\u00e9livr\u00e9 par la commission sp\u00e9cialis\u00e9e des Dans et grades \u00e9quivalents de la f\u00e9d\u00e9ration d\u00e9l\u00e9gataire.<\/p>\n<p>Les grades appel\u00e9s\u00a0<em>\u00ab\u00a0Kyu\u00a0\u00bb ou \u00ab\u00a0C\u00e2p\u00a0\u00bb<\/em>, d\u00e9livr\u00e9s par le professeur, sont repr\u00e9sent\u00e9s par la couleur de la ceinture ou par les barettes selon les styles.<br \/>\nL\u2019\u00e9chelle de couleur est le plus souvent\u00a0: blanc, jaune, orange, vert, bleu et marron.<\/p>\n<p>A partir de la ceinture noire, les grades appel\u00e9s \u00ab\u00a0<em>Dan\u00a0\u00bb ,\u00a0\u00bbDang\u00a0\u00bb<\/em>\u00a0ou \u00ab\u00a0Duan\u00a0\u00bbsont d\u00e9livr\u00e9s par\u00a0<a href=\"http:\/\/www.ffkarate.fr\/grades\/csdge\/\" target=\"_blank\" rel=\"noopener\">la CSDGE<\/a>\u00a0et sont reconnus par l\u2019Etat.<\/p>\n<p>Pour obtenir vos passeports sportifs, veuillez contacter votre comit\u00e9 d\u00e9partemental.[\/vc_column_text][\/vc_column][\/vc_row][vc_row][vc_column][vc_column_text]<strong><span style=\"color: #993366\">D\u00e9coupage G\u00e9ographique<\/span><\/strong><\/p>\n<p>CLUB : 1er DAN DUAN DANG<\/p>\n<p>COMITE DEPARTEMENTAL : 2e, 3e et 4e DAN DUAN DANG<\/p>\n<p>LIGUE REGIONALE : 5e DAN DUAN DANG[\/vc_column_text][vc_column_text]<\/p>\n<h4>Envoi des dossiers (pour le 5e DAN DUAN DANG uniquement)<\/h4>\n<p>Le dossier de candidature devra \u00eatre adress\u00e9 \u00e0 la Ligue R\u00e9gionale Occitanie <strong>directement sur la plateforme SIKADA<\/strong>.[\/vc_column_text][\/vc_column][\/vc_row][vc_row][vc_column][vc_column_text]<\/p>\n<h4>Le contenu du dossier d&rsquo;inscription<\/h4>\n<ul>\n<li>La fiche d&rsquo;inscription compl\u00e9t\u00e9e et sign\u00e9e avec la photo du candidat<\/li>\n<li>Une enveloppe (format 229X324) affranchie au tarif en vigueur (2 timbres)<\/li>\n<li>Une attestation historique des licences<\/li>\n<li>La photocopie des pages suivantes de votre passeport sportif :\n<ul>\n<li>Page du certificat m\u00e9dical d\u2019aptitude \u00e0 la pratique sportive<\/li>\n<li>Page d\u2019authentification des grades d\u00e9j\u00e0 obtenus<\/li>\n<li>Le cas \u00e9ch\u00e9ant, page des UV d\u00e9j\u00e0 obtenues avec les notes pour l\u2019examen concern\u00e9<\/li>\n<li>Le cas \u00e9ch\u00e9ant la page des points de bonifications acquis lors des stages d\u2019experts f\u00e9d\u00e9raux<\/li>\n<\/ul>\n<\/li>\n<li>Le courrier de la CSDGE en cas de d\u00e9rogation sp\u00e9ciale<\/li>\n<\/ul>\n<p>D\u00e8s le d\u00e9p\u00f4t de votre dossier sur la plateforme d&rsquo;inscription, le responsable des grades le validera s&rsquo;il est conforme. Vous pourrez ensuite proc\u00e9der au paiement.[\/vc_column_text][\/vc_column][\/vc_row][vc_row][vc_column][vc_column_text]<\/p>\n<h3 style=\"text-align: center\"><span style=\"color: #cc99ff\"><strong>JURY DES GRADES<\/strong><\/span><\/h3>\n<p>[\/vc_column_text][\/vc_column][\/vc_row][vc_row][vc_column][vc_column_text]Si vous souhaitez faire partie du jury aux examens de grades, merci de remplir le formulaire ci-dessous :[\/vc_column_text][\/vc_column][\/vc_row][vc_row][vc_column]<script type=\"text\/javascript\">\n\/* <![CDATA[ *\/\nvar gform;gform||(document.addEventListener(\"gform_main_scripts_loaded\",function(){gform.scriptsLoaded=!0}),document.addEventListener(\"gform\/theme\/scripts_loaded\",function(){gform.themeScriptsLoaded=!0}),window.addEventListener(\"DOMContentLoaded\",function(){gform.domLoaded=!0}),gform={domLoaded:!1,scriptsLoaded:!1,themeScriptsLoaded:!1,isFormEditor:()=>\"function\"==typeof InitializeEditor,callIfLoaded:function(o){return!(!gform.domLoaded||!gform.scriptsLoaded||!gform.themeScriptsLoaded&&!gform.isFormEditor()||(gform.isFormEditor()&&console.warn(\"The use of gform.initializeOnLoaded() is deprecated in the form editor context and will be removed in Gravity Forms 3.1.\"),o(),0))},initializeOnLoaded:function(o){gform.callIfLoaded(o)||(document.addEventListener(\"gform_main_scripts_loaded\",()=>{gform.scriptsLoaded=!0,gform.callIfLoaded(o)}),document.addEventListener(\"gform\/theme\/scripts_loaded\",()=>{gform.themeScriptsLoaded=!0,gform.callIfLoaded(o)}),window.addEventListener(\"DOMContentLoaded\",()=>{gform.domLoaded=!0,gform.callIfLoaded(o)}))},hooks:{action:{},filter:{}},addAction:function(o,r,e,t){gform.addHook(\"action\",o,r,e,t)},addFilter:function(o,r,e,t){gform.addHook(\"filter\",o,r,e,t)},doAction:function(o){gform.doHook(\"action\",o,arguments)},applyFilters:function(o){return gform.doHook(\"filter\",o,arguments)},removeAction:function(o,r){gform.removeHook(\"action\",o,r)},removeFilter:function(o,r,e){gform.removeHook(\"filter\",o,r,e)},addHook:function(o,r,e,t,n){null==gform.hooks[o][r]&&(gform.hooks[o][r]=[]);var d=gform.hooks[o][r];null==n&&(n=r+\"_\"+d.length),gform.hooks[o][r].push({tag:n,callable:e,priority:t=null==t?10:t})},doHook:function(r,o,e){var t;if(e=Array.prototype.slice.call(e,1),null!=gform.hooks[r][o]&&((o=gform.hooks[r][o]).sort(function(o,r){return o.priority-r.priority}),o.forEach(function(o){\"function\"!=typeof(t=o.callable)&&(t=window[t]),\"action\"==r?t.apply(null,e):e[0]=t.apply(null,e)})),\"filter\"==r)return e[0]},removeHook:function(o,r,t,n){var e;null!=gform.hooks[o][r]&&(e=(e=gform.hooks[o][r]).filter(function(o,r,e){return!!(null!=n&&n!=o.tag||null!=t&&t!=o.priority)}),gform.hooks[o][r]=e)}});\n\/* ]]> *\/\n<\/script>\n\n                <div class='gf_browser_gecko gform_wrapper gravity-theme gform-theme--no-framework' data-form-theme='gravity-theme' data-form-index='0' id='gform_wrapper_63' ><form method='post' enctype='multipart\/form-data'  id='gform_63'  action='\/occitanie\/wp-json\/wp\/v2\/pages\/57' data-formid='63' novalidate>\n                        <div class='gform-body gform_body'><div id='gform_fields_63' class='gform_fields top_label form_sublabel_below description_below validation_below'><div id=\"field_63_3\" class=\"gfield gfield--type-select gfield--input-type-select gfield_contains_required field_sublabel_below gfield--no-description field_description_below field_validation_below gfield_visibility_visible\"  ><label class='gfield_label gform-field-label' for='input_63_3'>DISCIPLINE<span class=\"gfield_required\"><span class=\"gfield_required gfield_required_text\">(N\u00e9cessaire)<\/span><\/span><\/label><div class='ginput_container ginput_container_select'><select name='input_3' id='input_63_3' class='large gfield_select'    aria-required=\"true\" aria-invalid=\"false\" ><option value='AMV' >AMV<\/option><option value='KARATE' >KARATE<\/option><option value='KRAV MAGA' >KRAV MAGA<\/option><option value='WUSHU' >WUSHU<\/option><option value='YOSEIKAN BUDO' >YOSEIKAN BUDO<\/option><\/select><\/div><\/div><div id=\"field_63_1\" class=\"gfield gfield--type-text gfield--input-type-text gfield--width-half gfield_contains_required field_sublabel_below gfield--no-description field_description_below field_validation_below gfield_visibility_visible\"  ><label class='gfield_label gform-field-label' for='input_63_1'>NOM<span class=\"gfield_required\"><span class=\"gfield_required gfield_required_text\">(N\u00e9cessaire)<\/span><\/span><\/label><div class='ginput_container ginput_container_text'><input name='input_1' id='input_63_1' type='text' value='' class='large'     aria-required=\"true\" aria-invalid=\"false\"   \/><\/div><\/div><div id=\"field_63_4\" class=\"gfield gfield--type-text gfield--input-type-text gfield--width-half gfield_contains_required field_sublabel_below gfield--no-description field_description_below field_validation_below gfield_visibility_visible\"  ><label class='gfield_label gform-field-label' for='input_63_4'>PRENOM<span class=\"gfield_required\"><span class=\"gfield_required gfield_required_text\">(N\u00e9cessaire)<\/span><\/span><\/label><div class='ginput_container ginput_container_text'><input name='input_4' id='input_63_4' type='text' value='' class='large'     aria-required=\"true\" aria-invalid=\"false\"   \/><\/div><\/div><div id=\"field_63_5\" class=\"gfield gfield--type-text gfield--input-type-text gfield--width-half gfield_contains_required field_sublabel_below gfield--no-description field_description_below field_validation_below gfield_visibility_visible\"  ><label class='gfield_label gform-field-label' for='input_63_5'>N\u00b0 LICENCE<span class=\"gfield_required\"><span class=\"gfield_required gfield_required_text\">(N\u00e9cessaire)<\/span><\/span><\/label><div class='ginput_container ginput_container_text'><input name='input_5' id='input_63_5' type='text' value='' class='large'     aria-required=\"true\" aria-invalid=\"false\"   \/><\/div><\/div><div id=\"field_63_7\" class=\"gfield gfield--type-select gfield--input-type-select gfield--width-half gfield_contains_required field_sublabel_below gfield--no-description field_description_below field_validation_below gfield_visibility_visible\"  ><label class='gfield_label gform-field-label' for='input_63_7'>GRADE ACTUEL<span class=\"gfield_required\"><span class=\"gfield_required gfield_required_text\">(N\u00e9cessaire)<\/span><\/span><\/label><div class='ginput_container ginput_container_select'><select name='input_7' id='input_63_7' class='large gfield_select'    aria-required=\"true\" aria-invalid=\"false\" ><option value='3e' >3e<\/option><option value='4e' >4e<\/option><option value='5e' >5e<\/option><option value='6e et +' >6e et +<\/option><\/select><\/div><\/div><div id=\"field_63_6\" class=\"gfield gfield--type-text gfield--input-type-text gfield--width-half gfield_contains_required field_sublabel_below gfield--no-description field_description_below field_validation_below gfield_visibility_visible\"  ><label class='gfield_label gform-field-label' for='input_63_6'>VILLE D&#039;HABITATION<span class=\"gfield_required\"><span class=\"gfield_required gfield_required_text\">(N\u00e9cessaire)<\/span><\/span><\/label><div class='ginput_container ginput_container_text'><input name='input_6' id='input_63_6' type='text' value='' class='large'     aria-required=\"true\" aria-invalid=\"false\"   \/><\/div><\/div><div id=\"field_63_8\" class=\"gfield gfield--type-text gfield--input-type-text gfield--width-half gfield_contains_required field_sublabel_below gfield--no-description field_description_below field_validation_below gfield_visibility_visible\"  ><label class='gfield_label gform-field-label' for='input_63_8'>CODE POSTAL<span class=\"gfield_required\"><span class=\"gfield_required gfield_required_text\">(N\u00e9cessaire)<\/span><\/span><\/label><div class='ginput_container ginput_container_text'><input name='input_8' id='input_63_8' type='text' value='' class='large'     aria-required=\"true\" aria-invalid=\"false\"   \/><\/div><\/div><\/div><\/div>\n        <div class='gform-footer gform_footer top_label'> <input type='submit' id='gform_submit_button_63' class='gform_button button' onclick='gform.submission.handleButtonClick(this);' data-submission-type='submit' value='Envoyer'  \/> \n            <input type='hidden' class='gform_hidden' name='gform_submission_method' data-js='gform_submission_method_63' value='postback' \/>\n            <input type='hidden' class='gform_hidden' name='gform_theme' data-js='gform_theme_63' id='gform_theme_63' value='gravity-theme' \/>\n            <input type='hidden' class='gform_hidden' name='gform_style_settings' data-js='gform_style_settings_63' id='gform_style_settings_63' value='[]' \/>\n            <input type='hidden' class='gform_hidden' name='is_submit_63' value='1' \/>\n            <input type='hidden' class='gform_hidden' name='gform_submit' value='63' \/>\n            \n            <input type='hidden' class='gform_hidden' name='gform_currency' data-currency='EUR' value='tZ3h1En0si35i51t0JIPeyzBZG3AGDKpmhSIK2nAXtfeEJGN7DuzzSCcVtr2+b7pXeu1HTV586DE5Ja5Q\/eIU3vU9JaPg4lBvxrvvVNzCUunR2Q=' \/>\n            <input type='hidden' class='gform_hidden' name='gform_unique_id' value='' \/>\n            <input type='hidden' class='gform_hidden' name='state_63' value='WyJ7XCIzXCI6W1wiNGFhZDdkYjlhYjE2Mzc5ZTU3MGFjODY5ZmExMjQ4NmRcIixcImVjNDA4MmI1ODdiMDdkYjkyNmFkYzNiNzM3OWNiNTk3XCIsXCI1OTUzOGE4ZWQzMmRlZDQ0M2EzZDNjOTUyMTNjNWNlM1wiLFwiODAyMTcwNGNmODdiNDRmODY4MzljYTJjOWFkY2Y5NjVcIixcIjVmZDMzOTFhNjMyMDA1YzM2N2FiMmZkZmVhOTE0N2I3XCJdLFwiN1wiOltcImExNzUyMGY0ODdmOTUyY2JjM2NjNWRjYTIzMmUyM2VkXCIsXCJmMDlmNDEyYzI4ZDczYWY5MmM4ZTZiOGVkNmMxNmE0ZVwiLFwiMGE2Zjc1ZWMyNTc5ODMwMmJjMmI2Yjc2YjliZjg3NjJcIixcImY1ZTdmNzcwODhkOTU1NTc1YWM0NDc4Y2ZiNzM0MmM4XCJdfSIsImYwNGVhMmE0Nzc4NmEzNmNlZGVmYjVhYWZmMzhhMzA4Il0=' \/>\n            <input type='hidden' autocomplete='off' class='gform_hidden' name='gform_target_page_number_63' id='gform_target_page_number_63' value='0' \/>\n            <input type='hidden' autocomplete='off' class='gform_hidden' name='gform_source_page_number_63' id='gform_source_page_number_63' value='1' \/>\n            <input type='hidden' name='gform_field_values' value='' \/>\n            \n        <\/div>\n                        <input\n                    class=\"apbct_special_field apbct_email_id__gravity_form\"\n                    name=\"apbct__email_id__gravity_form\"\n                    aria-label=\"apbct__label_id__gravity_form\"\n                    type=\"text\" size=\"30\" maxlength=\"200\" autocomplete=\"off\"\n                    value=\"\"\n                \/><\/form>\n                        <\/div><script type=\"text\/javascript\">\n\/* <![CDATA[ *\/\n gform.initializeOnLoaded( function() {gformInitSpinner( 63, 'https:\/\/sites.ffkarate.fr\/occitanie\/wp-content\/plugins\/gravityforms\/images\/spinner.svg', true );jQuery('#gform_ajax_frame_63').on('load',function(){var contents = jQuery(this).contents().find('*').html();var is_postback = contents.indexOf('GF_AJAX_POSTBACK') >= 0;if(!is_postback){return;}var form_content = jQuery(this).contents().find('#gform_wrapper_63');var is_confirmation = jQuery(this).contents().find('#gform_confirmation_wrapper_63').length > 0;var is_redirect = contents.indexOf('gformRedirect(){') >= 0;var is_form = form_content.length > 0 && ! is_redirect && ! is_confirmation;var mt = parseInt(jQuery('html').css('margin-top'), 10) + parseInt(jQuery('body').css('margin-top'), 10) + 100;if(is_form){jQuery('#gform_wrapper_63').html(form_content.html());if(form_content.hasClass('gform_validation_error')){jQuery('#gform_wrapper_63').addClass('gform_validation_error');} else {jQuery('#gform_wrapper_63').removeClass('gform_validation_error');}setTimeout( function() { \/* delay the scroll by 50 milliseconds to fix a bug in chrome *\/  }, 50 );if(window['gformInitDatepicker']) {gformInitDatepicker();}if(window['gformInitPriceFields']) {gformInitPriceFields();}var current_page = jQuery('#gform_source_page_number_63').val();gformInitSpinner( 63, 'https:\/\/sites.ffkarate.fr\/occitanie\/wp-content\/plugins\/gravityforms\/images\/spinner.svg', true );jQuery(document).trigger('gform_page_loaded', [63, current_page]);window['gf_submitting_63'] = false;}else if(!is_redirect){var confirmation_content = jQuery(this).contents().find('.GF_AJAX_POSTBACK').html();if(!confirmation_content){confirmation_content = contents;}jQuery('#gform_wrapper_63').replaceWith(confirmation_content);jQuery(document).trigger('gform_confirmation_loaded', [63]);window['gf_submitting_63'] = false;wp.a11y.speak(jQuery('#gform_confirmation_message_63').text());}else{jQuery('#gform_63').append(contents);if(window['gformRedirect']) {gformRedirect();}}jQuery(document).trigger(\"gform_pre_post_render\", [{ formId: \"63\", currentPage: \"current_page\", abort: function() { this.preventDefault(); } }]);        if (event && event.defaultPrevented) {                return;        }        const gformWrapperDiv = document.getElementById( \"gform_wrapper_63\" );        if ( gformWrapperDiv ) {            const visibilitySpan = document.createElement( \"span\" );            visibilitySpan.id = \"gform_visibility_test_63\";            gformWrapperDiv.insertAdjacentElement( \"afterend\", visibilitySpan );        }        const visibilityTestDiv = document.getElementById( \"gform_visibility_test_63\" );        let postRenderFired = false;        function triggerPostRender() {            if ( postRenderFired ) {                return;            }            postRenderFired = true;            gform.core.triggerPostRenderEvents( 63, current_page );            if ( visibilityTestDiv ) {                visibilityTestDiv.parentNode.removeChild( visibilityTestDiv );            }        }        function debounce( func, wait, immediate ) {            var timeout;            return function() {                var context = this, args = arguments;                var later = function() {                    timeout = null;                    if ( !immediate ) func.apply( context, args );                };                var callNow = immediate && !timeout;                clearTimeout( timeout );                timeout = setTimeout( later, wait );                if ( callNow ) func.apply( context, args );            };        }        const debouncedTriggerPostRender = debounce( function() {            triggerPostRender();        }, 200 );        if ( visibilityTestDiv && visibilityTestDiv.offsetParent === null ) {            const observer = new MutationObserver( ( mutations ) => {                mutations.forEach( ( mutation ) => {                    if ( mutation.type === 'attributes' && visibilityTestDiv.offsetParent !== null ) {                        debouncedTriggerPostRender();                        observer.disconnect();                    }                });            });            observer.observe( document.body, {                attributes: true,                childList: false,                subtree: true,                attributeFilter: [ 'style', 'class' ],            });        } else {            triggerPostRender();        }    } );} ); \n\/* ]]> *\/\n<\/script>\n[\/vc_column][\/vc_row]<\/p>\n<\/div>","protected":false},"excerpt":{"rendered":"<p>[vc_row][vc_column][vc_column_text] &nbsp; Les diff\u00e9rents grades de Karat\u00e9 et Disciplines Associ\u00e9es forment un ensemble dans la progression des connaissances en Karat\u00e9 et Disciplines Associ\u00e9es. L\u2019acquisition des valeurs morales, la progression technique et sportive sont l\u2019aboutissement normal de l\u2019enseignement du professeur et de l\u2019entra\u00eenement. L\u2019\u00e9chelle des grades valide cette progression. Conform\u00e9ment \u00e0 l\u2019article L. 212-5 du code [&hellip;]<\/p>\n","protected":false},"author":20,"featured_media":0,"parent":0,"menu_order":0,"comment_status":"closed","ping_status":"closed","template":"","meta":{"footnotes":""},"class_list":["post-57","page","type-page","status-publish","hentry"],"_links":{"self":[{"href":"https:\/\/sites.ffkarate.fr\/occitanie\/wp-json\/wp\/v2\/pages\/57","targetHints":{"allow":["GET"]}}],"collection":[{"href":"https:\/\/sites.ffkarate.fr\/occitanie\/wp-json\/wp\/v2\/pages"}],"about":[{"href":"https:\/\/sites.ffkarate.fr\/occitanie\/wp-json\/wp\/v2\/types\/page"}],"author":[{"embeddable":true,"href":"https:\/\/sites.ffkarate.fr\/occitanie\/wp-json\/wp\/v2\/users\/20"}],"replies":[{"embeddable":true,"href":"https:\/\/sites.ffkarate.fr\/occitanie\/wp-json\/wp\/v2\/comments?post=57"}],"version-history":[{"count":11,"href":"https:\/\/sites.ffkarate.fr\/occitanie\/wp-json\/wp\/v2\/pages\/57\/revisions"}],"predecessor-version":[{"id":5985,"href":"https:\/\/sites.ffkarate.fr\/occitanie\/wp-json\/wp\/v2\/pages\/57\/revisions\/5985"}],"wp:attachment":[{"href":"https:\/\/sites.ffkarate.fr\/occitanie\/wp-json\/wp\/v2\/media?parent=57"}],"curies":[{"name":"wp","href":"https:\/\/api.w.org\/{rel}","templated":true}]}}