{"id":6885,"date":"2017-01-23T16:29:18","date_gmt":"2017-01-23T15:29:18","guid":{"rendered":"https:\/\/sites.ffkarate.fr\/paca\/?page_id=6885"},"modified":"2026-02-28T15:46:07","modified_gmt":"2026-02-28T14:46:07","slug":"comite-directeur-paca","status":"publish","type":"page","link":"https:\/\/sites.ffkarate.fr\/paca\/comite-directeur-paca\/","title":{"rendered":"Comit\u00e9 Directeur Ligue R\u00e9gionale PACA &#8211; Olympiade 2024 &#8211; 2028"},"content":{"rendered":"<div class=\"wpb-content-wrapper\"><p>[vc_row bg_grey=\u00a0\u00bb1&Prime;][vc_column width=\u00a0\u00bb2\/4&Prime;][ffk_peoplecard image=\u00a0\u00bb10028&Prime; title=\u00a0\u00bbABDESSELEM BEN\u00a0\u00bb subtitle=\u00a0\u00bbPr\u00e9sident Ligue Regionale PACA Karate Disciplines Associes.\u00a0\u00bb][\/vc_column][vc_column width=\u00a0\u00bb2\/4&Prime;][vc_column_text]<\/p>\n<blockquote>\n<p style=\"text-align: left\"><i>\u00ab\u00a0Bienvenue sur le site officiel de la Ligue R\u00e9gionale Provence Alpes C\u00f4te d&rsquo;Azur de Karat\u00e9 et Disciplines Associ\u00e9es !\u00a0\u00bb<\/i><\/p>\n<p style=\"text-align: left\"><em>Vous trouverez sur ce site toute l\u2019actualit\u00e9 du karat\u00e9 et de ses disciplines associ\u00e9es :<\/em><br \/>\n<em>\u00ab\u00a0Le calendrier des diff\u00e9rentes comp\u00e9titions, les passages de grade, stages et autres manifestations, mais aussi toutes les informations et documents n\u00e9cessaires aux dirigeants de club ainsi qu\u2019aux licenci\u00e9s.<\/em><\/p>\n<p style=\"text-align: left\"><em>Bonne visite.\u00a0\u00bb <\/em><\/p>\n<p style=\"text-align: left\"><strong>M. Ben ABDESSELEM,<\/strong><\/p>\n<p style=\"text-align: left\"><strong>Pr\u00e9sident de La Ligue\u00a0R\u00e9gionale Provence Alpes\u00a0C\u00f4te d&rsquo;Azur de Karate &amp; Disciplines Associes.<\/strong><\/p>\n<p style=\"text-align: left\">Tel :\u00a0 06 15 31 17 02<br \/>\nE-mail\u00a0: <a href=\"mailto:liguepacakarateda@gmail.com\" target=\"_blank\" rel=\"noopener\">liguepacakarateda@gmail.com<\/a><\/p>\n<\/blockquote>\n<p>[\/vc_column_text][\/vc_column][\/vc_row][vc_row][vc_column][vc_empty_space height=\u00a0\u00bb40&Prime;][vc_row_inner][vc_column_inner][vc_column_text]<\/p>\n<h3 class=\"entry-title\" style=\"text-align: center\"><strong><span style=\"color: #1423a0\">COMIT\u00c9 DIRECTEUR<\/span><\/strong><\/h3>\n<h6 style=\"text-align: center\">OLYMPIADE 2024\/2028<\/h6>\n<p>[\/vc_column_text][\/vc_column_inner][\/vc_row_inner][vc_row_inner content_placement=\u00a0\u00bbmiddle\u00a0\u00bb css=\u00a0\u00bb.vc_custom_1617006214271{border-bottom-width: 10px !important;}\u00a0\u00bb][vc_column_inner width=\u00a0\u00bb1\/3&Prime;][ffk_peoplecard image=\u00a0\u00bb10039&Prime; title=\u00a0\u00bbMarion JAIME\u00a0\u00bb subtitle=\u00a0\u00bb1ere Vice Pr\u00e9sidente\u00a0\u00bb][\/vc_column_inner][vc_column_inner width=\u00a0\u00bb1\/3&Prime;][ffk_peoplecard title=\u00a0\u00bbMounir HARRATHI\u00a0\u00bb subtitle=\u00a0\u00bb2e Vice Pr\u00e9sident\u00a0\u00bb image=\u00a0\u00bb10045&Prime;][\/vc_column_inner][vc_column_inner width=\u00a0\u00bb1\/3&Prime;][ffk_peoplecard image=\u00a0\u00bb10112&Prime; title=\u00a0\u00bbGUILLOT Pascal\u00a0\u00bb subtitle=\u00a0\u00bb3\u00e8me Vice-Pr\u00e9sident\u00a0\u00bb][\/vc_column_inner][\/vc_row_inner][vc_row_inner][vc_column_inner width=\u00a0\u00bb1\/3&Prime;][ffk_peoplecard image=\u00a0\u00bb10089&Prime; title=\u00a0\u00bbCharles FARRUGIA\u00a0\u00bb subtitle=\u00a0\u00bbSecr\u00e9taire G\u00e9n\u00e9ral\u00a0\u00bb][\/vc_column_inner][vc_column_inner width=\u00a0\u00bb1\/3&Prime;][ffk_peoplecard title=\u00a0\u00bbFrancesca PAOLETTI\u00a0\u00bb subtitle=\u00a0\u00bbTr\u00e9sori\u00e8re g\u00e9n\u00e9rale\u00a0\u00bb image=\u00a0\u00bb10057&Prime;][\/vc_column_inner][vc_column_inner width=\u00a0\u00bb1\/3&Prime;][ffk_peoplecard title=\u00a0\u00bbFranck LODZIAK\u00a0\u00bb subtitle=\u00a0\u00bbSecr\u00e9taire G\u00e9n\u00e9rale Adjoint\u00a0\u00bb image=\u00a0\u00bb10060&Prime;][\/vc_column_inner][\/vc_row_inner][vc_empty_space height=\u00a0\u00bb40&Prime;][\/vc_column][\/vc_row][vc_row][vc_column][vc_empty_space height=\u00a0\u00bb40&Prime;][vc_row_inner css=\u00a0\u00bb.vc_custom_1617006214271{border-bottom-width: 10px !important;}\u00a0\u00bb][vc_column_inner width=\u00a0\u00bb1\/4&Prime;][ffk_peoplecard image=\u00a0\u00bb10041&Prime; title=\u00a0\u00bbLoic BARRESI\u00a0\u00bb subtitle=\u00a0\u00bbMembre\u00a0\u00bb][\/vc_column_inner][vc_column_inner width=\u00a0\u00bb1\/4&Prime;][ffk_peoplecard title=\u00a0\u00bbLou CHASTAIGNET\u00a0\u00bb subtitle=\u00a0\u00bbMembre\u00a0\u00bb image=\u00a0\u00bb10087&Prime;][\/vc_column_inner][vc_column_inner width=\u00a0\u00bb1\/4&Prime;][ffk_peoplecard image=\u00a0\u00bb10276&Prime; title=\u00a0\u00bbFlorence CIACERI\u00a0\u00bb subtitle=\u00a0\u00bbMembre\u00a0\u00bb][\/vc_column_inner][vc_column_inner width=\u00a0\u00bb1\/4&Prime;][ffk_peoplecard title=\u00a0\u00bbDenis DERANIERI\u00a0\u00bb subtitle=\u00a0\u00bbMembre\u00a0\u00bb image=\u00a0\u00bb10044&Prime;][\/vc_column_inner][\/vc_row_inner][vc_row_inner][vc_column_inner width=\u00a0\u00bb1\/4&Prime;][ffk_peoplecard title=\u00a0\u00bbSerge LARIOS\u00a0\u00bb subtitle=\u00a0\u00bbMembre\u00a0\u00bb][\/vc_column_inner][vc_column_inner width=\u00a0\u00bb1\/4&Prime;][ffk_peoplecard title=\u00a0\u00bbPatrick ROSADINI\u00a0\u00bb subtitle=\u00a0\u00bbMembre\u00a0\u00bb image=\u00a0\u00bb10035&Prime;][\/vc_column_inner][vc_column_inner width=\u00a0\u00bb1\/4&Prime;][ffk_peoplecard title=\u00a0\u00bbDominique PERONNET\u00a0\u00bb subtitle=\u00a0\u00bbMembre\u00a0\u00bb image=\u00a0\u00bb10036&Prime;][\/vc_column_inner][\/vc_row_inner][vc_empty_space height=\u00a0\u00bb40&Prime;][\/vc_column][\/vc_row][vc_row][vc_column][\/vc_column][\/vc_row]<\/p>\n<\/div>","protected":false},"excerpt":{"rendered":"<p>[vc_row bg_grey=\u00a0\u00bb1&Prime;][vc_column width=\u00a0\u00bb2\/4&Prime;][ffk_peoplecard image=\u00a0\u00bb10028&Prime; title=\u00a0\u00bbABDESSELEM BEN\u00a0\u00bb subtitle=\u00a0\u00bbPr\u00e9sident Ligue Regionale PACA Karate Disciplines Associes.\u00a0\u00bb][\/vc_column][vc_column width=\u00a0\u00bb2\/4&Prime;][vc_column_text] \u00ab\u00a0Bienvenue sur le site officiel de la Ligue R\u00e9gionale Provence Alpes C\u00f4te d&rsquo;Azur de Karat\u00e9 et Disciplines Associ\u00e9es !\u00a0\u00bb Vous trouverez sur ce site toute l\u2019actualit\u00e9 du karat\u00e9 et de ses disciplines associ\u00e9es : \u00ab\u00a0Le calendrier des diff\u00e9rentes comp\u00e9titions, les passages [&hellip;]<\/p>\n","protected":false},"author":20,"featured_media":0,"parent":0,"menu_order":0,"comment_status":"closed","ping_status":"closed","template":"","meta":{"footnotes":""},"class_list":["post-6885","page","type-page","status-publish","hentry"],"_links":{"self":[{"href":"https:\/\/sites.ffkarate.fr\/paca\/wp-json\/wp\/v2\/pages\/6885","targetHints":{"allow":["GET"]}}],"collection":[{"href":"https:\/\/sites.ffkarate.fr\/paca\/wp-json\/wp\/v2\/pages"}],"about":[{"href":"https:\/\/sites.ffkarate.fr\/paca\/wp-json\/wp\/v2\/types\/page"}],"author":[{"embeddable":true,"href":"https:\/\/sites.ffkarate.fr\/paca\/wp-json\/wp\/v2\/users\/20"}],"replies":[{"embeddable":true,"href":"https:\/\/sites.ffkarate.fr\/paca\/wp-json\/wp\/v2\/comments?post=6885"}],"version-history":[{"count":25,"href":"https:\/\/sites.ffkarate.fr\/paca\/wp-json\/wp\/v2\/pages\/6885\/revisions"}],"predecessor-version":[{"id":10685,"href":"https:\/\/sites.ffkarate.fr\/paca\/wp-json\/wp\/v2\/pages\/6885\/revisions\/10685"}],"wp:attachment":[{"href":"https:\/\/sites.ffkarate.fr\/paca\/wp-json\/wp\/v2\/media?parent=6885"}],"curies":[{"name":"wp","href":"https:\/\/api.w.org\/{rel}","templated":true}]}}