{"id":2009,"date":"2021-05-25T19:35:17","date_gmt":"2021-05-25T17:35:17","guid":{"rendered":"https:\/\/sites.ffkarate.fr\/pasdecalais\/?page_id=2009"},"modified":"2024-12-11T22:59:16","modified_gmt":"2024-12-11T21:59:16","slug":"grades","status":"publish","type":"page","link":"https:\/\/sites.ffkarate.fr\/pasdecalais\/grades\/","title":{"rendered":"Grades"},"content":{"rendered":"<div class=\"wpb-content-wrapper\"><p>[vc_row][vc_column][vc_column_text]<\/p>\n<h1 class=\"entry-title\"><\/h1>\n<div class=\"entry-content\">\n<hr \/>\n<h2 style=\"text-align: center\"><span style=\"text-decoration: underline\"><strong>Responsable des grades D\u00e9partement du Pas de Calais :<\/strong><\/span><\/h2>\n<p style=\"text-align: center\"><strong><img decoding=\"async\" class=\"alignnone size-medium wp-image-3487\" src=\"https:\/\/sites.ffkarate.fr\/pasdecalais\/wp-content\/uploads\/sites\/83\/2024\/10\/WhatsApp-Image-2024-10-02-a-22.3-1-237x300.jpg\" alt=\"\" width=\"237\" height=\"300\" srcset=\"https:\/\/sites.ffkarate.fr\/pasdecalais\/wp-content\/uploads\/sites\/83\/2024\/10\/WhatsApp-Image-2024-10-02-a-22.3-1-237x300.jpg 237w, https:\/\/sites.ffkarate.fr\/pasdecalais\/wp-content\/uploads\/sites\/83\/2024\/10\/WhatsApp-Image-2024-10-02-a-22.3-1-810x1024.jpg 810w, https:\/\/sites.ffkarate.fr\/pasdecalais\/wp-content\/uploads\/sites\/83\/2024\/10\/WhatsApp-Image-2024-10-02-a-22.3-1-768x971.jpg 768w, https:\/\/sites.ffkarate.fr\/pasdecalais\/wp-content\/uploads\/sites\/83\/2024\/10\/WhatsApp-Image-2024-10-02-a-22.3-1.jpg 816w\" sizes=\"(max-width: 237px) 100vw, 237px\" \/><\/strong><\/p>\n<p style=\"text-align: center\"><strong>Laurent Z\u00e9lazny<\/strong><\/p>\n<p style=\"text-align: center\"><a href=\"mailto:cdkda62.grades@gmail.com\">cdkda62.grades@gmail.com<\/a><\/p>\n<p>&nbsp;<\/p>\n<hr \/>\n<p><strong>DOCUMENTS UTILES<\/strong><\/p>\n<p style=\"font-weight: 400\">Voici le lien vers la page de la FFKDA qui regroupe tous les documents relatifs aux passages de grades\u00a0:\u00a0<a href=\"https:\/\/www.ffkarate.fr\/espace-licencies\/passer-un-grade\/\" data-saferedirecturl=\"https:\/\/www.google.com\/url?q=https:\/\/www.ffkarate.fr\/espace-licencies\/passer-un-grade\/&amp;source=gmail&amp;ust=1732561774987000&amp;usg=AOvVaw0ok-H_iXzNGglww0tiYU3C\" target=\"_blank\" rel=\"noopener\">https:\/\/www.ffkarate.fr\/espace-licencies\/passer-un-grade\/<\/a><\/p>\n<p style=\"font-weight: 400\">Via ce lien vous aurez acc\u00e8s aux diff\u00e9rents document n\u00e9cessaires :<\/p>\n<ul style=\"font-weight: 400\">\n<li>R\u00e9glementation g\u00e9n\u00e9rale\n<ul>\n<li>R\u00e9glementation g\u00e9n\u00e9rale de la CSDGE 2024-2025<\/li>\n<li>R\u00e9sum\u00e9 de la r\u00e9glementation g\u00e9n\u00e9rale du 1<sup>er<\/sup>\u00a0dan en club<\/li>\n<\/ul>\n<\/li>\n<li>R\u00e9glementation technique\n<ul>\n<li>Un document de la r\u00e9glementation technique par discipline<\/li>\n<\/ul>\n<\/li>\n<li>Autres documents\n<ul>\n<li>Bordereau d\u2019admission du 1<sup>er<\/sup>\u00a0dan en club<\/li>\n<li>Demande de bonification en temps de pratique<\/li>\n<li>Formulaire grade adapt\u00e9<\/li>\n<li>Formulaire grade exceptionnel<\/li>\n<li>Formulaire \u00e9quivalence \u00e9trang\u00e8re<\/li>\n<li>Etc\u2026<\/li>\n<\/ul>\n<\/li>\n<\/ul>\n<p>&nbsp;<\/p>\n<hr \/>\n<p style=\"font-weight: 400\"><strong>STAGES JURYS ET CANDIDATS<\/strong><\/p>\n<p style=\"font-weight: 400\">R\u00e9glementation de la CSDGE pour la saison 2024-2025<\/p>\n<\/div>\n<p>&nbsp;<\/p>\n<div class=\"entry-content\">\n<p>Chapitre 3 : Juges des examens de dans et grades<\/p>\n<\/div>\n<p>&nbsp;<\/p>\n<div class=\"entry-content\">\n<p style=\"font-weight: 400\">Article 302 \u2013 Juges d\u00e9partementaux (page 26)<br \/>\n\u00ab\u00a0<em>Les postulants \u00e0 la fonction de juge d\u00e9partemental sont inform\u00e9s th\u00e9oriquement sur la r\u00e9glementation, par le responsable des grades d\u00e9partemental. Le fait d\u2019assister \u00e0 cette information octroie le titre de juge.<\/em>\u00a0\u00bb<\/p>\n<p style=\"font-weight: 400\">Chapitre 4\u00a0: R\u00e8gles g\u00e9n\u00e9rales aux examens de grades<\/p>\n<p style=\"font-weight: 400\">Article 402 \u2013 R\u00e8gles du 1<sup>er<\/sup>\u00a0au 3<sup>\u00e8me<\/sup>\u00a0Dan (page 27) et Article 403-A \u2013 R\u00e8gles du 4<sup>\u00e8me<\/sup>\u00a0et 5<sup>\u00e8me<\/sup>\u00a0Dan<\/p>\n<p style=\"font-weight: 400\">Il est possible d\u2019obtenir jusqu\u2019\u00e0 3 points de bonification par grade pr\u00e9sent\u00e9.<\/p>\n<p style=\"font-weight: 400\">Les conditions d\u2019obtention sont aux pages 27 et 28 de la r\u00e9glementation de la CSDGE<\/p>\n<p>&nbsp;<\/p>\n<hr \/>\n<p style=\"font-weight: 400\"><strong>INSCRIPTION AU PASSAGE DE GRADE<\/strong><\/p>\n<p style=\"font-weight: 400\">L\u2019inscription au passage de grade se fait d\u00e9sormais uniquement via la plateforme SIKADA, avec votre identifiant (N\u00b0 de licenci\u00e9).<\/p>\n<p style=\"font-weight: 400\">Les liens permettant de vous inscrire sont sur le calendrier du CDKDA62.<\/p>\n<p style=\"font-weight: 400\">En cliquant sur l\u2019\u00e9v\u00e9nement, vous trouverez le lien d\u2019inscription \u00e0 droite dans la section \u201cdocuments utiles\u201d.<\/p>\n<p style=\"font-weight: 400\">Votre dossier doit \u00eatre enregistr\u00e9 au minimum 30 jours avant la date de passage de grades, pass\u00e9 ce d\u00e9lai vous serez enregistr\u00e9 \u00e0 la session suivante de la m\u00eame saison sportive.<\/p>\n<p style=\"font-weight: 400\">Merci de remplir obligatoirement votre adresse mail ainsi qu\u2019un num\u00e9ro de portable.<\/p>\n<\/div>\n<p>&nbsp;<\/p>\n<p><strong><em><span style=\"text-decoration: underline\">Remarque<\/span><\/em> <\/strong>: Pour le passage 1er dan en club, l&rsquo;adresse d&rsquo;envoi des bordereaux du 1er dan club est \u00e0 adresser au : <span style=\"text-decoration: underline\"><strong>34, Rue du Premier Mai, 62680 M\u00e9ricourt<\/strong><\/span><\/p>\n<p>&nbsp;<\/p>\n<div class=\"entry-content\">\n<hr \/>\n<p style=\"font-weight: 400\"><strong>ADRESSE PASSAGES DE GRADES :<\/strong><\/p>\n<p style=\"font-weight: 400;text-align: left\">Complexe Sportif Haisnes<\/p>\n<p style=\"font-weight: 400;text-align: left\">Rue du 8 Mai<\/p>\n<p style=\"font-weight: 400;text-align: left\">(face au ch\u00e2teau d\u2019eau)<\/p>\n<p style=\"font-weight: 400;text-align: left\">62138 HAISNES<\/p>\n<p style=\"font-weight: 400;text-align: left\">Toutes les informations n\u00e9cessaires vous seront envoy\u00e9es par mail avant le passage de grade)<\/p>\n<\/div>\n<p>[\/vc_column_text][\/vc_column][\/vc_row]<\/p>\n<\/div>","protected":false},"excerpt":{"rendered":"<p>[vc_row][vc_column][vc_column_text] Responsable des grades D\u00e9partement du Pas de Calais : Laurent Z\u00e9lazny cdkda62.grades@gmail.com &nbsp; DOCUMENTS UTILES Voici le lien vers la page de la FFKDA qui regroupe tous les documents relatifs aux passages de grades\u00a0:\u00a0https:\/\/www.ffkarate.fr\/espace-licencies\/passer-un-grade\/ Via ce lien vous aurez acc\u00e8s aux diff\u00e9rents document n\u00e9cessaires : R\u00e9glementation g\u00e9n\u00e9rale R\u00e9glementation g\u00e9n\u00e9rale de la CSDGE 2024-2025 R\u00e9sum\u00e9 [&hellip;]<\/p>\n","protected":false},"author":131,"featured_media":123,"parent":0,"menu_order":0,"comment_status":"closed","ping_status":"closed","template":"","meta":{"footnotes":""},"class_list":["post-2009","page","type-page","status-publish","hentry"],"_links":{"self":[{"href":"https:\/\/sites.ffkarate.fr\/pasdecalais\/wp-json\/wp\/v2\/pages\/2009","targetHints":{"allow":["GET"]}}],"collection":[{"href":"https:\/\/sites.ffkarate.fr\/pasdecalais\/wp-json\/wp\/v2\/pages"}],"about":[{"href":"https:\/\/sites.ffkarate.fr\/pasdecalais\/wp-json\/wp\/v2\/types\/page"}],"author":[{"embeddable":true,"href":"https:\/\/sites.ffkarate.fr\/pasdecalais\/wp-json\/wp\/v2\/users\/131"}],"replies":[{"embeddable":true,"href":"https:\/\/sites.ffkarate.fr\/pasdecalais\/wp-json\/wp\/v2\/comments?post=2009"}],"version-history":[{"count":11,"href":"https:\/\/sites.ffkarate.fr\/pasdecalais\/wp-json\/wp\/v2\/pages\/2009\/revisions"}],"predecessor-version":[{"id":3749,"href":"https:\/\/sites.ffkarate.fr\/pasdecalais\/wp-json\/wp\/v2\/pages\/2009\/revisions\/3749"}],"wp:featuredmedia":[{"embeddable":true,"href":"https:\/\/sites.ffkarate.fr\/pasdecalais\/wp-json\/wp\/v2\/media\/123"}],"wp:attachment":[{"href":"https:\/\/sites.ffkarate.fr\/pasdecalais\/wp-json\/wp\/v2\/media?parent=2009"}],"curies":[{"name":"wp","href":"https:\/\/api.w.org\/{rel}","templated":true}]}}