{"id":215,"date":"2017-11-06T19:10:38","date_gmt":"2017-11-06T18:10:38","guid":{"rendered":"https:\/\/sites.ffkarate.fr\/pasdecalais\/?page_id=215"},"modified":"2021-05-25T19:21:06","modified_gmt":"2021-05-25T17:21:06","slug":"resultats","status":"publish","type":"page","link":"https:\/\/sites.ffkarate.fr\/pasdecalais\/formations\/resultats\/","title":{"rendered":"Les R\u00e9sultats"},"content":{"rendered":"<div class=\"wpb-content-wrapper\"><p>[vc_row][vc_column][vc_column_text]<\/p>\n<h2 style=\"text-align: center\"><\/h2>\n<h2>Activit\u00e9 d\u2019enseignant b\u00e9n\u00e9vole<\/h2>\n<p><strong>Formations organis\u00e9es par les \u00e9coles D\u00e9partementales de formation (contactez votre Comit\u00e9 D\u00e9partemental)<\/strong><\/p>\n<p style=\"text-align: center\"><a href=\"https:\/\/sites.ffkarate.fr\/pasdecalais\/wp-content\/uploads\/sites\/83\/2017\/11\/20171001_111458.jpg\"><img decoding=\"async\" class=\" wp-image-268 alignleft\" src=\"https:\/\/sites.ffkarate.fr\/pasdecalais\/wp-content\/uploads\/sites\/83\/2017\/11\/20171001_111458-190x300.jpg\" alt=\"20171001_111458\" width=\"111\" height=\"175\" \/><\/a>Le Responsable D\u00e9partemental de la formation est<br \/>\n<strong>David PETIT <\/strong><\/p>\n<p style=\"text-align: center\">10 R\u00e9sidence les Alouettes<\/p>\n<p style=\"text-align: center\">62910 Eperlecques<\/p>\n<p style=\"text-align: left\">06 70 53 31 15<br \/>\n<a href=\"mailto:formation.cdkda62@outlook.fr\">formation.cdkda62@outlook.fr<\/a><\/p>\n<blockquote>\n<ul>\n<li><strong>Attestation F\u00e9d\u00e9rale d\u2019Assistant (AFA)<\/strong><br \/>\n<em>L\u2019AFA est une attestation permettant \u00e0 son titulaire \u00e2g\u00e9 de 14 \u00e0 18 ans d\u2019assister b\u00e9n\u00e9volement le professeur du club durant ses cours.<\/em><\/li>\n<li><strong>Dipl\u00f4me d\u2019Animateur F\u00e9d\u00e9ral (DAF)<\/strong><br \/>\n<em>Le DAF permet l\u2019animation b\u00e9n\u00e9vole en pleine autonomie.\u00a0 Le DAF\u00a0<\/em><em>est une premi\u00e8re \u00e9tape avant la formation au Dipl\u00f4me d&rsquo;Instructeur F\u00e9d\u00e9ral\u00a0\u00a0(DIF)<\/em><\/li>\n<\/ul>\n<\/blockquote>\n<p>&nbsp;<\/p>\n<p style=\"text-align: center\"><strong>R\u00e9sultats\u00a0 saison 2019-2020:<\/strong><\/p>\n<p style=\"text-align: center\">(liste des admis)<\/p>\n<p style=\"text-align: left\"><strong>Session du 7 d\u00e9cembre 2019<\/strong><\/p>\n<p style=\"text-align: left\"><strong><span style=\"color: #3366ff\">DAF :<\/span><\/strong><\/p>\n<p style=\"text-align: left\">M. CHEBIRA Moktar<\/p>\n<p style=\"text-align: left\">M. LASSALLE C\u00e9dric<\/p>\n<p style=\"text-align: left\">M. PETIT K\u00e9vin<\/p>\n<p style=\"text-align: left\">M. CARBONNIER J\u00e9r\u00f4me<\/p>\n<p style=\"text-align: left\">M. DAMIENS Dylan<\/p>\n<p style=\"text-align: left\">Mme. JAFFART Nancy<\/p>\n<p style=\"text-align: left\">M. BENINTENDE R\u00e9nato<\/p>\n<p style=\"text-align: left\">M. STOREZ Christian<\/p>\n<p style=\"text-align: left\">M. LENNE Ren\u00e9<\/p>\n<p style=\"text-align: left\">M. CHANTELOUP Arnaud<\/p>\n<p style=\"text-align: left\">Mme. CARPENTIER Amandine<\/p>\n<p style=\"text-align: left\"><strong>Session du\u00a08 f\u00e9vrier 2020<\/strong><\/p>\n<p style=\"text-align: left\"><strong><span style=\"color: #3366ff\">AFA :<\/span><\/strong><\/p>\n<p style=\"text-align: left\">M. DELAVIER Matt\u00e9o<\/p>\n<p style=\"text-align: left\">Mme VASSEUR Lucie<\/p>\n<p style=\"text-align: left\">M. GOESAERT Bryan<\/p>\n<p style=\"text-align: left\">M. PETIT Yoann<\/p>\n<p style=\"text-align: left\">M. DENIS Hugo<\/p>\n<p style=\"text-align: left\"><strong><span style=\"color: #3366ff\">DAF :<\/span><\/strong><\/p>\n<p style=\"text-align: left\">M. LEFEBVRE Vincent<\/p>\n<p style=\"text-align: left\">M. DELAVIER Brandon<\/p>\n<p style=\"text-align: left\">M. HECQUET Fabrice<\/p>\n<blockquote>\n<p style=\"text-align: center\"><strong>R\u00e9sultats\u00a0 saison 2018-2019:<\/strong><\/p>\n<p style=\"text-align: center\">(liste des admis)<\/p>\n<p><strong>Session du 9 d\u00e9cembre 2018<\/strong><\/p>\n<p><strong><span style=\"color: #3366ff\">AFA :<\/span><\/strong><\/p>\n<p>Mme HAAS Margot<\/p>\n<p><strong><span style=\"color: #3366ff\">DAF :<\/span><\/strong><\/p>\n<p>M. DUPONT Geoffrey<\/p>\n<p>M. FLOMET Franck<\/p>\n<p>M. GUILAIN Thomas<\/p>\n<p>M. CALOIN Geoffrey<\/p>\n<p>Mme. PLAISANT Armelle<\/p>\n<p>M. PLAISANT Arnaud<\/p>\n<p>M. LECLERCQ Patrick<\/p>\n<p>&nbsp;<\/p>\n<p><strong>Session du 3 f\u00e9vrier 2019<\/strong><\/p>\n<p><strong><span style=\"color: #3366ff\">AFA :<\/span><\/strong><\/p>\n<p>Mme. WERQUIN Lina<\/p>\n<p>Mme. BOUTILLIER M\u00e9lody<\/p>\n<p>Mme. CARPENTIER Amandine<\/p>\n<p><strong><span style=\"color: #3366ff\">DAF :<\/span><\/strong><\/p>\n<p>M. TAS Fran\u00e7ois<\/p>\n<p>M. LEMAIRE Raynald<\/p>\n<p>M. BERTIN Michel<\/p>\n<p>Mme. CAZIER Line<\/p>\n<p>M. BESSON Philippe<\/p>\n<p>M. BOCEBAINE Foudhil<\/p>\n<p>M. RIBU Dany<\/p>\n<p>M. WILLEMS Fr\u00e9d\u00e9ric<\/p>\n<p>M. WAWRZYNIAK Sylvain<\/p>\n<p>M. LECOINTE Arnaud<\/p>\n<p>&nbsp;<\/p><\/blockquote>\n<p>&nbsp;<\/p>\n<p>[\/vc_column_text][\/vc_column][\/vc_row]<\/p>\n<\/div>","protected":false},"excerpt":{"rendered":"<p>[vc_row][vc_column][vc_column_text] Activit\u00e9 d\u2019enseignant b\u00e9n\u00e9vole Formations organis\u00e9es par les \u00e9coles D\u00e9partementales de formation (contactez votre Comit\u00e9 D\u00e9partemental) Le Responsable D\u00e9partemental de la formation est David PETIT 10 R\u00e9sidence les Alouettes 62910 Eperlecques 06 70 53 31 15 formation.cdkda62@outlook.fr Attestation F\u00e9d\u00e9rale d\u2019Assistant (AFA) L\u2019AFA est une attestation permettant \u00e0 son titulaire \u00e2g\u00e9 de 14 \u00e0 18 ans [&hellip;]<\/p>\n","protected":false},"author":131,"featured_media":0,"parent":27,"menu_order":0,"comment_status":"closed","ping_status":"closed","template":"","meta":{"footnotes":""},"class_list":["post-215","page","type-page","status-publish","hentry"],"_links":{"self":[{"href":"https:\/\/sites.ffkarate.fr\/pasdecalais\/wp-json\/wp\/v2\/pages\/215","targetHints":{"allow":["GET"]}}],"collection":[{"href":"https:\/\/sites.ffkarate.fr\/pasdecalais\/wp-json\/wp\/v2\/pages"}],"about":[{"href":"https:\/\/sites.ffkarate.fr\/pasdecalais\/wp-json\/wp\/v2\/types\/page"}],"author":[{"embeddable":true,"href":"https:\/\/sites.ffkarate.fr\/pasdecalais\/wp-json\/wp\/v2\/users\/131"}],"replies":[{"embeddable":true,"href":"https:\/\/sites.ffkarate.fr\/pasdecalais\/wp-json\/wp\/v2\/comments?post=215"}],"version-history":[{"count":2,"href":"https:\/\/sites.ffkarate.fr\/pasdecalais\/wp-json\/wp\/v2\/pages\/215\/revisions"}],"predecessor-version":[{"id":2000,"href":"https:\/\/sites.ffkarate.fr\/pasdecalais\/wp-json\/wp\/v2\/pages\/215\/revisions\/2000"}],"up":[{"embeddable":true,"href":"https:\/\/sites.ffkarate.fr\/pasdecalais\/wp-json\/wp\/v2\/pages\/27"}],"wp:attachment":[{"href":"https:\/\/sites.ffkarate.fr\/pasdecalais\/wp-json\/wp\/v2\/media?parent=215"}],"curies":[{"name":"wp","href":"https:\/\/api.w.org\/{rel}","templated":true}]}}