{"id":4,"date":"2021-05-07T15:35:17","date_gmt":"2021-05-07T13:35:17","guid":{"rendered":"https:\/\/sites.ffkarate.fr\/pasdecalais\/?page_id=4"},"modified":"2025-10-23T15:41:27","modified_gmt":"2025-10-23T13:41:27","slug":"presentation","status":"publish","type":"page","link":"https:\/\/sites.ffkarate.fr\/pasdecalais\/presentation\/","title":{"rendered":"Pr\u00e9sentation"},"content":{"rendered":"<div class=\"wpb-content-wrapper\"><p>[vc_row full_width=\u00a0\u00bbstretch_row_content\u00a0\u00bb bg_grey=\u00a0\u00bb1&Prime;][vc_column width=\u00a0\u00bb1\/4&Prime;][ffk_peoplecard title=\u00a0\u00bbOlivier Macquart\u00a0\u00bb subtitle=\u00a0\u00bbPr\u00e9sident\u00a0\u00bb image=\u00a0\u00bb3523&Prime;][\/vc_column][vc_column width=\u00a0\u00bb3\/4&Prime;][vc_column_text]<\/p>\n<blockquote><p><em>\u00ab\u00a0Bienvenue sur le site officiel du Comit\u00e9 d\u00e9partemental\u00a0<\/em><\/p>\n<p><em>Vous trouverez sur ce site toute l\u2019actualit\u00e9 du karat\u00e9 et de ses disciplines associ\u00e9es :<\/em><br \/>\n<em>le calendrier des diff\u00e9rentes comp\u00e9titions, les passages de grade, stages et autres manifestations, mais aussi toutes les informations et documents n\u00e9cessaires aux dirigeants des clubs ainsi qu\u2019aux licenci\u00e9s.<\/em><\/p>\n<p><em>Bonne visite.\u00a0\u00bb <\/em><\/p>\n<p><strong>Le Pr\u00e9sident du Comit\u00e9 d\u00e9partemental<\/strong><\/p><\/blockquote>\n<p>[\/vc_column_text][\/vc_column][\/vc_row][vc_row][vc_column][vc_empty_space height=\u00a0\u00bb40&Prime;][vc_empty_space height=\u00a0\u00bb40&Prime;][vc_row_inner][vc_column_inner][vc_column_text]<\/p>\n<h3 class=\"entry-title\" style=\"text-align: center\"><strong><span style=\"color: #1423a0\">COMIT\u00c9 DIRECTEUR<\/span><\/strong><\/h3>\n<h6 style=\"text-align: center\">OLYMPIADE 2024\/2028<\/h6>\n<p>[\/vc_column_text][\/vc_column_inner][\/vc_row_inner][vc_row_inner equal_height=\u00a0\u00bbyes\u00a0\u00bb css=\u00a0\u00bb.vc_custom_1617006214271{border-bottom-width: 10px !important;}\u00a0\u00bb][vc_column_inner width=\u00a0\u00bb1\/3&Prime;][ffk_peoplecard title=\u00a0\u00bbOlivier Macquart\u00a0\u00bb subtitle=\u00a0\u00bbPr\u00e9sident\u00a0\u00bb image=\u00a0\u00bb3523&Prime;][ffk_peoplecard title=\u00a0\u00bbMichel Delbarre\u00a0\u00bb subtitle=\u00a0\u00bbVice-Pr\u00e9sident\u00a0\u00bb image=\u00a0\u00bb3519&Prime;][\/vc_column_inner][vc_column_inner width=\u00a0\u00bb1\/3&Prime;][ffk_peoplecard title=\u00a0\u00bbJean Pierre Dal\u00a0\u00bb subtitle=\u00a0\u00bbSecr\u00e9taire G\u00e9n\u00e9ral\u00a0\u00bb image=\u00a0\u00bb3538&Prime;][ffk_peoplecard title=\u00a0\u00bbJohan Degrugillier\u00a0\u00bb subtitle=\u00a0\u00bbSecr\u00e9taire Adjoint\u00a0\u00bb image=\u00a0\u00bb3530&Prime;][\/vc_column_inner][vc_column_inner width=\u00a0\u00bb1\/3&Prime;][ffk_peoplecard title=\u00a0\u00bbSandrine Lahmara\u00a0\u00bb subtitle=\u00a0\u00bbTr\u00e9sori\u00e8re G\u00e9n\u00e9rale\u00a0\u00bb image=\u00a0\u00bb3505&Prime;][ffk_peoplecard title=\u00a0\u00bbOlivier Doublet\u00a0\u00bb subtitle=\u00a0\u00bbTr\u00e9sorier Adjoint\u00a0\u00bb image=\u00a0\u00bb3481&Prime;][\/vc_column_inner][\/vc_row_inner][\/vc_column][\/vc_row][vc_row][vc_column][vc_row_inner][vc_column_inner][vc_column_text]<\/p>\n<h3 class=\"entry-title\" style=\"text-align: center\"><strong><span style=\"color: #1423a0\">MEMBRES DU CONSEIL D&rsquo;ADMINISTRATION<br \/>\n<\/span><\/strong><\/h3>\n<h6 style=\"text-align: center\">OLYMPIADE 2024\/2028<\/h6>\n<p>[\/vc_column_text][\/vc_column_inner][\/vc_row_inner][vc_row_inner][vc_column_inner width=\u00a0\u00bb1\/5&Prime;][ffk_peoplecard image=\u00a0\u00bb3523&Prime; title=\u00a0\u00bbOlivier Macquart\u00a0\u00bb][\/vc_column_inner][vc_column_inner width=\u00a0\u00bb1\/5&Prime;][ffk_peoplecard title=\u00a0\u00bbMichel Delbarre\u00a0\u00bb image=\u00a0\u00bb3519&Prime;][\/vc_column_inner][vc_column_inner width=\u00a0\u00bb1\/5&Prime;][ffk_peoplecard title=\u00a0\u00bbJean Pierre Dal\u00a0\u00bb image=\u00a0\u00bb3538&Prime;][\/vc_column_inner][vc_column_inner width=\u00a0\u00bb1\/5&Prime;][ffk_peoplecard title=\u00a0\u00bbSerge Cal\u00a0\u00bb image=\u00a0\u00bb274&Prime;][\/vc_column_inner][vc_column_inner width=\u00a0\u00bb1\/5&Prime;][ffk_peoplecard title=\u00a0\u00bbSandrine Lahmara\u00a0\u00bb image=\u00a0\u00bb3505&Prime;][\/vc_column_inner][\/vc_row_inner][vc_row_inner][vc_column_inner width=\u00a0\u00bb1\/5&Prime;][ffk_peoplecard title=\u00a0\u00bbMargaux Cal\u00a0\u00bb image=\u00a0\u00bb3536&Prime;][\/vc_column_inner][vc_column_inner width=\u00a0\u00bb1\/5&Prime;][ffk_peoplecard title=\u00a0\u00bbYannick Delmotte\u00a0\u00bb image=\u00a0\u00bb3520&Prime;][\/vc_column_inner][vc_column_inner width=\u00a0\u00bb1\/5&Prime;][ffk_peoplecard title=\u00a0\u00bbFouad Lahmara\u00a0\u00bb image=\u00a0\u00bb3506&Prime;][\/vc_column_inner][vc_column_inner width=\u00a0\u00bb1\/5&Prime;][ffk_peoplecard title=\u00a0\u00bbOlivier Doublet\u00a0\u00bb image=\u00a0\u00bb3481&Prime;][\/vc_column_inner][vc_column_inner width=\u00a0\u00bb1\/5&Prime;][ffk_peoplecard title=\u00a0\u00bbJohan Degrugillier\u00a0\u00bb image=\u00a0\u00bb3530&Prime;][\/vc_column_inner][\/vc_row_inner][vc_row_inner][vc_column_inner width=\u00a0\u00bb1\/5&Prime;][ffk_peoplecard title=\u00a0\u00bbNo\u00ebl Lecas\u00a0\u00bb image=\u00a0\u00bb3522&Prime;][\/vc_column_inner][vc_column_inner width=\u00a0\u00bb1\/5&Prime;][ffk_peoplecard title=\u00a0\u00bbLaurent Z\u00e9lazny\u00a0\u00bb image=\u00a0\u00bb3487&Prime;][\/vc_column_inner][\/vc_row_inner][\/vc_column][\/vc_row][vc_row][vc_column][vc_empty_space][vc_empty_space][vc_column_text]<\/p>\n<h3 class=\"entry-title\" style=\"text-align: center\"><strong><span style=\"color: #1423a0\">\u00c9QUIPE TECHNIQUE<br \/>\n<\/span><\/strong><\/h3>\n<h6 style=\"text-align: center\">OLYMPIADE 2024\/2028<\/h6>\n<p>[\/vc_column_text][vc_row_inner][vc_column_inner width=\u00a0\u00bb1\/4&Prime;][ffk_peoplecard subtitle=\u00a0\u00bbDIRECTEUR TECHNIQUE D\u00c9PARTEMENTAL\u00a0\u00bb title=\u00a0\u00bbNo\u00ebl Lecas\u00a0\u00bb image=\u00a0\u00bb3522&Prime;][\/vc_column_inner][vc_column_inner width=\u00a0\u00bb1\/4&Prime;][ffk_peoplecard subtitle=\u00a0\u00bbRESPONSABLE ARBITRAGE\u00a0\u00bb title=\u00a0\u00bbFabrice Bouillez\u00a0\u00bb image=\u00a0\u00bb2719&Prime;][\/vc_column_inner][vc_column_inner width=\u00a0\u00bb1\/4&Prime;][ffk_peoplecard title=\u00a0\u00bbLaurent Z\u00e9lazny\u00a0\u00bb subtitle=\u00a0\u00bbRESPONSABLE DES GRADES\u00a0\u00bb image=\u00a0\u00bb3487&Prime;][\/vc_column_inner][vc_column_inner width=\u00a0\u00bb1\/4&Prime;][ffk_peoplecard subtitle=\u00a0\u00bbRESP. ECOLE DE FORMATION\u00a0\u00bb title=\u00a0\u00bbMehdi Mimoune\u00a0\u00bb image=\u00a0\u00bb3474&Prime;][\/vc_column_inner][\/vc_row_inner][vc_empty_space height=\u00a0\u00bb40&Prime;][vc_column_text]<\/p>\n<h3 class=\"entry-title\" style=\"text-align: center\"><strong><span style=\"color: #1423a0\">COMMISSION<br \/>\n<\/span><\/strong><\/h3>\n<h6 style=\"text-align: center\">OLYMPIADE 2024\/2028<\/h6>\n<p>[\/vc_column_text][\/vc_column][\/vc_row][vc_row][vc_column width=\u00a0\u00bb5\/5&Prime;][vc_tta_tabs][vc_tta_section title=\u00a0\u00bbCommission Sportive et Arbitrage\u00a0\u00bb tab_id=\u00a0\u00bb1619027906414-d3fbb143-62916360-5cde\u00a0\u00bb][vc_column_text]<span style=\"font-weight: 400\">Responsable commission : <span style=\"text-decoration: underline\"><strong>Michel DELBARRE<\/strong><\/span><\/span><\/p>\n<ul>\n<li style=\"text-align: left\"><span style=\"font-weight: 400\">Yannick DELMOTTE<\/span><\/li>\n<li style=\"text-align: left\"><span style=\"font-weight: 400\">Johan DEGRUGILLIER<\/span><\/li>\n<li style=\"text-align: left\">Roger Sailly<\/li>\n<\/ul>\n<p>[\/vc_column_text][\/vc_tta_section][vc_tta_section title=\u00a0\u00bbCommission KARATE DO\u00a0\u00bb tab_id=\u00a0\u00bb1727893945278-73a61655-3664&Prime;][vc_column_text]Yannick DELMOTTE<\/p>\n<p>Ahc\u00e8ne YATTA<\/p>\n<p>Laurent ZELAZNY<\/p>\n<p>Johan DEGRUGILLIER[\/vc_column_text][\/vc_tta_section][vc_tta_section title=\u00a0\u00bbCommission Kmix\u00a0\u00bb tab_id=\u00a0\u00bb1619027906425-92628a11-ca516360-5cde\u00a0\u00bb][vc_column_text]<span style=\"font-weight: 400\">Serge CAL<\/span>[\/vc_column_text][\/vc_tta_section][vc_tta_section title=\u00a0\u00bbCommission Full Contact\u00a0\u00bb tab_id=\u00a0\u00bb1621947389937-4b394a38-630d\u00a0\u00bb][vc_column_text]Fr\u00e9d\u00e9ric BASTIEN[\/vc_column_text][\/vc_tta_section][vc_tta_section title=\u00a0\u00bbCommission Kemposhinkai\u00a0\u00bb tab_id=\u00a0\u00bb1621947396903-3d1a58a8-f138&Prime;][vc_column_text]Serge CAL[\/vc_column_text][\/vc_tta_section][vc_tta_section title=\u00a0\u00bbCommission Tai Jutsu\u00a0\u00bb tab_id=\u00a0\u00bb1727893865799-195baaa4-3a27&Prime;][vc_column_text]Jean Pierre DAL[\/vc_column_text][\/vc_tta_section][vc_tta_section title=\u00a0\u00bbCommission Krav Maga\u00a0\u00bb tab_id=\u00a0\u00bb1727893897358-227dd725-7864&Prime;][vc_column_text]Noel LECAS[\/vc_column_text][\/vc_tta_section][vc_tta_section title=\u00a0\u00bbCommission YOSEIKAN BUDO\u00a0\u00bb tab_id=\u00a0\u00bb1727894036642-54844b20-e8b4&Prime;][vc_column_text]Nordine BOUMA HAMED \/ Raymond RYU[\/vc_column_text][\/vc_tta_section][vc_tta_section title=\u00a0\u00bbCommission FEMININE\u00a0\u00bb tab_id=\u00a0\u00bb1727893963328-e9ac0094-cf59&Prime;][vc_column_text]Margaux CAL[\/vc_column_text][\/vc_tta_section][vc_tta_section title=\u00a0\u00bbCommission HANDI KARATE\u00a0\u00bb tab_id=\u00a0\u00bb1727893981310-7c9ec216-765a\u00a0\u00bb][vc_column_text]Cindy FLAMENT et Serge CAL[\/vc_column_text][\/vc_tta_section][vc_tta_section title=\u00a0\u00bbCommission KARATE SCOLAIRE\u00a0\u00bb tab_id=\u00a0\u00bb1727893998391-cd8c5be9-21ec\u00a0\u00bb][vc_column_text]Laurent LECOUSTRE \/ Mehdi MIMOUNE \/ Margaux CAL \/ Johan DEGRUGILLER.[\/vc_column_text][\/vc_tta_section][vc_tta_section title=\u00a0\u00bbCommission SANTE\u00a0\u00bb tab_id=\u00a0\u00bb1727894017924-9528d04e-1106&Prime;][vc_column_text]Sandrine LEMAIRE[\/vc_column_text][\/vc_tta_section][\/vc_tta_tabs][\/vc_column][\/vc_row]<\/p>\n<\/div>","protected":false},"excerpt":{"rendered":"<p>[vc_row full_width=\u00a0\u00bbstretch_row_content\u00a0\u00bb bg_grey=\u00a0\u00bb1&Prime;][vc_column width=\u00a0\u00bb1\/4&Prime;][ffk_peoplecard title=\u00a0\u00bbOlivier Macquart\u00a0\u00bb subtitle=\u00a0\u00bbPr\u00e9sident\u00a0\u00bb image=\u00a0\u00bb3523&Prime;][\/vc_column][vc_column width=\u00a0\u00bb3\/4&Prime;][vc_column_text] \u00ab\u00a0Bienvenue sur le site officiel du Comit\u00e9 d\u00e9partemental\u00a0 Vous trouverez sur ce site toute l\u2019actualit\u00e9 du karat\u00e9 et de ses disciplines associ\u00e9es : le calendrier des diff\u00e9rentes comp\u00e9titions, les passages de grade, stages et autres manifestations, mais aussi toutes les informations et documents n\u00e9cessaires aux dirigeants [&hellip;]<\/p>\n","protected":false},"author":1,"featured_media":0,"parent":0,"menu_order":0,"comment_status":"closed","ping_status":"closed","template":"page-fullwidth.php","meta":{"footnotes":""},"class_list":["post-4","page","type-page","status-publish","hentry"],"_links":{"self":[{"href":"https:\/\/sites.ffkarate.fr\/pasdecalais\/wp-json\/wp\/v2\/pages\/4","targetHints":{"allow":["GET"]}}],"collection":[{"href":"https:\/\/sites.ffkarate.fr\/pasdecalais\/wp-json\/wp\/v2\/pages"}],"about":[{"href":"https:\/\/sites.ffkarate.fr\/pasdecalais\/wp-json\/wp\/v2\/types\/page"}],"author":[{"embeddable":true,"href":"https:\/\/sites.ffkarate.fr\/pasdecalais\/wp-json\/wp\/v2\/users\/1"}],"replies":[{"embeddable":true,"href":"https:\/\/sites.ffkarate.fr\/pasdecalais\/wp-json\/wp\/v2\/comments?post=4"}],"version-history":[{"count":12,"href":"https:\/\/sites.ffkarate.fr\/pasdecalais\/wp-json\/wp\/v2\/pages\/4\/revisions"}],"predecessor-version":[{"id":4514,"href":"https:\/\/sites.ffkarate.fr\/pasdecalais\/wp-json\/wp\/v2\/pages\/4\/revisions\/4514"}],"wp:attachment":[{"href":"https:\/\/sites.ffkarate.fr\/pasdecalais\/wp-json\/wp\/v2\/media?parent=4"}],"curies":[{"name":"wp","href":"https:\/\/api.w.org\/{rel}","templated":true}]}}