{"id":518,"date":"2015-12-15T17:50:43","date_gmt":"2015-12-15T16:50:43","guid":{"rendered":"https:\/\/sites.ffkarate.fr\/paysdelaloire\/?page_id=518"},"modified":"2015-12-15T17:50:43","modified_gmt":"2015-12-15T16:50:43","slug":"medailles-jeunesse-et-sports","status":"publish","type":"page","link":"https:\/\/sites.ffkarate.fr\/paysdelaloire\/stages\/la-ligue\/medailles-jeunesse-et-sports\/","title":{"rendered":"M\u00e9daill\u00e9s Jeunesse et Sports"},"content":{"rendered":"<div class=\"wpb-content-wrapper\"><p>[vc_row][vc_column][vc_column_text]<\/p>\n<h2>M\u00e9daill\u00e9s d&rsquo;or<\/h2>\n<div><b>AUGEREAU<\/b> Daniel (44)<br \/>\n<b>BOUCABEILLE <\/b>Claude (44)<br \/>\n<b>CHEVALIER <\/b>Michel (44)<br \/>\n<b>HADDAD<\/b> Nabegh (44)<\/div>\n<div><strong>LEVIAVANT<\/strong> Alain (44)<\/div>\n<div><strong>LOUVIGNY<\/strong> Fran\u00e7oise (49)<\/div>\n<div><b>VALENTI <\/b>Franck (44)<\/div>\n<div><\/div>\n<div>\n<hr \/>\n<\/div>\n<h2>M\u00e9daill\u00e9s d&rsquo;argent<\/h2>\n<div><b>BOISNAULT <\/b>Lo\u00efc (49)<b><br \/>\n<\/b><\/div>\n<div><strong>BOSCH<\/strong> Fabrice (44)<\/div>\n<div><b>CAHIER<\/b> Didier (49)<\/div>\n<div><strong>HURTH<\/strong> Christian (49)<\/div>\n<div><strong>GEAY<\/strong> Michelle (44)<br \/>\n<b>LEBRUN<\/b> Michel (44)<\/div>\n<div><strong>LE MARCHAND<\/strong> Jacky (44)<\/div>\n<div><strong>LE MEIGNEN<\/strong> Philippe (44)<\/div>\n<div><strong>MAUNIT<\/strong> Martine (53)<\/div>\n<div><b>MAUNIT<\/b> St\u00e9phy (53)<\/div>\n<div><b>MAUNIT<\/b> Xavier (53)<br \/>\n<b>RECHDAOUI<\/b> Ali (44)<br \/>\n<b>RIO <\/b>Alain (44)<\/div>\n<div><strong>SFORZA<\/strong> Philippe (44)<\/div>\n<div><strong>SUTEAU<\/strong> Didier (44)<br \/>\n<b>TILLARD<\/b> Guy (85)<br \/>\n<b>VIGNERON<\/b> Jean-Paul (44)<\/div>\n<div>\n<hr \/>\n<\/div>\n<h2>M\u00e9daill\u00e9s de bronze<\/h2>\n<div><b>ARCHAMBAUD<\/b> Alain (44)<br \/>\n<b>BASTARD<\/b> Dominique (44)<\/div>\n<div><strong>BELHOMME<\/strong> Brigitte (49)<\/div>\n<div><strong>BOISNAULT<\/strong> Lo\u00efc (49)<br \/>\n<b>BOSCH<\/b> Fabrice (44)<br \/>\n<b>BRAITEAU<\/b> Alain (72)<\/div>\n<div><strong>BRIAND<\/strong> Louis (44)<br \/>\n<b>BUTTY<\/b> Alain (44)<br \/>\n<b>CAHIER<\/b>\u00a0Jeannine (49)<br \/>\n<b>CHATEAU <\/b>Alain (44)<\/div>\n<div><strong>CHERKIT<\/strong> Patrick (49)<br \/>\n<b>CORMON <\/b>Robert (44)<\/div>\n<div>COZIEN Philippe (44)<\/div>\n<div><strong>COUVIN<\/strong> Ivan (44)<br \/>\n<b>ECOLAN <\/b>Bruno (44)<br \/>\n<b>ECOLE <\/b>Catherine (44)<\/div>\n<div><strong>FAVREAU<\/strong> Laure (44)<br \/>\n<b>GEAY<\/b> Michelle (44)<br \/>\n<b>GEAY<\/b> Patrice (44)<\/div>\n<div><strong>GREGOIRE<\/strong>\u00a0Alain (44)<\/div>\n<div><strong>GROSSEAU<\/strong> Camille (44)<br \/>\n<b>GUERLOT<\/b> Dominique (44)<br \/>\n<b>HERVY<\/b> Claude (53)<\/div>\n<div><strong>HILARION<\/strong> Denis (49)<br \/>\n<b>JOSSO<\/b> Michel (44)<br \/>\n<b>LAGNEL<\/b> Philippe (53)<br \/>\n<b>LAUNAY<\/b> Alain (44)<br \/>\n<b>LEFLOC&rsquo;H <\/b>Jean Pierre (44)<br \/>\n<b>LEVESQUE<\/b> Fr\u00e9d\u00e9rique (53)<br \/>\n<b>LIEBERT<\/b> Michel (53)<\/div>\n<div><strong>LINAIS<\/strong> S\u00e9verine (53)<\/div>\n<div><strong>LOUVIGNY<\/strong> Denis (49)<\/div>\n<div><strong>MALLET<\/strong> Patrice (49)<br \/>\n<b>MANCEAU<\/b> Jo\u00ebl (53)<br \/>\n<b>MIGNE<\/b> Lionel (85)<br \/>\n<b>PACAUD<\/b> Jean-Christophe (44)<\/div>\n<div><strong>PERRAIS<\/strong> Val\u00e9rie (44)<br \/>\n<b>RIO<\/b> Patrick (44)<\/div>\n<div><strong>SALLES<\/strong> Ir\u00e8ne (49)<br \/>\n<b>SISTO<\/b> Anise (44)<br \/>\n<b>SOULARD <\/b>Patricia (44)<br \/>\n<b>TARLEVE<\/b> J\u00e9r\u00f4me (53)<br \/>\n<b>TILLARD<\/b> Th\u00e9r\u00e8se (85)<br \/>\n<b>TINGUY<\/b> Philippe (44)<\/div>\n<div><strong>VAILLANT<\/strong> Christian (44)<br \/>\n<b>WARNECK <\/b>Christiane (44)<\/div>\n<div><\/div>\n<hr style=\"clear: both;margin-top: 20px\" \/>[\/vc_column_text][\/vc_column][\/vc_row]<\/p>\n<\/div>","protected":false},"excerpt":{"rendered":"<p>[vc_row][vc_column][vc_column_text] M\u00e9daill\u00e9s d&rsquo;or AUGEREAU Daniel (44) BOUCABEILLE Claude (44) CHEVALIER Michel (44) HADDAD Nabegh (44) LEVIAVANT Alain (44) LOUVIGNY Fran\u00e7oise (49) VALENTI Franck (44) M\u00e9daill\u00e9s d&rsquo;argent BOISNAULT Lo\u00efc (49) BOSCH Fabrice (44) CAHIER Didier (49) HURTH Christian (49) GEAY Michelle (44) LEBRUN Michel (44) LE MARCHAND Jacky (44) LE MEIGNEN Philippe (44) MAUNIT Martine (53) [&hellip;]<\/p>\n","protected":false},"author":132,"featured_media":0,"parent":50,"menu_order":0,"comment_status":"closed","ping_status":"closed","template":"","meta":{"footnotes":""},"class_list":["post-518","page","type-page","status-publish","hentry"],"_links":{"self":[{"href":"https:\/\/sites.ffkarate.fr\/paysdelaloire\/wp-json\/wp\/v2\/pages\/518","targetHints":{"allow":["GET"]}}],"collection":[{"href":"https:\/\/sites.ffkarate.fr\/paysdelaloire\/wp-json\/wp\/v2\/pages"}],"about":[{"href":"https:\/\/sites.ffkarate.fr\/paysdelaloire\/wp-json\/wp\/v2\/types\/page"}],"author":[{"embeddable":true,"href":"https:\/\/sites.ffkarate.fr\/paysdelaloire\/wp-json\/wp\/v2\/users\/132"}],"replies":[{"embeddable":true,"href":"https:\/\/sites.ffkarate.fr\/paysdelaloire\/wp-json\/wp\/v2\/comments?post=518"}],"version-history":[{"count":1,"href":"https:\/\/sites.ffkarate.fr\/paysdelaloire\/wp-json\/wp\/v2\/pages\/518\/revisions"}],"predecessor-version":[{"id":9702,"href":"https:\/\/sites.ffkarate.fr\/paysdelaloire\/wp-json\/wp\/v2\/pages\/518\/revisions\/9702"}],"up":[{"embeddable":true,"href":"https:\/\/sites.ffkarate.fr\/paysdelaloire\/wp-json\/wp\/v2\/pages\/50"}],"wp:attachment":[{"href":"https:\/\/sites.ffkarate.fr\/paysdelaloire\/wp-json\/wp\/v2\/media?parent=518"}],"curies":[{"name":"wp","href":"https:\/\/api.w.org\/{rel}","templated":true}]}}