{"id":9598,"date":"2025-11-06T15:52:44","date_gmt":"2025-11-06T14:52:44","guid":{"rendered":"https:\/\/sites.ffkarate.fr\/paysdelaloire\/?page_id=9598"},"modified":"2025-11-06T15:52:44","modified_gmt":"2025-11-06T14:52:44","slug":"la-vie-des-clubs","status":"publish","type":"page","link":"https:\/\/sites.ffkarate.fr\/paysdelaloire\/la-vie-des-clubs\/","title":{"rendered":"La vie des Clubs"},"content":{"rendered":"<div class=\"wpb-content-wrapper\"><p>[vc_row][vc_column][vc_column_text]<\/p>\n<h2 class=\"h1 post_title\">Stages<\/h2>\n<p>[\/vc_column_text][\/vc_column][\/vc_row][vc_row][vc_column][vc_column_text]Dans le cadre de notre mission d\u2019aide au d\u00e9veloppement de vos activit\u00e9s, nous diffuserons ici vos avis et affiches de stages dans la mesure du possible et de nos disponibilit\u00e9s.<\/p>\n<p>Vous pouvez les envoyer suffisamment \u00e0 l\u2019avance \u00e0 <a href=\"mailto:secretariatliguepdl@orange.fr\" target=\"_blank\" rel=\"noopener\">secretariatliguepdl<\/a><a href=\"mailto:secretariatliguepdl@orange.fr\" target=\"_blank\" rel=\"noopener\">@orange.fr<\/a>.<\/p>\n<p>Pour \u00eatre publi\u00e9 sur le site , votre stage doit \u00eatre autoris\u00e9 par l\u2019instance f\u00e9d\u00e9rale (Article L331-7 du code du sport), respecter la r\u00e8glementation et respecter notamment les conditions suivantes :<\/p>\n<ul>\n<li>Etre organis\u00e9 en Pays de la Loire par un club de notre comp\u00e9tence territoriale<\/li>\n<li>Etre destin\u00e9 aux licenci\u00e9s FFK et pour une activit\u00e9 du ressort de la FFKDA, couverte par l\u2019assurance-licence FFK.<\/li>\n<li>Etre dirig\u00e9 par un professeur licenci\u00e9 FFK et titulaire d\u2019un dipl\u00f4me autorisant l\u2019enseignement de la discipline concern\u00e9e (Dipl\u00f4me f\u00e9d\u00e9ral ou dipl\u00f4me d\u2019\u00e9tat)<\/li>\n<li>Ne pas faire \u00e9tat de titres, grades, dipl\u00f4mes non officiels ou mensongers<\/li>\n<li>Ne pas interf\u00e9rer avec une manifestation officielle destin\u00e9e au m\u00eame public licenci\u00e9 sur le m\u00eame territoire.<\/li>\n<\/ul>\n<p>[\/vc_column_text][\/vc_column][\/vc_row]<\/p>\n<\/div>","protected":false},"excerpt":{"rendered":"<p>[vc_row][vc_column][vc_column_text] Stages [\/vc_column_text][\/vc_column][\/vc_row][vc_row][vc_column][vc_column_text]Dans le cadre de notre mission d\u2019aide au d\u00e9veloppement de vos activit\u00e9s, nous diffuserons ici vos avis et affiches de stages dans la mesure du possible et de nos disponibilit\u00e9s. Vous pouvez les envoyer suffisamment \u00e0 l\u2019avance \u00e0 secretariatliguepdl@orange.fr. Pour \u00eatre publi\u00e9 sur le site , votre stage doit \u00eatre autoris\u00e9 par l\u2019instance [&hellip;]<\/p>\n","protected":false},"author":231,"featured_media":0,"parent":0,"menu_order":0,"comment_status":"closed","ping_status":"closed","template":"","meta":{"footnotes":""},"class_list":["post-9598","page","type-page","status-publish","hentry"],"_links":{"self":[{"href":"https:\/\/sites.ffkarate.fr\/paysdelaloire\/wp-json\/wp\/v2\/pages\/9598","targetHints":{"allow":["GET"]}}],"collection":[{"href":"https:\/\/sites.ffkarate.fr\/paysdelaloire\/wp-json\/wp\/v2\/pages"}],"about":[{"href":"https:\/\/sites.ffkarate.fr\/paysdelaloire\/wp-json\/wp\/v2\/types\/page"}],"author":[{"embeddable":true,"href":"https:\/\/sites.ffkarate.fr\/paysdelaloire\/wp-json\/wp\/v2\/users\/231"}],"replies":[{"embeddable":true,"href":"https:\/\/sites.ffkarate.fr\/paysdelaloire\/wp-json\/wp\/v2\/comments?post=9598"}],"version-history":[{"count":1,"href":"https:\/\/sites.ffkarate.fr\/paysdelaloire\/wp-json\/wp\/v2\/pages\/9598\/revisions"}],"predecessor-version":[{"id":9599,"href":"https:\/\/sites.ffkarate.fr\/paysdelaloire\/wp-json\/wp\/v2\/pages\/9598\/revisions\/9599"}],"wp:attachment":[{"href":"https:\/\/sites.ffkarate.fr\/paysdelaloire\/wp-json\/wp\/v2\/media?parent=9598"}],"curies":[{"name":"wp","href":"https:\/\/api.w.org\/{rel}","templated":true}]}}