{"id":9726,"date":"2025-11-07T12:20:09","date_gmt":"2025-11-07T11:20:09","guid":{"rendered":"https:\/\/sites.ffkarate.fr\/paysdelaloire\/?page_id=9726"},"modified":"2025-11-12T12:01:13","modified_gmt":"2025-11-12T11:01:13","slug":"grade","status":"publish","type":"page","link":"https:\/\/sites.ffkarate.fr\/paysdelaloire\/grade\/","title":{"rendered":"Grade"},"content":{"rendered":"<div class=\"wpb-content-wrapper\"><p>[vc_row][vc_column][vc_column_text]<\/p>\n<h2><strong>La commission des grades en Pays de la Loire<\/strong><\/h2>\n<p>[\/vc_column_text][\/vc_column][vc_column][ffk_peoplecard image=\u00a0\u00bb9370&Prime; title=\u00a0\u00bbAnthony METTLER\u00a0\u00bb subtitle=\u00a0\u00bbRESPONSABLE GRADE KARATE\u00a0\u00bb description=\u00a0\u00bbgradepdl@gmail.com\u00a0\u00bb][\/vc_column][\/vc_row][vc_row][vc_column][vc_column_text][\/vc_column_text][vc_column_text]<\/p>\n<h3 style=\"text-align: center\"><strong>Passage du grade de 5\u00e8me Dan<\/strong><\/h3>\n<p style=\"text-align: left\">Tous les examens de 5eme Dan sont organis\u00e9s par la Ligue R\u00e9gionale des<br \/>\nPays de la Loire.<br \/>\nLes dates d\u2019examen pr\u00e9vues en karat\u00e9 seront :<br \/>\n<strong>&#8211; le dimanche 7 d\u00e9cembre 2025 \u00e0 Chemill\u00e9<\/strong><br \/>\n<strong>&#8211; le dimanche 14 juin 2026 \u00e0 Chemill\u00e9<\/strong><\/p>\n<p>\u00a0[\/vc_column_text][vc_column_text]<\/p>\n<h3 style=\"text-align: center\"><strong>Inscription<\/strong><\/h3>\n<p>Pour les pr\u00e9requis, plus d\u2019infos sur le site f\u00e9d\u00e9ral :<br \/>\nhttps:\/\/www.ffkarate.fr\/espace-licencies\/passer-un-grade\/<br \/>\nLe formulaire d&rsquo;inscription doit \u00eatre transmis au minimum 30 jours avant<br \/>\nla date de l\u2019examen (cachet de la poste faisant foi).<br \/>\nRetrouvez les formulaires d\u2019inscription ci-dessous.[\/vc_column_text][ffk_button link=\u00a0\u00bburl:https%3A%2F%2Fwww.ffkarate.fr%2Fwp-content%2Fuploads%2F2024%2F09%2FFICHE-INSCRIPTION-EXAMEN-DE-GRADE-DE-4-ET-5-EME-DAN_modifiable_2024_2025.pdf|title:Formulaire%20inscription%204%C3%A8me%20et%205%C3%A8me%20DAN\u00a0\u00bb][vc_column_text]<strong>TOUT DOSSIER INCOMPLET SERA REJET\u00c9 !<\/strong><\/p>\n<p>Les d\u00e9rogations de temps sont \u00e0 demander au plus tard 60 jours avant le<br \/>\npassage de l\u2019examen aupr\u00e8s du Pr\u00e9sident de la CSDGE de la FFK \u2013 39 rue<br \/>\nBarb\u00e8s 92120 MONTROUGE ou par mail \u00e0 <strong>grades@ffkarate.fr<\/strong> (page 18 des<br \/>\nr\u00e8gles g\u00e9n\u00e9rales de la CSGDE)<\/p>\n<p>Le co\u00fbt de l\u2019examen de grade est de <strong>50 \u20ac \u00e0 libeller \u00e0 l\u2019ordre de la ligue<\/strong><br \/>\n<strong>karat\u00e9 Pays de la Loire<\/strong>. Si vous effectuez le r\u00e8glement par virement (option<br \/>\nvivement conseill\u00e9e) , vous pouvez envoyer votre dossier par mail \u00e0 :<\/p>\n<p><strong>gradepdl@gmail.com<\/strong><\/p>\n<p>Sinon vous devrez faire parvenir votre dossier \u00ab papier \u00bb accompagn\u00e9 d\u2019un<br \/>\nch\u00e8que par courrier en lettre suivie uniquement (le cachet de la poste<br \/>\nfaisant foi) et non pas en lettre recommand\u00e9e \u00e0 l\u2019adresse suivante :<br \/>\n<strong>Anthony LECOMTE, 80 rue de Hilard ,53000 LAVAL<\/strong><\/p>\n<p>&nbsp;<\/p>\n<h3 style=\"text-align: center\"><strong>Le jour de l\u2019examen<\/strong><\/h3>\n<p>Vous devez vous <strong>pr\u00e9senter au moins 15 minutes avant l\u2019heure de<\/strong><br \/>\n<strong>convocation<\/strong> avec :<br \/>\n\u25cf Votre karategi<br \/>\n\u25cf Votre passeport sportif<br \/>\n\u25cf Une pi\u00e8ce d\u2019identit\u00e9<br \/>\n\u25cf La lettre de convocation qui vous aura \u00e9t\u00e9 adress\u00e9e par la CODG au<br \/>\nmoyen de votre enveloppe timbr\u00e9e<br \/>\n\u25cf Une enveloppe format A4 (21\u00d729,7 cm) affranchie minimum \u00e0 250 gr,<br \/>\n\u00e0 votre adresse et \u00e0 votre nom en vue du retour de votre passeport,<br \/>\ncarte et dipl\u00f4me. Elle vous sera demand\u00e9e en cas de r\u00e9ussite \u00e0<br \/>\nl\u2019examen.<\/p>\n<p>&nbsp;<\/p>\n<h3 style=\"text-align: center\"><strong>Explications compl\u00e9mentaires<\/strong><\/h3>\n<p><strong>La tol\u00e9rance des dates entre passage<\/strong><br \/>\nUne tol\u00e9rance de 20 jours est accord\u00e9e au d\u00e9lai n\u00e9cessaire entre chaque<br \/>\npassage de grade, en raison des diff\u00e9rences de dates d\u2019une saison \u00e0 l\u2019autre.<br \/>\nAu-del\u00e0, une demande de d\u00e9rogation exceptionnelle devra \u00eatre faite en<br \/>\namont de l\u2019inscription \u00e0 l\u2019examen.<\/p>\n<p><strong>Stages d\u2019informations juge et candidat<\/strong><br \/>\nAfin de passer votre grade dans de bonnes conditions, deux stages<br \/>\nd\u2019informations pour les candidats et les juges (Karat\u00e9) seront propos\u00e9es<br \/>\npar la Ligue \u00e0 ces dates :<br \/>\n<strong>&#8211; le dimanche 9 novembre 2025 \u00e0 chemill\u00e9<\/strong><br \/>\n<strong>&#8211; le dimanche 3 mai 2026 \u00e0 Chemill\u00e9<\/strong><\/p>\n<p><strong>Comment devenir Juge ?<\/strong><br \/>\n\u00ab<em> Les postulants \u00e0 la fonction de juge r\u00e9gional sont inform\u00e9s<\/em><br \/>\n<em>th\u00e9oriquement sur la r\u00e9glementation, par le responsable des grades<\/em><br \/>\n<em>r\u00e9gional. Le fait d\u2019assister \u00e0 cette information octroie le titre de juge. Les<\/em><br \/>\n<em>absents \u00e0 cette information ne pourront donc pas \u00eatre juge durant la<\/em><br \/>\n<em>saison. \u00bb (r\u00e8glement f\u00e9d\u00e9ral)<\/em><\/p>\n<p><strong>Bonification de points candidats<\/strong><br \/>\nEn participant \u00e0 des stages effectu\u00e9s par des experts choisis (minimum<br \/>\n6\u00e8me Dan) et organis\u00e9s soit par le d\u00e9partement, soit par la ligue ou soit au<br \/>\nniveau national, et list\u00e9s dans un calendrier f\u00e9d\u00e9ral valid\u00e9 par les structures<br \/>\nd\u00e9concentr\u00e9es de la FFK les candidats peuvent b\u00e9n\u00e9ficier d\u2019une<br \/>\nbonification de points (1 point par stage au maximum 3 points) en<br \/>\npr\u00e9vision de l\u2019examen de grades qu\u2019ils pr\u00e9parent.[\/vc_column_text][ffk_button color=\u00a0\u00bbprimary\u00a0\u00bb link=\u00a0\u00bburl:https%3A%2F%2Fwww.ffkarate.fr%2Fwp-content%2Fuploads%2F2024%2F09%2FREGLEMENTATION-GENERAL-2024-2025.pdf|title:R%C3%A9glementation%20g%C3%A9n%C3%A9rale%20CSDGE%202024-2025&Prime;][ffk_button color=\u00a0\u00bbprimary\u00a0\u00bb link=\u00a0\u00bburl:https%3A%2F%2Fwww.ffkarate.fr%2Fwp-content%2Fuploads%2F2024%2F04%2FFORMULAIRE-DEMANDE-DE-CARTE-DIPLOME-GRADE-V2_MODIFIABLE.pdf|title:Formulaire%20-%20Demande%20de%20carte%20de%20grade%20et%2Fou%20de%20dipl%C3%B4me\u00a0\u00bb][vc_video link=\u00a0\u00bbhttps:\/\/www.ffkarate.fr\/espace-licencies\/passer-un-grade\/\u00a0\u00bb][\/vc_column][\/vc_row]<\/p>\n<\/div>","protected":false},"excerpt":{"rendered":"<p>[vc_row][vc_column][vc_column_text] La commission des grades en Pays de la Loire [\/vc_column_text][\/vc_column][vc_column][ffk_peoplecard image=\u00a0\u00bb9370&Prime; title=\u00a0\u00bbAnthony METTLER\u00a0\u00bb subtitle=\u00a0\u00bbRESPONSABLE GRADE KARATE\u00a0\u00bb description=\u00a0\u00bbgradepdl@gmail.com\u00a0\u00bb][\/vc_column][\/vc_row][vc_row][vc_column][vc_column_text][\/vc_column_text][vc_column_text] Passage du grade de 5\u00e8me Dan Tous les examens de 5eme Dan sont organis\u00e9s par la Ligue R\u00e9gionale des Pays de la Loire. Les dates d\u2019examen pr\u00e9vues en karat\u00e9 seront : &#8211; le dimanche 7 d\u00e9cembre 2025 [&hellip;]<\/p>\n","protected":false},"author":231,"featured_media":0,"parent":0,"menu_order":0,"comment_status":"closed","ping_status":"closed","template":"","meta":{"footnotes":""},"class_list":["post-9726","page","type-page","status-publish","hentry"],"_links":{"self":[{"href":"https:\/\/sites.ffkarate.fr\/paysdelaloire\/wp-json\/wp\/v2\/pages\/9726","targetHints":{"allow":["GET"]}}],"collection":[{"href":"https:\/\/sites.ffkarate.fr\/paysdelaloire\/wp-json\/wp\/v2\/pages"}],"about":[{"href":"https:\/\/sites.ffkarate.fr\/paysdelaloire\/wp-json\/wp\/v2\/types\/page"}],"author":[{"embeddable":true,"href":"https:\/\/sites.ffkarate.fr\/paysdelaloire\/wp-json\/wp\/v2\/users\/231"}],"replies":[{"embeddable":true,"href":"https:\/\/sites.ffkarate.fr\/paysdelaloire\/wp-json\/wp\/v2\/comments?post=9726"}],"version-history":[{"count":5,"href":"https:\/\/sites.ffkarate.fr\/paysdelaloire\/wp-json\/wp\/v2\/pages\/9726\/revisions"}],"predecessor-version":[{"id":9743,"href":"https:\/\/sites.ffkarate.fr\/paysdelaloire\/wp-json\/wp\/v2\/pages\/9726\/revisions\/9743"}],"wp:attachment":[{"href":"https:\/\/sites.ffkarate.fr\/paysdelaloire\/wp-json\/wp\/v2\/media?parent=9726"}],"curies":[{"name":"wp","href":"https:\/\/api.w.org\/{rel}","templated":true}]}}