{"id":9786,"date":"2025-11-27T15:01:58","date_gmt":"2025-11-27T14:01:58","guid":{"rendered":"https:\/\/sites.ffkarate.fr\/paysdelaloire\/?page_id=9786"},"modified":"2025-11-27T15:12:28","modified_gmt":"2025-11-27T14:12:28","slug":"le-fks-en-finale-de-la-coupe-de-france-junior-combat-%f0%9f%8f%86","status":"publish","type":"page","link":"https:\/\/sites.ffkarate.fr\/paysdelaloire\/le-fks-en-finale-de-la-coupe-de-france-junior-combat-%f0%9f%8f%86\/","title":{"rendered":"Le FKS en Finale de la Coupe de France Junior Combat ! \ud83c\udfc6"},"content":{"rendered":"<div class=\"wpb-content-wrapper\"><p>[vc_row][vc_column][vc_column_text]<\/p>\n<p data-path-to-node=\"7\"><b>Le Karat\u00e9 des Pays de la Loire est \u00e0 l&rsquo;honneur ! Le club du FKS (Fontenay Karat\u00e9 Shotokan) a r\u00e9alis\u00e9 un exploit retentissant les 15 et 16 novembre 2025 \u00e0 l&rsquo;Artenium de Ceyrat (63) : l&rsquo;\u00e9quipe junior f\u00e9minine d\u00e9croche sa place en finale de la Coupe de France junior par \u00e9quipe Combat !<\/b><\/p>\n<p data-path-to-node=\"8\">L&rsquo;\u00e9quipe, compos\u00e9e de nos talentueuses athl\u00e8tes <b>Ela\u00efs Rousselot, Maelys Planchenot, Nawel Arne et Jasmine Saidi<\/b>, a survol\u00e9 la comp\u00e9tition.<\/p>\n<p data-path-to-node=\"9\">En parvenant \u00e0 battre le plus grand club fran\u00e7ais et en s&rsquo;imposant face \u00e0 des comp\u00e9titrices de niveau mondial, nos jeunes repr\u00e9sentantes ont non seulement marqu\u00e9 les esprits, mais ont surtout \u00e9crit une nouvelle page de l&rsquo;histoire du FKS.<\/p>\n<p data-path-to-node=\"10\">Cet exploit vient \u00e9galement souligner l&rsquo;excellence de la formation individuelle, avec les performances remarquables de <b>Ma\u00eblys Planchenot, sacr\u00e9e Championne de France junior en -53 kg<\/b>, et d&rsquo;<b>Ela\u00efs Rousselot, Vice-championne de France junior en -59 kg<\/b>.<\/p>\n<h3><\/h3>\n<h3>Un week-end de tous les records !<\/h3>\n<p data-path-to-node=\"13\">Cet acc\u00e8s \u00e0 la finale est d&rsquo;autant plus remarquable qu&rsquo;il s&rsquo;agit de la <b>troisi\u00e8me finale du week-end<\/b> pour le FKS. Un tel succ\u00e8s est tout simplement <b>du jamais vu<\/b> dans l&rsquo;histoire du club, qui compte pourtant deux champions du monde dans ses rangs.<\/p>\n<p data-path-to-node=\"14\">C&rsquo;est un signal fort pour la formation et le niveau de performance du karat\u00e9 dans les Pays de la Loire. Nous saluons l&rsquo;engagement, le travail et la d\u00e9termination de ces athl\u00e8tes d&rsquo;exception.<\/p>\n<p data-path-to-node=\"15\"><b>Bravo \u00e0 Ela\u00efs, Maelys, Nawel, Jasmine et \u00e0 tout le FKS pour cet exploit qui fait la fiert\u00e9 de notre Ligue !<\/b><\/p>\n<p>[\/vc_column_text][\/vc_column][\/vc_row][vc_row][vc_column][vc_single_image image=\u00a0\u00bb9792&Prime;][\/vc_column][\/vc_row]<\/p>\n<\/div>","protected":false},"excerpt":{"rendered":"<p>[vc_row][vc_column][vc_column_text] Le Karat\u00e9 des Pays de la Loire est \u00e0 l&rsquo;honneur ! Le club du FKS (Fontenay Karat\u00e9 Shotokan) a r\u00e9alis\u00e9 un exploit retentissant les 15 et 16 novembre 2025 \u00e0 l&rsquo;Artenium de Ceyrat (63) : l&rsquo;\u00e9quipe junior f\u00e9minine d\u00e9croche sa place en finale de la Coupe de France junior par \u00e9quipe Combat ! L&rsquo;\u00e9quipe, [&hellip;]<\/p>\n","protected":false},"author":231,"featured_media":9792,"parent":0,"menu_order":0,"comment_status":"closed","ping_status":"closed","template":"","meta":{"footnotes":""},"class_list":["post-9786","page","type-page","status-publish","hentry"],"_links":{"self":[{"href":"https:\/\/sites.ffkarate.fr\/paysdelaloire\/wp-json\/wp\/v2\/pages\/9786","targetHints":{"allow":["GET"]}}],"collection":[{"href":"https:\/\/sites.ffkarate.fr\/paysdelaloire\/wp-json\/wp\/v2\/pages"}],"about":[{"href":"https:\/\/sites.ffkarate.fr\/paysdelaloire\/wp-json\/wp\/v2\/types\/page"}],"author":[{"embeddable":true,"href":"https:\/\/sites.ffkarate.fr\/paysdelaloire\/wp-json\/wp\/v2\/users\/231"}],"replies":[{"embeddable":true,"href":"https:\/\/sites.ffkarate.fr\/paysdelaloire\/wp-json\/wp\/v2\/comments?post=9786"}],"version-history":[{"count":4,"href":"https:\/\/sites.ffkarate.fr\/paysdelaloire\/wp-json\/wp\/v2\/pages\/9786\/revisions"}],"predecessor-version":[{"id":9794,"href":"https:\/\/sites.ffkarate.fr\/paysdelaloire\/wp-json\/wp\/v2\/pages\/9786\/revisions\/9794"}],"wp:featuredmedia":[{"embeddable":true,"href":"https:\/\/sites.ffkarate.fr\/paysdelaloire\/wp-json\/wp\/v2\/media\/9792"}],"wp:attachment":[{"href":"https:\/\/sites.ffkarate.fr\/paysdelaloire\/wp-json\/wp\/v2\/media?parent=9786"}],"curies":[{"name":"wp","href":"https:\/\/api.w.org\/{rel}","templated":true}]}}