{"id":871,"date":"2015-01-16T15:03:41","date_gmt":"2015-01-16T14:03:41","guid":{"rendered":"https:\/\/sites.ffkarate.fr\/testclone\/?page_id=133"},"modified":"2015-01-16T15:03:41","modified_gmt":"2015-01-16T14:03:41","slug":"comite-directeur","status":"publish","type":"page","link":"https:\/\/sites.ffkarate.fr\/puydedome\/comite\/comite-directeur\/","title":{"rendered":"Comit\u00e9 directeur"},"content":{"rendered":"<div class=\"wpb-content-wrapper\"><p>[vc_row][vc_column][vc_column_text]Le nouveau Comit\u00e9 directeur du Comit\u00e9 D\u00e9partemental du Puy de D\u00f4me a \u00e9t\u00e9 \u00e9lu le 5 juillet 2020 lors de l&rsquo;assembl\u00e9e g\u00e9n\u00e9rale \u00e9lective. Cette assembl\u00e9e a eu lieu \u00e0 l&rsquo;Art\u00e9nium de Ceyrat. Le nouveau Comit\u00e9 Directeur a d\u00e9sign\u00e9 Mr Luc Pradier, Pr\u00e9sident du Comit\u00e9 D\u00e9partemental du Puy de D\u00f4me. Toutes nos plus chaudes f\u00e9licitations pour cette \u00e9lection ainsi que nos plus sinc\u00e8res remerciements \u00e0 Mme Eliane Br\u00e9chart-Verg\u00e8s pour ses 2 mandats.<\/p>\n<h2>Comit\u00e9 directeur &#8211; Olympiade 2020\/2024<\/h2>\n<h2><strong>Le Bureau<\/strong><\/h2>\n<ul class=\"trombi-list-top\">\n<li><img decoding=\"async\" src=\"https:\/\/sites.ffkarate.fr\/puydedome\/wp-content\/uploads\/sites\/84\/2020\/09\/IMG_1237.jpg\" alt=\"Elu\" width=\"150\" height=\"200\" \/>\n<div class=\"title\">Pr\u00e9nom Luc<br \/>\n<b>NOM Pradier<br \/>\n<\/b><\/div>\n<div class=\"function\"><strong>Pr\u00e9sident<\/strong><\/div>\n<\/li>\n<\/ul>\n<ul class=\"trombi-list-top\">\n<li><img decoding=\"async\" src=\"https:\/\/sites.ffkarate.fr\/puydedome\/wp-content\/uploads\/sites\/84\/2020\/09\/IMG_1249.jpg\" alt=\"Elu\" width=\"150\" height=\"200\" \/>\n<div class=\"title\">Pr\u00e9nom Michel<br \/>\n<b>NOM Jarles<br \/>\n<\/b><\/div>\n<div class=\"function\"><strong>Secr\u00e9taire g\u00e9n\u00e9ral<\/strong><\/div>\n<\/li>\n<\/ul>\n<ul class=\"trombi-list-top\">\n<li><img decoding=\"async\" src=\"https:\/\/sites.ffkarate.fr\/puydedome\/wp-content\/uploads\/sites\/84\/2020\/09\/IMG_1245.jpg\" alt=\"Elu\" width=\"150\" height=\"200\" \/>\n<div class=\"title\">Pr\u00e9nom Paule<br \/>\n<b>NOM Etienne<br \/>\n<\/b><\/div>\n<div class=\"function\"><strong>Tr\u00e9sori\u00e8re<\/strong><\/div>\n<\/li>\n<\/ul>\n<p><!-- --><\/p>\n<h2>Autres membres du Comit\u00e9 Directeur<\/h2>\n<ul>\n<li class=\"title\">\n<div class=\"title\">Pr\u00e9nom Daniel<a href=\"https:\/\/sites.ffkarate.fr\/puydedome\/wp-content\/uploads\/sites\/84\/2020\/09\/IMG_1238.jpg\"><img decoding=\"async\" class=\"alignright wp-image-806 size-thumbnail\" src=\"https:\/\/sites.ffkarate.fr\/puydedome\/wp-content\/uploads\/sites\/84\/2020\/09\/IMG_1238-150x150.jpg\" alt=\"IMG_1238\" width=\"150\" height=\"150\" \/><\/a><br \/>\n<b>NOM Roche<br \/>\n<\/b><\/div>\n<div class=\"desc\"><strong>Vice-Pr\u00e9sident<\/strong><\/div>\n<\/li>\n<\/ul>\n<p>&nbsp;<\/p>\n<p>&nbsp;<\/p>\n<ul>\n<li class=\"title\">\n<div class=\"title\">Pr\u00e9nom Philippe<a href=\"https:\/\/sites.ffkarate.fr\/puydedome\/wp-content\/uploads\/sites\/84\/2020\/09\/IMG_1252.jpg\"><img decoding=\"async\" class=\"alignright wp-image-808 size-thumbnail\" src=\"https:\/\/sites.ffkarate.fr\/puydedome\/wp-content\/uploads\/sites\/84\/2020\/09\/IMG_1252-150x150.jpg\" alt=\"IMG_1252\" width=\"150\" height=\"150\" \/><\/a><br \/>\n<b>NOM Chastel<br \/>\n<\/b><\/div>\n<div class=\"desc\"><strong>Vice-Pr\u00e9sident<\/strong><\/div>\n<\/li>\n<\/ul>\n<p>&nbsp;<\/p>\n<p>&nbsp;<\/p>\n<ul>\n<li class=\"title\">\n<div class=\"title\">Pr\u00e9nom Suzanne<a href=\"https:\/\/sites.ffkarate.fr\/puydedome\/wp-content\/uploads\/sites\/84\/2020\/09\/IMG_1235.jpg\"><img decoding=\"async\" class=\"alignright wp-image-813 size-thumbnail\" src=\"https:\/\/sites.ffkarate.fr\/puydedome\/wp-content\/uploads\/sites\/84\/2020\/09\/IMG_1235-150x150.jpg\" alt=\"IMG_1235\" width=\"150\" height=\"150\" \/><\/a><br \/>\n<b>NOM Blanc<br \/>\n<\/b><\/div>\n<div class=\"desc\"><strong>Tr\u00e9sori\u00e8re adjointe<\/strong><\/div>\n<\/li>\n<\/ul>\n<p>&nbsp;<\/p>\n<p>&nbsp;<\/p>\n<ul>\n<li class=\"title\">\n<div class=\"title\">Pr\u00e9nom Christian<a href=\"https:\/\/sites.ffkarate.fr\/puydedome\/wp-content\/uploads\/sites\/84\/2020\/09\/IMG_1256.jpg\"><img decoding=\"async\" class=\"alignright wp-image-809 size-thumbnail\" src=\"https:\/\/sites.ffkarate.fr\/puydedome\/wp-content\/uploads\/sites\/84\/2020\/09\/IMG_1256-150x150.jpg\" alt=\"IMG_1256\" width=\"150\" height=\"150\" \/><\/a><br \/>\n<b>NOM Haure<br \/>\n<\/b><\/div>\n<div class=\"desc\"><strong>Secr\u00e9taire adjoint<\/strong><\/div>\n<\/li>\n<\/ul>\n<p>&nbsp;<\/p>\n<p>&nbsp;<\/p>\n<p style=\"padding-left: 30px\">&#8212;&#8212;&#8212;&#8212;&#8212;&#8212;&#8212;&#8212;&#8212;&#8212;-<\/p>\n<ul>\n<li class=\"title\">\n<div class=\"title\">\u00a0Pr\u00e9nom Pierre<a href=\"https:\/\/sites.ffkarate.fr\/puydedome\/wp-content\/uploads\/sites\/84\/2020\/09\/IMG_1250-e1600526336575.jpg\"><img decoding=\"async\" class=\"alignright wp-image-814 size-thumbnail\" src=\"https:\/\/sites.ffkarate.fr\/puydedome\/wp-content\/uploads\/sites\/84\/2020\/09\/IMG_1250-e1600526336575-150x150.jpg\" alt=\"IMG_1250\" width=\"150\" height=\"150\" \/><\/a><br \/>\n<b>NOM Damoiseau<\/b><\/div>\n<\/li>\n<\/ul>\n<p>&nbsp;<\/p>\n<p>&nbsp;<\/p>\n<p>&nbsp;<\/p>\n<ul>\n<li class=\"title\">Pr\u00e9nom Carine<a href=\"https:\/\/sites.ffkarate.fr\/puydedome\/wp-content\/uploads\/sites\/84\/2020\/09\/IMG_1275.jpg\"><img decoding=\"async\" class=\"alignright wp-image-822 size-thumbnail\" src=\"https:\/\/sites.ffkarate.fr\/puydedome\/wp-content\/uploads\/sites\/84\/2020\/09\/IMG_1275-150x150.jpg\" alt=\"IMG_1275\" width=\"150\" height=\"150\" \/><\/a><br \/>\n<b>NOM Fouquet<br \/>\n<\/b><\/li>\n<\/ul>\n<p>&nbsp;<\/p>\n<p>&nbsp;<\/p>\n<p>&nbsp;<\/p>\n<ul>\n<li class=\"title\">Pr\u00e9nom Sylvie<a href=\"https:\/\/sites.ffkarate.fr\/puydedome\/wp-content\/uploads\/sites\/84\/2020\/09\/IMG_1230.jpg\"><img decoding=\"async\" class=\"alignright wp-image-818 size-thumbnail\" src=\"https:\/\/sites.ffkarate.fr\/puydedome\/wp-content\/uploads\/sites\/84\/2020\/09\/IMG_1230-150x150.jpg\" alt=\"IMG_1230\" width=\"150\" height=\"150\" \/><\/a><br \/>\n<b>NOM Grenier<\/b><\/li>\n<\/ul>\n<p>&nbsp;<\/p>\n<p>&nbsp;<\/p>\n<p>&nbsp;<\/p>\n<ul>\n<li class=\"title\">Pr\u00e9nom St\u00e9phanie<a href=\"https:\/\/sites.ffkarate.fr\/puydedome\/wp-content\/uploads\/sites\/84\/2020\/09\/IMG_1242.jpg\"><img decoding=\"async\" class=\"alignright wp-image-819 size-thumbnail\" src=\"https:\/\/sites.ffkarate.fr\/puydedome\/wp-content\/uploads\/sites\/84\/2020\/09\/IMG_1242-150x150.jpg\" alt=\"IMG_1242\" width=\"150\" height=\"150\" \/><\/a><br \/>\n<b>NOM Martin-Lopes<br \/>\n<\/b><\/li>\n<\/ul>\n<p>&nbsp;<\/p>\n<p>&nbsp;<\/p>\n<p>&nbsp;<\/p>\n<ul>\n<li class=\"title\">Pr\u00e9nom Marie-Christine<a href=\"https:\/\/sites.ffkarate.fr\/puydedome\/wp-content\/uploads\/sites\/84\/2020\/09\/IMG_1266.jpg\"><img decoding=\"async\" class=\"alignright wp-image-820 size-thumbnail\" src=\"https:\/\/sites.ffkarate.fr\/puydedome\/wp-content\/uploads\/sites\/84\/2020\/09\/IMG_1266-150x150.jpg\" alt=\"IMG_1266\" width=\"150\" height=\"150\" \/><\/a><br \/>\n<b>NOM Roche<br \/>\n<\/b><\/li>\n<\/ul>\n<p>&nbsp;[\/vc_column_text][\/vc_column][\/vc_row]<\/p>\n<\/div>","protected":false},"excerpt":{"rendered":"<p>[vc_row][vc_column][vc_column_text]Le nouveau Comit\u00e9 directeur du Comit\u00e9 D\u00e9partemental du Puy de D\u00f4me a \u00e9t\u00e9 \u00e9lu le 5 juillet 2020 lors de l&rsquo;assembl\u00e9e g\u00e9n\u00e9rale \u00e9lective. Cette assembl\u00e9e a eu lieu \u00e0 l&rsquo;Art\u00e9nium de Ceyrat. Le nouveau Comit\u00e9 Directeur a d\u00e9sign\u00e9 Mr Luc Pradier, Pr\u00e9sident du Comit\u00e9 D\u00e9partemental du Puy de D\u00f4me. Toutes nos plus chaudes f\u00e9licitations pour [&hellip;]<\/p>\n","protected":false},"author":20,"featured_media":0,"parent":50,"menu_order":0,"comment_status":"closed","ping_status":"open","template":"","meta":{"footnotes":""},"class_list":["post-871","page","type-page","status-publish","hentry"],"_links":{"self":[{"href":"https:\/\/sites.ffkarate.fr\/puydedome\/wp-json\/wp\/v2\/pages\/871","targetHints":{"allow":["GET"]}}],"collection":[{"href":"https:\/\/sites.ffkarate.fr\/puydedome\/wp-json\/wp\/v2\/pages"}],"about":[{"href":"https:\/\/sites.ffkarate.fr\/puydedome\/wp-json\/wp\/v2\/types\/page"}],"author":[{"embeddable":true,"href":"https:\/\/sites.ffkarate.fr\/puydedome\/wp-json\/wp\/v2\/users\/20"}],"replies":[{"embeddable":true,"href":"https:\/\/sites.ffkarate.fr\/puydedome\/wp-json\/wp\/v2\/comments?post=871"}],"version-history":[{"count":0,"href":"https:\/\/sites.ffkarate.fr\/puydedome\/wp-json\/wp\/v2\/pages\/871\/revisions"}],"up":[{"embeddable":true,"href":"https:\/\/sites.ffkarate.fr\/puydedome\/wp-json\/wp\/v2\/pages\/50"}],"wp:attachment":[{"href":"https:\/\/sites.ffkarate.fr\/puydedome\/wp-json\/wp\/v2\/media?parent=871"}],"curies":[{"name":"wp","href":"https:\/\/api.w.org\/{rel}","templated":true}]}}