{"id":233,"date":"2016-03-07T10:56:19","date_gmt":"2016-03-07T09:56:19","guid":{"rendered":"https:\/\/sites.ffkarate.fr\/pyreneesatlantiques\/?page_id=233"},"modified":"2025-04-25T16:05:04","modified_gmt":"2025-04-25T14:05:04","slug":"les-clubs","status":"publish","type":"page","link":"https:\/\/sites.ffkarate.fr\/pyreneesatlantiques\/comite\/les-clubs\/","title":{"rendered":"Les Clubs"},"content":{"rendered":"<div class=\"wpb-content-wrapper\"><p>[vc_row][vc_column][vc_column_text]Si vous souhaitez que le lien soit fait vers votre blog ou site internet, merci de nous communiquer l\u2019adresse du site.<\/p>\n<hr \/>\n<p>&nbsp;<\/p>\n<p><a href=\"http:\/\/www.karate.shotokan.bayonne.over-blog.com\" target=\"_blank\" rel=\"noopener\"><u><span style=\"color: #0066cc\">CLUB SHOTOKAN 64<\/span><\/u><\/a><br \/>\nMadame BARBELLION Claude &#8211; 14 Place de la Paix &#8211; 64600 ANGLET\u00a0&#8211;\u00a0t\u00e9l : 05 59 52 99 83<\/p>\n<p><a href=\"http:\/\/www.karatecluboloronais.fr\" target=\"_blank\" rel=\"noopener\"><u><span style=\"color: #0066cc\">KARATE CLUB OLORONAIS<\/span><\/u><\/a><br \/>\nMonsieur BISCAY Patrick &#8211; 5 Avenue du Pic d&rsquo;Anie &#8211; 64400 LEDEUIX &#8211; t\u00e9l : 06 13 10 06 25<\/p>\n<p style=\"text-align: left\"><u><span style=\"color: #0066cc\">SPORT ATHLETIQUE MAULEONAIS<\/span><\/u><br \/>\nMadame MARCADE Nathalie &#8211; 2 Rue Ederena &#8211; 64130 CHERAUTE\u00a0&#8211;\u00a0t\u00e9l : 05 24 32 12 95<\/p>\n<p><span style=\"text-decoration: underline\">PAU KARATE ASSOCIATION<br \/>\n<\/span>Monsieur CRUET Jean-Claude &#8211; 8 Chemin Rigueden &#8211; 64160 BUROS &#8211;\u00a0t\u00e9l : 05 59 62 66 36<\/p>\n<p><a href=\"https:\/\/sectionpaloisekarat\u00e9.com\/\" target=\"_blank\" rel=\"noopener\"><u><span style=\"color: #0066cc\">SECTION PALOISE DE KARATE<\/span><\/u><\/a><br \/>\nMonsieur COMET Ivan &#8211; 2 Impasse Caddetou &#8211; 64000 PAU\u00a0&#8211;\u00a0t\u00e9l : 05 59 02 65 13<\/p>\n<p>U S PETROLE AQUITAINE<a href=\"\/\/karateuspa.pau.free.fr\"><br \/>\n<\/a>Monsieur FAVARD Alain &#8211; 11 Rue de Cagnes &#8211; 64000 PAU &#8211; t\u00e9l : 05 59 32 34 09<\/p>\n<p><span style=\"color: #2d3da6\"><a style=\"color: #2d3da6\" href=\"http:\/\/karatelons64.free.fr\/\" target=\"_blank\" rel=\"noopener\">KARATE CLUB DE LONS<\/a><\/span><br \/>\nMonsieur MAREC Yvon &#8211; 9 All\u00e9e de la P\u00e9pini\u00e8re &#8211; 64140 LONS &#8211; t\u00e9l :\u00a0 06\u00a088 86 14 17<\/p>\n<p><span style=\"text-decoration: underline\">ORTHEZ KARATE CLUB<br \/>\n<\/span>Madame MOUTET-FORTIS Corinne &#8211; 8 Rue Saint Gilles &#8211; 64300 SAINTE-SUZANNE &#8211; t\u00e9l : 06 23 26 31 86<\/p>\n<p><a href=\"http:\/\/www.ieks.com\" target=\"_blank\" rel=\"noopener\"><u><span style=\"color: #0066cc\">IEKS INSTITUT DE KARATE DO<br \/>\n<\/span><\/u><\/a>Monsieur ECHEVERRIA Cruz &#8211; 1583 Chemin de la For\u00eat &#8211; 64700 BIRIATOU<\/p>\n<p><span style=\"text-decoration: underline\">OCEANIC KARATE CLUB<br \/>\n<\/span>Monsieur HURT Jean Richard &#8211; 28 Rue de Chassin &#8211; 64600 ANGLET<\/p>\n<p><a href=\"http:\/\/www.anglet-karate-club.fr\/\" target=\"_blank\" rel=\"noopener\"><span style=\"text-decoration: underline\">ANGLET KARATE CLUB<\/span><\/a><br \/>\nMonsieur ETCHEVERRY Antoine &#8211; Promenade du Parc Belay &#8211; 64600 ANGLET &#8211; t\u00e9l : 05 59 03 06 45<\/p>\n<p><u>ASPTT COTE BASQUE<br \/>\n<\/u>Mme VU NHU-NGUYET &#8211; 87 Chemin de Hargous &#8211; 64100 BAYONNE &#8211; t\u00e9l : 05 59 50 30 90 &#8211; Port. : 06 50 75 28 48<\/p>\n<p><span style=\"text-decoration: underline\">AMICALE LAIQUE ADIXKIDEAK<\/span><br \/>\nMonsieur ZUBIETA Alexandre &#8211; 7 Rue Capitaine Bellot &#8211; 64700 BEHOBIE<\/p>\n<p><span style=\"text-decoration: underline\">SAKURA<\/span><br \/>\nMonsieur PICHEREAU Jean-Pierre &#8211; 19 bis Rue des Pyr\u00e9n\u00e9es &#8211; 64150 PARDIES<\/p>\n<p><span style=\"text-decoration: underline\">C A M S C W K DAO MU SHIN DO<br \/>\n<\/span>Madame MESA V\u00e9ronique &#8211; 11 Rue Fossi\u00e9 &#8211; 64000 PAU &#8211; t\u00e9l 05 59 27 85 83<\/p>\n<p><span style=\"text-decoration: underline\">MOUNHOA YOSEIKAN BUDO CLUB<\/span><br \/>\nChemin de la Nasse &#8211; 64220 SAINT JEAN PIED DE PORT<\/p>\n<p><span style=\"text-decoration: underline\">KARATE TRADITIONNEL KOBUDO BRISCOUS<\/span><br \/>\nMonsieur MAGALHAES Alexandre &#8211; Lotissement Larrandou &#8211; 64240 LA BASTIDE CLAIRENCE<\/p>\n<p><a href=\"http:\/\/perso.wanadoo.fr\/kempo-kay\/\" target=\"_blank\" rel=\"noopener\"><u>ANGLET KENPO KAI<\/u><\/a><br \/>\nMonsieur USTARIZ Yves &#8211; 9 Impasse S\u00e9gure &#8211; 64200 BIARRITZ &#8211; 05 59 23 69 62<\/p>\n<p><span style=\"text-decoration: underline\">ECOLE LUZIENNE DE NIHON TAI JITSU<\/span><br \/>\nMonsieur FOLNY Richard &#8211; 10 All\u00e9e Alberto Thiebaut &#8211; 64600 ANGLET &#8211; t\u00e9l : 05 59 23 38 45<\/p>\n<p><span style=\"text-decoration: underline\">BIDACHE ARTS MARTIAUX<\/span><br \/>\nMaison Haizalde &#8211; Route des Ecoles &#8211; 64520 BARDOS<\/p>\n<p><span style=\"text-decoration: underline\">A M KARATE CLUB DE MOURENX<\/span><br \/>\nDojo Municipal &#8211; Rue Gaston de Foix &#8211; 64150 MOURENX &#8211; t\u00e9l : 05 59 71 70 24<\/p>\n<p><span style=\"text-decoration: underline\">URT KENPO KAI<\/span><br \/>\nMadame USTARIZ LARAQUE Sophie &#8211; 9 Impasse de S\u00e9gure &#8211; 64200 BIARRITZ &#8211; t\u00e9l : 05 59 23 69 62<\/p>\n<p><span style=\"text-decoration: underline\">NARCASTET ACADEMIE KARATE<\/span> (Club labellis\u00e9 \u00ab\u00a0Valides Handicap\u00e9s\u00a0\u00bb)<br \/>\nMadame PRYET Corinne &#8211; 26 Chemin Lacarrau &#8211; 64510 NARCASTET<\/p>\n<p><span style=\"text-decoration: underline\">URRUGNE KENPO KAI<\/span><br \/>\nMonsieur HEINIS Thomas &#8211; 32 Rue Beno\u00eet Sourigues &#8211; 64100 BAYONNE<\/p>\n<p><span style=\"color: #7294d4\"><a style=\"color: #7294d4\" href=\"http:\/\/clubkaratebordesjudoclubartsmartiaux.blogspot.fr\/\" target=\"_blank\" rel=\"noopener\"><u>BORDES JUDO CLUB ET ARTS MARTIAUX<\/u><\/a><\/span><br \/>\nMonsieur PETRE Brice &#8211; 23 Chemin de la Montagne &#8211; Quart. Le Garenot &#8211; 64800 ARTHEZ D&rsquo;ASSON &#8211; t\u00e9l : 05 59 71 40 30<\/p>\n<p><span style=\"text-decoration: underline\">LAGOR WADO RYU<\/span><br \/>\nMadame LAGARDERE Fabienne &#8211; 49 Rue des Ecoles &#8211; 64150 LAGOR &#8211; t\u00e9l : 06 71 87 59 11\u00a0 \/\u00a0 06 35 15 27 74<\/p>\n<p><span style=\"color: #408be6\"><a style=\"color: #408be6;text-decoration: underline\" href=\"https:\/\/www.google.fr\/url?sa=t&amp;rct=j&amp;q=&amp;esrc=s&amp;source=web&amp;cd=1&amp;cad=rja&amp;uact=8&amp;ved=0ahUKEwie9LvHp8PPAhVBiRoKHR8xCYcQFggcMAA&amp;url=http%3A%2F%2Fwww.artoffighting64.com%2F&amp;usg=AFQjCNEzjLBZ1BctLk3yCp3Z3EWrnj5qUg\" target=\"_blank\" rel=\"noopener\">KASKA 64<\/a><\/span><br \/>\nQuartier Arrauntz &#8211; 330 Chemin Sainte Barbe &#8211; 64480 USTARRITZ &#8211; t\u00e9l : 05 59 93 07 38<\/p>\n<p><u>AITO 64 COTE BASQUE<\/u><br \/>\nMaison des Associations &#8211; 11 All\u00e9e de Glain &#8211; 64100 BAYONNE &#8211; t\u00e9l : 06 31 61 12 37<\/p>\n<p><a href=\"https:\/\/www.google.fr\/url?sa=t&amp;rct=j&amp;q=&amp;esrc=s&amp;source=web&amp;cd=1&amp;cad=rja&amp;uact=8&amp;ved=0ahUKEwjfo_notr7PAhVoDsAKHXs1BRAQFggcMAA&amp;url=http%3A%2F%2Fa.d.a.m.s.over-blog.com%2F&amp;usg=AFQjCNEERh8xcT6XlCE5mUefmAHivsjYJg\" target=\"_blank\" rel=\"noopener\"><u><span style=\"color: #0066cc\">ACADEMIE DES ARTS MARTIAUX SOULETINS<\/span><\/u><\/a><br \/>\nMonsieur CASTEL Ren\u00e9 &#8211; Quartier Alos &#8211; 64470 ALOS SIBAS ABENSE &#8211; t\u00e9l : 05 59 28 51 73<\/p>\n<p><a href=\"http:\/\/biarritz-fullcontact.com\" target=\"_blank\" rel=\"noopener\"><span style=\"color: #000000\"><u>BIARRITZ IMPACT<\/u><\/span><\/a><br \/>\nMonsieur HEROUARD Christian &#8211; 20 Rue de Chassin &#8211; 64600 ANGLET &#8211; t\u00e9l :06 65 32 33 65<\/p>\n<p><a href=\"http:\/\/taichichuan-cotebasque.com\" target=\"_blank\" rel=\"noopener\"><span style=\"color: #000000\"><u>ECOLE DE TAI JI QUAN COTE BASQUE<\/u><\/span><\/a><br \/>\n24 Promenade du Parc Belay &#8211; 64600 ANGLET &#8211; 05 59 51 03 06<\/p>\n<p><u>CSA ETAP<\/u><br \/>\nCamp Aspirant ZIRNHELD &#8211; BP 594 &#8211; 64000 PAU &#8211; t\u00e9l 06 82 97 86 26<\/p>\n<p><u>TEAM SPARTAN FIGHTING ACADEMY<\/u><br \/>\n355 Chemin Tomasenea &#8211; Zone de Berreouetta &#8211; 64122 URRUGNE &#8211; t\u00e9l 06 61 32 60 03<\/p>\n<p><a href=\"https:\/\/adtaopaysbasque.sportsregions.fr\/\" target=\"_blank\" rel=\"noopener\"><u>ADTAO PAYS BASQUE<\/u><\/a><br \/>\nMaison pour Tous &#8211; Chemin Ibarbidea &#8211; 64310 ST PEE SUR NIVELLE &#8211; t\u00e9l 06 88 13 95 48<\/p>\n<p><span style=\"text-decoration: underline\">UHAITZAKO ARTE MARTZALIAK<\/span><br \/>\nMadame STANNINET Lydie &#8211; Maison Arospidia &#8211; 64130 GOTEIN LIBARRENX &#8211; t\u00e9l : 07 50 85 88 48<\/p>\n<p><span style=\"text-decoration: underline\">MMA KARATE CLUB BAYONNAIS<\/span><br \/>\nMonsieur MAHI Gr\u00e9gory &#8211; 42 Rue de l&rsquo;Adour &#8211; Appt 102 &#8211; 64100 BAYONNE &#8211; t\u00e9l : 06 98 96 78 50<\/p>\n<p><span style=\"text-decoration: underline\">PANKIDO EUSKADI<\/span><br \/>\nMonsieur LOPEZ S\u00e9bastien &#8211; 16 Rue d&rsquo;Errobi &#8211; 64500 SAINT JEAN DE LUZ &#8211; t\u00e9l : 06 46 31 32 58[\/vc_column_text][\/vc_column][\/vc_row]<\/p>\n<\/div>","protected":false},"excerpt":{"rendered":"<p>[vc_row][vc_column][vc_column_text]Si vous souhaitez que le lien soit fait vers votre blog ou site internet, merci de nous communiquer l\u2019adresse du site. &nbsp; CLUB SHOTOKAN 64 Madame BARBELLION Claude &#8211; 14 Place de la Paix &#8211; 64600 ANGLET\u00a0&#8211;\u00a0t\u00e9l : 05 59 52 99 83 KARATE CLUB OLORONAIS Monsieur BISCAY Patrick &#8211; 5 Avenue du Pic d&rsquo;Anie [&hellip;]<\/p>\n","protected":false},"author":140,"featured_media":0,"parent":50,"menu_order":2,"comment_status":"closed","ping_status":"closed","template":"","meta":{"footnotes":""},"class_list":["post-233","page","type-page","status-publish","hentry"],"_links":{"self":[{"href":"https:\/\/sites.ffkarate.fr\/pyreneesatlantiques\/wp-json\/wp\/v2\/pages\/233","targetHints":{"allow":["GET"]}}],"collection":[{"href":"https:\/\/sites.ffkarate.fr\/pyreneesatlantiques\/wp-json\/wp\/v2\/pages"}],"about":[{"href":"https:\/\/sites.ffkarate.fr\/pyreneesatlantiques\/wp-json\/wp\/v2\/types\/page"}],"author":[{"embeddable":true,"href":"https:\/\/sites.ffkarate.fr\/pyreneesatlantiques\/wp-json\/wp\/v2\/users\/140"}],"replies":[{"embeddable":true,"href":"https:\/\/sites.ffkarate.fr\/pyreneesatlantiques\/wp-json\/wp\/v2\/comments?post=233"}],"version-history":[{"count":4,"href":"https:\/\/sites.ffkarate.fr\/pyreneesatlantiques\/wp-json\/wp\/v2\/pages\/233\/revisions"}],"predecessor-version":[{"id":3127,"href":"https:\/\/sites.ffkarate.fr\/pyreneesatlantiques\/wp-json\/wp\/v2\/pages\/233\/revisions\/3127"}],"up":[{"embeddable":true,"href":"https:\/\/sites.ffkarate.fr\/pyreneesatlantiques\/wp-json\/wp\/v2\/pages\/50"}],"wp:attachment":[{"href":"https:\/\/sites.ffkarate.fr\/pyreneesatlantiques\/wp-json\/wp\/v2\/media?parent=233"}],"curies":[{"name":"wp","href":"https:\/\/api.w.org\/{rel}","templated":true}]}}