{"id":57,"date":"2015-01-08T11:32:57","date_gmt":"2015-01-08T11:32:57","guid":{"rendered":"https:\/\/sites.ffkarate.fr\/testclone\/?page_id=57"},"modified":"2025-12-30T15:53:01","modified_gmt":"2025-12-30T14:53:01","slug":"grades-2","status":"publish","type":"page","link":"https:\/\/sites.ffkarate.fr\/pyreneesatlantiques\/grades-2\/","title":{"rendered":"Grades"},"content":{"rendered":"<div class=\"wpb-content-wrapper\"><p>[vc_row][vc_column][vc_column_text]<\/p>\n<h2>RESPONSABLE DEPARTEMENTAL DES GRADES<\/h2>\n<p><strong><img decoding=\"async\" class=\"alignnone size-full wp-image-2353\" src=\"https:\/\/sites.ffkarate.fr\/pyreneesatlantiques\/wp-content\/uploads\/sites\/86\/2021\/05\/Photo-Gilbert-e1622122037387.png\" alt=\"\" width=\"110\" height=\"110\" \/>\u00a0 <\/strong><\/p>\n<p><strong>Gilbert SITZIA &#8211; 64160 MOURENX\u00a0<\/strong><\/p>\n<p><strong>T\u00e9l :<\/strong> <strong>06 28 32 90 16 &#8211; E-mail : sitziagil@aol.com<\/strong><\/p>\n<div class=\"wpb_text_column wpb_content_element \">\n<div class=\"wpb_wrapper\">\n<h2>Inscriptions aux examens de grades<\/h2>\n<h4>Envoi des dossiers<\/h4>\n<p>Le dossier de candidature devra \u00eatre complet et retourn\u00e9\u00a0<strong>en courrier simple non recommand\u00e9 au moins 30 jours avant la date de l\u2019examen<\/strong> (cachet poste faisant foi) au Comit\u00e9 D\u00e9partemental des Pyr\u00e9n\u00e9es Atlantiques.<\/p>\n<p>Adresse :<br \/>\nComit\u00e9 D\u00e9partemental de Karat\u00e9 des Pyr\u00e9n\u00e9es Atlantiques<br \/>\n2 Impasse Caddetou &#8211; 64000 PAU<\/p>\n<p>&nbsp;<\/p>\n<h4>Contenu du dossier<\/h4>\n<ul>\n<li>La fiche d\u2019inscription\u00a0compl\u00e9t\u00e9e et sign\u00e9e avec la photo du candidat.<\/li>\n<li>Une enveloppe courrier affranchie au tarif lettre 20 gr \u00e0 votre adresse et \u00e0 votre nom pour l\u2019envoi de la convocation.<\/li>\n<li>Une attestation historique des licences que vous obtenez sur votre page du site f\u00e9d\u00e9ral<\/li>\n<li>Les photocopies des pages suivantes de votre passeport sportif :\n<ul>\n<li>Page d\u2019identit\u00e9<\/li>\n<li>Page du certificat m\u00e9dical d\u2019aptitude au Karat\u00e9 (Sinon \u00e0 fournir sur papier libre)<\/li>\n<li>Page d\u2019authentification des grades d\u00e9j\u00e0 obtenus<\/li>\n<li>Le cas \u00e9ch\u00e9ant, page des UV d\u00e9j\u00e0 obtenues avec les notes pour l\u2019examen concern\u00e9<\/li>\n<li>Le cas \u00e9ch\u00e9ant la page des points de bonifications acquis lors des stages d\u2019experts f\u00e9d\u00e9raux<\/li>\n<\/ul>\n<\/li>\n<li>L\u2019autorisation parentale pour les candidats mineurs<\/li>\n<li>Le courrier de la CSDGE en cas de d\u00e9rogation sp\u00e9ciale<\/li>\n<li>Un ch\u00e8que de 50 \u20ac \u00e0 l\u2019ordre du Comit\u00e9 D\u00e9partemental de Karat\u00e9 des Pyr\u00e9n\u00e9es Atlantiques (Non remboursable en cas de non pr\u00e9sentation \u00e0 l\u2019examen).<\/li>\n<\/ul>\n<h4><\/h4>\n<h4>Le jour de l\u2019examen<\/h4>\n<p>Vous devez vous pr\u00e9senter au moins 15 minutes avant l\u2019heure de convocation avec :<\/p>\n<ul>\n<li>Votre karategi<\/li>\n<li>Votre passeport sportif (commandez votre passeport sportif)<\/li>\n<li>Une pi\u00e8ce d\u2019identit\u00e9<\/li>\n<li>La lettre de convocation qui vous aura \u00e9t\u00e9 adress\u00e9e par la CODG au moyen de votre enveloppe timbr\u00e9e<\/li>\n<li>Vos cibles si vous avez \u00e0 pr\u00e9senter l\u2019UV Kihon.<\/li>\n<\/ul>\n<p>&nbsp;<\/p>\n<p><a href=\"https:\/\/www.ffkarate.fr\/wp-content\/uploads\/2022\/10\/RESUME-DE-LA-REGLEMENTATION-1ER-DAN-EN-CLUB-2022-2023-v2_bd.pdf\" target=\"_blank\" rel=\"noopener\">R\u00c9SUM\u00c9 DE LA R\u00c8GLEMENTATION CONCERNANT LE 1ER DAN\/DUAN\/DANG EN CLUB<\/a><\/p>\n<\/div>\n<\/div>\n<div class=\"wpb_text_column wpb_content_element \">\n<div class=\"wpb_wrapper\">\n<h4>Explications compl\u00e9mentaires<\/h4>\n<p>Avant d\u2019aborder les examens, nous invitons tous les candidats mais aussi professeurs et membres des jurys \u00e0 participer aux <strong>stages organis\u00e9s le samedi 12 octobre 2024 \u00e0 MOURENX et le Vendredi 06 Juin 2025 \u00e0 MOURENX.<\/strong><\/p>\n<p>&nbsp;<\/p>\n<h4>Les examens de grade auront lieu le :<\/h4>\n<ul>\n<li>1er au 4\u00e8me Dan : <strong>25 et 26 Janvier 2025 \u00e0 MOURENX<\/strong><\/li>\n<li>1er au 4\u00e8me Dan : <strong>21 et 22 Juin 2022 \u00e0 MOURENX<\/strong><\/li>\n<\/ul>\n<p>Toutes demandes de d\u00e9rogation devront \u00eatre justifi\u00e9es et pr\u00e9sent\u00e9es directement \u00e0 la F\u00e9d\u00e9ration dans les temps imparties par la r\u00e8glementation : concernant les articles 205, 206, 207, 209 et 2016.<\/p>\n<ul>\n<li>Article 205 \u2013 Conditions d\u2019\u00e2ge pour les passages de Dans et grades \u00e9quivalents<\/li>\n<li>Article 206 \u2013 <a href=\"https:\/\/sites.ffkarate.fr\/pyreneesatlantiques\/wp-content\/uploads\/sites\/86\/2021\/10\/Reglementation-de-la-CSDGE-2021-2022-Article-206.jpg\">Temps de pratique entre chaque passage de Dans et Grades \u00e9quivalents<\/a><\/li>\n<li>Article 207 \u2013 Fr\u00e9quence des pages de Dans et Grades \u00e9quivalents<\/li>\n<li>Article 209 \u2013 Bonifications en temps de Pratique<\/li>\n<li>Article 216 \u2013 Reconnaissance des Dans et Grades \u00e9quivalents obtenus \u00e0 l\u2019\u00e9tranger<\/li>\n<\/ul>\n<\/div>\n<\/div>\n<p><strong>Le jour de l\u2019examen, pr\u00e9voir une enveloppe format A4 affranchie \u00e0 100g libell\u00e9e \u00e0 votre adresse.<\/strong><\/p>\n<p>&nbsp;<\/p>\n<h2><\/h2>\n<p>[\/vc_column_text][\/vc_column][\/vc_row][vc_row][vc_column][vc_single_image image=\u00a0\u00bb123&Prime;][\/vc_column][\/vc_row]<\/p>\n<\/div>","protected":false},"excerpt":{"rendered":"<p>[vc_row][vc_column][vc_column_text] RESPONSABLE DEPARTEMENTAL DES GRADES \u00a0 Gilbert SITZIA &#8211; 64160 MOURENX\u00a0 T\u00e9l : 06 28 32 90 16 &#8211; E-mail : sitziagil@aol.com Inscriptions aux examens de grades Envoi des dossiers Le dossier de candidature devra \u00eatre complet et retourn\u00e9\u00a0en courrier simple non recommand\u00e9 au moins 30 jours avant la date de l\u2019examen (cachet poste faisant [&hellip;]<\/p>\n","protected":false},"author":20,"featured_media":0,"parent":0,"menu_order":0,"comment_status":"closed","ping_status":"closed","template":"","meta":{"footnotes":""},"class_list":["post-57","page","type-page","status-publish","hentry"],"_links":{"self":[{"href":"https:\/\/sites.ffkarate.fr\/pyreneesatlantiques\/wp-json\/wp\/v2\/pages\/57","targetHints":{"allow":["GET"]}}],"collection":[{"href":"https:\/\/sites.ffkarate.fr\/pyreneesatlantiques\/wp-json\/wp\/v2\/pages"}],"about":[{"href":"https:\/\/sites.ffkarate.fr\/pyreneesatlantiques\/wp-json\/wp\/v2\/types\/page"}],"author":[{"embeddable":true,"href":"https:\/\/sites.ffkarate.fr\/pyreneesatlantiques\/wp-json\/wp\/v2\/users\/20"}],"replies":[{"embeddable":true,"href":"https:\/\/sites.ffkarate.fr\/pyreneesatlantiques\/wp-json\/wp\/v2\/comments?post=57"}],"version-history":[{"count":10,"href":"https:\/\/sites.ffkarate.fr\/pyreneesatlantiques\/wp-json\/wp\/v2\/pages\/57\/revisions"}],"predecessor-version":[{"id":4416,"href":"https:\/\/sites.ffkarate.fr\/pyreneesatlantiques\/wp-json\/wp\/v2\/pages\/57\/revisions\/4416"}],"wp:attachment":[{"href":"https:\/\/sites.ffkarate.fr\/pyreneesatlantiques\/wp-json\/wp\/v2\/media?parent=57"}],"curies":[{"name":"wp","href":"https:\/\/api.w.org\/{rel}","templated":true}]}}