{"id":3368,"date":"2014-12-31T10:49:17","date_gmt":"2014-12-31T10:49:17","guid":{"rendered":"https:\/\/sites.ffkarate.fr\/testclone\/?page_id=23"},"modified":"2025-08-21T11:08:30","modified_gmt":"2025-08-21T09:08:30","slug":"contacts","status":"publish","type":"page","link":"https:\/\/sites.ffkarate.fr\/rhonemetropoledelyon\/contacts\/","title":{"rendered":"Contacts"},"content":{"rendered":"<div class=\"wpb-content-wrapper\"><p>[vc_row][vc_column][vc_column_text]<span style=\"color: #0000ff\">Pour contacter le CDK du Rh\u00f4ne \/ M\u00e9tropole de Lyon:<\/span><\/p>\n<p><span style=\"color: #000000\">Comit\u00e9 D\u00e9partemental du\u00a0 Rh\u00f4ne \/ M\u00e9tropole de Lyon de Karat\u00e9<\/span><br \/>\nEspace des Sports<br \/>\n28, rue Julien<br \/>\n69003 LYON<br \/>\nE-mail :<a href=\"http:\/\/secr\u00e9tariat.rhone.lyonnais@gmail.com\" target=\"_blank\" rel=\"noopener\"><u><span style=\"color: #000120\"> secr\u00e9tariat.rhone.lyonnais@gmail.com<\/span><\/u><\/a><\/p>\n<p><u><\/u>Le Pr\u00e9sident, <strong>M. Joseph BRACCHI<\/strong>, est joignable \u00e0 l&rsquo;adresse suivante: <span style=\"color: #000000\"><a href=\"mailto:jo.dec.kar@gmail.com\">ffk.pdt.rhone@gmail.com<\/a><\/span><\/p>\n<p>La Secr\u00e9taire G\u00e9n\u00e9rale, <strong>Mme. Camille CONRAD<\/strong> est joignable \u00e0 l&rsquo;adresse suivante: <a href=\"mailto:camille.conrad63@gmail.com\">camille.conrad63@gmail.com<\/a><\/p>\n<p>Le Tr\u00e9sorier G\u00e9n\u00e9ral, <strong>M. Alain MITRANI <\/strong>est joignable \u00e0 l&rsquo;adresse suivante: <a href=\"alain.mitrani69@gmail.com\" target=\"_blank\" rel=\"noopener\">alain.mitrani69@gmail.com<\/a><\/p>\n<p>Le Charg\u00e9 de Missions,<strong> M. Jean-Marc CORDIER<\/strong>, est joignable \u00e0 l&rsquo;adresse suivante: : <span style=\"color: #000000\"><a href=\"mailto:jeanmarccordier69@gmail.com\">jeanmarccordier69@gmail.com<\/a><\/span><\/p>\n<p>&nbsp;<\/p>\n<p>Pour les questions relatives aux comp\u00e9titions :<\/p>\n<p>Le Responsable de l&rsquo;arbitrage,<strong> M. Mohamed BENDJEDDOU <\/strong>est joignable \u00e0 l&rsquo;adresse suivante: <a href=\"bendjeddou.contact@orange.fr\">bendjeddou.contact@orange.fr<\/a><\/p>\n<p>&nbsp;<\/p>\n<p>Pour les questions relatives \u00e0 la Direction Technique D\u00e9partementale:<\/p>\n<p>La Directrice Technique, <strong>Mme. Corinne FORQUEZ <\/strong>est joignable \u00e0 l&rsquo;adresse suivante: <a href=\"mailto:cdk69dtd@gmail.com\">cdk69dtd@gmail.com<\/a><\/p>\n<p>&nbsp;<\/p>\n<p>Pour les questions relatives aux grades:<\/p>\n<p>Le Responsable des Grades, <strong>M. Mike JULIE <\/strong>est joignable \u00e0 l&rsquo;adresse suivante: <a href=\"mailto:grades.cdk69@gmail.com\">grades.cdk69@gmail.com<\/a><\/p>\n<p>&nbsp;<\/p>\n<p>Pour les questions relatives au Karat\u00e9 Contact \/ Karat\u00e9 Full Contact et aux entra\u00eenement \/ comp\u00e9titions:<\/p>\n<p>Le Responsable de la Commission, <strong>M. C\u00e9dric CADIER<\/strong> est joignable \u00e0 l\u2019adresse suivante : cedric.ckd@gmail.com<\/p>\n<p>[\/vc_column_text][\/vc_column][\/vc_row]<\/p>\n<\/div>","protected":false},"excerpt":{"rendered":"<p>[vc_row][vc_column][vc_column_text]Pour contacter le CDK du Rh\u00f4ne \/ M\u00e9tropole de Lyon: Comit\u00e9 D\u00e9partemental du\u00a0 Rh\u00f4ne \/ M\u00e9tropole de Lyon de Karat\u00e9 Espace des Sports 28, rue Julien 69003 LYON E-mail : secr\u00e9tariat.rhone.lyonnais@gmail.com Le Pr\u00e9sident, M. Joseph BRACCHI, est joignable \u00e0 l&rsquo;adresse suivante: ffk.pdt.rhone@gmail.com La Secr\u00e9taire G\u00e9n\u00e9rale, Mme. Camille CONRAD est joignable \u00e0 l&rsquo;adresse suivante: camille.conrad63@gmail.com Le [&hellip;]<\/p>\n","protected":false},"author":20,"featured_media":0,"parent":0,"menu_order":0,"comment_status":"closed","ping_status":"closed","template":"","meta":{"footnotes":""},"class_list":["post-3368","page","type-page","status-publish","hentry"],"_links":{"self":[{"href":"https:\/\/sites.ffkarate.fr\/rhonemetropoledelyon\/wp-json\/wp\/v2\/pages\/3368","targetHints":{"allow":["GET"]}}],"collection":[{"href":"https:\/\/sites.ffkarate.fr\/rhonemetropoledelyon\/wp-json\/wp\/v2\/pages"}],"about":[{"href":"https:\/\/sites.ffkarate.fr\/rhonemetropoledelyon\/wp-json\/wp\/v2\/types\/page"}],"author":[{"embeddable":true,"href":"https:\/\/sites.ffkarate.fr\/rhonemetropoledelyon\/wp-json\/wp\/v2\/users\/20"}],"replies":[{"embeddable":true,"href":"https:\/\/sites.ffkarate.fr\/rhonemetropoledelyon\/wp-json\/wp\/v2\/comments?post=3368"}],"version-history":[{"count":10,"href":"https:\/\/sites.ffkarate.fr\/rhonemetropoledelyon\/wp-json\/wp\/v2\/pages\/3368\/revisions"}],"predecessor-version":[{"id":4552,"href":"https:\/\/sites.ffkarate.fr\/rhonemetropoledelyon\/wp-json\/wp\/v2\/pages\/3368\/revisions\/4552"}],"wp:attachment":[{"href":"https:\/\/sites.ffkarate.fr\/rhonemetropoledelyon\/wp-json\/wp\/v2\/media?parent=3368"}],"curies":[{"name":"wp","href":"https:\/\/api.w.org\/{rel}","templated":true}]}}