{"id":55,"date":"2021-05-10T10:05:08","date_gmt":"2021-05-10T08:05:08","guid":{"rendered":"https:\/\/sites.ffkarate.fr\/rhonemetropoledelyon\/?page_id=55"},"modified":"2024-11-20T11:26:29","modified_gmt":"2024-11-20T10:26:29","slug":"stages","status":"publish","type":"page","link":"https:\/\/sites.ffkarate.fr\/rhonemetropoledelyon\/stages\/","title":{"rendered":"Stages"},"content":{"rendered":"<div class=\"wpb-content-wrapper\"><p>[vc_row][vc_column][vc_column_text]Dans le cadre de notre mission d\u2019aide au d\u00e9veloppement de vos activit\u00e9s, nous diffuserons dans l&rsquo;onglet <strong><a href=\"https:\/\/sites.ffkarate.fr\/rhonemetropoledelyon\/stages-des-clubs\/\">\u00ab\u00a0stages des clubs\u00a0\u00bb<\/a><\/strong> vos avis et affiches de stages dans la mesure du possible et de nos disponibilit\u00e9s.<\/p>\n<p><strong>Vous pouvez compl\u00e9ter le formulaire ci dessous :<\/strong><\/p>\n<p><strong><a href=\"https:\/\/sites.ffkarate.fr\/rhonemetropoledelyon\/proposer-un-stage\/\">https:\/\/sites.ffkarate.fr\/rhonemetropoledelyon\/proposer-un-stage\/<\/a><\/strong><\/p>\n<p>Pour \u00eatre publi\u00e9 sur le site du CDK69, votre stage doit \u00eatre autoris\u00e9 par l\u2019instance f\u00e9d\u00e9rale (Article L331-7 du code du sport), respecter la r\u00e8glementation et respecter notamment les conditions suivantes :<\/p>\n<ul>\n<li>Etre organis\u00e9 dans le Rh\u00f4ne par un club de notre comp\u00e9tence territoriale<\/li>\n<li>Etre destin\u00e9 aux licenci\u00e9s FFK et pour une activit\u00e9 du ressort de la FFKDA, couverte par l\u2019assurance-licence FFK.<\/li>\n<li>Etre dirig\u00e9 par un professeur licenci\u00e9 FFK et titulaire d\u2019un dipl\u00f4me autorisant l\u2019enseignement de la discipline concern\u00e9e (Dipl\u00f4me f\u00e9d\u00e9ral ou dipl\u00f4me d\u2019\u00e9tat)<\/li>\n<li>Ne pas faire \u00e9tat de titres, grades, dipl\u00f4mes non officiels ou mensongers<\/li>\n<li>Ne pas interf\u00e9rer avec une manifestation officielle destin\u00e9e au m\u00eame public licenci\u00e9 sur le m\u00eame territoire.<\/li>\n<\/ul>\n<p>[\/vc_column_text][\/vc_column][\/vc_row]<\/p>\n<\/div>","protected":false},"excerpt":{"rendered":"<p>Dans le cadre de notre mission d\u2019aide au d\u00e9veloppement de vos activit\u00e9s, nous diffuserons ici vos avis et affiches de stages dans la mesure du possible et de nos disponibilit\u00e9s.<\/p>\n","protected":false},"author":1,"featured_media":58,"parent":0,"menu_order":0,"comment_status":"closed","ping_status":"closed","template":"","meta":{"footnotes":""},"class_list":["post-55","page","type-page","status-publish","hentry"],"_links":{"self":[{"href":"https:\/\/sites.ffkarate.fr\/rhonemetropoledelyon\/wp-json\/wp\/v2\/pages\/55","targetHints":{"allow":["GET"]}}],"collection":[{"href":"https:\/\/sites.ffkarate.fr\/rhonemetropoledelyon\/wp-json\/wp\/v2\/pages"}],"about":[{"href":"https:\/\/sites.ffkarate.fr\/rhonemetropoledelyon\/wp-json\/wp\/v2\/types\/page"}],"author":[{"embeddable":true,"href":"https:\/\/sites.ffkarate.fr\/rhonemetropoledelyon\/wp-json\/wp\/v2\/users\/1"}],"replies":[{"embeddable":true,"href":"https:\/\/sites.ffkarate.fr\/rhonemetropoledelyon\/wp-json\/wp\/v2\/comments?post=55"}],"version-history":[{"count":4,"href":"https:\/\/sites.ffkarate.fr\/rhonemetropoledelyon\/wp-json\/wp\/v2\/pages\/55\/revisions"}],"predecessor-version":[{"id":4343,"href":"https:\/\/sites.ffkarate.fr\/rhonemetropoledelyon\/wp-json\/wp\/v2\/pages\/55\/revisions\/4343"}],"wp:featuredmedia":[{"embeddable":true,"href":"https:\/\/sites.ffkarate.fr\/rhonemetropoledelyon\/wp-json\/wp\/v2\/media\/58"}],"wp:attachment":[{"href":"https:\/\/sites.ffkarate.fr\/rhonemetropoledelyon\/wp-json\/wp\/v2\/media?parent=55"}],"curies":[{"name":"wp","href":"https:\/\/api.w.org\/{rel}","templated":true}]}}