{"id":63,"date":"2021-05-10T10:46:04","date_gmt":"2021-05-10T08:46:04","guid":{"rendered":"https:\/\/sites.ffkarate.fr\/rhonemetropoledelyon\/?page_id=63"},"modified":"2021-08-13T11:50:08","modified_gmt":"2021-08-13T09:50:08","slug":"nosdisciplines","status":"publish","type":"page","link":"https:\/\/sites.ffkarate.fr\/rhonemetropoledelyon\/nosdisciplines\/","title":{"rendered":"Nos Disciplines"},"content":{"rendered":"<div class=\"wpb-content-wrapper\"><p>[vc_row][vc_column][vc_empty_space height=\u00a0\u00bb40px\u00a0\u00bb][vc_column_text]<\/p>\n<h2 style=\"text-align: center\"><strong>Projet promotionnel vid\u00e9o du CDK69 pour la rentr\u00e9e 2021\/2022 !<\/strong><\/h2>\n<p>[\/vc_column_text][vc_column_text]<\/p>\n<h3 style=\"text-align: center\">Le <strong>Comit\u00e9 du Rh\u00f4ne \/ M\u00e9tropole de Lyon de Karat\u00e9<\/strong> et Disciplines Associ\u00e9es a mis en place <strong>un projet de communication pour mettre en valeur nos disciplines.<\/strong><\/h3>\n<p style=\"text-align: center\">A ce titre, le Comit\u00e9 du Rh\u00f4ne se dote d\u2019<strong>une chaine Youtube<\/strong> : <strong>CDK69<\/strong> <a href=\"https:\/\/www.youtube.com\/channel\/UCybGwm26I57Ue4KB63eKKdQ\" target=\"_blank\" rel=\"noopener\">https:\/\/www.youtube.com\/channel\/UCybGwm26I57Ue4KB63eKKdQ<\/a><br \/>\nL\u2019objectif de cette chaine sera de <strong>promouvoir nos disciplines<\/strong>\u00a0mais aussi<br \/>\n<strong>les actions entreprises par le Comit\u00e9.<\/strong> A cet effet, la premi\u00e8re vid\u00e9o<br \/>\ndiffus\u00e9e est celle parlant de l\u2019initiative <em><strong>\u00ab\u00a0Mes Vacances au Dojo\u00a0\u00bb<\/strong><\/em>. Si<br \/>\nvous ne l\u2019avez pas encore vu, n\u2019h\u00e9sitez pas une seconde et prenez<br \/>\nquelques secondes pour la partager !<\/p>\n<p style=\"text-align: center\"><strong>Ces vid\u00e9os promotionnelles qui sont \u00e0 la disposition des clubs, des pratiquants et futurs pratiquants<\/strong> seront diffus\u00e9es prochainement sur la page Facebook du Comit\u00e9 du Rh\u00f4ne et sur Youtube.<\/p>\n<p style=\"text-align: center\"><strong>Vous les trouverez \u00e9galement ci-dessous :<\/strong><\/p>\n<p>[\/vc_column_text][vc_empty_space height=\u00a0\u00bb80px\u00a0\u00bb][\/vc_column][\/vc_row][vc_row][vc_column][vc_video link=\u00a0\u00bbhttps:\/\/www.youtube.com\/watch?v=pdOUdMR4nmQ\u00a0\u00bb title=\u00a0\u00bbEn septembre 2021, d\u00e9couvrez le Karat\u00e9 !\u00a0\u00bb][vc_column_text]Connaissez-vous le Karat\u00e9 ? Pr\u00e8s de chez vous, dans le Rh\u00f4ne comme partout en France des passionn\u00e9s pratiquent cette activit\u00e9 Martiale tout au long de l&rsquo;ann\u00e9e qui peut \u00eatre pratiqu\u00e9e par tous !<\/p>\n<p>Plongez-vous au sein de cette pratique, d\u00e9couvrez l&rsquo;Art Martial et rejoignez-nous pour un essai d\u00e8s la rentr\u00e9e de Septembre dans un des nombreux clubs du Rh\u00f4ne.<\/p>\n<p>Vous-voulez trouver un club pr\u00e8s de chez vous ? Rien de plus simple le site du comit\u00e9 du Rh\u00f4ne de Karat\u00e9 et Disciplines associ\u00e9es (<a href=\"https:\/\/sites.ffkarate.fr\/rhonemetropoledelyon\/\">https:\/\/sites.ffkarate.fr\/rhonemetropoledelyon\/<\/a>) met \u00e0 votre disposition la liste de tous ces clubs et vous propose m\u00eame une application mobile sans installation pour trouver un club et d\u00e9couvrir toutes ces activit\u00e9s (<a href=\"https:\/\/cdk69.glideapp.io\/\" target=\"_blank\" rel=\"noopener\">https:\/\/cdk69.glideapp.io\/<\/a>) !<\/p>\n<p>Alors n&rsquo;h\u00e9sitez-plus une seconde et prenez le risque de d\u00e9couvrir bien plus qu&rsquo;un sport avec nous ![\/vc_column_text][vc_video link=\u00a0\u00bbhttps:\/\/www.youtube.com\/watch?v=z0ULi7LScvQ\u00a0\u00bb title=\u00a0\u00bbEn septembre 2021, d\u00e9couvrez le Karat\u00e9 Shotoka\u00ef !\u00a0\u00bb][vc_column_text]Connaissez vous le Karat\u00e9 Shotoka\u00ef ? Pr\u00e8s de chez vous, dans le Rh\u00f4ne comme partout en France des passionn\u00e9s pratiquent cette activit\u00e9 Martiale tout au long de l&rsquo;ann\u00e9e qui peut \u00eatre pratiqu\u00e9e par tous !<\/p>\n<p>Plongez-vous au sein de cette pratique, d\u00e9couvrez l&rsquo;Art Martial et rejoignez-nous pour un essai d\u00e8s la rentr\u00e9e de Septembre dans un des nombreux clubs du Rh\u00f4ne.<\/p>\n<p>Vous-voulez trouver un club pr\u00e8s de chez vous ? Rien de plus simple le site du comit\u00e9 du Rh\u00f4ne de Karat\u00e9 et Disciplines associ\u00e9es (<a href=\"https:\/\/sites.ffkarate.fr\/rhonemetropoledelyon\/\">https:\/\/sites.ffkarate.fr\/rhonemetropoledelyon\/<\/a>) met \u00e0 votre disposition la liste de tous ces clubs et vous propose m\u00eame une application mobile sans installation pour trouver un club et d\u00e9couvrir toutes ces activit\u00e9s (<a href=\"https:\/\/cdk69.glideapp.io\/\" target=\"_blank\" rel=\"noopener\">https:\/\/cdk69.glideapp.io\/<\/a>) !<\/p>\n<p>Alors n&rsquo;h\u00e9sitez-plus une seconde et prenez le risque de d\u00e9couvrir bien plus qu&rsquo;un sport avec nous ![\/vc_column_text][vc_video link=\u00a0\u00bbhttps:\/\/www.youtube.com\/watch?v=9bHhLOF3le4&Prime; title=\u00a0\u00bbEn septembre 2021, d\u00e9couvrez le Karat\u00e9 D\u00e9fense Training !\u00a0\u00bb][vc_column_text]Connaissez vous le Karat\u00e9 D\u00e9fense Training ? Pr\u00e8s de chez vous, dans le Rh\u00f4ne comme partout en France des passionn\u00e9s pratiquent cette activit\u00e9 Martiale tout au long de l&rsquo;ann\u00e9e qui peut \u00eatre pratiqu\u00e9e par tous !<\/p>\n<p>Plongez-vous au sein de cette pratique de d\u00e9fense, d\u00e9couvrez l&rsquo;Art Martial et rejoignez-nous pour un essai d\u00e8s la rentr\u00e9e de Septembre dans un des nombreux clubs du Rh\u00f4ne.<\/p>\n<p>Vous-voulez trouver un club pr\u00e8s de chez vous ? Rien de plus simple le site du comit\u00e9 du Rh\u00f4ne de Karat\u00e9 et Disciplines associ\u00e9es (<a href=\"https:\/\/sites.ffkarate.fr\/rhonemetropoledelyon\/\">https:\/\/sites.ffkarate.fr\/rhonemetropoledelyon\/<\/a>) met \u00e0 votre disposition la liste de tous ces clubs et vous propose m\u00eame une application mobile sans installation pour trouver un club et d\u00e9couvrir toutes ces activit\u00e9s (<a href=\"https:\/\/cdk69.glideapp.io\/\" target=\"_blank\" rel=\"noopener\">https:\/\/cdk69.glideapp.io\/<\/a>) !<\/p>\n<p>Alors n&rsquo;h\u00e9sitez-plus une seconde et prenez le risque de d\u00e9couvrir bien plus qu&rsquo;un sport avec nous ![\/vc_column_text][vc_video link=\u00a0\u00bbhttps:\/\/www.youtube.com\/watch?v=Itykp2-pPpI\u00a0\u00bb title=\u00a0\u00bbEn septembre 2021, d\u00e9couvrez le Krav Maga !\u00a0\u00bb][vc_column_text]Connaissez vous le Krav Maga? Pr\u00e8s de chez vous, dans le Rh\u00f4ne comme partout en France des passionn\u00e9s pratiquent cette activit\u00e9 de self d\u00e9fense tout au long de l&rsquo;ann\u00e9e qui peut \u00eatre pratiqu\u00e9e par tous !<\/p>\n<p>Plongez-vous au sein de cette pratique, d\u00e9couvrez une self d\u00e9fense efficace et rejoignez-nous pour un essai d\u00e8s la rentr\u00e9e de Septembre dans un des nombreux clubs du Rh\u00f4ne.<\/p>\n<p>Vous-voulez trouver un club pr\u00e8s de chez vous ? Rien de plus simple le site du comit\u00e9 du Rh\u00f4ne de Karat\u00e9 et Disciplines associ\u00e9es (<a href=\"https:\/\/sites.ffkarate.fr\/rhonemetropoledelyon\/\">https:\/\/sites.ffkarate.fr\/rhonemetropoledelyon\/<\/a>) met \u00e0 votre disposition la liste de tous ces clubs et vous propose m\u00eame une application mobile sans installation pour trouver un club et d\u00e9couvrir toutes ces activit\u00e9s (<a href=\"https:\/\/cdk69.glideapp.io\/\" target=\"_blank\" rel=\"noopener\">https:\/\/cdk69.glideapp.io\/<\/a>) !<\/p>\n<p>Alors n&rsquo;h\u00e9sitez-plus une seconde et prenez le risque de d\u00e9couvrir bien plus qu&rsquo;un sport avec nous ![\/vc_column_text][vc_video link=\u00a0\u00bbhttps:\/\/www.youtube.com\/watch?v=cHyKtbIwRHk\u00a0\u00bb title=\u00a0\u00bbEn septembre 2021, d\u00e9couvrez le Body Karat\u00e9 !\u00a0\u00bb][vc_column_text]Connaissez vous le Body Karat\u00e9 ? Pr\u00e8s de chez vous, dans le Rh\u00f4ne comme partout en France des passionn\u00e9s pratiquent cette activit\u00e9 qui permet de d\u00e9velopper et d&rsquo;entretenir votre physique tout au long de l&rsquo;ann\u00e9e et qui peut \u00eatre pratiqu\u00e9e par tous !<\/p>\n<p>Plongez-vous au sein de cette pratique, d\u00e9couvrez le Body Karat\u00e9 et rejoignez-nous pour un essai d\u00e8s la rentr\u00e9e de Septembre dans un des nombreux clubs du Rh\u00f4ne.<\/p>\n<p>Vous-voulez trouver un club pr\u00e8s de chez vous ? Rien de plus simple le site du comit\u00e9 du Rh\u00f4ne de Karat\u00e9 et Disciplines associ\u00e9es (<a href=\"https:\/\/sites.ffkarate.fr\/rhonemetropoledelyon\/\">https:\/\/sites.ffkarate.fr\/rhonemetropoledelyon\/<\/a>) met \u00e0 votre disposition la liste de tous ces clubs et vous propose m\u00eame une application mobile sans installation pour trouver un club et d\u00e9couvrir toutes ces activit\u00e9s (<a href=\"https:\/\/cdk69.glideapp.io\/)\" target=\"_blank\" rel=\"noopener\">https:\/\/cdk69.glideapp.io\/)<\/a> !<\/p>\n<p>Alors n&rsquo;h\u00e9sitez-plus une seconde et prenez le risque de d\u00e9couvrir bien plus qu&rsquo;un sport avec nous ![\/vc_column_text][vc_video link=\u00a0\u00bbhttps:\/\/www.youtube.com\/watch?v=ld6AtQDBOLk\u00a0\u00bb title=\u00a0\u00bbEn septembre 2021, d\u00e9couvrez le Qi Gong !\u00a0\u00bb][vc_column_text]Connaissez vous le Qi Gong ? Pr\u00e8s de chez vous, dans le Rh\u00f4ne comme partout en France des passionn\u00e9s pratiquent cette activit\u00e9 Martiale tout au long de l&rsquo;ann\u00e9e qui peut \u00eatre pratiqu\u00e9e par tous !<\/p>\n<p>Plongez-vous au sein de cette pratique, d\u00e9couvrez cet Art Martial non violent qui vous apportera de la s\u00e9r\u00e9nit\u00e9 et rejoignez-nous pour un essai d\u00e8s la rentr\u00e9e de Septembre dans un des nombreux clubs du Rh\u00f4ne.<\/p>\n<p>Vous-voulez trouver un club pr\u00e8s de chez vous ? Rien de plus simple le site du comit\u00e9 du Rh\u00f4ne de Karat\u00e9 et Disciplines associ\u00e9es (<a href=\"https:\/\/sites.ffkarate.fr\/rhonemetropoledelyon\/\">https:\/\/sites.ffkarate.fr\/rhonemetropoledelyon\/<\/a>) met \u00e0 votre disposition la liste de tous ces clubs et vous propose m\u00eame une application mobile sans installation pour trouver un club et d\u00e9couvrir toutes ces activit\u00e9s (<a href=\"https:\/\/cdk69.glideapp.io\/\" target=\"_blank\" rel=\"noopener\">https:\/\/cdk69.glideapp.io\/<\/a>) !<\/p>\n<p>Alors n&rsquo;h\u00e9sitez-plus une seconde et prenez le risque de d\u00e9couvrir bien plus qu&rsquo;un sport avec nous ![\/vc_column_text][vc_video link=\u00a0\u00bbhttps:\/\/www.youtube.com\/watch?v=8pZ-F-NjI0U\u00a0\u00bb title=\u00a0\u00bbEn septembre 2021, d\u00e9couvrez le Wushu Sanda !\u00a0\u00bb][vc_column_text]Connaissez vous le Sanda ? Pr\u00e8s de chez vous, dans le Rh\u00f4ne comme partout en France des passionn\u00e9s pratiquent cette activit\u00e9 Martiale tout au long de l&rsquo;ann\u00e9e qui peut \u00eatre pratiqu\u00e9e par tous !<\/p>\n<p>Plongez-vous au sein de cette pratique, d\u00e9couvrez la boxe pieds\/poings Chinoise qui permet aussi les projections et rejoignez-nous pour un essai d\u00e8s la rentr\u00e9e de Septembre dans un des nombreux clubs du Rh\u00f4ne.<\/p>\n<p>Vous-voulez trouver un club pr\u00e8s de chez vous ? Rien de plus simple le site du comit\u00e9 du Rh\u00f4ne de Karat\u00e9 et Disciplines associ\u00e9es (<a href=\"https:\/\/sites.ffkarate.fr\/rhonemetropoledelyon\/\">https:\/\/sites.ffkarate.fr\/rhonemetropoledelyon\/<\/a>) met \u00e0 votre disposition la liste de tous ces clubs et vous propose m\u00eame une application mobile sans installation pour trouver un club et d\u00e9couvrir toutes ces activit\u00e9s (<a href=\"https:\/\/cdk69.glideapp.io\/\" target=\"_blank\" rel=\"noopener\">https:\/\/cdk69.glideapp.io\/<\/a>) !<\/p>\n<p>Alors n&rsquo;h\u00e9sitez-plus une seconde et prenez le risque de d\u00e9couvrir bien plus qu&rsquo;un sport avec nous ![\/vc_column_text][vc_video link=\u00a0\u00bbhttps:\/\/www.youtube.com\/watch?v=fLAhspJZwSQ\u00a0\u00bb title=\u00a0\u00bbEn septembre 2021, d\u00e9couvrez le Ta\u00ef Jitsu !\u00a0\u00bb][vc_column_text]Connaissez vous le Ta\u00ef Jitsu ? Pr\u00e8s de chez vous, dans le Rh\u00f4ne comme partout en France des passionn\u00e9s pratiquent cette activit\u00e9 Martiale tout au long de l&rsquo;ann\u00e9e qui peut \u00eatre pratiqu\u00e9e par tous !<\/p>\n<p>Plongez-vous au sein de cette pratique, d\u00e9couvrez une self d\u00e9fense et un Art Martial. Rejoignez-nous pour un essai d\u00e8s la rentr\u00e9e de Septembre dans un des nombreux clubs du Rh\u00f4ne.<\/p>\n<p>Vous-voulez trouver un club pr\u00e8s de chez vous ? Rien de plus simple le site du comit\u00e9 du Rh\u00f4ne de Karat\u00e9 et Disciplines associ\u00e9es (<a href=\"https:\/\/sites.ffkarate.fr\/rhonemetropoledelyon\/\">https:\/\/sites.ffkarate.fr\/rhonemetropoledelyon\/<\/a>) met \u00e0 votre disposition la liste de tous ces clubs et vous propose m\u00eame une application mobile sans installation pour trouver un club et d\u00e9couvrir toutes ces activit\u00e9s (<a href=\"https:\/\/cdk69.glideapp.io\/)\" target=\"_blank\" rel=\"noopener\">https:\/\/cdk69.glideapp.io\/)<\/a> !<\/p>\n<p>Alors n&rsquo;h\u00e9sitez-plus une seconde et prenez le risque de d\u00e9couvrir bien plus qu&rsquo;un sport avec nous ![\/vc_column_text][vc_video link=\u00a0\u00bbhttps:\/\/www.youtube.com\/watch?v=D0QEpKRwYa4&Prime; title=\u00a0\u00bbEn septembre 2021, d\u00e9couvrez le Karat\u00e9 Contact et le Full Contact !\u00a0\u00bb][vc_column_text]Connaissez vous le Full Contact (Boxe am\u00e9ricaine) ? Le Karat\u00e9 Contact (avec ou sans KO) ? Pr\u00e8s de chez vous, dans le Rh\u00f4ne comme partout en France des passionn\u00e9s pratiquent ces deux sports de combat tout au long de l&rsquo;ann\u00e9e qui peut \u00eatre pratiqu\u00e9e par tous !<\/p>\n<p>Plongez-vous au sein de ces disciplines, d\u00e9couvrez ces deux boxes pieds\/poings et rejoignez-nous pour un essai d\u00e8s la rentr\u00e9e de Septembre dans un des nombreux clubs du Rh\u00f4ne.<\/p>\n<p>Vous-voulez trouver un club pr\u00e8s de chez vous ? Rien de plus simple le site du comit\u00e9 du Rh\u00f4ne de Karat\u00e9 et Disciplines associ\u00e9es (<a href=\"https:\/\/sites.ffkarate.fr\/rhonemetropoledelyon\/\">https:\/\/sites.ffkarate.fr\/rhonemetropoledelyon\/<\/a>) met \u00e0 votre disposition la liste de tous ces clubs et vous propose m\u00eame une application mobile sans installation pour trouver un club et d\u00e9couvrir toutes ces activit\u00e9s (<a href=\"https:\/\/cdk69.glideapp.io\/\" target=\"_blank\" rel=\"noopener\">https:\/\/cdk69.glideapp.io\/<\/a>) !<\/p>\n<p>Alors n&rsquo;h\u00e9sitez-plus une seconde et prenez le risque de d\u00e9couvrir bien plus qu&rsquo;un sport avec nous ![\/vc_column_text][\/vc_column][\/vc_row][vc_row][vc_column][vc_empty_space height=\u00a0\u00bb80px\u00a0\u00bb][\/vc_column][\/vc_row][vc_row][vc_column width=\u00a0\u00bb1\/4&Prime;][vc_single_image image=\u00a0\u00bb65&Prime; img_size=\u00a0\u00bbmedium\u00a0\u00bb alignment=\u00a0\u00bbcenter\u00a0\u00bb onclick=\u00a0\u00bbcustom_link\u00a0\u00bb link=\u00a0\u00bbhttps:\/\/sites.ffkarate.fr\/rhonemetropoledelyon\/disciplines\/karate\/\u00a0\u00bb][\/vc_column][vc_column width=\u00a0\u00bb1\/4&Prime;][vc_single_image image=\u00a0\u00bb67&Prime; img_size=\u00a0\u00bbmedium\u00a0\u00bb alignment=\u00a0\u00bbcenter\u00a0\u00bb onclick=\u00a0\u00bbcustom_link\u00a0\u00bb link=\u00a0\u00bbhttps:\/\/sites.ffkarate.fr\/rhonemetropoledelyon\/disciplines\/arts-martiaux-vietnamiens\/\u00a0\u00bb][\/vc_column][vc_column width=\u00a0\u00bb1\/4&Prime;][vc_single_image image=\u00a0\u00bb68&Prime; img_size=\u00a0\u00bbmedium\u00a0\u00bb alignment=\u00a0\u00bbcenter\u00a0\u00bb onclick=\u00a0\u00bbcustom_link\u00a0\u00bb link=\u00a0\u00bbhttps:\/\/sites.ffkarate.fr\/rhonemetropoledelyon\/disciplines\/krav-maga\/\u00a0\u00bb][\/vc_column][vc_column width=\u00a0\u00bb1\/4&Prime;][vc_single_image image=\u00a0\u00bb69&Prime; img_size=\u00a0\u00bbmedium\u00a0\u00bb alignment=\u00a0\u00bbcenter\u00a0\u00bb onclick=\u00a0\u00bbcustom_link\u00a0\u00bb link=\u00a0\u00bbhttps:\/\/sites.ffkarate.fr\/rhonemetropoledelyon\/disciplines\/yoseikan-budo\/\u00a0\u00bb][\/vc_column][\/vc_row][vc_row][vc_column width=\u00a0\u00bb1\/4&Prime;][vc_single_image image=\u00a0\u00bb70&Prime; img_size=\u00a0\u00bbmedium\u00a0\u00bb alignment=\u00a0\u00bbcenter\u00a0\u00bb onclick=\u00a0\u00bbcustom_link\u00a0\u00bb link=\u00a0\u00bbhttps:\/\/sites.ffkarate.fr\/rhonemetropoledelyon\/disciplines\/wushu-arts-martiaux-chinois\/\u00a0\u00bb][\/vc_column][vc_column width=\u00a0\u00bb1\/4&Prime;][vc_single_image image=\u00a0\u00bb71&Prime; img_size=\u00a0\u00bbmedium\u00a0\u00bb alignment=\u00a0\u00bbcenter\u00a0\u00bb onclick=\u00a0\u00bbcustom_link\u00a0\u00bb link=\u00a0\u00bbhttps:\/\/sites.ffkarate.fr\/rhonemetropoledelyon\/disciplines\/arts-martiaux-du-sud-est-asiatique\/\u00a0\u00bb][\/vc_column][vc_column width=\u00a0\u00bb1\/4&Prime;][vc_single_image image=\u00a0\u00bb72&Prime; img_size=\u00a0\u00bbmedium\u00a0\u00bb alignment=\u00a0\u00bbcenter\u00a0\u00bb onclick=\u00a0\u00bbcustom_link\u00a0\u00bb link=\u00a0\u00bbhttps:\/\/sites.ffkarate.fr\/rhonemetropoledelyon\/disciplines\/karate-full-contact-karate-contact\/\u00a0\u00bb css=\u00a0\u00bb.vc_custom_1617727544980{padding-bottom: -30px !important;}\u00a0\u00bb][vc_column_text css=\u00a0\u00bb.vc_custom_1617727576014{margin-top: -50px !important;}\u00a0\u00bb]<\/p>\n<h5 style=\"text-align: center\">Karat\u00e9 Full Contact<\/h5>\n<p>[\/vc_column_text][\/vc_column][vc_column width=\u00a0\u00bb1\/4&Prime;][vc_single_image image=\u00a0\u00bb73&Prime; img_size=\u00a0\u00bbmedium\u00a0\u00bb alignment=\u00a0\u00bbcenter\u00a0\u00bb onclick=\u00a0\u00bbcustom_link\u00a0\u00bb link=\u00a0\u00bbhttps:\/\/sites.ffkarate.fr\/rhonemetropoledelyon\/disciplines\/karate-mix\/\u00a0\u00bb][vc_column_text css=\u00a0\u00bb.vc_custom_1617727589958{margin-top: -50px !important;}\u00a0\u00bb]<\/p>\n<h5 style=\"text-align: center\">Karat\u00e9 Mix<\/h5>\n<p>[\/vc_column_text][\/vc_column][\/vc_row][vc_row][vc_column][vc_empty_space height=\u00a0\u00bb80px\u00a0\u00bb][\/vc_column][\/vc_row][vc_row][vc_column][\/vc_column][\/vc_row]<\/p>\n<\/div>","protected":false},"excerpt":{"rendered":"<p>[vc_row][vc_column][vc_empty_space height=\u00a0\u00bb40px\u00a0\u00bb][vc_column_text] Projet promotionnel vid\u00e9o du CDK69 pour la rentr\u00e9e 2021\/2022 ! [\/vc_column_text][vc_column_text] Le Comit\u00e9 du Rh\u00f4ne \/ M\u00e9tropole de Lyon de Karat\u00e9 et Disciplines Associ\u00e9es a mis en place un projet de communication pour mettre en valeur nos disciplines. A ce titre, le Comit\u00e9 du Rh\u00f4ne se dote d\u2019une chaine Youtube : CDK69 https:\/\/www.youtube.com\/channel\/UCybGwm26I57Ue4KB63eKKdQ [&hellip;]<\/p>\n","protected":false},"author":1,"featured_media":0,"parent":0,"menu_order":0,"comment_status":"closed","ping_status":"closed","template":"page-fullwidth.php","meta":{"footnotes":""},"class_list":["post-63","page","type-page","status-publish","hentry"],"_links":{"self":[{"href":"https:\/\/sites.ffkarate.fr\/rhonemetropoledelyon\/wp-json\/wp\/v2\/pages\/63","targetHints":{"allow":["GET"]}}],"collection":[{"href":"https:\/\/sites.ffkarate.fr\/rhonemetropoledelyon\/wp-json\/wp\/v2\/pages"}],"about":[{"href":"https:\/\/sites.ffkarate.fr\/rhonemetropoledelyon\/wp-json\/wp\/v2\/types\/page"}],"author":[{"embeddable":true,"href":"https:\/\/sites.ffkarate.fr\/rhonemetropoledelyon\/wp-json\/wp\/v2\/users\/1"}],"replies":[{"embeddable":true,"href":"https:\/\/sites.ffkarate.fr\/rhonemetropoledelyon\/wp-json\/wp\/v2\/comments?post=63"}],"version-history":[{"count":10,"href":"https:\/\/sites.ffkarate.fr\/rhonemetropoledelyon\/wp-json\/wp\/v2\/pages\/63\/revisions"}],"predecessor-version":[{"id":3519,"href":"https:\/\/sites.ffkarate.fr\/rhonemetropoledelyon\/wp-json\/wp\/v2\/pages\/63\/revisions\/3519"}],"wp:attachment":[{"href":"https:\/\/sites.ffkarate.fr\/rhonemetropoledelyon\/wp-json\/wp\/v2\/media?parent=63"}],"curies":[{"name":"wp","href":"https:\/\/api.w.org\/{rel}","templated":true}]}}