{"id":385,"date":"2019-02-25T14:48:22","date_gmt":"2019-02-25T13:48:22","guid":{"rendered":"https:\/\/sites.ffkarate.fr\/saoneetloire\/?page_id=385"},"modified":"2019-02-25T14:48:22","modified_gmt":"2019-02-25T13:48:22","slug":"liens-utiles","status":"publish","type":"page","link":"https:\/\/sites.ffkarate.fr\/saoneetloire\/liens-utiles\/","title":{"rendered":"Liens Utiles"},"content":{"rendered":"<div class=\"wpb-content-wrapper\"><p>[vc_row][vc_column][vc_column_text]<strong><em>(cliquez sur le lien pour acc\u00e9der \u00e0 la page)<\/em><\/strong><\/p>\n<ul>\n<li><del><\/del><a href=\"http:\/\/www.ffkarate.fr\/\" target=\"_blank\" rel=\"noopener\">Site de la F\u00e9d\u00e9ration Fran\u00e7aise de Karat\u00e9 et Disciplines Associ\u00e9es<\/a><\/li>\n<li><a href=\"https:\/\/sites.ffkarate.fr\/bourgognefranchecomte\/\" target=\"_blank\" rel=\"noopener\">Site de la Ligue R\u00e9gionale de Bourgogne-Franche-Comt\u00e9<\/a><\/li>\n<li><a href=\"https:\/\/sites.ffkarate.fr\/bourgogne\/\" target=\"_blank\" rel=\"noopener\">Site de la Zone Inter-D\u00e9partementale de Bourgogne<\/a><\/li>\n<li><a href=\"https:\/\/sites.ffkarate.fr\/franchecomte\/\" target=\"_blank\" rel=\"noopener\">Site de la Zone Inter-D\u00e9partementale de Franche-Comt\u00e9<\/a><\/li>\n<\/ul>\n<p>[\/vc_column_text][\/vc_column][\/vc_row]<\/p>\n<\/div>","protected":false},"excerpt":{"rendered":"<p>[vc_row][vc_column][vc_column_text](cliquez sur le lien pour acc\u00e9der \u00e0 la page) Site de la F\u00e9d\u00e9ration Fran\u00e7aise de Karat\u00e9 et Disciplines Associ\u00e9es Site de la Ligue R\u00e9gionale de Bourgogne-Franche-Comt\u00e9 Site de la Zone Inter-D\u00e9partementale de Bourgogne Site de la Zone Inter-D\u00e9partementale de Franche-Comt\u00e9 [\/vc_column_text][\/vc_column][\/vc_row]<\/p>\n","protected":false},"author":56,"featured_media":0,"parent":0,"menu_order":0,"comment_status":"closed","ping_status":"closed","template":"","meta":{"footnotes":""},"class_list":["post-385","page","type-page","status-publish","hentry"],"_links":{"self":[{"href":"https:\/\/sites.ffkarate.fr\/saoneetloire\/wp-json\/wp\/v2\/pages\/385","targetHints":{"allow":["GET"]}}],"collection":[{"href":"https:\/\/sites.ffkarate.fr\/saoneetloire\/wp-json\/wp\/v2\/pages"}],"about":[{"href":"https:\/\/sites.ffkarate.fr\/saoneetloire\/wp-json\/wp\/v2\/types\/page"}],"author":[{"embeddable":true,"href":"https:\/\/sites.ffkarate.fr\/saoneetloire\/wp-json\/wp\/v2\/users\/56"}],"replies":[{"embeddable":true,"href":"https:\/\/sites.ffkarate.fr\/saoneetloire\/wp-json\/wp\/v2\/comments?post=385"}],"version-history":[{"count":0,"href":"https:\/\/sites.ffkarate.fr\/saoneetloire\/wp-json\/wp\/v2\/pages\/385\/revisions"}],"wp:attachment":[{"href":"https:\/\/sites.ffkarate.fr\/saoneetloire\/wp-json\/wp\/v2\/media?parent=385"}],"curies":[{"name":"wp","href":"https:\/\/api.w.org\/{rel}","templated":true}]}}