{"id":4809,"date":"2025-09-11T14:40:21","date_gmt":"2025-09-11T12:40:21","guid":{"rendered":"https:\/\/sites.ffkarate.fr\/savoie\/?page_id=4809"},"modified":"2025-09-11T14:52:00","modified_gmt":"2025-09-11T12:52:00","slug":"competition-2-coaching","status":"publish","type":"page","link":"https:\/\/sites.ffkarate.fr\/savoie\/competition-2-coaching\/","title":{"rendered":"Coaching"},"content":{"rendered":"<div class=\"wpb-content-wrapper\"><p>[vc_row][vc_column][vc_column_text]<\/p>\n<h2>Le dispositif coaching karat\u00e9<\/h2>\n<p>Le dispositif coaching karat\u00e9 permet d\u2019habiliter les coachs karat\u00e9 combat &amp; kata et ainsi les autoriser \u00e0 coacher lors des comp\u00e9titions.<\/p>\n<p>&nbsp;<\/p>\n<h3>D\u00e9couvrez ci-dessous le r\u00e9sum\u00e9 de la r\u00e9glementation pour la saison 2024-2025 :<\/h3>\n<ul>\n<li>Une seule cat\u00e9gorie de coach est r\u00e9f\u00e9renc\u00e9e sur la base de donn\u00e9es f\u00e9d\u00e9rale SIKADA. Elle s\u2019intitule \u00ab\u00a0Coach national\u00a0\u00bb.<\/li>\n<li>Les clubs devront inscrire, via le site ffkcompetition, les coachs aux comp\u00e9titions, au m\u00eame titre que les athl\u00e8tes, pour chacune des comp\u00e9titions nationales.<\/li>\n<li>Les conditions et pr\u00e9requis pour coacher en comp\u00e9tition nationale sont les suivantes : les coachs doivent poss\u00e9der au minimum le 1<sup>e<\/sup>\u00a0dan, le DAF et avoir r\u00e9ussi l\u2019examen national \u00e0 distance (QCM \u00e0 r\u00e9aliser).<\/li>\n<li>Le nombre de coachs par club pouvant \u00eatre r\u00e9f\u00e9renc\u00e9s et habilit\u00e9s sur la base de donn\u00e9es f\u00e9d\u00e9rale SIKADA est proportionnel aux nombre de licenci\u00e9s du club.<\/li>\n<li>Le nombre de coachs pouvant s\u2019inscrire \u00e0 chaque comp\u00e9tition nationale est proportionnel au nombre d\u2019athl\u00e8tes inscrits.<\/li>\n<li>Les coachs accr\u00e9dit\u00e9s sur une comp\u00e9tition auront une carte de coach uniquement valable pour la comp\u00e9tition concern\u00e9e.<\/li>\n<\/ul>\n<p>[\/vc_column_text][\/vc_column][\/vc_row]<\/p>\n<\/div>","protected":false},"excerpt":{"rendered":"<p>[vc_row][vc_column][vc_column_text] Le dispositif coaching karat\u00e9 Le dispositif coaching karat\u00e9 permet d\u2019habiliter les coachs karat\u00e9 combat &amp; kata et ainsi les autoriser \u00e0 coacher lors des comp\u00e9titions. &nbsp; D\u00e9couvrez ci-dessous le r\u00e9sum\u00e9 de la r\u00e9glementation pour la saison 2024-2025 : Une seule cat\u00e9gorie de coach est r\u00e9f\u00e9renc\u00e9e sur la base de donn\u00e9es f\u00e9d\u00e9rale SIKADA. Elle s\u2019intitule [&hellip;]<\/p>\n","protected":false},"author":65,"featured_media":0,"parent":0,"menu_order":0,"comment_status":"closed","ping_status":"closed","template":"","meta":{"footnotes":""},"class_list":["post-4809","page","type-page","status-publish","hentry"],"_links":{"self":[{"href":"https:\/\/sites.ffkarate.fr\/savoie\/wp-json\/wp\/v2\/pages\/4809","targetHints":{"allow":["GET"]}}],"collection":[{"href":"https:\/\/sites.ffkarate.fr\/savoie\/wp-json\/wp\/v2\/pages"}],"about":[{"href":"https:\/\/sites.ffkarate.fr\/savoie\/wp-json\/wp\/v2\/types\/page"}],"author":[{"embeddable":true,"href":"https:\/\/sites.ffkarate.fr\/savoie\/wp-json\/wp\/v2\/users\/65"}],"replies":[{"embeddable":true,"href":"https:\/\/sites.ffkarate.fr\/savoie\/wp-json\/wp\/v2\/comments?post=4809"}],"version-history":[{"count":3,"href":"https:\/\/sites.ffkarate.fr\/savoie\/wp-json\/wp\/v2\/pages\/4809\/revisions"}],"predecessor-version":[{"id":4814,"href":"https:\/\/sites.ffkarate.fr\/savoie\/wp-json\/wp\/v2\/pages\/4809\/revisions\/4814"}],"wp:attachment":[{"href":"https:\/\/sites.ffkarate.fr\/savoie\/wp-json\/wp\/v2\/media?parent=4809"}],"curies":[{"name":"wp","href":"https:\/\/api.w.org\/{rel}","templated":true}]}}