{"id":53,"date":"2015-10-30T17:04:22","date_gmt":"2015-10-30T16:04:22","guid":{"rendered":"https:\/\/sites.ffkarate.fr\/testclone\/?page_id=53"},"modified":"2015-10-30T17:04:22","modified_gmt":"2015-10-30T16:04:22","slug":"karate","status":"publish","type":"page","link":"https:\/\/sites.ffkarate.fr\/savoie\/calendrier-2\/karate\/","title":{"rendered":"Stages partenaires"},"content":{"rendered":"<div class=\"wpb-content-wrapper\"><p>[vc_row][vc_column][vc_column_text]<\/p>\n<h2><strong>FEVRIER 2017<\/strong><\/h2>\n<hr \/>\n<h2><\/h2>\n<p><strong>STAGE DE\u00a0KARAT\u00c9 KUMITE AVEC TIFFANY FANJAT<\/strong><\/p>\n<p><a href=\"https:\/\/sites.ffkarate.fr\/savoie\/wp-content\/uploads\/sites\/89\/2015\/10\/stagepart-fanjat-fev2017.jpg\" target=\"_blank\" rel=\"noopener\"><img decoding=\"async\" class=\"  alignleft wp-image-1068\" title=\"Stage de karat\u00e9 combat avec Tiffany Fanjat \" src=\"https:\/\/sites.ffkarate.fr\/savoie\/wp-content\/uploads\/sites\/89\/2015\/10\/stagepart-fanjat-fev2017-724x1024.jpg\" alt=\"Stage de karat\u00e9 combat avec Tiffany Fanjat Championne du monde\" width=\"161\" height=\"227\" \/><\/a>Stage de karat\u00e9 combat\u00a0dirig\u00e9 par Tifany Fanjat, championne du monde kumite\u00a0du\u00a0<strong>dimanche 12 f\u00e9vrier 2017.<\/strong><\/p>\n<ul>\n<li>Horaires : 09h00 \u00e0 10h30 (enfants \u00e0 partir de 8 ans et de 10h30 \u00e0 12h00 (\u00e0 partir de minimes)<\/li>\n<li>Tarif : 5 euros adh\u00e9rents au Karat\u00e9 Club St Roman Vienne \/ 10 euros non-adh\u00e9rents<\/li>\n<li>Lieu : gymnase Georges Brun &#8211; 2 chemin Aqueducs &#8211; 38200 Vienne<\/li>\n<\/ul>\n<p>&nbsp;<\/p>\n<p>Renseignements \/ Inscriptions :\u00a006\u00a052 62 55 00 &#8211; karateclubvienne@gmail.com<\/p>\n<hr \/>\n<h2>AO\u00dbT 2017<\/h2>\n<hr \/>\n<p><strong>\u00a0STAGE KARATE ARTS MARTIAUX &amp; LOISIRS &#8211; SUMMER CAMP AVEC SERGE SERFATI<\/strong><\/p>\n<p><a href=\"https:\/\/sites.ffkarate.fr\/savoie\/wp-content\/uploads\/sites\/89\/2015\/10\/stagepart-summercamp-aout2017.jpg\"><img decoding=\"async\" class=\"  alignleft wp-image-1080\" title=\"Affiche Summer Camp Serge Serfati\" src=\"https:\/\/sites.ffkarate.fr\/savoie\/wp-content\/uploads\/sites\/89\/2015\/10\/stagepart-summercamp-aout2017-725x1024.jpg\" alt=\"Stage d'arts martiaux et sports de combat Summer Camp avec Serge Serfati\" width=\"168\" height=\"238\" \/><\/a>Stage d&rsquo;arts martiaux et sports de combat dirig\u00e9 par Serge Serfati, expert f\u00e9d\u00e9ral 8e dan, du\u00a0<strong>dimanche 20 au vendredi 25 ao\u00fbt 2017.<\/strong><\/p>\n<ul>\n<li>Horaires : \u00a0<a href=\"http:\/\/www.institutartsmartiaux-serfati.fr\/2017\/01\/24\/summer-camp-2017\/\" target=\"_blank\" rel=\"noopener\">se renseigner<\/a><\/li>\n<li>Tarif :\u00a0se renseigner<\/li>\n<li>Lieu : complexe sportif C\u00e8re et Dordogne &#8211; route de Soupette &#8211; 46130 Biars-Bretenoux<\/li>\n<\/ul>\n<p>&nbsp;<\/p>\n<p>&nbsp;<\/p>\n<p>Renseignements \/ Inscriptions :\u00a006 09 49 58 71\u00a0&#8211;\u00a0institutartsmartiaux@neuf.fr<\/p>\n<hr \/>\n<p>&nbsp;<\/p>\n<p>&nbsp;[\/vc_column_text][\/vc_column][\/vc_row]<\/p>\n<\/div>","protected":false},"excerpt":{"rendered":"<p>[vc_row][vc_column][vc_column_text] FEVRIER 2017 STAGE DE\u00a0KARAT\u00c9 KUMITE AVEC TIFFANY FANJAT Stage de karat\u00e9 combat\u00a0dirig\u00e9 par Tifany Fanjat, championne du monde kumite\u00a0du\u00a0dimanche 12 f\u00e9vrier 2017. Horaires : 09h00 \u00e0 10h30 (enfants \u00e0 partir de 8 ans et de 10h30 \u00e0 12h00 (\u00e0 partir de minimes) Tarif : 5 euros adh\u00e9rents au Karat\u00e9 Club St Roman Vienne \/ [&hellip;]<\/p>\n","protected":false},"author":20,"featured_media":0,"parent":582,"menu_order":330,"comment_status":"closed","ping_status":"closed","template":"","meta":{"footnotes":""},"class_list":["post-53","page","type-page","status-publish","hentry"],"_links":{"self":[{"href":"https:\/\/sites.ffkarate.fr\/savoie\/wp-json\/wp\/v2\/pages\/53","targetHints":{"allow":["GET"]}}],"collection":[{"href":"https:\/\/sites.ffkarate.fr\/savoie\/wp-json\/wp\/v2\/pages"}],"about":[{"href":"https:\/\/sites.ffkarate.fr\/savoie\/wp-json\/wp\/v2\/types\/page"}],"author":[{"embeddable":true,"href":"https:\/\/sites.ffkarate.fr\/savoie\/wp-json\/wp\/v2\/users\/20"}],"replies":[{"embeddable":true,"href":"https:\/\/sites.ffkarate.fr\/savoie\/wp-json\/wp\/v2\/comments?post=53"}],"version-history":[{"count":0,"href":"https:\/\/sites.ffkarate.fr\/savoie\/wp-json\/wp\/v2\/pages\/53\/revisions"}],"up":[{"embeddable":true,"href":"https:\/\/sites.ffkarate.fr\/savoie\/wp-json\/wp\/v2\/pages\/582"}],"wp:attachment":[{"href":"https:\/\/sites.ffkarate.fr\/savoie\/wp-json\/wp\/v2\/media?parent=53"}],"curies":[{"name":"wp","href":"https:\/\/api.w.org\/{rel}","templated":true}]}}