{"id":56,"date":"2015-01-08T11:32:52","date_gmt":"2015-01-08T10:32:52","guid":{"rendered":"https:\/\/sites.ffkarate.fr\/testclone\/?page_id=56"},"modified":"2025-09-23T10:35:33","modified_gmt":"2025-09-23T08:35:33","slug":"formations-2","status":"publish","type":"page","link":"https:\/\/sites.ffkarate.fr\/savoie\/formations-2\/","title":{"rendered":"Formations"},"content":{"rendered":"<div class=\"wpb-content-wrapper\"><p>[vc_row][vc_column][vc_column_text]<\/p>\n<h2>ATTENTION : Les inscriptions 2025-2026 pour les formations AFA, DAF et DIF sont ouvertes.<\/h2>\n<h2><strong style=\"font-size: 16px\">IMPORTANT<\/strong><span style=\"font-size: 16px\"> : Pour les personnes souhaitant s&rsquo;inscrire \u00e0 la formation DAF et DIF, pensez \u00e0 valider d\u00e8s maintenant vos heures de Participation F\u00e9d\u00e9rale en suivant les manifestations organis\u00e9es par le Comit\u00e9 D\u00e9partemental (Comp\u00e9titions, Stages, Assembl\u00e9e G\u00e9n\u00e9rale, Entrainements d\u00e9partementaux, etc&#8230;) Voir le calendrier.<\/span><\/h2>\n<p><a href=\"https:\/\/sites.ffkarate.fr\/savoie\/wp-content\/uploads\/sites\/89\/2022\/10\/Attestation-de-participation-Federale.pdf\">Attestation de Participation F\u00e9d\u00e9rale (pdf)<\/a><\/p>\n<p><a href=\"https:\/\/sites.ffkarate.fr\/savoie\/wp-content\/uploads\/sites\/89\/2022\/10\/Attestation-de-participation-Federale.docx\">Attestation de Participation F\u00e9d\u00e9rale (doc)<\/a><\/p>\n<h2><\/h2>\n<h2>Rendez-vous sur Sikada Inscription. Lien d&rsquo;inscription : <a href=\"https:\/\/www.sikada.fr\/sikadaIns\" target=\"_blank\" rel=\"noopener\">Cliquez ici<\/a><\/h2>\n<p>&nbsp;<\/p>\n<hr \/>\n<h2><\/h2>\n<h2>Les formations organis\u00e9es par le d\u00e9partement<\/h2>\n<p>Sous la direction de Richard Ehny, le Comit\u00e9 D\u00e9partemental de Karat\u00e9 de la Savoie organise les formations concernant l&rsquo;activit\u00e9 d&rsquo;enseignant b\u00e9n\u00e9vole suivantes : l&rsquo;Attestation F\u00e9d\u00e9rale d&rsquo;Assistant, le Dipl\u00f4me d&rsquo;Animateur F\u00e9d\u00e9ral et et le Dipl\u00f4me d&rsquo;Instructeur F\u00e9d\u00e9ral.<\/p>\n<ul>\n<li><strong>Attestation F\u00e9d\u00e9rale d&rsquo;Assistant (AFA) : <\/strong>l\u2019AFA permet de donner une reconnaissance \u00e0 un jeune int\u00e9ress\u00e9 par l&rsquo;enseignement pour aider et assister un enseignement dipl\u00f4m\u00e9 \u00e0 encadrer des s\u00e9ances de karat\u00e9 et de disciplines associ\u00e9es dans un club affilifi\u00e9 FFK.<\/li>\n<li><a href=\"https:\/\/sites.ffkarate.fr\/savoie\/wp-content\/uploads\/sites\/89\/2025\/09\/AFA-fiche-action-25-26.pdf\">Voir la fiche AFA<\/a><\/li>\n<\/ul>\n<ul>\n<li><strong>Dipl\u00f4me d&rsquo;Animateur F\u00e9d\u00e9ral (DAF) : <\/strong>le DAF est un dipl\u00f4me assez rapide \u00e0 obtenir, il permet \u00e0 son titulaire d&rsquo;organioser des entra\u00eenements de fa\u00e7on b\u00e9n\u00e9vole au sein des clubs affili\u00e9s FFK et ainsi d\u00e9velopper la pratique du karat\u00e9 et des disciplines associ\u00e9es.<\/li>\n<li><a href=\"https:\/\/sites.ffkarate.fr\/savoie\/wp-content\/uploads\/sites\/89\/2025\/09\/DAF-fiche-action-25-26.pdf\">Voir la fiche DAF<\/a><\/li>\n<\/ul>\n<ul>\n<li><strong>Dipl\u00f4me d&rsquo;Instructeur F\u00e9d\u00e9ral (DIF) : <\/strong>le DIF est le niveau avanc\u00e9 de qualification pour l&rsquo;enseignement b\u00e9n\u00e9vole du karat\u00e9 et des disciplines associ\u00e9es, dans tout club affili\u00e9 \u00e0 la FFK.<\/li>\n<li><a href=\"https:\/\/sites.ffkarate.fr\/savoie\/wp-content\/uploads\/sites\/89\/2025\/09\/DIF-fiche-action-25-26.pdf\">Voir la fiche DIF<\/a><\/li>\n<\/ul>\n<h2><\/h2>\n<h2>Dates des formations 2025\/2026<\/h2>\n<p>AFA (Prix 30\u20ac) :<\/p>\n<ul>\n<li>Date limite des inscriptions : 8 d\u00e9cembre 2025<\/li>\n<li>Lieu de formation : Dojo d&rsquo;Aix &#8211; 1445 boulevard Lepic &#8211; 73100 AIX-LES-BAINS<\/li>\n<li>Date de la formation : 10 janvier 2026<\/li>\n<\/ul>\n<p>DAF (Prix 100\u20ac) :<\/p>\n<ul>\n<li>Date limite des inscriptions : 8 d\u00e9cembre 2025<\/li>\n<li>Lieu de formation : Dojo d&rsquo;Aix &#8211; 1445 boulevard Lepic &#8211; 73100 AIX-LES-BAINS<\/li>\n<li>Date de la formation : 10 et 11 janvier 2026<\/li>\n<li>Date d&rsquo;examen : 25 janvier 2026<\/li>\n<\/ul>\n<p>DIF (Prix 250\u20ac \/ 150\u20ac pour les titulaires du DAF) :<\/p>\n<ul>\n<li>Date limite des inscriptions : 8 d\u00e9cembre 2025<\/li>\n<li>Lieu de formation : Dojo d&rsquo;Aix &#8211; 1445 boulevard Lepic &#8211; 73100 AIX-LES-BAINS<\/li>\n<li>Dates de la formation : 10 et 11 janvier 2026<\/li>\n<li>\u00a0 \u00a0 \u00a0 \u00a0 \u00a0 \u00a0 \u00a0 \u00a0 \u00a0 \u00a0 \u00a0 \u00a0 \u00a0 \u00a0 \u00a0 \u00a0 \u00a0 \u00a0 \u00a0 \u00a0 \u00a0 \u00a014 et 15 f\u00e9vrier 2026<\/li>\n<li>Date d&rsquo;examen : 1 mars 2026<\/li>\n<\/ul>\n<p>&nbsp;<\/p>\n<h3><strong>Cliquez sur la fiche d&rsquo;inscription 2025\/2026 souhait\u00e9e (pdf ou word) :<\/strong><\/h3>\n<p><a href=\"https:\/\/sites.ffkarate.fr\/savoie\/wp-content\/uploads\/sites\/89\/2025\/09\/Fiche-Inscription-AFA-2025-2026.pdf\">Fiche Inscription AFA (2025-2026) pdf<\/a><\/p>\n<p><a href=\"https:\/\/sites.ffkarate.fr\/savoie\/wp-content\/uploads\/sites\/89\/2025\/09\/Fiche-Inscription-AFA-2025-2026.docx\">Fiche Inscription AFA (2025-2026) doc<\/a><\/p>\n<p>&nbsp;<\/p>\n<p><a href=\"https:\/\/sites.ffkarate.fr\/savoie\/wp-content\/uploads\/sites\/89\/2025\/09\/Fiche-Inscription-DAF-2025-2026.pdf\">Fiche Inscription DAF (2025-2026) pdf<\/a><\/p>\n<p><a href=\"https:\/\/sites.ffkarate.fr\/savoie\/wp-content\/uploads\/sites\/89\/2025\/09\/Fiche-Inscription-DAF-2025-2026.docx\">Fiche Inscription DAF (2025-2026) doc<\/a><\/p>\n<p>&nbsp;<\/p>\n<p><a href=\"https:\/\/sites.ffkarate.fr\/savoie\/wp-content\/uploads\/sites\/89\/2025\/09\/Fiche-Inscription-DIF-2025-2026.pdf\">Fiche Inscription DIF (2025-2026) pdf<\/a><\/p>\n<p><a href=\"https:\/\/sites.ffkarate.fr\/savoie\/wp-content\/uploads\/sites\/89\/2025\/09\/Fiche-Inscription-DIF-2025-2026.docx\">Fiche Inscription DIF (2025-2026) doc<\/a><\/p>\n<p>&nbsp;<\/p>\n<p><a href=\"https:\/\/sites.ffkarate.fr\/savoie\/wp-content\/uploads\/sites\/89\/2025\/09\/GUIDE-DES-FORMATIONS_2025_2026-_5.pdf\">R\u00e8glement des formations (2025-2026)<\/a><\/p>\n<p>&nbsp;<\/p>\n<p><strong>Informations<\/strong><\/p>\n<ul>\n<li>Responsable des formations : Arnaud Decottignies (en indisponibilit\u00e9)<\/li>\n<li>Responsable des formations pour la saison 2025\/2026 : Richard Ehny<\/li>\n<li>Mail :\u00a0formationcdk73@gmail.com<\/li>\n<\/ul>\n<hr \/>\n<h2><\/h2>\n<h2>Devenir un enseignant de karat\u00e9 ou des disciplines associ\u00e9es<\/h2>\n<p>Vous souhaitez\u00a0<strong>assister\u00a0votre professeur<\/strong>\u00a0durant les cours ou\u00a0<strong>enseigner en pleine autonomie<\/strong>\u00a0?<\/p>\n<p>La F\u00e9d\u00e9ration Fran\u00e7aise de Karat\u00e9\u00a0et ses organismes d\u00e9concentr\u00e9s vous propose\u00a0<strong>un programme de formations<\/strong>\u00a0en fonction de votre projet afin de pouvoir\u00a0exercer un\u00a0<strong>activit\u00e9 d&rsquo;enseignant b\u00e9n\u00e9vole ou professionnelle r\u00e9mun\u00e9r\u00e9e.<\/strong><\/p>\n<p><a href=\"https:\/\/sites.ffkarate.fr\/savoie\/wp-content\/uploads\/sites\/89\/2015\/01\/Formation_1.jpg\"><img decoding=\"async\" class=\"alignnone size-full wp-image-872\" src=\"https:\/\/sites.ffkarate.fr\/savoie\/wp-content\/uploads\/sites\/89\/2015\/01\/Formation_1.jpg\" alt=\"Photo de stagiaires en formation FFKDA\" width=\"824\" height=\"392\" \/><\/a><\/p>\n<hr \/>\n<p>&nbsp;<\/p>\n<h2>Les formations organis\u00e9es par la Ligue<\/h2>\n<p><strong>Le Certificat de Body Karat\u00e9 (CBK) : <\/strong>le CBK permet l\u2019enseignement b\u00e9n\u00e9vole, uniquement de cette activit\u00e9 dans un club affili\u00e9 \u00e0 la FFKDA.<\/p>\n<p>&gt; Pour plus d&rsquo;infos, RDV sur la\u00a0\u00ab\u00a0<a href=\"https:\/\/sites.ffkarate.fr\/rhonealpes\/commission-regionale-arbitrage-ligue-rhone-alpes-karate\/\" target=\"_blank\" rel=\"noopener\"><strong>FORMATIONS<\/strong><\/a>\u00a0\u00bb du site internet de la Ligue Auvergne-Rh\u00f4ne-Alpes\u00a0\u00a0ou contacter le Responsable R\u00e9gional des Formations,<\/p>\n<hr \/>\n<h2>Les formations organis\u00e9es par la FFKDA<\/h2>\n<p>La F\u00e9d\u00e9ration Fran\u00e7aise de Karat\u00e9 et Disciplines Associ\u00e9es organise les formations concernant l&rsquo;activit\u00e9s d&rsquo;enseignant b\u00e9n\u00e9vole et professionnelle r\u00e9mun\u00e9r\u00e9e.<\/p>\n<ul>\n<li><b>Brevet Professionnel de la Jeunesse, de l\u2019Education Populaire et du Sport (BPJEPS) &#8211; Niveau IV :\u00a0<\/b>le BPJEPS est un dipl\u00f4me d\u2019\u00c9tat de niveau IV qui permet l\u2019enseignement contre r\u00e9mun\u00e9ration des disciplines pour lesquelles la FFKDA a la d\u00e9l\u00e9gation. (Dipl\u00f4me en cours de construction)<\/li>\n<\/ul>\n<ul>\n<li><b>Dipl\u00f4me d\u2019\u00c9tat de la Jeunesse, de l\u2019\u00c9ducation Populaire et du Sport (DEJEPS) &#8211; Niveau III :\u00a0<\/b>le DEJEPS est un dipl\u00f4me d\u2019\u00c9tat de niveau III qui permet l\u2019enseignement contre r\u00e9mun\u00e9ration des disciplines pour lesquelles la FFKDA a la d\u00e9l\u00e9gation. Ce dipl\u00f4me atteste de la capacit\u00e9 \u00e0 concevoir, coordonner et mettre en \u0153uvre des programmes de perfectionnement, conduire des d\u00e9marches d\u2019entra\u00eenement et de formation.<\/li>\n<\/ul>\n<ul>\n<li><b>Dipl\u00f4me d\u2019\u00c9tat Sup\u00e9rieur de la Jeunesse, de l\u2019\u00c9ducation Populaire et du Sport (DESJEPS)\u00a0&#8211; Niveau II :\u00a0<\/b>le DESJEPS est un dipl\u00f4me d\u2019\u00c9tat de niveau II qui permet l\u2019enseignement contre r\u00e9mun\u00e9ration des disciplines pour lesquelles la FFKDA a la d\u00e9l\u00e9gation. C\u2019est le dipl\u00f4me le plus \u00e9lev\u00e9 du secteur professionnel du karat\u00e9 et des disciplines associ\u00e9es. Il correspond \u00e0 un niveau d\u2019expertise avec pour objectif l\u2019entra\u00eenement de haut niveau.<\/li>\n<\/ul>\n<p>Pour plus d&rsquo;infos sur les formations organis\u00e9es par la FFKDA, RDV sur la page \u00ab\u00a0<a href=\"http:\/\/www.ffkarate.fr\/formations\/\" target=\"_blank\" rel=\"noopener\"><strong>FORMATIONS<\/strong><\/a>\u00a0\u00bb du site internet de la F\u00e9d\u00e9ration.<\/p>\n<hr \/>\n<h2>Demande de carte de professeur<\/h2>\n<p>La\u00a0carte de professeur vous donne le droit\u00a0d\u2019assister gratuitement\u00a0aux manifestations sportives organis\u00e9es par la F\u00e9d\u00e9ration, l&rsquo;Inter-R\u00e9gion, la Ligue et le D\u00e9partement.<\/p>\n<p><a href=\"https:\/\/sites.ffkarate.fr\/savoie\/wp-content\/uploads\/sites\/42\/2015\/01\/attestation-participation-asso-DAF-DIF-2016-2017.pdf\" target=\"_blank\" rel=\"noopener\"><img decoding=\"async\" class=\" alignleft wp-image-716\" src=\"https:\/\/sites.ffkarate.fr\/savoie\/wp-content\/uploads\/sites\/89\/2016\/12\/file.png\" alt=\"Ic\u00f4ne documents \u00e0 t\u00e9l\u00e9charger\" width=\"25\" height=\"25\" \/><\/a><\/p>\n<p><a href=\"https:\/\/sites.ffkarate.fr\/savoie\/wp-content\/uploads\/sites\/89\/2022\/09\/Formulaire-Demande-de-carte-de-professeur20202021.pdf\" target=\"_blank\" rel=\"noopener\">Formulaire de demande de carte de professeur<\/a>[\/vc_column_text][\/vc_column][\/vc_row]<\/p>\n<\/div>","protected":false},"excerpt":{"rendered":"<p>Vous souhaitez\u00a0assister\u00a0votre professeur\u00a0durant les cours ou\u00a0enseigner en pleine autonomie\u00a0?<\/p>\n","protected":false},"author":20,"featured_media":1168,"parent":0,"menu_order":70,"comment_status":"closed","ping_status":"closed","template":"page-fullwidth.php","meta":{"footnotes":""},"class_list":["post-56","page","type-page","status-publish","hentry"],"_links":{"self":[{"href":"https:\/\/sites.ffkarate.fr\/savoie\/wp-json\/wp\/v2\/pages\/56","targetHints":{"allow":["GET"]}}],"collection":[{"href":"https:\/\/sites.ffkarate.fr\/savoie\/wp-json\/wp\/v2\/pages"}],"about":[{"href":"https:\/\/sites.ffkarate.fr\/savoie\/wp-json\/wp\/v2\/types\/page"}],"author":[{"embeddable":true,"href":"https:\/\/sites.ffkarate.fr\/savoie\/wp-json\/wp\/v2\/users\/20"}],"replies":[{"embeddable":true,"href":"https:\/\/sites.ffkarate.fr\/savoie\/wp-json\/wp\/v2\/comments?post=56"}],"version-history":[{"count":31,"href":"https:\/\/sites.ffkarate.fr\/savoie\/wp-json\/wp\/v2\/pages\/56\/revisions"}],"predecessor-version":[{"id":4871,"href":"https:\/\/sites.ffkarate.fr\/savoie\/wp-json\/wp\/v2\/pages\/56\/revisions\/4871"}],"wp:featuredmedia":[{"embeddable":true,"href":"https:\/\/sites.ffkarate.fr\/savoie\/wp-json\/wp\/v2\/media\/1168"}],"wp:attachment":[{"href":"https:\/\/sites.ffkarate.fr\/savoie\/wp-json\/wp\/v2\/media?parent=56"}],"curies":[{"name":"wp","href":"https:\/\/api.w.org\/{rel}","templated":true}]}}