{"id":582,"date":"2016-12-19T15:38:27","date_gmt":"2016-12-19T14:38:27","guid":{"rendered":"https:\/\/sites.ffkarate.fr\/savoie\/?page_id=582"},"modified":"2016-12-19T15:38:27","modified_gmt":"2016-12-19T14:38:27","slug":"calendrier-2","status":"publish","type":"page","link":"https:\/\/sites.ffkarate.fr\/savoie\/calendrier-2\/","title":{"rendered":"Calendriers"},"content":{"rendered":"<div class=\"wpb-content-wrapper\"><p>[vc_row][vc_column][vc_column_text]<\/p>\n<h2><a href=\"https:\/\/sites.ffkarate.fr\/savoie\/calendrier-2\/calendrier\/\">Calendriers<\/a><\/h2>\n<p>Retrouvez toutes les dates des manifestations et des \u00e9v\u00e8nements ainsi que les\u00a0r\u00e9sultats des comp\u00e9titions, des examens de grades\u00a0et des formations sur les diff\u00e9rents calendriers f\u00e9d\u00e9raux.<\/p>\n<ul>\n<li><strong><a href=\"https:\/\/sites.ffkarate.fr\/savoie\/calendrier-2\/calendrier\/\" target=\"_blank\" rel=\"noopener\">Calendrier D\u00e9partemental<\/a><\/strong><\/li>\n<li><strong><a href=\"https:\/\/sites.ffkarate.fr\/dauphinesavoie\/actualites\/bienvenue-sur-le-site-de-la-nouvelle-zone-inter-departementale-dauphine-savoie\/\" target=\"_blank\" rel=\"noopener\">Calendrier de la ZID Dauphin\u00e9-Savoie<\/a><\/strong><\/li>\n<li><strong><a href=\"https:\/\/sites.ffkarate.fr\/auvergnerhonealpes\/calendrier\/\" target=\"_blank\" rel=\"noopener\">Calendrier Ligue Auvergne Rh\u00f4ne-Alpes<\/a><\/strong><\/li>\n<li><strong><a href=\"http:\/\/www.ffkarate.fr\/calendrier\/\" target=\"_blank\" rel=\"noopener\">Calendrier National<\/a><\/strong><\/li>\n<\/ul>\n<hr \/>\n<h2>Stages<\/h2>\n<p>Dans cette rubrique\u00a0nous publierons tout au\u00a0long de la saison les diff\u00e9rents stages organis\u00e9s dans le d\u00e9partement de la Savoie. Ils sont class\u00e9s en 3 cat\u00e9gories :<\/p>\n<ul>\n<li>Stages organis\u00e9s par le <strong>d\u00e9partement<\/strong> (<a href=\"https:\/\/sites.ffkarate.fr\/savoie\/calendrier-2\/calendrier\/\" target=\"_blank\" rel=\"noopener\">calendrier d\u00e9partemental<\/a>)<\/li>\n<li>Stage organis\u00e9 par <strong><a href=\"https:\/\/sites.ffkarate.fr\/savoie\/calendrier-2\/calendrier-de-ligue\/\" target=\"_blank\" rel=\"noopener\">un club \u00e0 titre priv\u00e9<\/a><\/strong><\/li>\n<li>Stage organis\u00e9 par <a href=\"https:\/\/sites.ffkarate.fr\/savoie\/calendrier-2\/karate\/\" target=\"_blank\" rel=\"noopener\">l<strong>es partenaires<\/strong><\/a> qui\u00a0regroupe les stages des autres comit\u00e9s d\u00e9partementaux ou d\u2019autres ligues, pour lesquels nous relaierons leurs informations.<\/li>\n<\/ul>\n<p><b>Info clubs<\/b> : les\u00a0demandes de diffusion sur ces pages doivent \u00eatre\u00a0adress\u00e9es au Pr\u00e9sident du d\u00e9partement pour\u00a0validation (didier.braillon@orange.fr) et en copie \u00e0 la Directrice Technique d\u00e9partemental (karen-saint-patrice@hotmail.fr) en pr\u00e9cisant toutes les informations pratiques n\u00e9cessaires (document en WORD\/PDF, affiche en JPG).[\/vc_column_text][\/vc_column][\/vc_row]<\/p>\n<\/div>","protected":false},"excerpt":{"rendered":"<p>[vc_row][vc_column][vc_column_text] Calendriers Retrouvez toutes les dates des manifestations et des \u00e9v\u00e8nements ainsi que les\u00a0r\u00e9sultats des comp\u00e9titions, des examens de grades\u00a0et des formations sur les diff\u00e9rents calendriers f\u00e9d\u00e9raux. Calendrier D\u00e9partemental Calendrier de la ZID Dauphin\u00e9-Savoie Calendrier Ligue Auvergne Rh\u00f4ne-Alpes Calendrier National Stages Dans cette rubrique\u00a0nous publierons tout au\u00a0long de la saison les diff\u00e9rents stages organis\u00e9s dans [&hellip;]<\/p>\n","protected":false},"author":171,"featured_media":0,"parent":0,"menu_order":30,"comment_status":"closed","ping_status":"closed","template":"","meta":{"footnotes":""},"class_list":["post-582","page","type-page","status-publish","hentry"],"_links":{"self":[{"href":"https:\/\/sites.ffkarate.fr\/savoie\/wp-json\/wp\/v2\/pages\/582","targetHints":{"allow":["GET"]}}],"collection":[{"href":"https:\/\/sites.ffkarate.fr\/savoie\/wp-json\/wp\/v2\/pages"}],"about":[{"href":"https:\/\/sites.ffkarate.fr\/savoie\/wp-json\/wp\/v2\/types\/page"}],"author":[{"embeddable":true,"href":"https:\/\/sites.ffkarate.fr\/savoie\/wp-json\/wp\/v2\/users\/171"}],"replies":[{"embeddable":true,"href":"https:\/\/sites.ffkarate.fr\/savoie\/wp-json\/wp\/v2\/comments?post=582"}],"version-history":[{"count":0,"href":"https:\/\/sites.ffkarate.fr\/savoie\/wp-json\/wp\/v2\/pages\/582\/revisions"}],"wp:attachment":[{"href":"https:\/\/sites.ffkarate.fr\/savoie\/wp-json\/wp\/v2\/media?parent=582"}],"curies":[{"name":"wp","href":"https:\/\/api.w.org\/{rel}","templated":true}]}}