{"id":588,"date":"2016-12-19T15:46:12","date_gmt":"2016-12-19T14:46:12","guid":{"rendered":"https:\/\/sites.ffkarate.fr\/savoie\/?page_id=588"},"modified":"2025-09-11T15:49:34","modified_gmt":"2025-09-11T13:49:34","slug":"arbitrage","status":"publish","type":"page","link":"https:\/\/sites.ffkarate.fr\/savoie\/competitions-2\/arbitrage\/","title":{"rendered":"Arbitrage"},"content":{"rendered":"<div class=\"wpb-content-wrapper\"><p>[vc_row][vc_column][vc_message message_box_style=\u00a0\u00bbclassic\u00a0\u00bb message_box_color=\u00a0\u00bbalert-info\u00a0\u00bb style=\u00a0\u00bbrounded\u00a0\u00bb]<a href=\"https:\/\/sites.ffkarate.fr\/savoie\/wp-content\/uploads\/sites\/89\/2025\/09\/Reglement-Kumite-VF-JSS08072025_pdf.pdf\">R\u00e8glement d&rsquo;arbitrage Kumit\u00e9 2025-2026<\/a><\/p>\n<p><a href=\"https:\/\/sites.ffkarate.fr\/savoie\/wp-content\/uploads\/sites\/89\/2025\/09\/Reglement-KATA-VFJSS-2025-2026_V2.pdf\">R\u00e8glement d&rsquo;arbitrage Kata 2025-2026<\/a>[\/vc_message][vc_column_text]<\/p>\n<h2>Le mot du Responsable &#8211; 2025\/2026<\/h2>\n<p>Pr\u00e9sidentes, Pr\u00e9sidents,<\/p>\n<p>Pratiquantes, Pratiquants,<\/p>\n<p>&nbsp;<\/p>\n<p>Alors que la nouvelle saison sportive d\u00e9bute, je tiens \u00e0 vous souhaiter \u00e0 toutes et \u00e0 tous une excellente rentr\u00e9e sportive, riche en r\u00e9ussite, en convivialit\u00e9 et en passion partag\u00e9e.<\/p>\n<p>La rentr\u00e9e est toujours un moment fort, synonyme de projets, de nouveaux d\u00e9fis et d\u2019ambitions renouvel\u00e9es.<\/p>\n<p>&nbsp;<\/p>\n<p>Parmi les piliers essentiels \u00e0 la pratique de notre sport, dans le domaine de la comp\u00e9tition, <strong>l\u2019arbitrage occupe une place centrale<\/strong>. Il garantit le bon d\u00e9roulement des comp\u00e9titions, le respect des r\u00e8gles, et incarne les valeurs fondamentales de notre discipline : le <strong>respect<\/strong>, la <strong>responsabilit\u00e9<\/strong>, l\u2019<strong>impartialit\u00e9<\/strong>.<\/p>\n<p>&nbsp;<\/p>\n<p>Trop souvent per\u00e7u comme une contrainte, l\u2019arbitrage est en r\u00e9alit\u00e9 un pilier indispensable \u00e0 la pratique de notre sport : sans arbitres, il n\u2019y a tout simplement pas de comp\u00e9tition.<\/p>\n<p>&nbsp;<\/p>\n<p>C\u2019est pourquoi il est essentiel de <strong>valoriser cette fonction<\/strong>, d\u2019en rappeler l\u2019importance, et surtout, de faire <strong>na\u00eetre de nouvelles vocations<\/strong> car nous en avons besoin\u00a0!<\/p>\n<p>Dans chaque club, nous avons des jeunes et moins jeunes, des passionn\u00e9(e)s, des pratiquants ou d\u2019anciens comp\u00e9titeurs, qui peuvent s\u2019investir, <strong>d\u00e9couvrir une autre facette de la comp\u00e9tition<\/strong>, et contribuer activement \u00e0 leur bon d\u00e9roulement mais \u00e9galement apporter un <strong>contenu d\u2019enseignement<\/strong> sup\u00e9rieur au sein de leur club.<\/p>\n<p>&nbsp;<\/p>\n<p>Aussi, nous vous invitons, \u00e0 <strong>identifier et encourager les vocations<\/strong> : parlez-en lors des entra\u00eenements, lors des r\u00e9unions de d\u00e9but de saison, proposez des modules d\u2019initiation, accompagnez les premiers pas de vos arbitres en devenir.<\/p>\n<p>&nbsp;<\/p>\n<p>\ud83d\udc49 <strong>Devenir arbitre, c\u2019est aussi :<\/strong><\/p>\n<ul>\n<li><em>Continuer \u00e0 vivre sa passion autrement,<\/em><\/li>\n<li><em>Contribuer activement \u00e0 la vie du club et de la discipline,<\/em><\/li>\n<li><em>D\u00e9velopper des comp\u00e9tences utiles sur le terrain\u2026 et dans la vie,<\/em><\/li>\n<li><em>Rejoindre une \u00e9quipe soud\u00e9e, engag\u00e9e et formatrice.<\/em><\/li>\n<\/ul>\n<p>&nbsp;<\/p>\n<p>L\u2019arbitrage est l\u2019affaire de tous. Ensemble, faisons en sorte que chaque comp\u00e9tition soit une f\u00eate du sport, port\u00e9e par des pratiquants, des encadrants\u2026 et <strong>des arbitres fiers de leur r\u00f4le<\/strong>.<\/p>\n<p>&nbsp;<\/p>\n<p>Nous vous remercions chaleureusement pour votre engagement et restons \u00e0 votre disposition pour toute question ou besoin d&rsquo;accompagnement dans cette d\u00e9marche.<\/p>\n<p>&nbsp;<\/p>\n<p>N\u2019h\u00e9sitez pas \u00e0 me contacter pour m\u2019en faire part et si vous avez des questions : arbitragecdk73@gmail.com ou 0615932174.<\/p>\n<p>&nbsp;<\/p>\n<p>Nous comptons sur vous toutes et tous !<\/p>\n<p>&nbsp;<\/p>\n<p>Je vous remercie,<\/p>\n<p>&nbsp;<\/p>\n<p>Sportivement<\/p>\n<p>&nbsp;<\/p>\n<p>Renaud Bataille<\/p>\n<p>&nbsp;<\/p>\n<p>Responsable d\u2019arbitrage CDK73[\/vc_column_text][\/vc_column][\/vc_row][vc_row][vc_column][vc_column_text]<\/p>\n<h2>La commission arbitrage de la Savoie<\/h2>\n<p>L\u2019arbitrage est essentiel<strong>\u00a0au bon d\u00e9roulement des comp\u00e9titions<\/strong>\u00a0organis\u00e9es par le Comit\u00e9 D\u00e9partemental.<\/p>\n<p>Le r\u00f4le du corps arbitral\u00a0est de\u00a0veiller \u00e0 ce que les rencontres sportives se d\u00e9roulent dans\u00a0<strong>l\u2019esprit du jeu<\/strong>, assurant le\u00a0<strong>respect des r\u00e8gles par un code d\u2019arbitrage<\/strong>\u00a0(r\u00e8glement des comp\u00e9titions et d\u2019arbitrage) et\u00a0<strong>l\u2019int\u00e9grit\u00e9 physique<\/strong>\u00a0des athl\u00e8tes.<\/p>\n<p>L\u2019arbitrage doit permettre aux athl\u00e8tes de\u00a0<strong>s\u2019affirmer et de se d\u00e9velopper<\/strong>\u00a0dans les meilleures conditions possibles. L\u2019arbitre ne doit pas seulement conna\u00eetre parfaitement le r\u00e8glement des comp\u00e9titions et de l\u2019arbitrage, il doit\u00a0<strong>affirmer une autorit\u00e9 par des d\u00e9cisions, aussi neutres qu\u2019assum\u00e9es.<\/strong><\/p>\n<p><a href=\"https:\/\/sites.ffkarate.fr\/savoie\/wp-content\/uploads\/sites\/89\/2016\/12\/arbitrage1.jpg\"><img decoding=\"async\" class=\"alignnone size-full wp-image-903\" src=\"https:\/\/sites.ffkarate.fr\/savoie\/wp-content\/uploads\/sites\/89\/2016\/12\/arbitrage1.jpg\" alt=\"arbitrage1\" width=\"595\" height=\"339\" \/><\/a><\/p>\n<p>\u00a9Denis Boulanger \/ FFKDA[\/vc_column_text][\/vc_column][\/vc_row][vc_row][vc_column][vc_column_text]<\/p>\n<h2>Les missions du responsable de l\u2019arbitrage<\/h2>\n<ul>\n<li>Il organise les sessions de formation et d\u2019examen d\u2019arbitrage,<\/li>\n<li>Il choisit les juges et les arbitres pour les comp\u00e9titions,<\/li>\n<li>Il organise l\u2019arbitrage lors des manifestations d\u00e9partementales, en veillant \u00e0 la s\u00e9curit\u00e9 des comp\u00e9titeurs, dans le respect des r\u00e8glements en vigueur,<\/li>\n<li>Il veille \u00e0 l\u2019actualisation des connaissances des arbitres,<\/li>\n<li>Il transmet les r\u00e9sultats au Pr\u00e9sident et au Directeur Technique D\u00e9partemental.<\/li>\n<\/ul>\n<p>[\/vc_column_text][\/vc_column][\/vc_row][vc_row][vc_column][vc_column_text]<\/p>\n<h2>Chiffres cl\u00e9s de la Commission Arbitrage<\/h2>\n<p>Chiffres de la saison 2024-2025 :<\/p>\n<ul>\n<li><strong>21 juges et\u00a0arbitres\u00a0<\/strong>dont :\n<ul>\n<li>1 juge continental EKF<\/li>\n<li>3 arbitres et juges nationaux<\/li>\n<li>5 arbitres et juges de Ligue r\u00e9gionale<\/li>\n<li>7 arbitres et juges d\u00e9partementaux<\/li>\n<li>1\u00a0stagiaire<\/li>\n<li>Dont 4 jeunes arbitres<\/li>\n<\/ul>\n<\/li>\n<\/ul>\n<p>[\/vc_column_text][\/vc_column][\/vc_row][vc_row][vc_column][vc_column_text]<\/p>\n<h2>L\u2019\u00e9quipe arbitrage du d\u00e9partement<\/h2>\n<p><strong>L\u2019\u00e9quipe arbitrage du d\u00e9partement lors de la saison 2024- 2025<\/strong><\/p>\n<p>Retrouvez ci-dessous la liste des juges et des arbitres du d\u00e9partement de la Savoie.<\/p>\n<ol>\n<li>Renaud BATAILLE \u2013\u00a0Juge\u00a0Continental EKF kumit\u00e9 B et kata B (CST de la Thuile)<\/li>\n<li>J\u00e9r\u00f4me OZIOL \u2013 Arbitre\u00a0national A\u00a0et juge national A (KC La Ravoire)<\/li>\n<li>M\u00e9lanie DELAUDE \u2013 Arbitre\u00a0national B et juge\u00a0national B (KC Albens)<\/li>\n<li>Manon ABRY-DURAND \u2013 Arbitre de ligue kumit\u00e9 A et juge national kata B (KC Albens)<\/li>\n<li>Raoul VERDOYA \u2013 Arbitre B et juge B de ligue (KC Albens)<\/li>\n<li>Eric PORTSCH \u2013 Arbitre A et juge A de ligue (KC La Ravoire)<\/li>\n<li>Jo\u00ebl OLIVON \u2013 Arbitre A et juge A de ligue (KC La Ravoire)<\/li>\n<li>Nicolas PRADILLE \u2013 Arbitre A et juge A de ligue (SKD Drumettaz)<\/li>\n<li>Mathis ABRY-DURAND \u2013 Jeune Arbitre A et juge A de ligue (KC Albens)<\/li>\n<li>Jean-Fran\u00e7ois CURRAT \u2013\u00a0Arbitre et juge d\u00e9partemental (KC La Ravoire)<\/li>\n<li>C\u00e9dric AUDOUIN \u2013 Arbitre et juge d\u00e9partemental (M\u00e9ry)<\/li>\n<li>Axel CHAMEAU \u2013 Arbitre et juge d\u00e9partemental (KC Chautagne)<\/li>\n<li>Jean-Fran\u00e7ois GIRAUD \u2013 Arbitre et juge d\u00e9partemental (KC La Ravoire)<\/li>\n<li>Sabrina OUZEN \u2013 Arbitre et juge d\u00e9partemental (KC Albens)<\/li>\n<li>Malo BERNARD \u2013 Jeune arbitre et juge d\u00e9partemental (M\u00e9ry)<\/li>\n<li>Nesrine BOULECHFAR &#8211; Jeune arbitre et juge d\u00e9partemental (KC La Ravoire)<\/li>\n<li>\u00a0Samuel ZAMPIN \u2013 Jeune arbitre et juge d\u00e9partemental (KC Albens)<\/li>\n<\/ol>\n<p>&nbsp;<\/p>\n<p><strong>Vous souhaitez rejoindre l\u2019\u00e9quipe ?\u00a0N\u2019h\u00e9sitez pas \u00e0 contacter Renaud\u00a0pour conna\u00eetre les d\u00e9marches.<\/strong>[\/vc_column_text][\/vc_column][\/vc_row][vc_row][vc_column][\/vc_column][\/vc_row]<\/p>\n<\/div>","protected":false},"excerpt":{"rendered":"<p>Vous souhaitez rejoindre l&rsquo;\u00e9quipe ? N&rsquo;h\u00e9sitez pas \u00e0 contacter Renaud\u00a0pour conna\u00eetre les d\u00e9marches.<\/p>\n","protected":false},"author":171,"featured_media":4795,"parent":590,"menu_order":50,"comment_status":"closed","ping_status":"closed","template":"","meta":{"footnotes":""},"class_list":["post-588","page","type-page","status-publish","hentry"],"_links":{"self":[{"href":"https:\/\/sites.ffkarate.fr\/savoie\/wp-json\/wp\/v2\/pages\/588","targetHints":{"allow":["GET"]}}],"collection":[{"href":"https:\/\/sites.ffkarate.fr\/savoie\/wp-json\/wp\/v2\/pages"}],"about":[{"href":"https:\/\/sites.ffkarate.fr\/savoie\/wp-json\/wp\/v2\/types\/page"}],"author":[{"embeddable":true,"href":"https:\/\/sites.ffkarate.fr\/savoie\/wp-json\/wp\/v2\/users\/171"}],"replies":[{"embeddable":true,"href":"https:\/\/sites.ffkarate.fr\/savoie\/wp-json\/wp\/v2\/comments?post=588"}],"version-history":[{"count":17,"href":"https:\/\/sites.ffkarate.fr\/savoie\/wp-json\/wp\/v2\/pages\/588\/revisions"}],"predecessor-version":[{"id":4820,"href":"https:\/\/sites.ffkarate.fr\/savoie\/wp-json\/wp\/v2\/pages\/588\/revisions\/4820"}],"up":[{"embeddable":true,"href":"https:\/\/sites.ffkarate.fr\/savoie\/wp-json\/wp\/v2\/pages\/590"}],"wp:featuredmedia":[{"embeddable":true,"href":"https:\/\/sites.ffkarate.fr\/savoie\/wp-json\/wp\/v2\/media\/4795"}],"wp:attachment":[{"href":"https:\/\/sites.ffkarate.fr\/savoie\/wp-json\/wp\/v2\/media?parent=588"}],"curies":[{"name":"wp","href":"https:\/\/api.w.org\/{rel}","templated":true}]}}