{"id":590,"date":"2016-12-19T15:46:30","date_gmt":"2016-12-19T14:46:30","guid":{"rendered":"https:\/\/sites.ffkarate.fr\/savoie\/?page_id=590"},"modified":"2016-12-19T15:46:30","modified_gmt":"2016-12-19T14:46:30","slug":"competitions-2","status":"publish","type":"page","link":"https:\/\/sites.ffkarate.fr\/savoie\/competitions-2\/","title":{"rendered":"Comp\u00e9titions"},"content":{"rendered":"<div class=\"wpb-content-wrapper\"><p>[vc_row][vc_column][vc_column_text]<\/p>\n<h2>Organisation des comp\u00e9titions d\u00e9partementales<\/h2>\n<p>Le Comit\u00e9 D\u00e9partemental de Karat\u00e9 et Disciplines Associ\u00e9es organise de <strong>nombreuses comp\u00e9titions destin\u00e9es \u00e0 tous les publics<\/strong>, tout au long de la saison.<\/p>\n<p>Retrouvez sur\u00a0cette page l&rsquo;ensemble des informations relatives aux\u00a0comp\u00e9titions de la saison en cours organis\u00e9es par le\u00a0d\u00e9partement :<\/p>\n<ul>\n<li>l&rsquo;affiche et le programme des manifestations<\/li>\n<li>les documents d&rsquo;inscription<\/li>\n<li>le r\u00e9glement des comp\u00e9titions<\/li>\n<\/ul>\n<p><a href=\"http:\/\/www.ffkcompetition.fr\" target=\"_blank\" rel=\"noopener\">Inscription en ligne<\/a><\/p>\n<p><a href=\"https:\/\/sites.ffkarate.fr\/savoie\/wp-content\/uploads\/sites\/89\/2016\/12\/Competition_Enfant_1.jpg\"><img decoding=\"async\" class=\"alignnone size-full wp-image-708\" src=\"https:\/\/sites.ffkarate.fr\/savoie\/wp-content\/uploads\/sites\/89\/2016\/12\/Competition_Enfant_1.jpg\" alt=\"competition_enfant_1\" width=\"824\" height=\"392\" \/><\/a><\/p>\n<hr \/>\n<h2>\u00a0Documents et r\u00e9glementations des comp\u00e9titions<\/h2>\n<p><img decoding=\"async\" class=\"  alignleft wp-image-716\" src=\"https:\/\/sites.ffkarate.fr\/savoie\/wp-content\/uploads\/sites\/89\/2016\/12\/file.png\" alt=\"Ic\u00f4ne documents \u00e0 t\u00e9l\u00e9charger\" width=\"25\" height=\"25\" \/>\u00a0<a href=\"http:\/\/R\u00e8glement des comp\u00e9titions 2016-2017\" target=\"_blank\" rel=\"noopener\">T\u00e9l\u00e9charger les documents<\/a><\/p>\n<p>&nbsp;<\/p>\n<p>&nbsp;[\/vc_column_text][\/vc_column][\/vc_row]<\/p>\n<\/div>","protected":false},"excerpt":{"rendered":"<p>[vc_row][vc_column][vc_column_text] Organisation des comp\u00e9titions d\u00e9partementales Le Comit\u00e9 D\u00e9partemental de Karat\u00e9 et Disciplines Associ\u00e9es organise de nombreuses comp\u00e9titions destin\u00e9es \u00e0 tous les publics, tout au long de la saison. Retrouvez sur\u00a0cette page l&rsquo;ensemble des informations relatives aux\u00a0comp\u00e9titions de la saison en cours organis\u00e9es par le\u00a0d\u00e9partement : l&rsquo;affiche et le programme des manifestations les documents d&rsquo;inscription le [&hellip;]<\/p>\n","protected":false},"author":171,"featured_media":0,"parent":0,"menu_order":40,"comment_status":"closed","ping_status":"closed","template":"","meta":{"footnotes":""},"class_list":["post-590","page","type-page","status-publish","hentry"],"_links":{"self":[{"href":"https:\/\/sites.ffkarate.fr\/savoie\/wp-json\/wp\/v2\/pages\/590","targetHints":{"allow":["GET"]}}],"collection":[{"href":"https:\/\/sites.ffkarate.fr\/savoie\/wp-json\/wp\/v2\/pages"}],"about":[{"href":"https:\/\/sites.ffkarate.fr\/savoie\/wp-json\/wp\/v2\/types\/page"}],"author":[{"embeddable":true,"href":"https:\/\/sites.ffkarate.fr\/savoie\/wp-json\/wp\/v2\/users\/171"}],"replies":[{"embeddable":true,"href":"https:\/\/sites.ffkarate.fr\/savoie\/wp-json\/wp\/v2\/comments?post=590"}],"version-history":[{"count":0,"href":"https:\/\/sites.ffkarate.fr\/savoie\/wp-json\/wp\/v2\/pages\/590\/revisions"}],"wp:attachment":[{"href":"https:\/\/sites.ffkarate.fr\/savoie\/wp-json\/wp\/v2\/media?parent=590"}],"curies":[{"name":"wp","href":"https:\/\/api.w.org\/{rel}","templated":true}]}}