{"id":592,"date":"2016-12-19T15:46:49","date_gmt":"2016-12-19T14:46:49","guid":{"rendered":"https:\/\/sites.ffkarate.fr\/savoie\/?page_id=592"},"modified":"2025-11-29T15:16:53","modified_gmt":"2025-11-29T14:16:53","slug":"grades-2","status":"publish","type":"page","link":"https:\/\/sites.ffkarate.fr\/savoie\/grades-2\/","title":{"rendered":"Grades"},"content":{"rendered":"<div class=\"wpb-content-wrapper\"><p>[vc_row][vc_column][vc_column_text]<\/p>\n<h2><strong>Quand et comment s\u2019inscrire ?<\/strong><\/h2>\n<p>Le dossier complet accompagn\u00e9 du montant de l&rsquo;inscription doit \u00eatre envoy\u00e9 <strong>30 jours avant la date de l&rsquo;examen<\/strong> au si\u00e8ge du <strong>Comit\u00e9 D\u00e9partemental de la Savoie Karat\u00e9 et Disciplines Associ\u00e9es<\/strong>\u00a0\u00e0 l&rsquo;adresse suivante :<strong> Maison des Sports (CDOS), 90 rue Henri Oreiller,\u00a073000\u00a0Chamb\u00e9ry.<\/strong><\/p>\n<p>Le dossier comprend :<br \/>\n\u2022 Attestation historique des licences,<br \/>\n\u2022 Authentification des grades et Dan (valid\u00e9s par la CSDGE de la FFKDA),<br \/>\n\u2022 Les UV d\u00e9j\u00e0 obtenues dans le grade pr\u00e9sent\u00e9,<\/p>\n<p>Le co\u00fbt des passages de grade est de\u00a0<strong>50\u20ac\u00a0par ch\u00e8que \u00e0 l\u2019ordre du \u00ab\u00a0Comit\u00e9 D\u00e9partemental de la Savoie de Karat\u00e9 et Disciplines Associ\u00e9es\u00a0\u00bb.<\/strong><\/p>\n<p>&nbsp;<\/p>\n<h2>Rendez-vous sur Sikada Inscription. Lien d&rsquo;incription : <a href=\"https:\/\/www.sikada.fr\/sikadaIns\" target=\"_blank\" rel=\"noopener\">Cliquez ici<\/a><\/h2>\n<p>_______________________________________________________[\/vc_column_text][\/vc_column][\/vc_row][vc_row][vc_column][vc_column_text]<\/p>\n<h2>Fiche d&rsquo;inscription 2024\/2025<\/h2>\n<p>Fiche d&rsquo;inscription \u00e0 t\u00e9l\u00e9charger :<\/p>\n<p><a href=\"https:\/\/sites.ffkarate.fr\/savoie\/wp-content\/uploads\/sites\/89\/2024\/05\/FORMULAIRE-DINSCRIPTION-PASSAGE-DE-GRADE-COMITE-SAVOIE-KARATE-13-05-2024.pdf\">Fiche d&rsquo;inscription examens 1er, 2\u00e8me, 3\u00e8me et 4\u00e8me dan organis\u00e9 par le Comit\u00e9 D\u00e9partemental de la Savoie (pdf)<\/a><\/p>\n<p>________________________________________________________[\/vc_column_text][\/vc_column][\/vc_row][vc_row][vc_column][vc_column_text]<\/p>\n<h2>Documents utiles 1er Dan en club<\/h2>\n<p><a href=\"https:\/\/sites.ffkarate.fr\/savoie\/wp-content\/uploads\/sites\/89\/2024\/09\/Resume-de-la-reglementation-concernant-le-1er-DAN-en-club-2024-2025.pdf\">R\u00e8glementation 1er dan<\/a><\/p>\n<p><a href=\"https:\/\/sites.ffkarate.fr\/savoie\/wp-content\/uploads\/sites\/89\/2025\/11\/Bordereau-dadmission-1er-dan-1-modifiable.pdf\">Bordereau 1er Dan modifiable<\/a><\/p>\n<p>&nbsp;<\/p>\n<p>_________________________________________________________[\/vc_column_text][\/vc_column][\/vc_row][vc_row][vc_column][vc_column_text]<\/p>\n<h2>Organisation des examens du 1er dan au 5\u00e8me dan<\/h2>\n<p>Le passade de grade du 1er dan\/duan\/dang est organis\u00e9 par les clubs. S&rsquo;ils sont dans l\u2019impossibilit\u00e9 ou ne souhaitant pas l&rsquo;organiser, ils devront orienter les candidats vers les passages de grades du comit\u00e9 d\u00e9partemental. (voir calendrier du comit\u00e9 d\u00e9partemental).<\/p>\n<p>Le Comit\u00e9 D\u00e9partemental de Karat\u00e9 et Disciplines Associ\u00e9es de la Savoie a\u00a0re\u00e7u l<strong>a d\u00e9l\u00e9gation pour l\u2019organisation des passages de grades (1er), 2\u00e8me, 3\u00e8me et 4\u00e8me dan. <\/strong><\/p>\n<p>Les <strong>examens du 5\u00e8me dan<\/strong> sont organis\u00e9s par la\u00a0<a href=\"https:\/\/sites.ffkarate.fr\/auvergnerhonealpes\/grades\/\" target=\"_blank\" rel=\"noopener\">Ligue Auvergne Rh\u00f4ne-Alpes de Karat\u00e9 et Disciplines Associ\u00e9es.\u00a0<\/a><\/p>\n<p>Les grades appel\u00e9s<strong> \u00ab\u00a0Kyu\u00a0\u00bb<\/strong>, d\u00e9livr\u00e9s par le professeur, sont repr\u00e9sent\u00e9s par la couleur de la ceinture jusqu\u2019\u00e0 la ceinture marron.\u00a0L\u2019\u00e9chelle de couleur est le plus souvent\u00a0: blanc, jaune, orange, vert, bleu et marron.\u00a0A partir de la ceinture noire, les grades appel\u00e9s <strong>\u00ab\u00a0Dan\u00a0\u00bb<\/strong> sont d\u00e9livr\u00e9s par <strong><a href=\"http:\/\/www.ffkarate.fr\/grades\/csdge\/\" target=\"_blank\" rel=\"noopener\">la CSDGE<\/a> <\/strong>et sont reconnus par l\u2019Etat.<\/p>\n<p>Les diff\u00e9rents grades de Karat\u00e9 et Disciplines Associ\u00e9es forment un ensemble dans la <strong>progression des connaissances<\/strong> en Karat\u00e9 et Disciplines Associ\u00e9es. L\u2019acquisition des v<strong>aleurs morales, la progression technique et sportive<\/strong> sont l\u2019aboutissement normal de l\u2019enseignement du professeur et de l\u2019entra\u00eenement. L\u2019\u00e9chelle des grades valide cette progression.<\/p>\n<p>Conform\u00e9ment \u00e0 l\u2019<strong>article L. 212-5 du code du sport<\/strong>, dans les disciplines relevant des arts martiaux, nul ne peut se pr\u00e9valoir d\u2019un Dan ou d\u2019un grade \u00e9quivalent sanctionnant les qualit\u00e9s sportives et les connaissances techniques, et, le cas \u00e9ch\u00e9ant, les performances en comp\u00e9tition s\u2019il n\u2019a pas \u00e9t\u00e9 d\u00e9livr\u00e9 par la commission sp\u00e9cialis\u00e9e des Dans et grades \u00e9quivalents de la f\u00e9d\u00e9ration d\u00e9l\u00e9gataire.[\/vc_column_text][vc_single_image image=\u00a0\u00bb907&Prime;][\/vc_column][\/vc_row][vc_row][vc_column][vc_column_text]<\/p>\n<h2>Les missions du responsable des Grades<\/h2>\n<p>Le Responsable D\u00e9partemental des Grades accomplit ses missions en liaison avec la Commission Sp\u00e9cialis\u00e9e des Dans et des Grades Equivalents :<\/p>\n<ul>\n<li>Il organise les sessions de passage de grades et encadre l\u2019ensemble des examens,<\/li>\n<li>Il \u00e9tablit le calendrier de passage des grades,<\/li>\n<li>Il d\u00e9signe le jury de chaque session d&rsquo;examens et en assure la coordination,<\/li>\n<li>Il constate le nombre de points de bonification pr\u00e9alablement acquis par les candidats au cours des stages pr\u00e9vus par la r\u00e9glementation, et il en tient compte au moment de l\u2019\u00e9tablissement des r\u00e9sultats,<\/li>\n<li>Il est charg\u00e9 de transmettre les r\u00e9sultats des sessions \u00e0 la CSDGE.<\/li>\n<\/ul>\n<p>En co-responsabilit\u00e9 avec le Pr\u00e9sident du d\u00e9partement ou son repr\u00e9sentant, et avec le Directeur Technique D\u00e9partemental, il assure, par des signatures conjointes, la r\u00e9gularit\u00e9 des examens.[\/vc_column_text][\/vc_column][\/vc_row][vc_row][vc_column][vc_column_text]<\/p>\n<h2>Calendrier des examens<\/h2>\n<p>Les dates des examens du 1er au 4\u00e8me dan sont disponibles dans le <a href=\"https:\/\/sites.ffkarate.fr\/savoie\/wp-content\/uploads\/sites\/89\/2024\/09\/Calendrier-Savoie-2024-2025-V5.pdf\">Calendrier Savoie 2024 2025<\/a><\/p>\n<p>V\u00e9rifiez l&rsquo;enregistrement de mon grade aupr\u00e8s de la base de donn\u00e9es F\u00e9d\u00e9rale &gt; <a href=\"https:\/\/www.ffkarate.fr\/grades\/recherche-grades\/\" target=\"_blank\" rel=\"noopener\"><strong>RDV ici<\/strong><\/a>[\/vc_column_text][\/vc_column][\/vc_row][vc_row][vc_column][vc_column_text]<\/p>\n<h2>La commission des grades d\u00e9partementale en 3 chiffres cl\u00e9s<\/h2>\n<ul>\n<li>X juges de grades d\u00e9partementaux<\/li>\n<li>X juges de grades de ligue<\/li>\n<li>X nombre de ceintures noires<\/li>\n<\/ul>\n<p>[\/vc_column_text][\/vc_column][\/vc_row][vc_row][vc_column][vc_column_text]<\/p>\n<h2>Les juges de grades du d\u00e9partement<\/h2>\n<p>liste \u00e0 venir<\/p>\n<p style=\"text-align: left\"><strong>Vous souhaitez rejoindre l&rsquo;\u00e9quipe ?\u00a0<\/strong><strong>N&rsquo;h\u00e9sitez pas \u00e0 contacter\u00a0Christian\u00a0pour conna\u00eetre les d\u00e9marches.<\/strong><\/p>\n<p>[\/vc_column_text][ffk_peoplecard image=\u00a0\u00bb2134&Prime; title=\u00a0\u00bbChristian CAPELLI\u00a0\u00bb subtitle=\u00a0\u00bbRESPONSABLE DES GRADES karat\u00e9\u00a0\u00bb description=\u00a0\u00bbEmail : gradescdk73@gmail.com\u00a0\u00bb][\/vc_column][\/vc_row][vc_row][vc_column][vc_column_text]<\/p>\n<h2>Explications compl\u00e9mentaires<\/h2>\n<p>Toutes demandes de d\u00e9rogation devront \u00eatre justifi\u00e9es et pr\u00e9sent\u00e9es directement \u00e0 la F\u00e9d\u00e9ration dans les temps imparties par la r\u00e8glementation : concernant les articles 205, 206, 207, 209 et 2016.<\/p>\n<p>&nbsp;<\/p>\n<ul>\n<li>Article 205 \u2013 Conditions d\u2019\u00e2ge pour les passages de Dans et grades \u00e9quivalents<\/li>\n<li>Article 206 \u2013 Temps de pratique entre chaque passage de Dans et Grades \u00e9quivalents<\/li>\n<li>Article 207 \u2013 Fr\u00e9quence des pages de Dans et Grades \u00e9quivalents<\/li>\n<li>Article 209 \u2013 Bonifications en temps de Pratique<\/li>\n<li>Article 216 \u2013 Reconnaissance des Dans et Grades \u00e9quivalents obtenus \u00e0 l\u2019\u00e9tranger<\/li>\n<\/ul>\n<p>[\/vc_column_text][\/vc_column][\/vc_row]<\/p>\n<\/div>","protected":false},"excerpt":{"rendered":"<p>Le Comit\u00e9 D\u00e9partemental de Karat\u00e9 et Disciplines Associ\u00e9es de la Savoie a\u00a0re\u00e7u la d\u00e9l\u00e9gation pour l\u2019organisation des passages de grades 1er et 2\u00e8me dan.<\/p>\n","protected":false},"author":171,"featured_media":123,"parent":0,"menu_order":60,"comment_status":"closed","ping_status":"closed","template":"page-fullwidth.php","meta":{"footnotes":""},"class_list":["post-592","page","type-page","status-publish","hentry"],"_links":{"self":[{"href":"https:\/\/sites.ffkarate.fr\/savoie\/wp-json\/wp\/v2\/pages\/592","targetHints":{"allow":["GET"]}}],"collection":[{"href":"https:\/\/sites.ffkarate.fr\/savoie\/wp-json\/wp\/v2\/pages"}],"about":[{"href":"https:\/\/sites.ffkarate.fr\/savoie\/wp-json\/wp\/v2\/types\/page"}],"author":[{"embeddable":true,"href":"https:\/\/sites.ffkarate.fr\/savoie\/wp-json\/wp\/v2\/users\/171"}],"replies":[{"embeddable":true,"href":"https:\/\/sites.ffkarate.fr\/savoie\/wp-json\/wp\/v2\/comments?post=592"}],"version-history":[{"count":11,"href":"https:\/\/sites.ffkarate.fr\/savoie\/wp-json\/wp\/v2\/pages\/592\/revisions"}],"predecessor-version":[{"id":5079,"href":"https:\/\/sites.ffkarate.fr\/savoie\/wp-json\/wp\/v2\/pages\/592\/revisions\/5079"}],"wp:featuredmedia":[{"embeddable":true,"href":"https:\/\/sites.ffkarate.fr\/savoie\/wp-json\/wp\/v2\/media\/123"}],"wp:attachment":[{"href":"https:\/\/sites.ffkarate.fr\/savoie\/wp-json\/wp\/v2\/media?parent=592"}],"curies":[{"name":"wp","href":"https:\/\/api.w.org\/{rel}","templated":true}]}}