{"id":996,"date":"2017-03-13T15:42:34","date_gmt":"2017-03-13T14:42:34","guid":{"rendered":"https:\/\/sites.ffkarate.fr\/seineetmarne\/?page_id=996"},"modified":"2017-03-13T15:42:34","modified_gmt":"2017-03-13T14:42:34","slug":"appel-a-candidatures-etr","status":"publish","type":"page","link":"https:\/\/sites.ffkarate.fr\/seineetmarne\/appel-a-candidatures-etr\/","title":{"rendered":"Karat\u00e9 Sant\u00e9"},"content":{"rendered":"<div class=\"wpb-content-wrapper\"><p>[vc_row][vc_column][vc_column_text]<\/p>\n<h2>Documents \u00e0 t\u00e9l\u00e9charger<\/h2>\n<p><a href=\"https:\/\/sites.ffkarate.fr\/seineetmarne\/wp-content\/uploads\/sites\/46\/2019\/09\/AFFICHE-Sant\u00e9.jpg\" target=\"_blank\" rel=\"noopener\">Affiche<\/a><\/p>\n<p><a href=\"https:\/\/sites.ffkarate.fr\/seineetmarne\/wp-content\/uploads\/sites\/93\/2017\/10\/presentation-Commission-Sante-pour-CD77-1-1.pdf\" target=\"_blank\" rel=\"noopener\">Pr\u00e9sentation Commission Sant\u00e9 du CDK 77<\/a><\/p>\n<p>&nbsp;<\/p>\n<p><a href=\"https:\/\/sites.ffkarate.fr\/seineetmarne\/wp-content\/uploads\/sites\/46\/2017\/11\/Courrier-Karat\u00e9-Sant\u00e9..pdf\" target=\"_blank\" rel=\"noopener\">Courrier Karat\u00e9 Sant\u00e9<\/a><\/p>\n<p>&nbsp;<\/p>\n<h2>\u00c9v\u00e9nements :<\/h2>\n<p>&nbsp;<\/p>\n<p><a href=\"https:\/\/sites.ffkarate.fr\/seineetmarne\/wp-content\/uploads\/sites\/46\/2019\/09\/Planning-2019-2020.pdf\" target=\"_blank\" rel=\"noopener\">Planning des stages 2019-2020<\/a><\/p>\n<p><a href=\"https:\/\/sites.ffkarate.fr\/seineetmarne\/wp-content\/uploads\/sites\/46\/2019\/09\/Stage-octobre-2019.pdf\" target=\"_blank\" rel=\"noopener\">Stage Karat\u00e9 Sant\u00e9<\/a><\/p>\n<p><a href=\"https:\/\/sites.ffkarate.fr\/seineetmarne\/wp-content\/uploads\/sites\/46\/2019\/11\/Stage-Janvier-2020-1.pdf\" target=\"_blank\" rel=\"noopener\">Stage Karat\u00e9 Sant\u00e9 18\/01\/2020<\/a>[\/vc_column_text][\/vc_column][\/vc_row]<\/p>\n<\/div>","protected":false},"excerpt":{"rendered":"<p>[vc_row][vc_column][vc_column_text] Documents \u00e0 t\u00e9l\u00e9charger Affiche Pr\u00e9sentation Commission Sant\u00e9 du CDK 77 &nbsp; Courrier Karat\u00e9 Sant\u00e9 &nbsp; \u00c9v\u00e9nements : &nbsp; Planning des stages 2019-2020 Stage Karat\u00e9 Sant\u00e9 Stage Karat\u00e9 Sant\u00e9 18\/01\/2020[\/vc_column_text][\/vc_column][\/vc_row]<\/p>\n","protected":false},"author":144,"featured_media":0,"parent":0,"menu_order":0,"comment_status":"closed","ping_status":"closed","template":"","meta":{"footnotes":""},"class_list":["post-996","page","type-page","status-publish","hentry"],"_links":{"self":[{"href":"https:\/\/sites.ffkarate.fr\/seineetmarne\/wp-json\/wp\/v2\/pages\/996","targetHints":{"allow":["GET"]}}],"collection":[{"href":"https:\/\/sites.ffkarate.fr\/seineetmarne\/wp-json\/wp\/v2\/pages"}],"about":[{"href":"https:\/\/sites.ffkarate.fr\/seineetmarne\/wp-json\/wp\/v2\/types\/page"}],"author":[{"embeddable":true,"href":"https:\/\/sites.ffkarate.fr\/seineetmarne\/wp-json\/wp\/v2\/users\/144"}],"replies":[{"embeddable":true,"href":"https:\/\/sites.ffkarate.fr\/seineetmarne\/wp-json\/wp\/v2\/comments?post=996"}],"version-history":[{"count":0,"href":"https:\/\/sites.ffkarate.fr\/seineetmarne\/wp-json\/wp\/v2\/pages\/996\/revisions"}],"wp:attachment":[{"href":"https:\/\/sites.ffkarate.fr\/seineetmarne\/wp-json\/wp\/v2\/media?parent=996"}],"curies":[{"name":"wp","href":"https:\/\/api.w.org\/{rel}","templated":true}]}}