{"id":23,"date":"2021-05-07T15:54:07","date_gmt":"2021-05-07T13:54:07","guid":{"rendered":"https:\/\/sites.ffkarate.fr\/seinemaritime\/?page_id=23"},"modified":"2023-01-03T13:42:07","modified_gmt":"2023-01-03T12:42:07","slug":"grades","status":"publish","type":"page","link":"https:\/\/sites.ffkarate.fr\/seinemaritime\/grades\/","title":{"rendered":"Grades"},"content":{"rendered":"<div class=\"wpb-content-wrapper\"><p>[vc_row gap=\u00a0\u00bb15&Prime;][vc_column][vc_column_text]<\/p>\n<h2><\/h2>\n<div id=\"attachment_217\" style=\"width: 170px\" class=\"wp-caption alignnone\"><img decoding=\"async\" aria-describedby=\"caption-attachment-217\" class=\"size-full wp-image-217\" src=\"https:\/\/sites.ffkarate.fr\/seinemaritime\/wp-content\/uploads\/sites\/91\/2015\/01\/59e11f709d04c_DENISEDominiquesquare800-e1611234976563.png\" alt=\"\" width=\"160\" height=\"160\" \/><p id=\"caption-attachment-217\" class=\"wp-caption-text\">Dominique DENISE<\/p><\/div>\n<p>Responsable des grades<\/p>\n<p>&nbsp;<\/p>\n<h2>RESPONSABLE DES GRADES<\/h2>\n<p>Les diff\u00e9rents grades de Karat\u00e9 et Disciplines Associ\u00e9es forment un ensemble dans la progression des connaissances en Karat\u00e9 et Disciplines Associ\u00e9es.<br \/>\nL\u2019acquisition des valeurs morales, la progression technique et sportive sont l\u2019aboutissement de l\u2019enseignement du professeur et de l\u2019entra\u00eenement.<br \/>\nL\u2019\u00e9chelle des grades valide cette progression. Conform\u00e9ment \u00e0 l\u2019article L. 212-5 du code du sport, dans les disciplines relevant des arts martiaux, nul ne peut se pr\u00e9valoir d\u2019un Dan ou d\u2019un grade \u00e9quivalent sanctionnant les qualit\u00e9s sportives et les connaissances techniques, et, le cas \u00e9ch\u00e9ant, les performances en comp\u00e9tition s\u2019il n\u2019a pas \u00e9t\u00e9 d\u00e9livr\u00e9 par la commission sp\u00e9cialis\u00e9e des Dans et grades \u00e9quivalents de la f\u00e9d\u00e9ration d\u00e9l\u00e9gataire.<br \/>\nLes grades appel\u00e9s \u00ab\u00a0Kyu\u00a0\u00bb, d\u00e9livr\u00e9s par le professeur, sont repr\u00e9sent\u00e9s par la couleur de la ceinture jusqu\u2019\u00e0 la ceinture marron.<br \/>\nL\u2019\u00e9chelle de couleur est le plus souvent\u00a0: blanc, jaune, orange, vert, bleu et marron. \u00c0 partir de la ceinture noire, les grades appel\u00e9s \u00ab\u00a0Dan\u00a0\u00bb sont d\u00e9livr\u00e9s par la CSDGE et sont reconnus par l\u2019Etat.<\/p>\n<p>&nbsp;<\/p>\n<h2>VID\u00c9O DE LA CSDGE DE LA FFKARAT\u00c9 SUR L\u2019UV 1 \u2013 KHION<\/h2>\n<p>Vous retrouverez la vid\u00e9o<\/p>\n<p><iframe loading=\"lazy\" title=\"Karat\u00e9 - l&#039;\u00e9preuve du Kihon du 1er au 3e Dan\" width=\"500\" height=\"281\" src=\"https:\/\/www.youtube.com\/embed\/ghSQNr7BWAc?feature=oembed\" frameborder=\"0\" allow=\"accelerometer; autoplay; clipboard-write; encrypted-media; gyroscope; picture-in-picture; web-share\" referrerpolicy=\"strict-origin-when-cross-origin\" allowfullscreen><\/iframe><\/p>\n<p>&nbsp;<\/p>\n<h2>INSCRIPTION AUX EXAMENS DE GRADES<\/h2>\n<p><strong>Envoi des dossiers:<\/strong><\/p>\n<p>Le dossier de candidature devra \u00eatre complet et retourn\u00e9\u00a0<strong>en courrier simple non recommand\u00e9 au moins 30 jours avant la date de l\u2019examen\u00a0<\/strong>(cachet poste faisant foi) au Comit\u00e9\u00a0D\u00e9partemental\u00a0de Karat\u00e9 de la\u00a0Seine-Maritime )<\/p>\n<p><strong><span style=\"color: #ff0000\">Avant de vous inscrire consulter les modalit\u00e9s jointes <a href=\"https:\/\/sites.ffkarate.fr\/seinemaritime\/wp-content\/uploads\/sites\/91\/2021\/01\/5fa2f57ba5649_Modalitsinscriptiongrade763.docx\"><img decoding=\"async\" class=\"alignnone wp-image-1950 size-full\" src=\"https:\/\/sites.ffkarate.fr\/seinemaritime\/wp-content\/uploads\/sites\/91\/2022\/01\/vignette-symbole-te\u0301le\u0301chargement-bleu-1-e1643451217833.png\" alt=\"\" width=\"50\" height=\"50\" \/><\/a><\/span> <a href=\"https:\/\/sites.ffkarate.fr\/seinemaritime\/wp-content\/uploads\/sites\/91\/2022\/06\/Modalitsinscriptiongrade76-sur-site.docx\">ici<\/a><\/strong><\/p>\n<p>&nbsp;<\/p>\n<p><img decoding=\"async\" class=\"alignnone size-full wp-image-2016\" src=\"https:\/\/sites.ffkarate.fr\/seinemaritime\/wp-content\/uploads\/sites\/91\/2022\/01\/53710-e1643556724465.png\" alt=\"\" width=\"50\" height=\"50\" \/>Comit\u00e9 D\u00e9partemental de Karat\u00e9 de\u00a0la\u00a0Seine-Maritime<br \/>\n8 Avenue J F Kennedy, 76120 Le Grand-Quevilly<\/p>\n<p>&nbsp;<\/p>\n<h3><strong>Contenu du dossier:<\/strong><\/h3>\n<ul>\n<li><a href=\"https:\/\/sites.ffkarate.fr\/seinemaritime\/wp-content\/uploads\/sites\/91\/2021\/02\/Fiche-insciption-grades.doc\"><img decoding=\"async\" class=\"alignnone wp-image-1972 size-full\" src=\"https:\/\/sites.ffkarate.fr\/seinemaritime\/wp-content\/uploads\/sites\/91\/2022\/01\/360_F_54707192_fKlZgmAilwYXjwIyatnpp8v6yWQtpjGK-e1643470772745.jpg\" alt=\"\" width=\"50\" height=\"50\" \/><\/a>\u00a0<a href=\"https:\/\/sites.ffkarate.fr\/seinemaritime\/wp-content\/uploads\/sites\/91\/2022\/06\/FICHE-D-INSCRIPTION-EXAMENS-DE-GRADES-KARATE-FFK-2021-1-2-1.docx\" target=\"_blank\" rel=\"noopener\">La fiche d\u2019inscription compl\u00e9t\u00e9e et sign\u00e9e<\/a>\u00a0<strong>\u2b05\ufe0f<\/strong><strong>\u00a0<\/strong>avec la photo du candidat.<\/li>\n<li>Une enveloppe courrier affranchie au tarif lettre 20 gr vierge<\/li>\n<li>Une attestation historique des licences que vous obtenez sur votre page du site f\u00e9d\u00e9ral<\/li>\n<li>Les photocopies des pages suivantes de votre passeport sportif\n<ul>\n<li>Page d\u2019identit\u00e9<\/li>\n<li>Le cas \u00e9ch\u00e9ant, page des UV d\u00e9j\u00e0 obtenues avec les notes pour l\u2019examen concern\u00e9<\/li>\n<li>Le cas \u00e9ch\u00e9ant la page des points de bonifications acquis lors des stages d\u2019experts f\u00e9d\u00e9raux<\/li>\n<\/ul>\n<\/li>\n<li><a href=\"https:\/\/sites.ffkarate.fr\/seinemaritime\/wp-content\/uploads\/sites\/91\/2022\/01\/Autorisation_Parentale_2022-3-Copie.doc\" target=\"_blank\" rel=\"noopener\"><img decoding=\"async\" class=\"alignnone wp-image-1972 size-full\" src=\"https:\/\/sites.ffkarate.fr\/seinemaritime\/wp-content\/uploads\/sites\/91\/2022\/01\/360_F_54707192_fKlZgmAilwYXjwIyatnpp8v6yWQtpjGK-e1643470772745.jpg\" alt=\"\" width=\"50\" height=\"50\" \/><\/a><a href=\"https:\/\/sites.ffkarate.fr\/seinemaritime\/wp-content\/uploads\/sites\/91\/2022\/01\/Autorisation_Parentale_2022-3-Copie.doc\" target=\"_blank\" rel=\"noopener\">L\u2019autorisation parentale pour les candidats mineurs.<strong>\u2b05\ufe0f<\/strong><strong>\u00a0<\/strong><\/a><\/li>\n<li>Le courrier de la CSDGE en cas de d\u00e9rogation sp\u00e9ciale<\/li>\n<li>Un ch\u00e8que de 50 \u20ac \u00e0 l\u2019ordre du Comit\u00e9 D\u00e9partemental de Karat\u00e9 de la Seine-Maritime (Non remboursable en cas de non pr\u00e9sentation \u00e0 l\u2019examen).<\/li>\n<\/ul>\n<p>&nbsp;<\/p>\n<h3><strong>Le jour de l\u2019examen:<\/strong><\/h3>\n<p>Vous devez vous pr\u00e9senter au moins 15 minutes avant l\u2019heure de convocation avec:<\/p>\n<ul>\n<li>Votre karategi<\/li>\n<li>Votre passeport sportif<\/li>\n<li>Une pi\u00e8ce d\u2019identit\u00e9<\/li>\n<li>La lettre de convocation qui vous aura \u00e9t\u00e9 adress\u00e9e par la CODG au moyen de votre enveloppe timbr\u00e9e<\/li>\n<li>Vos cibles si vous avez \u00e0 pr\u00e9senter l\u2019UV Kihon.<\/li>\n<li>Une enveloppe format A4 (21\u00d729,7 cm) affranchie minimum \u00e0 250 gr, \u00e0 votre adresse et \u00e0 votre nom en vue du retour de votre passeport, carte et dipl\u00f4me. Elle vous sera demand\u00e9 en cas de r\u00e9ussite \u00e0 l\u2019examen.<\/li>\n<\/ul>\n<p>&nbsp;<\/p>\n<h2>R\u00c9GLEMENTATION COMPL\u00c8TE DE LA \u00a0CSDGE:<\/h2>\n<p><strong><span style=\"color: #ff0000\"><a style=\"color: #ff0000\" href=\"https:\/\/sites.ffkarate.fr\/seinemaritime\/wp-content\/uploads\/sites\/91\/2023\/01\/REGLES-GENERALE-CSDGE-2022-2023-1.docx\" target=\"_blank\" rel=\"noopener\"><img decoding=\"async\" class=\"alignnone size-full wp-image-1950\" src=\"https:\/\/sites.ffkarate.fr\/seinemaritime\/wp-content\/uploads\/sites\/91\/2022\/01\/vignette-symbole-te\u0301le\u0301chargement-bleu-1-e1643451217833.png\" alt=\"\" width=\"50\" height=\"50\" \/>R\u00e8glementation g\u00e9n\u00e9rale CSDGE<\/a><\/span><\/strong><br \/>\n<strong><br \/>\n<a href=\"https:\/\/sites.ffkarate.fr\/seinemaritime\/wp-content\/uploads\/sites\/91\/2023\/01\/CSDGE-TECHNIQUE-KARATE-2022-2023.pdf\" target=\"_blank\" rel=\"noopener\"><span style=\"color: #ff0000\"><img decoding=\"async\" class=\"alignnone size-full wp-image-1950\" src=\"https:\/\/sites.ffkarate.fr\/seinemaritime\/wp-content\/uploads\/sites\/91\/2022\/01\/vignette-symbole-te\u0301le\u0301chargement-bleu-1-e1643451217833.png\" alt=\"\" width=\"50\" height=\"50\" \/>R\u00e8glement Technique \u2013 KARATE CSDGE<\/span>\u00a0<\/a><\/strong><\/p>\n<p><strong><a href=\"https:\/\/www.ffkarate.fr\/espace-licencies\/grades\/csdge\/\" target=\"_blank\" rel=\"noopener\"><span style=\"color: #ff0000\"><img decoding=\"async\" class=\"alignnone size-full wp-image-1950\" src=\"https:\/\/sites.ffkarate.fr\/seinemaritime\/wp-content\/uploads\/sites\/91\/2022\/01\/vignette-symbole-te\u0301le\u0301chargement-bleu-1-e1643451217833.png\" alt=\"\" width=\"50\" height=\"50\" \/>R\u00e8glement TECHNIQUE\u00a0 \u2013 DISCIPLINES ASSOCIEES CSDGE<\/span><\/a><\/strong><\/p>\n<p>&nbsp;<\/p>\n<h2>POINTS DE BONIFICATION PASSAGE DE GRADES<\/h2>\n<ol>\n<li>En participant\u00a0\u00e0 des stages de pr\u00e9paration aux grades effectu\u00e9s par les hauts grad\u00e9s (au moins 6\u00e8me dan ) organis\u00e9s et list\u00e9s dans un calendrier soit par le d\u00e9partement, soit par la zone interd\u00e9partementale, soit la ligue. Les candidats peuvent b\u00e9n\u00e9ficier d\u2019une bonification de points (1 point par stage) en pr\u00e9vision de l\u2019examen des grades qu\u2019ils pr\u00e9parent. La validation de chaque point obtenu est certifi\u00e9 sur le passeport du candidat, par le haut grad\u00e9 qui dirige le stage.<\/li>\n<li>En participant\u00a0 \u00e0 des stages d\u2019experts organis\u00e9s et list\u00e9s dans\u00a0un calendrier soit par le d\u00e9partement, soit par la zone interd\u00e9partementale, soit la ligue, soit au niveau national. Les candidats peuvent b\u00e9n\u00e9ficier d\u2019une bonification de points (1 point par stage) en pr\u00e9vision de l\u2019examen des grades qu\u2019ils pr\u00e9parent. La validation de chaque point obtenu est certifi\u00e9e sur le passeport du candidat, par l\u2019expert qui le dirige.<\/li>\n<li>Les titulaires d\u2019un dipl\u00f4me d\u2019enseignement (DIF, CQP, BEES1 ou BEES2, DEJEPS, DESJEPS) peuvent b\u00e9n\u00e9ficier d\u2019une bonification de point (1 point) en pr\u00e9vision de l\u2019examen des grades qu\u2019ils pr\u00e9parent (seul le dernier dipl\u00f4me acquis sera pris en compte). Les candidats pourront \u00e0 nouveau b\u00e9n\u00e9ficier d\u2019une bonification de point (1 point) s\u2019ils obtiennent un nouveau dipl\u00f4me d\u2019enseignement lors de l\u2019examen de grade suivant.<\/li>\n<li>En participant \u00e0 des stages nationaux de formation continue list\u00e9s sur le calendrier f\u00e9d\u00e9ral, les candidats peuvent b\u00e9n\u00e9ficier d\u2019une bonification de points t(1 point par stage national de formation continue) en pr\u00e9vision de l\u2019examen de grades qu\u2019ils pr\u00e9parent. La validation de chaque point obtenu est certifi\u00e9e sur le passeport du candidat, par le responsable qui dirige le stage de formation continue.<\/li>\n<\/ol>\n<p><strong>Le nombre de points maximal pouvant \u00eatre obtenus est \u00e9gal \u00e0 3 :\u00a0<\/strong><\/p>\n<p><strong>3 points pour un passage de 1er dan (stages ouverts aux ceintures marron, candidats ou futurs candidats au passage de 1er dan)<\/strong><\/p>\n<p><strong>3 points pour un passage de 2\u00e8me dan<\/strong><\/p>\n<p><span style=\"color: #ff0000\"><strong>Documents \u00e0 t\u00e9l\u00e9charger pour les jurys grades:<\/strong><\/span><\/p>\n<p><strong>Passage de grades jury 1<\/strong> : <a href=\"https:\/\/sites.ffkarate.fr\/seinemaritime\/wp-content\/uploads\/sites\/91\/2021\/11\/123dan-jury-1.pdf\"><img decoding=\"async\" class=\"alignnone wp-image-1972 size-full\" src=\"https:\/\/sites.ffkarate.fr\/seinemaritime\/wp-content\/uploads\/sites\/91\/2022\/01\/360_F_54707192_fKlZgmAilwYXjwIyatnpp8v6yWQtpjGK-e1643470772745.jpg\" alt=\"\" width=\"50\" height=\"50\" \/><\/a><\/p>\n<p><strong>Passage de grades jury 2<\/strong> : <a href=\"https:\/\/sites.ffkarate.fr\/seinemaritime\/wp-content\/uploads\/sites\/91\/2021\/11\/123-dan-jury-2.pdf\"><img decoding=\"async\" class=\"alignnone wp-image-1972 size-full\" src=\"https:\/\/sites.ffkarate.fr\/seinemaritime\/wp-content\/uploads\/sites\/91\/2022\/01\/360_F_54707192_fKlZgmAilwYXjwIyatnpp8v6yWQtpjGK-e1643470772745.jpg\" alt=\"\" width=\"50\" height=\"50\" \/><\/a>[\/vc_column_text][\/vc_column][\/vc_row]<\/p>\n<\/div>","protected":false},"excerpt":{"rendered":"<p>Le dossier de candidature devra \u00eatre complet et retourn\u00e9 en courrier simple non recommand\u00e9 au moins 30 jours avant la date de l\u2019examen (cachet poste faisant foi) au Comit\u00e9 D\u00e9partemental de Karat\u00e9 De La Gironde.<\/p>\n","protected":false},"author":1,"featured_media":0,"parent":0,"menu_order":0,"comment_status":"closed","ping_status":"closed","template":"","meta":{"footnotes":""},"class_list":["post-23","page","type-page","status-publish","hentry"],"_links":{"self":[{"href":"https:\/\/sites.ffkarate.fr\/seinemaritime\/wp-json\/wp\/v2\/pages\/23","targetHints":{"allow":["GET"]}}],"collection":[{"href":"https:\/\/sites.ffkarate.fr\/seinemaritime\/wp-json\/wp\/v2\/pages"}],"about":[{"href":"https:\/\/sites.ffkarate.fr\/seinemaritime\/wp-json\/wp\/v2\/types\/page"}],"author":[{"embeddable":true,"href":"https:\/\/sites.ffkarate.fr\/seinemaritime\/wp-json\/wp\/v2\/users\/1"}],"replies":[{"embeddable":true,"href":"https:\/\/sites.ffkarate.fr\/seinemaritime\/wp-json\/wp\/v2\/comments?post=23"}],"version-history":[{"count":10,"href":"https:\/\/sites.ffkarate.fr\/seinemaritime\/wp-json\/wp\/v2\/pages\/23\/revisions"}],"predecessor-version":[{"id":2617,"href":"https:\/\/sites.ffkarate.fr\/seinemaritime\/wp-json\/wp\/v2\/pages\/23\/revisions\/2617"}],"wp:attachment":[{"href":"https:\/\/sites.ffkarate.fr\/seinemaritime\/wp-json\/wp\/v2\/media?parent=23"}],"curies":[{"name":"wp","href":"https:\/\/api.w.org\/{rel}","templated":true}]}}