{"id":27,"date":"2021-05-07T15:56:14","date_gmt":"2021-05-07T13:56:14","guid":{"rendered":"https:\/\/sites.ffkarate.fr\/seinemaritime\/?page_id=27"},"modified":"2022-01-29T17:50:45","modified_gmt":"2022-01-29T16:50:45","slug":"formations","status":"publish","type":"page","link":"https:\/\/sites.ffkarate.fr\/seinemaritime\/formations\/","title":{"rendered":"Formations"},"content":{"rendered":"<div class=\"wpb-content-wrapper\"><p>[vc_row][vc_column][vc_single_image image=\u00a0\u00bb366&Prime; img_size=\u00a0\u00bbfull\u00a0\u00bb add_caption=\u00a0\u00bbyes\u00a0\u00bb][vc_empty_space height=\u00a0\u00bb10&Prime;][\/vc_column][\/vc_row][vc_row gap=\u00a0\u00bb15&Prime;][vc_column css_animation=\u00a0\u00bbnone\u00a0\u00bb][vc_column_text]<\/p>\n<h4>Responsable d\u00e9partemental formation<\/h4>\n<h4><\/h4>\n<p>.<img decoding=\"async\" class=\"alignnone size-full wp-image-305\" src=\"https:\/\/sites.ffkarate.fr\/seinemaritime\/wp-content\/uploads\/sites\/91\/2021\/01\/2.jpg\" alt=\"\" width=\"160\" height=\"160\" \/><\/p>\n<p>Jean-Guy TOURNAFOND[\/vc_column_text][vc_column_text]<\/p>\n<h3>L&rsquo;attestation f\u00e9d\u00e9rale d&rsquo;assistant (AFA)<\/h3>\n<p>L\u2019AFA permet de donner une reconnaissance \u00e0 un intervenant b\u00e9n\u00e9vole qui aide occasionnellement un enseignant dipl\u00f4m\u00e9 minimum du DAF, \u00e0 encadrer des s\u00e9ances de karat\u00e9 ou d\u2019une discipline associ\u00e9e dans un club affili\u00e9 FFKDA. Il ne s\u2019agit pas d\u2019un dipl\u00f4me d\u2019enseignant autonome. Le responsable de la s\u00e9ance doit \u00eatre titulaire au minimum du DAF et \u00eatre pr\u00e9sent dans la salle pendant l\u2019intervention d\u2019un assistant titulaire de l\u2019AFA. En incitant des jeunes pratiquants \u00e0 s\u2019impliquer dans la vie associative, cette attestation accessible \u00e0 partir de la ceinture marron et de 14 \u00e0 18 ans, s\u2019int\u00e8gre donc dans la formation sportive citoyenne.<\/p>\n<p><a href=\"https:\/\/www.ffkarate.fr\/espace-licencies\/formations\/attestation-federale-assistant-afa\/\" target=\"_blank\" rel=\"noopener\"><img decoding=\"async\" class=\"alignnone wp-image-1972 size-full\" src=\"https:\/\/sites.ffkarate.fr\/seinemaritime\/wp-content\/uploads\/sites\/91\/2022\/01\/360_F_54707192_fKlZgmAilwYXjwIyatnpp8v6yWQtpjGK-e1643470772745.jpg\" alt=\"\" width=\"50\" height=\"50\" \/>L\u2019AFA sur le site f\u00e9d\u00e9ral<\/a>[\/vc_column_text][\/vc_column][\/vc_row][vc_row gap=\u00a0\u00bb15&Prime;][vc_column css_animation=\u00a0\u00bbnone\u00a0\u00bb][vc_column_text]<\/p>\n<h3>Le dipl\u00f4me d&rsquo;animateur f\u00e9d\u00e9ral (DAF)<\/h3>\n<p>Le DAF permet l\u2019animation b\u00e9n\u00e9vole en pleine autonomie. Le DAF est la porte d\u2019acc\u00e8s \u00e0 l\u2019enseignement b\u00e9n\u00e9vole autonome du karat\u00e9 et de ses disciplines associ\u00e9es, dans tout club affili\u00e9 \u00e0 la FFKDA. Il est adapt\u00e9 \u00e0 l\u2019enseignement dans des petites structures associatives limit\u00e9es en nombre d\u2019adh\u00e9rents avec des niveaux de pratique allant de l\u2019initiation jusqu\u2019\u00e0 la ceinture noire 1er dan et favorisant la pr\u00e9paration sportive de comp\u00e9titeurs d\u00e9butants.<\/p>\n<p><a href=\"https:\/\/www.ffkarate.fr\/espace-licencies\/formations\/diplome-animateur-federal-daf\/\" target=\"_blank\" rel=\"noopener\"><img decoding=\"async\" class=\"alignnone wp-image-1972 size-full\" src=\"https:\/\/sites.ffkarate.fr\/seinemaritime\/wp-content\/uploads\/sites\/91\/2022\/01\/360_F_54707192_fKlZgmAilwYXjwIyatnpp8v6yWQtpjGK-e1643470772745.jpg\" alt=\"\" width=\"50\" height=\"50\" \/>Le DAF sur le site f\u00e9d\u00e9ral<\/a><\/p>\n<p>&nbsp;<\/p>\n<div class=\"vc_row\">\n<div class=\"vc_column_container\">\n<div class=\"vc_column-inner\">\n<h2 class=\"h1 post_title\">D.I.F.<\/h2>\n<\/div>\n<\/div>\n<\/div>\n<article>\n<section id=\"content\">\n<div class=\"vc_row wpb_row vc_row-fluid\">\n<div class=\"wpb_column vc_column_container vc_col-sm-12\">\n<div class=\"vc_column-inner\">\n<div class=\"wpb_wrapper\">\n<div class=\"wpb_text_column wpb_content_element \">\n<div class=\"wpb_wrapper\">\n<p><strong>Informations sur le DIPL\u00d4ME D\u2019INSTRUCTEUR F\u00c9D\u00c9RAL<br \/>\n<\/strong><\/p>\n<p>Le DIF est le niveau avanc\u00e9 de qualification pour l\u2019enseignement b\u00e9n\u00e9vole en autonomie du karat\u00e9 ou d\u2019une discipline associ\u00e9e, dans tout club affili\u00e9 \u00e0 la FFKDA. Il est adapt\u00e9 \u00e0 l\u2019enseignement dans des structures associatives plus importantes pour des niveaux de pratique allant de l\u2019initiation jusqu\u2019\u00e0 la ceinture noire 1er dan et au-del\u00e0, ainsi que pour pr\u00e9paration sportive de comp\u00e9titeurs d\u00e9butants ou avanc\u00e9s. Il permet de diversifier les activit\u00e9s d\u2019un club et de mieux en assurer le d\u00e9veloppement \u00e0 long terme.<\/p>\n<p><u>D\u00e9roulement de la formation<\/u><\/p>\n<p>Le volume total de la formation est de 70 heures (sans le DAF)<br \/>\nTravail en pr\u00e9formation (r\u00e9serv\u00e9 non titulaires du DAF) 12 heures<br \/>\nFormation en centre 28 heures<br \/>\nParticipation f\u00e9d\u00e9rale 15 heures<br \/>\nStages f\u00e9d\u00e9raux (r\u00e9gionaux &amp; nationaux) 15 heures<\/p>\n<p><u><strong>3 UNIT\u00c9S DE FORMATION \u00c0 VALIDER<\/strong><br \/>\n<\/u>UF1 : Enseignement et animation<br \/>\nUF2 : Environnement administratif, juridique et comptable<br \/>\nUF3 : Participation \u00e0 la vie f\u00e9d\u00e9rale et citoyenne<\/p>\n<p>&nbsp;<\/p>\n<p><strong>1re\u00a0\u00e9tape\u00a0:<\/strong>\u00a0Une fois, votre inscription termin\u00e9e, vous recevrez divers documents de cours que vous travaillerez chez vous (dur\u00e9e pr\u00e9vue 12h)<\/p>\n<p><strong>2e\u00a0<\/strong><b>\u00e9tape<\/b><strong>\u00a0:<\/strong>\u00a02 jours de cours en pr\u00e9sentiel (th\u00e9orie + mise en pratique + correction du travail maison)\u00a0+ Evaluation\u00a0<i>(date\u00a0ind\u00e9termin\u00e9e\u00a0en fonction du nombre de candidats)<\/i><\/p>\n<ul>\n<li>QCM sur les cours<\/li>\n<li>R\u00e9daction d\u2019un plan de cours<\/li>\n<li>Mise en pratique du cours<\/li>\n<li>Entretien avec le jury<\/li>\n<\/ul>\n<p><strong>3e\u00a0\u00e9tape\u00a0:<\/strong> Participation associative de 10h compos\u00e9e de la pr\u00e9sence \u00e0 au moins un stage d\u2019arbitrage du CDK76 + 5h de participation \u00e0 une comp\u00e9tition du CDK76.<\/p>\n<p><span lang=\"fr-FR\"><i>A noter que la participation associative peut \u00eatre commenc\u00e9e avant le d\u00e9but des cours (Attention\u00a0l<em>es stages d\u2019arbitrage ont lieu chaque mois \u00e0 partir du d\u00e9but de saison,\u00a0\u00e0 voir sur le\u00a0<a href=\"https:\/\/sites.ffkarate.fr\/seinemaritime\/wp-content\/uploads\/sites\/91\/2022\/01\/CALENDRIER-2021-2022-1-1-2-1-1-1-4-1-1-2.xls\">calendrier du CDK76<\/a>.<\/em>\u00a0Il est pr\u00e9conis\u00e9 d\u2019effectuer son stage le plus t\u00f4t possible pour \u00e9viter le report du dipl\u00f4me \u00e0 l\u2019ann\u00e9e suivante. )<\/i><\/span><\/p>\n<p><i><u>Inscription<br \/>\n<\/u>Pour s\u2019inscrire \u00e0 la formation, le candidat doit :<br \/>\n\u2013 \u00eatre \u00e2g\u00e9 de\u00a0<b>18 ans au moins<br \/>\n<\/b>\u2013 \u00eatre ceinture noire\u00a0<b>1er Dan, Duan ou Dang minimum\u00a0<\/b><b><br \/>\n<\/b>\u2013 avoir la\u00a0<b>licence FFKDA<\/b>\u00a0de la saison sportive en cours<br \/>\n\u2013 poss\u00e9der un\u00a0<b>dipl\u00f4me ou une attestation de secourisme<\/b>\u00a0(de moins de 2 ans recommand\u00e9) ;<br \/>\n<\/i><i>\u2013 joindre l\u2019<b>autorisation de d\u00e9rogation<\/b>\u00a0de la DTN si besoin;<\/i><\/p>\n<p><strong>Co\u00fbt : 250 \u20ac (pour les titulaires du DAF 150 \u20ac)<\/strong>\u00a0<em>Les ch\u00e8ques seront libell\u00e9s \u00e0 l\u2019ordre du CDK76.\u00a0<\/em><\/p>\n<p>L\u2019envoi du dossier d\u2019inscription se fait \u00e0 l\u2019adresse du CD Karat\u00e9 76 \u00e0 Grand-Quevilly, \u00e0 l\u2019attention du Responsable D\u00e9partemental de Formation, 1 mois avant la date de la session (le cachet de la Poste faisant foi).<\/p>\n<p><a href=\"https:\/\/www.ffkarate.fr\/espace-licencies\/formations\/diplome-instructeur-federal-dif\/\" target=\"_blank\" rel=\"noopener\"><img decoding=\"async\" class=\"alignnone size-full wp-image-1972\" src=\"https:\/\/sites.ffkarate.fr\/seinemaritime\/wp-content\/uploads\/sites\/91\/2022\/01\/360_F_54707192_fKlZgmAilwYXjwIyatnpp8v6yWQtpjGK-e1643470772745.jpg\" alt=\"\" width=\"50\" height=\"50\" \/>Infos compl\u00e9mentaires DIF site f\u00e9d\u00e9ral<\/a><\/p>\n<\/div>\n<\/div>\n<\/div>\n<\/div>\n<\/div>\n<\/div>\n<\/section>\n<\/article>\n<p>[\/vc_column_text][\/vc_column][\/vc_row][vc_row][vc_column][ffk_postgrid category=\u00a0\u00bb12&Prime;][\/vc_column][\/vc_row]<\/p>\n<\/div>","protected":false},"excerpt":{"rendered":"<p>La formation AFA\/DAF pour le d\u00e9partement de la Gironde se d\u00e9roulera les 09 et 10\/01\/2021 au Gymnase \u00e0 VERAC (33).<\/p>\n","protected":false},"author":1,"featured_media":0,"parent":0,"menu_order":0,"comment_status":"closed","ping_status":"closed","template":"","meta":{"footnotes":""},"class_list":["post-27","page","type-page","status-publish","hentry"],"_links":{"self":[{"href":"https:\/\/sites.ffkarate.fr\/seinemaritime\/wp-json\/wp\/v2\/pages\/27","targetHints":{"allow":["GET"]}}],"collection":[{"href":"https:\/\/sites.ffkarate.fr\/seinemaritime\/wp-json\/wp\/v2\/pages"}],"about":[{"href":"https:\/\/sites.ffkarate.fr\/seinemaritime\/wp-json\/wp\/v2\/types\/page"}],"author":[{"embeddable":true,"href":"https:\/\/sites.ffkarate.fr\/seinemaritime\/wp-json\/wp\/v2\/users\/1"}],"replies":[{"embeddable":true,"href":"https:\/\/sites.ffkarate.fr\/seinemaritime\/wp-json\/wp\/v2\/comments?post=27"}],"version-history":[{"count":8,"href":"https:\/\/sites.ffkarate.fr\/seinemaritime\/wp-json\/wp\/v2\/pages\/27\/revisions"}],"predecessor-version":[{"id":1980,"href":"https:\/\/sites.ffkarate.fr\/seinemaritime\/wp-json\/wp\/v2\/pages\/27\/revisions\/1980"}],"wp:attachment":[{"href":"https:\/\/sites.ffkarate.fr\/seinemaritime\/wp-json\/wp\/v2\/media?parent=27"}],"curies":[{"name":"wp","href":"https:\/\/api.w.org\/{rel}","templated":true}]}}