{"id":4,"date":"2021-05-07T15:35:17","date_gmt":"2021-05-07T13:35:17","guid":{"rendered":"https:\/\/sites.ffkarate.fr\/seinemaritime\/?page_id=4"},"modified":"2024-09-14T14:03:55","modified_gmt":"2024-09-14T12:03:55","slug":"presentation","status":"publish","type":"page","link":"https:\/\/sites.ffkarate.fr\/seinemaritime\/presentation\/","title":{"rendered":"Pr\u00e9sentation"},"content":{"rendered":"<div class=\"wpb-content-wrapper\"><p>[vc_row full_width=\u00a0\u00bbstretch_row_content\u00a0\u00bb bg_grey=\u00a0\u00bb1&Prime;][vc_column width=\u00a0\u00bb1\/4&Prime;][ffk_peoplecard image=\u00a0\u00bb231&Prime; title=\u00a0\u00bbFr\u00e9d\u00e9ric BONNET\u00a0\u00bb subtitle=\u00a0\u00bbPr\u00e9sident\u00a0\u00bb description=\u00a0\u00bbMail : cdkda76@orange.fr<br \/>\nT\u00e9l : 06.71.21.60.78&Prime;][\/vc_column][vc_column width=\u00a0\u00bb3\/4&Prime;][vc_column_text]<\/p>\n<blockquote>\n<p><em>\u00ab\u00a0Bienvenue sur le site officiel du Comit\u00e9 d\u00e9partemental !<\/em><\/p>\n<p><em>Vous trouverez sur ce site toute l\u2019actualit\u00e9 du karat\u00e9 et de ses disciplines associ\u00e9es :<\/em><br \/>\n<em>le calendrier des diff\u00e9rentes comp\u00e9titions, les passages de grade, stages et autres manifestations, mais aussi toutes les informations et documents n\u00e9cessaires aux dirigeants de club ainsi qu\u2019aux licenci\u00e9s.<\/em><\/p>\n<p><em>Bonne visite.\u00a0\u00bb <\/em><\/p>\n<p><strong>Le Pr\u00e9sident du Comit\u00e9 d\u00e9partemental<\/strong><\/p>\n<\/blockquote>\n<p>[\/vc_column_text][\/vc_column][\/vc_row][vc_row][vc_column][vc_empty_space height=\u00a0\u00bb40&Prime;][vc_row_inner][vc_column_inner][vc_column_text]<\/p>\n<h3 class=\"entry-title\" style=\"text-align: center;\"><strong><span style=\"color: #1423a0;\">COMIT\u00c9 DIRECTEUR<\/span><\/strong><\/h3>\n<h6 style=\"text-align: center;\">OLYMPIADE 2024\/2028<\/h6>\n<p>[\/vc_column_text][\/vc_column_inner][\/vc_row_inner][vc_row_inner equal_height=\u00a0\u00bbyes\u00a0\u00bb css=\u00a0\u00bb.vc_custom_1617006214271{border-bottom-width: 10px !important;}\u00a0\u00bb][vc_column_inner width=\u00a0\u00bb1\/4&Prime;][\/vc_column_inner][vc_column_inner width=\u00a0\u00bb1\/4&Prime;][ffk_peoplecard image=\u00a0\u00bb231&Prime; title=\u00a0\u00bbFr\u00e9d\u00e9ric BONNET\u00a0\u00bb subtitle=\u00a0\u00bbPr\u00e9sident\u00a0\u00bb description=\u00a0\u00bbMail : cdkda76@orange.fr<br \/>\nT\u00e9l : 06.71.21.60.78&Prime;][\/vc_column_inner][vc_column_inner width=\u00a0\u00bb1\/4&Prime;][ffk_peoplecard title=\u00a0\u00bbJean-Paul CLAIN\u00a0\u00bb subtitle=\u00a0\u00bbVICE-PR\u00c9SIDENT\u00a0\u00bb image=\u00a0\u00bb233&Prime;][\/vc_column_inner][vc_column_inner width=\u00a0\u00bb1\/4&Prime;][\/vc_column_inner][\/vc_row_inner][vc_row_inner][vc_column_inner width=\u00a0\u00bb1\/4&Prime;][ffk_peoplecard title=\u00a0\u00bbBachir CHORFI\u00a0\u00bb subtitle=\u00a0\u00bbSECR\u00c9TAIRE G\u00c9N\u00c9RAL\u00a0\u00bb image=\u00a0\u00bb215&Prime;][\/vc_column_inner][vc_column_inner width=\u00a0\u00bb1\/4&Prime;][ffk_peoplecard title=\u00a0\u00bbLaurent GONZALES\u00a0\u00bb subtitle=\u00a0\u00bbTR\u00c9SORIER G\u00c9N\u00c9RAL WEBMASTER\u00a0\u00bb image=\u00a0\u00bb216&Prime;][\/vc_column_inner][vc_column_inner width=\u00a0\u00bb1\/4&Prime;][ffk_peoplecard][\/vc_column_inner][vc_column_inner width=\u00a0\u00bb1\/4&Prime;][\/vc_column_inner][\/vc_row_inner][vc_empty_space height=\u00a0\u00bb40&Prime;][vc_column_text]<\/p>\n<h2>Nos coordonn\u00e9es<\/h2>\n<h3 class=\"fn org\">Comit\u00e9 D\u00e9partemental de Karat\u00e9 et Disciplines Associ\u00e9es de Seine-Maritime<\/h3>\n<address class=\"adr\"><img decoding=\"async\" class=\"alignnone size-full wp-image-2016\" src=\"https:\/\/sites.ffkarate.fr\/seinemaritime\/wp-content\/uploads\/sites\/91\/2022\/01\/53710-e1643556724465.png\" alt=\"\" width=\"50\" height=\"50\" \/> 8\u00a0avenue John Fitzgerald Kennedy \u2013 BP 104<br \/>\n76122 Le GRAND-QUEVILLY Cedex<\/address>\n<address>\u00a0<\/address>\n<address class=\"adr\">\u00a0 <img decoding=\"async\" class=\"alignnone wp-image-2000 size-full\" src=\"https:\/\/sites.ffkarate.fr\/seinemaritime\/wp-content\/uploads\/sites\/91\/2022\/01\/png-clipart-phone-phone-e1643552079124.png\" alt=\"\" width=\"20\" height=\"20\" \/> : <strong><span class=\"tel\">06.71.21.60.78<\/span><\/strong><strong>\u00a0<\/strong><\/address>\n<address class=\"adr\"><strong>\u00a0 <img decoding=\"async\" class=\"alignnone wp-image-2005 size-full\" src=\"https:\/\/sites.ffkarate.fr\/seinemaritime\/wp-content\/uploads\/sites\/91\/2022\/01\/png-clipart-at-sign-at-sign-thumbnail-e1643553221539.png\" alt=\"\" width=\"20\" height=\"20\" \/> :<\/strong><strong>\u00a0<a href=\"mailto:cdkda76@orange.fr\" target=\"_blank\" rel=\"noopener\">cdkda76@orange.fr<\/a><\/strong><\/address>\n<address><a href=\"https:\/\/www.facebook.com\/karateseinemaritime\" target=\"_blank\" rel=\"noopener\">\u00a0 <\/a><a href=\"https:\/\/www.facebook.com\/karateseinemaritime\" target=\"_blank\" rel=\"noopener\"><img decoding=\"async\" class=\"alignnone wp-image-2086\" src=\"https:\/\/sites.ffkarate.fr\/seinemaritime\/wp-content\/uploads\/sites\/91\/2022\/02\/facebookblacksocialbuttoncircle_79771-300x300.png\" alt=\"\" width=\"20\" height=\"20\" \/><\/a><a href=\"https:\/\/www.facebook.com\/karateseinemaritime\" target=\"_blank\" rel=\"noopener\"> : https:\/\/www.facebook.com\/karateseinemaritime<\/a><\/address>\n<p>[\/vc_column_text][\/vc_column][\/vc_row][vc_row][vc_column][vc_empty_space height=\u00a0\u00bb40&Prime;][vc_row_inner][vc_column_inner][\/vc_column_inner][\/vc_row_inner][vc_empty_space height=\u00a0\u00bb40&Prime;][\/vc_column][\/vc_row]<\/p>\n<\/div>","protected":false},"excerpt":{"rendered":"<p>[vc_row full_width=\u00a0\u00bbstretch_row_content\u00a0\u00bb bg_grey=\u00a0\u00bb1&Prime;][vc_column width=\u00a0\u00bb1\/4&Prime;][ffk_peoplecard image=\u00a0\u00bb231&Prime; title=\u00a0\u00bbFr\u00e9d\u00e9ric BONNET\u00a0\u00bb subtitle=\u00a0\u00bbPr\u00e9sident\u00a0\u00bb description=\u00a0\u00bbMail : cdkda76@orange.fr T\u00e9l : 06.71.21.60.78&Prime;][\/vc_column][vc_column width=\u00a0\u00bb3\/4&Prime;][vc_column_text] \u00ab\u00a0Bienvenue sur le site officiel du Comit\u00e9 d\u00e9partemental ! Vous trouverez sur ce site toute l\u2019actualit\u00e9 du karat\u00e9 et de ses disciplines associ\u00e9es : le calendrier des diff\u00e9rentes comp\u00e9titions, les passages de grade, stages et autres manifestations, mais aussi toutes [&hellip;]<\/p>\n","protected":false},"author":1,"featured_media":0,"parent":0,"menu_order":0,"comment_status":"closed","ping_status":"closed","template":"page-fullwidth.php","meta":{"footnotes":""},"class_list":["post-4","page","type-page","status-publish","hentry"],"_links":{"self":[{"href":"https:\/\/sites.ffkarate.fr\/seinemaritime\/wp-json\/wp\/v2\/pages\/4","targetHints":{"allow":["GET"]}}],"collection":[{"href":"https:\/\/sites.ffkarate.fr\/seinemaritime\/wp-json\/wp\/v2\/pages"}],"about":[{"href":"https:\/\/sites.ffkarate.fr\/seinemaritime\/wp-json\/wp\/v2\/types\/page"}],"author":[{"embeddable":true,"href":"https:\/\/sites.ffkarate.fr\/seinemaritime\/wp-json\/wp\/v2\/users\/1"}],"replies":[{"embeddable":true,"href":"https:\/\/sites.ffkarate.fr\/seinemaritime\/wp-json\/wp\/v2\/comments?post=4"}],"version-history":[{"count":10,"href":"https:\/\/sites.ffkarate.fr\/seinemaritime\/wp-json\/wp\/v2\/pages\/4\/revisions"}],"predecessor-version":[{"id":3737,"href":"https:\/\/sites.ffkarate.fr\/seinemaritime\/wp-json\/wp\/v2\/pages\/4\/revisions\/3737"}],"wp:attachment":[{"href":"https:\/\/sites.ffkarate.fr\/seinemaritime\/wp-json\/wp\/v2\/media?parent=4"}],"curies":[{"name":"wp","href":"https:\/\/api.w.org\/{rel}","templated":true}]}}