{"id":619,"date":"2021-01-31T12:12:00","date_gmt":"2021-01-31T11:12:00","guid":{"rendered":"https:\/\/sites.ffkarate.fr\/seinemaritime\/?page_id=619"},"modified":"2021-01-31T12:12:00","modified_gmt":"2021-01-31T11:12:00","slug":"telechargements","status":"publish","type":"page","link":"https:\/\/sites.ffkarate.fr\/seinemaritime\/telechargements\/","title":{"rendered":"T\u00e9l\u00e9chargements"},"content":{"rendered":"<div class=\"wpb-content-wrapper\"><p>[vc_row][vc_column][vc_column_text]<\/p>\n<h2><span style=\"color: #000080\"><strong>Cartes de professeur<\/strong><\/span><\/h2>\n<p>&nbsp;<\/p>\n<p>&gt;&gt;<span style=\"text-decoration: underline;color: #ff0000\"><a style=\"color: #ff0000\" href=\"https:\/\/sites.ffkarate.fr\/seinemaritime\/wp-content\/uploads\/sites\/91\/2021\/01\/demande_carte_professeur.docx\">\u00a0<strong><span style=\"text-decoration: underline\">T\u00e9l\u00e9charger la demande de cart<\/span><\/strong><\/a><strong><span style=\"text-decoration: underline\">e<\/span><\/strong><\/span><\/p>\n<p>Cette carte vous donne la facult\u00e9 d\u2019assister aux manifestations organis\u00e9es par :<br \/>\nLa F\u00e9d\u00e9ration Fran\u00e7aise de Karat\u00e9 et Disciplines Associ\u00e9es, l\u2019Inter-R\u00e9gion, la Ligue, le D\u00e9partement.<br \/>\nConditions de d\u00e9livrance :<br \/>\n\u2013 Etre licenci\u00e9 pour la saison en cours<br \/>\n\u2013 Fournir une photo<br \/>\n\u2013 Etre notifi\u00e9 professeur du club sur la base de donn\u00e9es f\u00e9d\u00e9rale du club que vous avez renseign\u00e9<\/p>\n<p>&nbsp;<\/p>\n<h2><span style=\"color: #000080\"><strong>Documents<\/strong>\u00a0:<\/span><\/h2>\n<p>&nbsp;<\/p>\n<p><span style=\"color: #ff0000\"><strong><a style=\"color: #ff0000\" href=\"https:\/\/sites.ffkarate.fr\/seinemaritime\/wp-content\/uploads\/sites\/91\/2021\/01\/Autorisation_Parentale_2021.doc\">Autorisation parentale<\/a><\/strong><\/span><\/p>\n<p><span style=\"color: #ff0000\"><strong><a style=\"color: #ff0000\" href=\"https:\/\/sites.ffkarate.fr\/seinemaritime\/wp-content\/uploads\/sites\/91\/2021\/01\/AUTORISATION_Droit_Image.docx\">Autorisation droit \u00e0 l\u2019image \u2013 Service formation<\/a><\/strong><\/span><\/p>\n<p><span style=\"color: #ff0000\"><strong><a style=\"color: #ff0000\" href=\"https:\/\/sites.ffkarate.fr\/seinemaritime\/wp-content\/uploads\/sites\/91\/2021\/01\/Inscription-passage-grade-adapte-76.docx\">Inscription passage de grades adapt\u00e9<\/a><\/strong><\/span><\/p>\n<p><span style=\"color: #ff0000\"><strong><a style=\"color: #ff0000\" href=\"https:\/\/sites.ffkarate.fr\/seinemaritime\/wp-content\/uploads\/sites\/91\/2021\/01\/5fa2f57ba5649_Modalitsinscriptiongrade763.docx\">Modalit\u00e9 d&rsquo;inscription grades<\/a><\/strong><\/span><\/p>\n<p><span style=\"color: #ff0000\"><strong><a style=\"color: #ff0000\" href=\"https:\/\/sites.ffkarate.fr\/seinemaritime\/wp-content\/uploads\/sites\/91\/2021\/01\/5f3a2418b4bf5_AAPIMPACT2024REGLEMENT.pdf\">Appel \u00e0 projet \u00ab\u00a0Impact 2024\u00a0\u00bb<\/a><\/strong><\/span><\/p>\n<p><span style=\"color: #ff0000\"><strong><a style=\"color: #ff0000\" href=\"https:\/\/sites.ffkarate.fr\/seinemaritime\/wp-content\/uploads\/sites\/91\/2021\/01\/5eac25c3cb6b7_GUIDELECOMPTEASSO2020.pdf\">Guide le Compte Association<\/a><\/strong><\/span><\/p>\n<p><span style=\"color: #ff0000\"><strong><a style=\"color: #ff0000\" href=\"https:\/\/sites.ffkarate.fr\/seinemaritime\/wp-content\/uploads\/sites\/141\/2021\/01\/5fa2f57ba5649_Modalitsinscriptiongrade763.pdf\">Plateforme Solidaires &amp; handicaps<\/a><\/strong><\/span>[\/vc_column_text][\/vc_column][\/vc_row]<\/p>\n<\/div>","protected":false},"excerpt":{"rendered":"<p>[vc_row][vc_column][vc_column_text] Cartes de professeur &nbsp; &gt;&gt;\u00a0T\u00e9l\u00e9charger la demande de carte Cette carte vous donne la facult\u00e9 d\u2019assister aux manifestations organis\u00e9es par : La F\u00e9d\u00e9ration Fran\u00e7aise de Karat\u00e9 et Disciplines Associ\u00e9es, l\u2019Inter-R\u00e9gion, la Ligue, le D\u00e9partement. Conditions de d\u00e9livrance : \u2013 Etre licenci\u00e9 pour la saison en cours \u2013 Fournir une photo \u2013 Etre notifi\u00e9 professeur [&hellip;]<\/p>\n","protected":false},"author":57,"featured_media":0,"parent":0,"menu_order":0,"comment_status":"closed","ping_status":"closed","template":"","meta":{"footnotes":""},"class_list":["post-619","page","type-page","status-publish","hentry"],"_links":{"self":[{"href":"https:\/\/sites.ffkarate.fr\/seinemaritime\/wp-json\/wp\/v2\/pages\/619","targetHints":{"allow":["GET"]}}],"collection":[{"href":"https:\/\/sites.ffkarate.fr\/seinemaritime\/wp-json\/wp\/v2\/pages"}],"about":[{"href":"https:\/\/sites.ffkarate.fr\/seinemaritime\/wp-json\/wp\/v2\/types\/page"}],"author":[{"embeddable":true,"href":"https:\/\/sites.ffkarate.fr\/seinemaritime\/wp-json\/wp\/v2\/users\/57"}],"replies":[{"embeddable":true,"href":"https:\/\/sites.ffkarate.fr\/seinemaritime\/wp-json\/wp\/v2\/comments?post=619"}],"version-history":[{"count":0,"href":"https:\/\/sites.ffkarate.fr\/seinemaritime\/wp-json\/wp\/v2\/pages\/619\/revisions"}],"wp:attachment":[{"href":"https:\/\/sites.ffkarate.fr\/seinemaritime\/wp-json\/wp\/v2\/media?parent=619"}],"curies":[{"name":"wp","href":"https:\/\/api.w.org\/{rel}","templated":true}]}}