{"id":23,"date":"2021-05-07T15:54:07","date_gmt":"2021-05-07T13:54:07","guid":{"rendered":"https:\/\/sites.ffkarate.fr\/seinesaintdenis\/?page_id=23"},"modified":"2025-09-10T19:24:53","modified_gmt":"2025-09-10T17:24:53","slug":"grades","status":"publish","type":"page","link":"https:\/\/sites.ffkarate.fr\/seinesaintdenis\/grades\/","title":{"rendered":"Grades"},"content":{"rendered":"<div class=\"wpb-content-wrapper\"><p>[vc_row gap=\u00a0\u00bb15&Prime;][vc_column][vc_column_text]<\/p>\n<h2>Inscriptions aux examens de grades<\/h2>\n<h4>Envoi des dossiers<\/h4>\n<p>Le dossier de candidature devra \u00eatre complet et retourn\u00e9 <strong>en courrier simple non recommand\u00e9 au moins 30 jours avant la date de l\u2019examen.<\/strong><\/p>\n<h4>Contenu du dossier<\/h4>\n<ul>\n<li><a href=\"#\"><strong>La fiche d\u2019inscription<\/strong><\/a> compl\u00e9t\u00e9e et sign\u00e9e avec la photo du candidat.<\/li>\n<li>Une enveloppe courrier affranchie au tarif lettre 20 gr \u00e0 votre adresse et \u00e0 votre nom pour l\u2019envoi de la convocation.<\/li>\n<li>Une attestation historique des licences que vous obtenez sur votre page du site f\u00e9d\u00e9ral<\/li>\n<li>Les photocopies des pages suivantes de votre passeport sportif :\n<ul>\n<li>Page d\u2019identit\u00e9<\/li>\n<li>Page du certificat m\u00e9dical d\u2019aptitude au Karat\u00e9 (Sinon \u00e0 fournir sur papier libre)<\/li>\n<li>Page d\u2019authentification des grades d\u00e9j\u00e0 obtenus<\/li>\n<li>Le cas \u00e9ch\u00e9ant, page des UV d\u00e9j\u00e0 obtenues avec les notes pour l\u2019examen concern\u00e9<\/li>\n<li>Le cas \u00e9ch\u00e9ant la page des points de bonifications acquis lors des stages d\u2019experts f\u00e9d\u00e9raux<\/li>\n<\/ul>\n<\/li>\n<li><a href=\"#\"><strong>L\u2019autorisation parentale pour les candidats mineurs<\/strong><\/a><\/li>\n<li>Le courrier de la CSDGE en cas de d\u00e9rogation sp\u00e9ciale<\/li>\n<li>Un ch\u00e8que de 50 \u20ac, r\u00e8glement par un ch\u00e8que de <strong>votre CLUB <\/strong>\u00e0 l\u2019ordre : FFKDA Comit\u00e9 93 (Non remboursable en cas de non pr\u00e9sentation \u00e0 l\u2019examen).<\/li>\n<\/ul>\n<h4>Le jour de l\u2019examen<\/h4>\n<p>Vous devez vous pr\u00e9senter au moins 15 minutes avant l\u2019heure de convocation avec :<\/p>\n<ul>\n<li>Votre karategi ou tenue de votre discipline<\/li>\n<li>Votre passeport sportif <span style=\"color: #0000ff\">BLEU<\/span> <span style=\"color: #ff0000\">(passeport rouge refus\u00e9)<\/span><\/li>\n<li>Une pi\u00e8ce d\u2019identit\u00e9<\/li>\n<li>La lettre de convocation qui vous aura \u00e9t\u00e9 adress\u00e9e au moyen de votre enveloppe timbr\u00e9e<\/li>\n<li>Vos cibles.<\/li>\n<li>Une enveloppe format A4 (21\u00d729,7 cm) affranchie minimum \u00e0 250 gr, \u00e0 votre adresse et \u00e0 votre nom en vue du retour de votre passeport, carte et dipl\u00f4me. Elle vous sera demand\u00e9 en cas de r\u00e9ussite \u00e0 l\u2019examen.<\/li>\n<\/ul>\n<p>[\/vc_column_text][vc_row_inner][vc_column_inner width=\u00a0\u00bb1\/4&Prime;][ffk_button color=\u00a0\u00bbprimary\u00a0\u00bb link=\u00a0\u00bburl:https%3A%2F%2Fsites.ffkarate.fr%2Fseinesaintdenis%2Fwp-content%2Fuploads%2Fsites%2F92%2F2018%2F09%2FFICHE-INSCRIPTION-GRADES-2018-19.pdf|title:Fiche%20d&rsquo;inscription%20Karat%C3%A9|target:_blank\u00a0\u00bb][\/vc_column_inner][vc_column_inner width=\u00a0\u00bb1\/4&Prime;][ffk_button color=\u00a0\u00bbprimary\u00a0\u00bb link=\u00a0\u00bburl:https%3A%2F%2Fsites.ffkarate.fr%2Fseinesaintdenis%2Fwp-content%2Fuploads%2Fsites%2F92%2F2019%2F01%2FFICHE-INSCRIPTION-GRADES-2018-19-WUSHU.pdf|title:Fiche%20d&rsquo;inscription%20Whusu|target:_blank\u00a0\u00bb][\/vc_column_inner][vc_column_inner width=\u00a0\u00bb1\/4&Prime;][ffk_button color=\u00a0\u00bbprimary\u00a0\u00bb link=\u00a0\u00bburl:https%3A%2F%2Fsites.ffkarate.fr%2Fseinesaintdenis%2Fwp-content%2Fuploads%2Fsites%2F92%2F2019%2F01%2FFICHE-INSCRIPTION-GRADES-2018-19-amv.pdf|title:Fiche%20d&rsquo;inscription%20AMV%20(Arts%20Martiaux%20Vietnamiens)|target:_blank\u00a0\u00bb][\/vc_column_inner][vc_column_inner width=\u00a0\u00bb1\/4&Prime;][ffk_button color=\u00a0\u00bbprimary\u00a0\u00bb link=\u00a0\u00bburl:https%3A%2F%2Fsites.ffkarate.fr%2Fseinesaintdenis%2Fwp-content%2Fuploads%2Fsites%2F92%2F2022%2F03%2FFICHE-INSCRIPTION-GRADES-2021-22_v1-KRAV-MAGA.pdf|title:Fiche%20d&rsquo;inscription%20Krav%20Maga|target:_blank\u00a0\u00bb][\/vc_column_inner][\/vc_row_inner][vc_column_text]<\/p>\n<p style=\"text-align: center\"><img decoding=\"async\" class=\"alignnone wp-image-3150 aligncenter\" src=\"https:\/\/sites.ffkarate.fr\/seinesaintdenis\/wp-content\/uploads\/sites\/92\/2018\/12\/PSD-ATTENTION-1024x901.png\" alt=\"PSD ATTENTION\" width=\"32\" height=\"28\" \/>\u00a0 <span style=\"text-decoration: underline;color: #ff0000\"><strong>ATTENTION LES DOSSIERS\u00a0 SONT A ENVOYER AU R\u00c9F\u00c9RENT DE LA DISCIPLINE \u00a0<\/strong><\/span> <img decoding=\"async\" class=\"alignnone wp-image-3150 aligncenter\" src=\"https:\/\/sites.ffkarate.fr\/seinesaintdenis\/wp-content\/uploads\/sites\/92\/2018\/12\/PSD-ATTENTION-1024x901.png\" alt=\"PSD ATTENTION\" width=\"32\" height=\"28\" \/><\/p>\n<div class=\"box\" style=\"text-align: center\"><strong>Envoy\u00e9 l&rsquo;ensemble des documents a l&rsquo;adresse ci-dessous :<\/strong><\/div>\n<div class=\"box\" style=\"text-align: center\"><\/div>\n<div class=\"box\" style=\"text-align: center\"><strong><span style=\"text-decoration: underline\"><span style=\"color: #ff0000;text-decoration: underline\">Pour le Karat\u00e9 \u00e0<\/span><\/span><\/strong><\/div>\n<div class=\"box\" style=\"text-align: center\"><strong>Monsieur JEANDILLOU Patrick<\/strong><br \/>\n<strong> 28 avenue Beausejour<\/strong><br \/>\n<strong> 93470 Coubron<\/strong><\/div>\n<div class=\"box\" style=\"text-align: center\">\u00a0&#8212;<\/div>\n<div class=\"box\" style=\"text-align: center\"><span style=\"text-decoration: underline\"><strong><span style=\"color: #ff0000;text-decoration: underline\">Pour le Kung-Fu \/ Wushu<\/span><\/strong><\/span><\/div>\n<div class=\"box\" style=\"text-align: center\"><strong>Monsieur ERRASFA Mostafa<\/strong><\/div>\n<div class=\"box\" style=\"text-align: center\"><strong>60 rue Jean Moulin<\/strong><\/div>\n<div class=\"box\" style=\"text-align: center\"><strong>93370 Montfermeil<\/strong><\/div>\n<div class=\"box\" style=\"text-align: center\">&#8212;<\/div>\n<div class=\"box\" style=\"text-align: center\"><span style=\"text-decoration: underline\"><span style=\"color: #ff0000\"><strong>Pour les AMV (Arts Martiaux Vietnamiens)<\/strong><\/span><\/span><\/div>\n<div class=\"box\" style=\"text-align: center\"><strong>Monsieur JACQUET Simon<\/strong><br \/>\n<strong>29 avenue Mollet<\/strong><br \/>\n<strong>93270 Sevran<\/strong><\/div>\n<div class=\"box\" style=\"text-align: center\">\u00a0&#8212;<\/div>\n<div class=\"box\" style=\"text-align: center\"><span style=\"text-decoration: underline\"><strong><span style=\"color: #ff0000;text-decoration: underline\">Pour le Krav Maga<\/span><\/strong><\/span><\/div>\n<div class=\"box\" style=\"text-align: center\"><strong>Monsieur GORIN Florent<\/strong><\/div>\n<div class=\"box\" style=\"text-align: center\"><strong>2 boulevard Paul Vaillant Couturier<\/strong><\/div>\n<div class=\"box\" style=\"text-align: center\"><strong>93100 Montreuil<\/strong><\/div>\n<div class=\"box\" style=\"text-align: center\">.<\/div>\n<div style=\"text-align: center\">.<\/div>\n<div style=\"text-align: center\"><a href=\"https:\/\/sites.ffkarate.fr\/seinesaintdenis\/commission-des-grades\/\">Renseignements : responsables commissions des grades<\/a><\/div>\n<p>[\/vc_column_text][vc_column_text]<\/p>\n<h2>PASSAGE DE GRADE DANS LES CLUBS &#8211;\u00a0<strong> 1er Dan \u2013 Duan et Dang<\/strong><\/h2>\n<p>Le candidat a la possibilit\u00e9 de passer son <strong>1er Dan\/Duan\/Dang<\/strong> en <strong>club<\/strong>\u00a0(<em>par le professeur titulaire et accompagn\u00e9 de deux licenci\u00e9s de son club, titulaires \u00e9galement d\u2019un 2\u00e8me DAN\/DUAN\/DANG\u00a0<u>minimum<\/u><\/em>).<\/p>\n<p>Le <span style=\"color: #0000ff\"><strong>bordereau d\u2019admission<\/strong><\/span> est \u00e0 remplir et \u00e0 retourner \u00e0 <span style=\"color: #ff0000\"><strong>Monsieur JEANDILLOU Patrick<\/strong><\/span><br \/>\n<span style=\"color: #ff0000\"><strong> 28 avenue Beausejour <\/strong><strong>93470 Coubron<\/strong><\/span> accompagn\u00e9 :<\/p>\n<ul>\n<li>Le <span style=\"color: #0000ff\"><strong>ch\u00e8que<\/strong><\/span> sign\u00e9<\/li>\n<li>Une <span style=\"color: #0000ff\"><strong>enveloppe format C5\/6<\/strong> <\/span>minimum (<em>114 x 229 mm<\/em>) affranchie pour 100 g,<strong> <span style=\"color: #ff0000\">\u00e0 l\u2019adresse du candidat en vue du retour de son passeport<\/span>.<\/strong><\/li>\n<li>Une<span style=\"color: #0000ff\"> <strong>enveloppe format C4<\/strong><\/span> minimum (<em>229 x 324 mm<\/em>) affranchie pour 100 g,<strong> <span style=\"color: #ff0000\">\u00e0 l\u2019adresse du candidat en vue du retour de son passeport<\/span>.<\/strong><\/li>\n<li><span style=\"color: #0000ff\"><strong>Historique des licences<\/strong><\/span> du pratiquant.<\/li>\n<li><span style=\"color: #0000ff\"><strong>Historique des licences<\/strong><\/span> des juges.<\/li>\n<\/ul>\n<p>En cas d\u2019absence d\u2019enveloppes affranchies, les passeports et dipl\u00f4mes ne vous seront pas retourn\u00e9s.<\/p>\n<p>Le r\u00e8glement et le bordereau d\u2019admission sont disponibles :[\/vc_column_text][ffk_button color=\u00a0\u00bbprimary\u00a0\u00bb link=\u00a0\u00bburl:https%3A%2F%2Fsites.ffkarate.fr%2Fseinesaintdenis%2Fwp-content%2Fuploads%2Fsites%2F92%2F2022%2F12%2FRESUME-DE-LA-REGLEMENTATION-1ER-DAN-EN-CLUB-2022-2023-v2_bd.pdf|title:R%C3%A9sum%C3%A9%20de%20la%20r%C3%A9glementation%201ER%20DAN%20en%20club%202022%20-%202023|target:_blank\u00a0\u00bb][ffk_button color=\u00a0\u00bbprimary\u00a0\u00bb link=\u00a0\u00bburl:https%3A%2F%2Fsites.ffkarate.fr%2Fseinesaintdenis%2Fwp-content%2Fuploads%2Fsites%2F92%2F2022%2F12%2FBordereau-dadmission-1er-DAN-DUAN-DANG.pdf|title:Bordereau%20d&rsquo;admission%201er%20DAN%20-%20DUAN%20-%20DANG|target:_blank\u00a0\u00bb][\/vc_column][\/vc_row][vc_row][vc_column][vc_column_text]<\/p>\n<h2>Explications compl\u00e9mentaires<\/h2>\n<p>Avant d\u2019aborder les examens, nous invitons tous les candidats mais aussi professeurs et membres des jurys \u00e0 participer aux stages organis\u00e9s quelques semaines avant la date de l&rsquo;\u00e9xamen.<\/p>\n<p>Toutes demandes de d\u00e9rogation devront \u00eatre justifi\u00e9es et pr\u00e9sent\u00e9es directement \u00e0 la F\u00e9d\u00e9ration dans les temps imparties par la r\u00e8glementation : concernant les articles 205, 206, 207, 209 et 2016.<\/p>\n<ul>\n<li>Article 205 \u2013 Conditions d\u2019\u00e2ge pour les passages de Dans et grades \u00e9quivalents<\/li>\n<li>Article 206 \u2013 Temps de pratique entre chaque passage de Dans et Grades \u00e9quivalents<\/li>\n<li>Article 207 \u2013 Fr\u00e9quence des pages de Dans et Grades \u00e9quivalents<\/li>\n<li>Article 209 \u2013 Bonifications en temps de Pratique<\/li>\n<li>Article 216 \u2013 Reconnaissance des Dans et Grades \u00e9quivalents obtenus \u00e0 l\u2019\u00e9tranger<\/li>\n<\/ul>\n<p>[\/vc_column_text][\/vc_column][\/vc_row]<\/p>\n<\/div>","protected":false},"excerpt":{"rendered":"<p>Le dossier de candidature devra \u00eatre complet et retourn\u00e9 en courrier simple non recommand\u00e9 au moins 30 jours avant la date de l\u2019examen (cachet poste faisant foi) au Comit\u00e9 D\u00e9partemental de Karat\u00e9 De La Gironde.<\/p>\n","protected":false},"author":1,"featured_media":0,"parent":0,"menu_order":0,"comment_status":"closed","ping_status":"closed","template":"","meta":{"footnotes":""},"class_list":["post-23","page","type-page","status-publish","hentry"],"_links":{"self":[{"href":"https:\/\/sites.ffkarate.fr\/seinesaintdenis\/wp-json\/wp\/v2\/pages\/23","targetHints":{"allow":["GET"]}}],"collection":[{"href":"https:\/\/sites.ffkarate.fr\/seinesaintdenis\/wp-json\/wp\/v2\/pages"}],"about":[{"href":"https:\/\/sites.ffkarate.fr\/seinesaintdenis\/wp-json\/wp\/v2\/types\/page"}],"author":[{"embeddable":true,"href":"https:\/\/sites.ffkarate.fr\/seinesaintdenis\/wp-json\/wp\/v2\/users\/1"}],"replies":[{"embeddable":true,"href":"https:\/\/sites.ffkarate.fr\/seinesaintdenis\/wp-json\/wp\/v2\/comments?post=23"}],"version-history":[{"count":11,"href":"https:\/\/sites.ffkarate.fr\/seinesaintdenis\/wp-json\/wp\/v2\/pages\/23\/revisions"}],"predecessor-version":[{"id":9821,"href":"https:\/\/sites.ffkarate.fr\/seinesaintdenis\/wp-json\/wp\/v2\/pages\/23\/revisions\/9821"}],"wp:attachment":[{"href":"https:\/\/sites.ffkarate.fr\/seinesaintdenis\/wp-json\/wp\/v2\/media?parent=23"}],"curies":[{"name":"wp","href":"https:\/\/api.w.org\/{rel}","templated":true}]}}