{"id":31,"date":"2021-05-07T15:58:18","date_gmt":"2021-05-07T13:58:18","guid":{"rendered":"https:\/\/sites.ffkarate.fr\/seinesaintdenis\/?page_id=31"},"modified":"2021-10-17T13:35:11","modified_gmt":"2021-10-17T11:35:11","slug":"competitions","status":"publish","type":"page","link":"https:\/\/sites.ffkarate.fr\/seinesaintdenis\/competitions\/","title":{"rendered":"Comp\u00e9titions"},"content":{"rendered":"<div class=\"wpb-content-wrapper\"><p>[vc_row gap=\u00a0\u00bb15&Prime;][vc_column][vc_column_text]Toutes les inscriptions se font en ligne :[\/vc_column_text][ffk_button color=\u00a0\u00bbprimary\u00a0\u00bb size=\u00a0\u00bbbig\u00a0\u00bb link=\u00a0\u00bburl:http%3A%2F%2Fwww.ffkcompetition.fr%2F|title:Inscriptions%20en%20ligne|target:_blank\u00a0\u00bb][vc_column_text]Une fiche annexe au calendrier fixe les modalit\u00e9s horaires des convocations et pes\u00e9es pour toutes les comp\u00e9titions de la saison.<\/p>\n<p><strong>L\u2019inscription de vos licenci\u00e9s aux Comp\u00e9titions D\u00e9partementales est soumise \u00e0 un droit d\u2019inscription de :<\/strong><\/p>\n<ul>\n<li><strong>3 \u20acuros en individuel<\/strong><\/li>\n<li><strong>6 \u20acuros par \u00e9quipe.<\/strong><\/li>\n<\/ul>\n<p>Le r\u00e8glement par ch\u00e8que devra <strong>imp\u00e9rativement \u00eatre re\u00e7u<\/strong> par le COMITE DEPARTEMENTAL , <strong>7 JOURS avant la comp\u00e9tition<\/strong>.<\/p>\n<p>Si le r\u00e8glement n\u2019est pas re\u00e7u \u00e0 temps , le comp\u00e9titeur se verra refuser l\u2019acc\u00e8s \u00e0 la comp\u00e9tition.<\/p>\n<p>Dans les cat\u00e9gories <strong>Minimes, Cadets, Juniors, S\u00e9niors<\/strong>, les 8 premiers comp\u00e9titeurs ayant particip\u00e9 au Championnat du D\u00e9partement pourront participer au Championnat de la Ligue r\u00e9gionale d&rsquo;Ile-de-France.<\/p>\n<p>Pour les <strong>Pupilles et Benjamins<\/strong>, syst\u00e8me Elite\/Honneur (Combat\/Kata). Les enfants doivent avoir effectu\u00e9 la coupe d\u00e9partementale pour pouvoir participer \u00e0 la Coupe Elite.<\/p>\n<p>Qualification pour la coupe de France :<br \/>\n<strong>Elite combat<\/strong>, les deux premiers sont qualifi\u00e9s (ils ne peuvent plus particip\u00e9s a la coupe Honneur)<br \/>\n<strong>Honneur combat<\/strong>, les deux premiers sont qualifi\u00e9s.<br \/>\nElite Kata, les quatre premiers sont qualifi\u00e9s pour la coupe de France<b>. <\/b><\/p>\n<p><b>liste des s\u00e9lectionn\u00e9s sera transmise par le comit\u00e9 d\u00e9partemental.<\/b><\/p>\n<h3><\/h3>\n<h3>Le calendrier<\/h3>\n<p>Le calendrier est mis \u00e0 jour r\u00e9guli\u00e8rement. <strong>La version publi\u00e9e sur Internet prime sur le calendrier papier.<\/strong>[\/vc_column_text][ffk_button color=\u00a0\u00bbprimary\u00a0\u00bb size=\u00a0\u00bbbig\u00a0\u00bb link=\u00a0\u00bburl:https%3A%2F%2Fsites.ffkarate.fr%2Fseinesaintdenis%2Fcalendrier%2F|title:Pour%20le%20consulter%2C%20cliquez%20ici\u00a0\u00bb][vc_column_text]<\/p>\n<h3>Demandes de passeports<\/h3>\n<p>Les passeports sont vendus par les comit\u00e9s d\u00e9partementaux au prix de 25\u20ac, tarif unique qui s\u2019applique aux adultes et aux enfants (la f\u00e9d\u00e9ration ne d\u00e9livre plus de passeports enfants).<\/p>\n<p>Vous devez adresser votre commande au moyen du formulaire ci-dessous, avec un ch\u00e8que correspondant \u00e0 25 \u20ac X nombre de passeports, plus les frais de port.[\/vc_column_text][ffk_button size=\u00a0\u00bbbig\u00a0\u00bb link=\u00a0\u00bburl:https%3A%2F%2Fsites.ffkarate.fr%2Fseinesaintdenis%2Fwp-content%2Fuploads%2Fsites%2F92%2F2019%2F09%2FFORMULAIRE_DE_DEMANDE_DE_PASSEPORTS_2019-2020_v3.pdf|title:Fiche%20commande%20passeports|target:_blank\u00a0\u00bb][\/vc_column][\/vc_row][vc_row][vc_column][vc_column_text]<\/p>\n<h3>R\u00e9glementation sportive<\/h3>\n<p>Retrouver les diff\u00e9rents documents relatifs \u00e0 la r\u00e9glementation des comp\u00e9titions et d\u2019arbitrage en karat\u00e9.[\/vc_column_text][ffk_button color=\u00a0\u00bbprimary\u00a0\u00bb size=\u00a0\u00bbbig\u00a0\u00bb link=\u00a0\u00bburl:https%3A%2F%2Fwww.ffkarate.fr%2Fcompetitions%2Freglementation-competitions-darbitrage%2F|title:R%C3%A9glementation|target:_blank\u00a0\u00bb][vc_column_text]<\/p>\n<h3>Certificats m\u00e9dicaux<\/h3>\n<p>Modification du r\u00e8glement des comp\u00e9titions.[\/vc_column_text][ffk_button link=\u00a0\u00bburl:https%3A%2F%2Fsites.ffkarate.fr%2Fseinesaintdenis%2Fwp-content%2Fuploads%2Fsites%2F92%2F2021%2F10%2FCompetition-Certificat-Medical.pdf|title:Certificats%20m%C3%A9dicaux|target:_blank\u00a0\u00bb][\/vc_column][\/vc_row]<\/p>\n<\/div>","protected":false},"excerpt":{"rendered":"<p>L\u2019inscription de vos licenci\u00e9s aux Comp\u00e9titions D\u00e9partementales est soumise \u00e0 un droit d\u2019inscription.<\/p>\n","protected":false},"author":1,"featured_media":0,"parent":0,"menu_order":0,"comment_status":"closed","ping_status":"closed","template":"","meta":{"footnotes":""},"class_list":["post-31","page","type-page","status-publish","hentry"],"_links":{"self":[{"href":"https:\/\/sites.ffkarate.fr\/seinesaintdenis\/wp-json\/wp\/v2\/pages\/31","targetHints":{"allow":["GET"]}}],"collection":[{"href":"https:\/\/sites.ffkarate.fr\/seinesaintdenis\/wp-json\/wp\/v2\/pages"}],"about":[{"href":"https:\/\/sites.ffkarate.fr\/seinesaintdenis\/wp-json\/wp\/v2\/types\/page"}],"author":[{"embeddable":true,"href":"https:\/\/sites.ffkarate.fr\/seinesaintdenis\/wp-json\/wp\/v2\/users\/1"}],"replies":[{"embeddable":true,"href":"https:\/\/sites.ffkarate.fr\/seinesaintdenis\/wp-json\/wp\/v2\/comments?post=31"}],"version-history":[{"count":11,"href":"https:\/\/sites.ffkarate.fr\/seinesaintdenis\/wp-json\/wp\/v2\/pages\/31\/revisions"}],"predecessor-version":[{"id":4213,"href":"https:\/\/sites.ffkarate.fr\/seinesaintdenis\/wp-json\/wp\/v2\/pages\/31\/revisions\/4213"}],"wp:attachment":[{"href":"https:\/\/sites.ffkarate.fr\/seinesaintdenis\/wp-json\/wp\/v2\/media?parent=31"}],"curies":[{"name":"wp","href":"https:\/\/api.w.org\/{rel}","templated":true}]}}