{"id":4363,"date":"2021-10-17T13:23:46","date_gmt":"2021-10-17T11:23:46","guid":{"rendered":"https:\/\/sites.ffkarate.fr\/seinesaintdenis\/?page_id=4363"},"modified":"2021-10-17T13:28:38","modified_gmt":"2021-10-17T11:28:38","slug":"certificat-medical","status":"publish","type":"page","link":"https:\/\/sites.ffkarate.fr\/seinesaintdenis\/certificat-medical\/","title":{"rendered":"Certificat m\u00e9dical"},"content":{"rendered":"<div class=\"wpb-content-wrapper\"><p>[vc_row][vc_column][vc_column_text]<\/p>\n<h1>Certificat m\u00e9dical : les r\u00e9ponses \u00e0 vos questions<\/h1>\n<p>La F\u00e9d\u00e9ration Fran\u00e7aise de Karat\u00e9 et Disciplines Associ\u00e9es a mis \u00e0 jour s<span id=\"page3R_mcid8\" class=\"markedContent\"><span dir=\"ltr\" role=\"presentation\">a politique f\u00e9d\u00e9rale pour\u00a0<\/span><span dir=\"ltr\" role=\"presentation\">les saisons \u00e0 venir<\/span>\u00a0<span dir=\"ltr\" role=\"presentation\">en mati\u00e8re de certificat m\u00e9dical pour la\u00a0<\/span><\/span><span id=\"page3R_mcid8\" class=\"markedContent\"><\/span><span id=\"page3R_mcid8\" class=\"markedContent\"><span dir=\"ltr\" role=\"presentation\">nouvelle inscription en club et la prise de licence.\u00a0<\/span><\/span><span id=\"page3R_mcid9\" class=\"markedContent\"><\/span><span id=\"page3R_mcid10\" class=\"markedContent\"><span dir=\"ltr\" role=\"presentation\">La r\u00e9glementation\u00a0<\/span><span dir=\"ltr\" role=\"presentation\">en vigueur sur les certif<\/span><span dir=\"ltr\" role=\"presentation\">icats m\u00e9dicaux a connu\u00a0<\/span><span dir=\"ltr\" role=\"presentation\">des modifications importantes ces\u00a0<\/span><span dir=\"ltr\" role=\"presentation\">derni\u00e8res\u00a0<\/span><span dir=\"ltr\" role=\"presentation\">ann\u00e9es,\u00a0<\/span><span dir=\"ltr\" role=\"presentation\">avec\u00a0<\/span><span dir=\"ltr\" role=\"presentation\">pour\u00a0<\/span><span dir=\"ltr\" role=\"presentation\">finalit\u00e9\u00a0<\/span><span dir=\"ltr\" role=\"presentation\">principale\u00a0<\/span><span dir=\"ltr\" role=\"presentation\">la\u00a0<\/span><span dir=\"ltr\" role=\"presentation\">facilitation\u00a0<\/span><span dir=\"ltr\" role=\"presentation\">de\u00a0<\/span><span dir=\"ltr\" role=\"presentation\">la\u00a0<\/span><span dir=\"ltr\" role=\"presentation\">prise\u00a0<\/span><span dir=\"ltr\" role=\"presentation\">de\u00a0<\/span><span dir=\"ltr\" role=\"presentation\">licence\u00a0<\/span><span dir=\"ltr\" role=\"presentation\">et\u00a0<\/span><span dir=\"ltr\" role=\"presentation\">de <\/span><\/span><span id=\"page3R_mcid10\" class=\"markedContent\"><span dir=\"ltr\" role=\"presentation\">renouvellements, <\/span><span dir=\"ltr\" role=\"presentation\">pour les pratiquants majeurs comme mineurs.<\/span><\/span><span id=\"page3R_mcid11\" class=\"markedContent\"><\/span><\/p>\n<p><span id=\"page3R_mcid12\" class=\"markedContent\"><span dir=\"ltr\" role=\"presentation\">A compter de cette saison 2021-2022, la FFK\u00a0<\/span><span dir=\"ltr\" role=\"presentation\">proc\u00e8de donc \u00e0 une \u00e9volution majeure de sa r\u00e9glementation en\u00a0<\/span><span dir=\"ltr\" role=\"presentation\">vigueur en mati\u00e8re de certificat m\u00e9dical dont les d\u00e9tails sont d\u00e9voil\u00e9s ci-dessous :<\/span><\/span><\/p>\n<p><strong><a href=\"https:\/\/www.ffkarate.fr\/wp-content\/uploads\/2021\/09\/CIRCULAIRE-007-Certificat-medical-et-questionnaire-de-sante_2021_2022.pdf\" target=\"_blank\" rel=\"noopener\">Circulaire du 27 juillet 2021 concernant la nouvelle r\u00e9glementation<\/a><\/strong><\/p>\n<h2>Foire aux questions<\/h2>\n<p><img decoding=\"async\" class=\"aligncenter wp-image-70662 size-large\" src=\"https:\/\/www.ffkarate.fr\/wp-content\/uploads\/2021\/09\/illu_pixel_certificat_medical-1024x576.jpg\" alt=\"\" width=\"640\" height=\"360\" \/><\/p>\n<p><a href=\"https:\/\/www.ffkarate.fr\/espace-licencies\/certificat-medical\/\" target=\"_blank\" rel=\"noopener\"><strong>D\u00e9couvrez notre F.A.Q d\u00e9di\u00e9e \u00e0 la nouvelle politique f\u00e9d\u00e9rale concernant le certificat m\u00e9dical.<\/strong><\/a>[\/vc_column_text][\/vc_column][\/vc_row]<\/p>\n<\/div>","protected":false},"excerpt":{"rendered":"<p>[vc_row][vc_column][vc_column_text] Certificat m\u00e9dical : les r\u00e9ponses \u00e0 vos questions La F\u00e9d\u00e9ration Fran\u00e7aise de Karat\u00e9 et Disciplines Associ\u00e9es a mis \u00e0 jour sa politique f\u00e9d\u00e9rale pour\u00a0les saisons \u00e0 venir\u00a0en mati\u00e8re de certificat m\u00e9dical pour la\u00a0nouvelle inscription en club et la prise de licence.\u00a0La r\u00e9glementation\u00a0en vigueur sur les certificats m\u00e9dicaux a connu\u00a0des modifications importantes ces\u00a0derni\u00e8res\u00a0ann\u00e9es,\u00a0avec\u00a0pour\u00a0finalit\u00e9\u00a0principale\u00a0la\u00a0facilitation\u00a0de\u00a0la\u00a0prise\u00a0de\u00a0licence\u00a0et\u00a0de renouvellements, pour [&hellip;]<\/p>\n","protected":false},"author":145,"featured_media":0,"parent":0,"menu_order":0,"comment_status":"closed","ping_status":"closed","template":"","meta":{"footnotes":""},"class_list":["post-4363","page","type-page","status-publish","hentry"],"_links":{"self":[{"href":"https:\/\/sites.ffkarate.fr\/seinesaintdenis\/wp-json\/wp\/v2\/pages\/4363","targetHints":{"allow":["GET"]}}],"collection":[{"href":"https:\/\/sites.ffkarate.fr\/seinesaintdenis\/wp-json\/wp\/v2\/pages"}],"about":[{"href":"https:\/\/sites.ffkarate.fr\/seinesaintdenis\/wp-json\/wp\/v2\/types\/page"}],"author":[{"embeddable":true,"href":"https:\/\/sites.ffkarate.fr\/seinesaintdenis\/wp-json\/wp\/v2\/users\/145"}],"replies":[{"embeddable":true,"href":"https:\/\/sites.ffkarate.fr\/seinesaintdenis\/wp-json\/wp\/v2\/comments?post=4363"}],"version-history":[{"count":2,"href":"https:\/\/sites.ffkarate.fr\/seinesaintdenis\/wp-json\/wp\/v2\/pages\/4363\/revisions"}],"predecessor-version":[{"id":4365,"href":"https:\/\/sites.ffkarate.fr\/seinesaintdenis\/wp-json\/wp\/v2\/pages\/4363\/revisions\/4365"}],"wp:attachment":[{"href":"https:\/\/sites.ffkarate.fr\/seinesaintdenis\/wp-json\/wp\/v2\/media?parent=4363"}],"curies":[{"name":"wp","href":"https:\/\/api.w.org\/{rel}","templated":true}]}}