{"id":1008,"date":"2021-05-27T13:42:55","date_gmt":"2021-05-27T11:42:55","guid":{"rendered":"https:\/\/sites.ffkarate.fr\/somme\/?page_id=1008"},"modified":"2025-03-28T15:02:23","modified_gmt":"2025-03-28T14:02:23","slug":"inscription-passages-de-grades-et-reglementation","status":"publish","type":"page","link":"https:\/\/sites.ffkarate.fr\/somme\/inscription-passages-de-grades-et-reglementation\/","title":{"rendered":"Inscription examen des grades"},"content":{"rendered":"<div class=\"wpb-content-wrapper\"><p>[vc_row][vc_column][vc_single_image image=\u00a0\u00bb754&Prime;][\/vc_column][\/vc_row][vc_row][vc_column][vc_empty_space][ffk_peoplecard image=\u00a0\u00bb2047&Prime; title=\u00a0\u00bbLEVEQUE Christophe\u00a0\u00bb subtitle=\u00a0\u00bbResponsable D\u00e9partemental des Grades\u00a0\u00bb description=\u00a0\u00bbCN 5\u00e8me Dan<\/p>\n<p>Mail : cdk.somme@gmail.com\u00a0\u00bb][vc_empty_space][vc_column_text]Sur cette page vous pourrez trouver l\u2019ensemble des documents relatifs aux passages de grades organis\u00e9s par le d\u00e9partement de la Somme.<\/p>\n<p><img decoding=\"async\" class=\"aligncenter size-large wp-image-490\" src=\"https:\/\/sites.ffkarate.fr\/somme\/wp-content\/uploads\/sites\/94\/2019\/10\/ceinture-noires-1024x680.jpg\" alt=\"ceinture noires\" width=\"640\" height=\"425\" \/><\/p>\n<h2>Inscription \u00e0 l&rsquo;examen des grades de 1er, 2\u00e8me, 3\u00e8me et 4\u00e8me dan.<\/h2>\n<p>&nbsp;<\/p>\n<p>Concernant l&rsquo;examen du 1er dan, le comit\u00e9 d\u00e9partemental organise un examen pour les candidats dont les clubs ne peuvent pas ou ne souhaitent pas organiser l&rsquo;examen du 1er dan en club.<\/p>\n<p>Les dossiers d\u2019inscriptions devront \u00eatre envoy\u00e9s<strong> par courrier simple non recommand\u00e9 au moins 30 jours avant la date de l&rsquo;examen <\/strong>(cachet de la poste faisant foi) \u00e0 :<\/p>\n<p style=\"text-align: center\">Secr\u00e9tariat de Picardie de Karat\u00e9 BP 138 02103 SAINT-QUENTIN<\/p>\n<h4>Contenu du dossier<\/h4>\n<ul>\n<li>La <a href=\"https:\/\/sites.ffkarate.fr\/somme\/wp-content\/uploads\/sites\/94\/2021\/10\/Fiche-dinscription-1-2-3.pdf\">Fiche d&rsquo;inscription 1-2-3 \u00a0<\/a><a href=\"https:\/\/sites.ffkarate.fr\/somme\/wp-content\/uploads\/sites\/94\/2021\/10\/Fiche-dinscription-4.pdf\">Fiche d&rsquo;inscription 4<\/a> compl\u00e9t\u00e9e et sign\u00e9e avec la photo du candidat.<\/li>\n<li>Une enveloppe courrier affranchie au tarif lettre 20 gr \u00e0 votre adresse et \u00e0 votre nom pour l\u2019envoi de la convocation.<\/li>\n<li>Une attestation historique des licences que vous obtenez sur votre page du site f\u00e9d\u00e9ral<\/li>\n<li>Les photocopies des pages suivantes de votre passeport sportif :\n<ul>\n<li>Page d\u2019identit\u00e9<\/li>\n<li>Page du certificat m\u00e9dical d\u2019aptitude au Karat\u00e9 (Sinon \u00e0 fournir sur papier libre)<\/li>\n<li>Page d\u2019authentification des grades d\u00e9j\u00e0 obtenus<\/li>\n<li>Le cas \u00e9ch\u00e9ant, page des UV d\u00e9j\u00e0 obtenues avec les notes pour l\u2019examen concern\u00e9<\/li>\n<li>Le cas \u00e9ch\u00e9ant la page des points de bonifications acquis lors des stages d\u2019experts f\u00e9d\u00e9raux<\/li>\n<\/ul>\n<\/li>\n<li><strong>L\u2019autorisation parentale pour les candidats mineurs<\/strong><\/li>\n<li>Le courrier de la CSDGE en cas de d\u00e9rogation sp\u00e9ciale<\/li>\n<li>Un ch\u00e8que de 50 \u20ac \u00e0 l\u2019ordre du Comit\u00e9 D\u00e9partemental de Karat\u00e9 de la Somme (Non remboursable en cas de non pr\u00e9sentation \u00e0 l\u2019examen).<\/li>\n<\/ul>\n<h4><\/h4>\n<h4>Le jour de l\u2019examen<\/h4>\n<p>Vous devez vous pr\u00e9senter au moins 15 minutes avant l\u2019heure de convocation avec :<\/p>\n<ul>\n<li>Votre karategi<\/li>\n<li>Votre passeport sportif<\/li>\n<li>Une pi\u00e8ce d\u2019identit\u00e9<\/li>\n<li>La lettre de convocation qui vous aura \u00e9t\u00e9 adress\u00e9e par la CODG au moyen de votre enveloppe timbr\u00e9e<\/li>\n<li>Une enveloppe format A4 (21\u00d729,7 cm) affranchie minimum \u00e0 250 gr, \u00e0 votre adresse et \u00e0 votre nom en vue du retour de votre passeport, carte et dipl\u00f4me. Elle vous sera demand\u00e9 en cas de r\u00e9ussite \u00e0 l\u2019examen.<\/li>\n<\/ul>\n<h2><\/h2>\n<h2>Points de bonification passage de grades<\/h2>\n<ol>\n<li>En participant\u00a0\u00e0 des stages de pr\u00e9paration aux grades effectu\u00e9s par les hauts grad\u00e9s (au moins 6\u00e8me dan ) organis\u00e9s et list\u00e9s dans un calendrier soit par le d\u00e9partement, soit par la zone interd\u00e9partementale, soit la ligue. Les candidats peuvent b\u00e9n\u00e9ficier d\u2019une bonification de points (1 point par stage) en pr\u00e9vision de l\u2019examen des grades qu\u2019ils pr\u00e9parent. La validation de chaque point obtenu est certifi\u00e9 sur le passeport du candidat, par le haut grad\u00e9 qui dirige le stage.<\/li>\n<li>En participant\u00a0 \u00e0 des stages d\u2019experts organis\u00e9s et list\u00e9s dans\u00a0un calendrier soit par le d\u00e9partement, soit par la zone interd\u00e9partementale, soit la ligue, soit au niveau national. Les candidats peuvent b\u00e9n\u00e9ficier d\u2019une bonification de points (1 point par stage) en pr\u00e9vision de l\u2019examen des grades qu\u2019ils pr\u00e9parent. La validation de chaque point obtenu est certifi\u00e9e sur le passeport du candidat, par l\u2019expert qui le dirige.<\/li>\n<li>Les titulaires d\u2019un dipl\u00f4me d\u2019enseignement (DIF, CQP, BEES1 ou BEES2, DEJEPS, DESJEPS) peuvent b\u00e9n\u00e9ficier d\u2019une bonification de point (1 point) en pr\u00e9vision de l\u2019examen des grades qu\u2019ils pr\u00e9parent (seul le dernier dipl\u00f4me acquis sera pris en compte). Les candidats pourront \u00e0 nouveau b\u00e9n\u00e9ficier d\u2019une bonification de point (1 point) s\u2019ils obtiennent un nouveau dipl\u00f4me d\u2019enseignement lors de l\u2019examen de grade suivant.<\/li>\n<li>En participant \u00e0 des stages nationaux de formation continue list\u00e9s sur le calendrier f\u00e9d\u00e9ral, les candidats peuvent b\u00e9n\u00e9ficier d\u2019une bonification de points t(1 point par stage national de formation continue) en pr\u00e9vision de l\u2019examen de grades qu\u2019ils pr\u00e9parent. La validation de chaque point obtenu est certifi\u00e9e sur le passeport du candidat, par le responsable qui dirige le stage de formation continue.<\/li>\n<\/ol>\n<p><strong>Le nombre de points maximal pouvant \u00eatre obtenus est \u00e9gal \u00e0 3 :\u00a0<\/strong><\/p>\n<p><strong>3 points pour un passage de 1er dan (stages ouverts aux ceintures marron, candidats ou futurs candidats au passage de 1er dan)<\/strong><\/p>\n<p><strong>3 points pour un passage de 2\u00e8me dan<\/strong><\/p>\n<p>&nbsp;<\/p>\n<h2>Explications compl\u00e9mentaires<\/h2>\n<p>Le prochain examen des grades\u00a0 auralieu le :<\/p>\n<ul>\n<li><strong>SAMEDI 7 JUIN 2025 \u00e0 P\u00e9ronne\u00a0<\/strong><\/li>\n<\/ul>\n<p>La CODG de la Somme organise les examens concernant le Karat\u00e9-Do (Wado-ryu, Shotokan) et\u00a0 le Karat\u00e9 D\u00e9fense Training.<\/p>\n<p>&nbsp;<\/p>\n<p>Pour les candidats d\u00e9sirant se pr\u00e9senter aux examens de grades dans les autres disciplines, ils devront prendre attache avec\u00a0 la Ligue R\u00e9gionale des Hauts-de-France afin de savoir \u00e0 quel \u00e9chelon ils devront adresser leur candidature.<\/p>\n<p>&nbsp;<\/p>\n<p>Toutes demandes de d\u00e9rogation devront \u00eatre justifi\u00e9es et pr\u00e9sent\u00e9es directement \u00e0 la F\u00e9d\u00e9ration dans les temps imparties par la r\u00e9glementation : concernant les articles 205, 206, 207, 209 et 2016.<\/p>\n<p>&nbsp;<\/p>\n<ul>\n<li>Article 205 \u2013 Conditions d\u2019\u00e2ge pour les passages de Dans et grades \u00e9quivalents<\/li>\n<li>Article 206 \u2013 Temps de pratique entre chaque passage de Dans et Grades \u00e9quivalents<\/li>\n<li>Article 207 \u2013 Fr\u00e9quence des pages de Dans et Grades \u00e9quivalents<\/li>\n<li>Article 209 \u2013 Bonifications en temps de Pratique<\/li>\n<li>Article 216 \u2013 Reconnaissance des Dans et Grades \u00e9quivalents obtenus \u00e0 l\u2019\u00e9tranger<\/li>\n<\/ul>\n<p>[\/vc_column_text][\/vc_column][\/vc_row][vc_row][vc_column][\/vc_column][\/vc_row][vc_row][vc_column width=\u00a0\u00bb1\/2&Prime;][\/vc_column][\/vc_row][vc_row][vc_column][\/vc_column][\/vc_row]<\/p>\n<\/div>","protected":false},"excerpt":{"rendered":"<p>[vc_row][vc_column][vc_single_image image=\u00a0\u00bb754&Prime;][\/vc_column][\/vc_row][vc_row][vc_column][vc_empty_space][ffk_peoplecard image=\u00a0\u00bb2047&Prime; title=\u00a0\u00bbLEVEQUE Christophe\u00a0\u00bb subtitle=\u00a0\u00bbResponsable D\u00e9partemental des Grades\u00a0\u00bb description=\u00a0\u00bbCN 5\u00e8me Dan Mail : cdk.somme@gmail.com\u00a0\u00bb][vc_empty_space][vc_column_text]Sur cette page vous pourrez trouver l\u2019ensemble des documents relatifs aux passages de grades organis\u00e9s par le d\u00e9partement de la Somme. Inscription \u00e0 l&rsquo;examen des grades de 1er, 2\u00e8me, 3\u00e8me et 4\u00e8me dan. &nbsp; Concernant l&rsquo;examen du 1er dan, le comit\u00e9 [&hellip;]<\/p>\n","protected":false},"author":147,"featured_media":0,"parent":0,"menu_order":0,"comment_status":"closed","ping_status":"closed","template":"","meta":{"footnotes":""},"class_list":["post-1008","page","type-page","status-publish","hentry"],"_links":{"self":[{"href":"https:\/\/sites.ffkarate.fr\/somme\/wp-json\/wp\/v2\/pages\/1008","targetHints":{"allow":["GET"]}}],"collection":[{"href":"https:\/\/sites.ffkarate.fr\/somme\/wp-json\/wp\/v2\/pages"}],"about":[{"href":"https:\/\/sites.ffkarate.fr\/somme\/wp-json\/wp\/v2\/types\/page"}],"author":[{"embeddable":true,"href":"https:\/\/sites.ffkarate.fr\/somme\/wp-json\/wp\/v2\/users\/147"}],"replies":[{"embeddable":true,"href":"https:\/\/sites.ffkarate.fr\/somme\/wp-json\/wp\/v2\/comments?post=1008"}],"version-history":[{"count":12,"href":"https:\/\/sites.ffkarate.fr\/somme\/wp-json\/wp\/v2\/pages\/1008\/revisions"}],"predecessor-version":[{"id":2138,"href":"https:\/\/sites.ffkarate.fr\/somme\/wp-json\/wp\/v2\/pages\/1008\/revisions\/2138"}],"wp:attachment":[{"href":"https:\/\/sites.ffkarate.fr\/somme\/wp-json\/wp\/v2\/media?parent=1008"}],"curies":[{"name":"wp","href":"https:\/\/api.w.org\/{rel}","templated":true}]}}